{"id":1752,"date":"2018-05-11T11:36:19","date_gmt":"2018-05-11T09:36:19","guid":{"rendered":"https:\/\/www.moore-bdr.sk\/?page_id=1752"},"modified":"2025-08-18T14:38:44","modified_gmt":"2025-08-18T12:38:44","slug":"informacie-o-ochrane-osobnych-udajov-odber-noviniek","status":"publish","type":"page","link":"https:\/\/www.moore-bdr.sk\/de\/informacie-o-ochrane-osobnych-udajov-odber-noviniek\/","title":{"rendered":"INFORMATIONEN \u00dcBER DIE BEARBEITUNG IHRER PERS\u00d6NLICHEN DATEN"},"content":{"rendered":"<div class=\"wpb-content-wrapper\"><p>[vc_row][vc_column][vc_column_text css=&#8220;&#8220;]<strong>INFORMATIONEN \u00dcBER DIE BEARBEITUNG IHRER PERS\u00d6NLICHEN DATEN<\/strong><\/p>\n<p>im Einklang mit Artikel 13 der VERORDNUNG (EU) 2016\/679 DES EUROP\u00c4ISCHEN PARLAMENTS UND DES RATES (weiterhin nur \u201eDSGVO\u201c) und im Einklang mit \u00a719 Gesetz Nr.18\/2018 Slg. \u00fcber den Schutz pers\u00f6nlicher Daten (weiterhin nur \u201eGesetz\u201c)<\/p>\n<p>Da es im Zusammenhang mit der\u00a0<strong>Sendung von Newsletter<\/strong>\u00a0zur Bearbeitung pers\u00f6nlicher Daten kommt, m\u00f6chten wir Sie als betroffene Person \u00fcber Ihre Rechte und die Bedingungen der Bearbeitung Ihrer pers\u00f6nlicher Daten informieren. Gleichzeitig m\u00f6chten wir Ihnen versichern, dass der Schutz Ihrer pers\u00f6nlicher Daten f\u00fcr unsere Organisation wichtig ist, und zu diesem Zweck haben wir Sicherheitsma\u00dfnahmen im Einklang mit der DSGVO eingef\u00fchrt.<\/p>\n<table>\n<tbody>\n<tr>\n<td colspan=\"2\" width=\"601\"><strong>IDENTIFIKATIONSANGABEN UND KONTAKTANGABEN DES BETREIBERS<\/strong><\/td>\n<\/tr>\n<tr>\n<td width=\"160\">Handelsname:<\/td>\n<td width=\"441\"><strong>BDR, spol. s. r. o.<\/strong><\/td>\n<\/tr>\n<tr>\n<td width=\"160\">Sitz:<\/td>\n<td width=\"441\">M. M. Hod\u017eu 3, Bansk\u00e1 Bystrica,\u00a0 PLZ: 974 01<\/td>\n<\/tr>\n<tr>\n<td width=\"160\">Identifikationsnummer:<\/td>\n<td width=\"441\">00 614 556<\/td>\n<\/tr>\n<tr>\n<td width=\"160\">Telefonnummer:<\/td>\n<td width=\"441\">+421 48\u00a0470 0046<\/td>\n<\/tr>\n<tr>\n<td width=\"160\">E-Mail:<\/td>\n<td width=\"441\"><a href=\"mailto:office@moore-slovakia.sk\">office@moore-slovakia.sk<\/a><\/td>\n<\/tr>\n<tr>\n<td width=\"160\">verantwortliche Person:<\/td>\n<td width=\"441\"><strong>JUDr. Eva Holdo\u0161ov\u00e1;\u00a0<\/strong>Tel.: +421915206025; eva@holdosova.com;<\/td>\n<\/tr>\n<\/tbody>\n<\/table>\n<table>\n<tbody>\n<tr>\n<td width=\"601\"><strong>ZWECK DER BEARBEITUNG DER PERS\u00d6NLICHEN DATEN<\/strong><\/td>\n<\/tr>\n<tr>\n<td width=\"601\"><strong>Sie\u00a0<\/strong><strong>\u00fcber die aktueller Informationen im Steuerbereich und Gesetzes\u00e4nderungen, die ihre Unternehmensaktivit\u00e4ten beeinflussen k\u00f6nnen, zu informieren,<\/strong><\/td>\n<\/tr>\n<\/tbody>\n<\/table>\n<table>\n<tbody>\n<tr>\n<td width=\"601\"><strong>RECHTLICHE GRUNDLAGE F\u00dcR DIE BEARBEITUNG PERS\u00d6NLICHER DATEN<\/strong><\/td>\n<\/tr>\n<tr>\n<td width=\"601\">\u2013\u00a0\u00a0\u00a0\u00a0\u00a0\u00a0 Zustimmung f\u00fcr die Bearbeitung pers\u00f6nlicher Daten \u2013 Artikel 6 Abs. 1 Buchstabe c) DSGVO (\u00a7 13 Abs. 1 Buchstabe b) des Gesetzes<\/td>\n<\/tr>\n<\/tbody>\n<\/table>\n<table>\n<tbody>\n<tr>\n<td width=\"601\"><strong>KATEGORIEN VON EMPF\u00c4NGERN<\/strong><\/td>\n<\/tr>\n<tr>\n<td width=\"601\"><strong>Ihre pers\u00f6nlichen Daten k\u00f6nnen an folgende Kategorien von Empf\u00e4ngern gew\u00e4hrt werden:\u00a0<\/strong>\u2013\u00a0\u00a0<strong>Empf\u00e4nger eines externen Speicherplatzes\u00a0<\/strong>zwecks der Aufbewahrung und Speicherung der elektronischen Daten von der Visitenkarte<\/p>\n<p>\u2013\u00a0\u00a0<strong>Anbieter von IT-Service \/ Wartung<\/strong>\u00a0(nur zur Einsicht)<\/td>\n<\/tr>\n<\/tbody>\n<\/table>\n<table>\n<tbody>\n<tr>\n<td width=\"604\"><strong>\u00dcBERTRAGUNG PERS\u00d6NLICHER DATEN IN DRITTL\u00c4NDER ODER INTERNATIONALE ORGANISATIONEN<\/strong><\/td>\n<\/tr>\n<tr>\n<td width=\"604\">Diese erfolgt nicht und ist auch nicht geplant.<\/td>\n<\/tr>\n<\/tbody>\n<\/table>\n<table>\n<tbody>\n<tr>\n<td width=\"601\"><strong>ZEITRAUM DER AUFBEWAHRUNG PERS\u00d6NLICHER DATEN<\/strong><\/td>\n<\/tr>\n<tr>\n<td width=\"601\">F\u00fcr die Dauer des Interesses um Newsletter zu erhalten. Wenn der Kunde nicht mehr an Newsletter interessiert ist, wird er keine Newsletter bekommen und seine pers\u00f6nliche Daten werden gel\u00f6scht.<\/td>\n<\/tr>\n<\/tbody>\n<\/table>\n<table>\n<tbody>\n<tr>\n<td width=\"595\"><strong>BELEHRUNG \u00dcBER DIE RECHTE DER BETROFFENEN PERSON<\/strong><\/td>\n<\/tr>\n<tr>\n<td width=\"595\">Im Einklang mit Artikel 13 \u2013 21 DSGVO (\u00a7 19-27 Gesetz \u00fcber den Schutz pers\u00f6nlicher Daten) haben Sie als betroffene Person:\u2013\u00a0\u00a0\u00a0\u00a0\u00a0\u00a0\u00a0\u00a0\u00a0\u00a0<strong>das Recht, vom Betreiber den Zugang zu den pers\u00f6nlichen Daten\u00a0<\/strong>in Bezug auf Ihre Person und eine\u00a0<strong>Best\u00e4tigung dar\u00fcber zu verlangen, ob pers\u00f6nliche Daten bearbeitet werden, die Sie betreffen<\/strong>\u00a0(Artikel 15 DSGVO),<\/p>\n<p>\u2013\u00a0\u00a0\u00a0\u00a0\u00a0\u00a0\u00a0\u00a0\u00a0\u00a0<strong>das Recht auf Berichtigung<\/strong>\u00a0Ihrer unrichtigen oder unvollst\u00e4ndigen pers\u00f6nlichen Daten (Artikel 16 DSGVO),<\/p>\n<p>\u2013\u00a0\u00a0\u00a0\u00a0\u00a0\u00a0\u00a0\u00a0\u00a0\u00a0<strong>das Recht auf L\u00f6schung<\/strong>\u00a0Ihrer pers\u00f6nlichen Daten, falls der Zweck ihrer Bearbeitung geendet hat oder ist eine der Bedingungen von Artikel 17 DSGVO erf\u00fcllt ist,<\/p>\n<p>\u2013\u00a0\u00a0\u00a0\u00a0\u00a0\u00a0\u00a0\u00a0\u00a0\u00a0<strong>das Recht auf Einschr\u00e4nkung<\/strong>\u00a0der Bearbeitung pers\u00f6nlicher Daten, falls es sich um F\u00e4lle gem\u00e4\u00df Artikel 18 DSGVO handelt,<\/p>\n<p>\u2013\u00a0\u00a0\u00a0\u00a0\u00a0\u00a0\u00a0\u00a0\u00a0\u00a0<strong>das Recht auf Einw\u00e4nde<\/strong>\u00a0gegen die Bearbeitung pers\u00f6nlicher Daten, falls es sich um F\u00e4lle gem\u00e4\u00df Artikel 21 DSGVO handelt,<\/p>\n<p>\u2013\u00a0\u00a0\u00a0\u00a0\u00a0\u00a0\u00a0\u00a0\u00a0\u00a0<strong>das Recht auf \u00dcbertragbarkeit<\/strong>\u00a0pers\u00f6nlicher Daten gem\u00e4\u00df Artikel 20 DSGVO,<\/p>\n<p>\u2013\u00a0\u00a0\u00a0\u00a0\u00a0\u00a0\u00a0\u00a0\u00a0\u00a0<strong>das Recht auf Beschwerde<\/strong>\u00a0beim Aufsichtsorgan des Amtes zum Schutz pers\u00f6nlicher Daten der Slowakischen Republik \u2013 Recht auf Einreichung eines Antrags auf Beginn eines Verfahrens gem\u00e4\u00df \u00a7 100 des Gesetzes.<\/p>\n<p>Ihre Rechte k\u00f6nnen Sie schriftlich an der Adresse des Sitzes des Betreibers oder an der im Kopfteil dieses Dokuments angef\u00fchrten E-Mail-Adresse des Betreibers geltend machen. Im Fall von Fragen z\u00f6gern Sie bitte nicht, uns zu kontaktieren.<\/td>\n<\/tr>\n<\/tbody>\n<\/table>\n<p><u>DIE BELEHRUNG \u00dcBER DAS RECHT JEDERZEIT DIE ZUSTIMMUNG ZU WIDERRUFEN<\/u><\/p>\n<p>Sie haben das Recht, Ihre Einwilligung zur Verarbeitung von personenbezogenen Daten bez\u00fcglich des Newsletter-Abonnements jederzeit zu widerrufen. Senden Sie Ihre Forderung an die E-Mail-Adresse\u00a0<a href=\"mailto:bdr@bdrbb.sk\">bdr@bdrbb.sk<\/a>. Der Widerruf der Einwilligung hat keinen Einfluss auf die Rechtm\u00e4\u00dfigkeit der Verarbeitung personenbezogener Daten aufgrund der vorigen Zustimmung vor seinem R\u00fcckruf<\/p>\n<table width=\"604\">\n<tbody>\n<tr>\n<td width=\"604\"><strong>DIE GEW\u00c4HRUNG IHRER PERS\u00d6NLICHER DATEN IST FREIWILLIG<\/strong><\/td>\n<\/tr>\n<tr>\n<td width=\"604\">Die Gew\u00e4hrung Ihrer pers\u00f6nlichen Daten ist freiwillig, als betroffene Person sind Sie nicht zur Zustimmung verpflichtet.Falls Sie Interesse am Erhalt von Neuigkeiten haben, brauchen wir Ihre E-Mail-Adresse, um Ihnen elektronische Nachrichten \u2013 Newsletter zusenden zu k\u00f6nnen. Falls Sie uns Ihre E-Mail-Adresse nicht gew\u00e4hren, k\u00f6nnen wir Ihnen keine elektronische Nachrichten \u2013 Newsletter zusenden, andere Folgen gibt es nicht. Sie verlieren jedoch die \u00dcbersicht \u00fcber Sonderaktionen, aktuelle Veranstaltungen, zeitlich beschr\u00e4nkte Angebote und viele andere Angelegenheiten, deren Bekanntgabe f\u00fcr Sie bisher ganz selbstverst\u00e4ndlich war.<\/td>\n<\/tr>\n<\/tbody>\n<\/table>\n<table>\n<tbody>\n<tr>\n<td width=\"595\"><strong>AUTOMATISCHE ENTSCHEIDUNG EINSCHLIESSLICH PROFILIERUNG<\/strong><\/td>\n<\/tr>\n<tr>\n<td width=\"595\">Der Betreiber verwendet bei der Bearbeitung pers\u00f6nlicher Daten f\u00fcr den gegebenen Zweck\u00a0<strong>keine automatische individuelle Entscheidung oder Profilierung.<\/strong><\/td>\n<\/tr>\n<\/tbody>\n<\/table>\n<p>[\/vc_column_text][\/vc_column][\/vc_row]<\/p>\n<\/div>","protected":false},"excerpt":{"rendered":"<p>[vc_row][vc_column][vc_column_text css=&#8220;&#8220;]INFORMATIONEN \u00dcBER DIE BEARBEITUNG IHRER PERS\u00d6NLICHEN DATEN im Einklang mit Artikel 13 der VERORDNUNG (EU) 2016\/679 DES EUROP\u00c4ISCHEN PARLAMENTS UND DES RATES (weiterhin nur \u201eDSGVO\u201c) und im Einklang mit \u00a719 Gesetz Nr.18\/2018 Slg. \u00fcber den Schutz pers\u00f6nlicher Daten (weiterhin nur \u201eGesetz\u201c) Da es im Zusammenhang mit der\u00a0Sendung von Newsletter\u00a0zur Bearbeitung pers\u00f6nlicher Daten kommt, m\u00f6chten&hellip;<\/p>\n","protected":false},"author":1,"featured_media":0,"parent":0,"menu_order":0,"comment_status":"closed","ping_status":"closed","template":"","meta":{"inline_featured_image":false,"footnotes":""},"class_list":["post-1752","page","type-page","status-publish","hentry","description-off"],"yoast_head":"<!-- This site is optimized with the Yoast SEO plugin v26.1.1 - https:\/\/yoast.com\/wordpress\/plugins\/seo\/ -->\n<title>INFORMATIONEN \u00dcBER DIE BEARBEITUNG IHRER PERS\u00d6NLICHEN DATEN - Moore BDR s. r. o.<\/title>\n<meta name=\"robots\" content=\"index, follow, max-snippet:-1, max-image-preview:large, max-video-preview:-1\" \/>\n<link rel=\"canonical\" href=\"https:\/\/www.moore-bdr.sk\/informacie-o-ochrane-osobnych-udajov-odber-noviniek\/\" \/>\n<meta property=\"og:locale\" content=\"de_DE\" \/>\n<meta property=\"og:type\" content=\"article\" \/>\n<meta property=\"og:title\" content=\"[:sk]Inform\u00e1cie o ochrane osobn\u00fdch \u00fadajov - Odber noviniek[:en]INFORMATION ON THE PROCESSING OF YOUR PERSONAL DATA[:de]INFORMATIONEN \u00dcBER DIE BEARBEITUNG IHRER PERS\u00d6NLICHEN DATEN[:] - Moore BDR s. r. o.\" \/>\n<meta property=\"og:description\" content=\"[vc_row][vc_column][vc_column_text css=&#8220;&#8220;]INFORMATIONEN \u00dcBER DIE BEARBEITUNG IHRER PERS\u00d6NLICHEN DATEN im Einklang mit Artikel 13 der VERORDNUNG (EU) 2016\/679 DES EUROP\u00c4ISCHEN PARLAMENTS UND DES RATES (weiterhin nur \u201eDSGVO\u201c) und im Einklang mit \u00a719 Gesetz Nr.18\/2018 Slg. \u00fcber den Schutz pers\u00f6nlicher Daten (weiterhin nur \u201eGesetz\u201c) Da es im Zusammenhang mit der\u00a0Sendung von Newsletter\u00a0zur Bearbeitung pers\u00f6nlicher Daten kommt, m\u00f6chten&hellip;\" \/>\n<meta property=\"og:url\" content=\"https:\/\/www.moore-bdr.sk\/informacie-o-ochrane-osobnych-udajov-odber-noviniek\/\" \/>\n<meta property=\"og:site_name\" content=\"Moore BDR s. r. o.\" \/>\n<meta property=\"article:modified_time\" content=\"2025-08-18T12:38:44+00:00\" \/>\n<meta name=\"twitter:card\" content=\"summary_large_image\" \/>\n<meta name=\"twitter:label1\" content=\"Gesch\u00e4tzte Lesezeit\" \/>\n\t<meta name=\"twitter:data1\" content=\"4\u00a0Minuten\" \/>\n<script type=\"application\/ld+json\" class=\"yoast-schema-graph\">{\"@context\":\"https:\/\/schema.org\",\"@graph\":[{\"@type\":\"WebPage\",\"@id\":\"https:\/\/www.moore-bdr.sk\/informacie-o-ochrane-osobnych-udajov-odber-noviniek\/\",\"url\":\"https:\/\/www.moore-bdr.sk\/informacie-o-ochrane-osobnych-udajov-odber-noviniek\/\",\"name\":\"[:sk]Inform\u00e1cie o ochrane osobn\u00fdch \u00fadajov - Odber noviniek[:en]INFORMATION ON THE PROCESSING OF YOUR PERSONAL DATA[:de]INFORMATIONEN \u00dcBER DIE BEARBEITUNG IHRER PERS\u00d6NLICHEN DATEN[:] - Moore BDR s. r. o.\",\"isPartOf\":{\"@id\":\"https:\/\/www.moore-bdr.sk\/#website\"},\"datePublished\":\"2018-05-11T09:36:19+00:00\",\"dateModified\":\"2025-08-18T12:38:44+00:00\",\"breadcrumb\":{\"@id\":\"https:\/\/www.moore-bdr.sk\/informacie-o-ochrane-osobnych-udajov-odber-noviniek\/#breadcrumb\"},\"inLanguage\":\"de\",\"potentialAction\":[{\"@type\":\"ReadAction\",\"target\":[\"https:\/\/www.moore-bdr.sk\/informacie-o-ochrane-osobnych-udajov-odber-noviniek\/\"]}]},{\"@type\":\"BreadcrumbList\",\"@id\":\"https:\/\/www.moore-bdr.sk\/informacie-o-ochrane-osobnych-udajov-odber-noviniek\/#breadcrumb\",\"itemListElement\":[{\"@type\":\"ListItem\",\"position\":1,\"name\":\"Domovsk\u00e1 str\u00e1nka\",\"item\":\"https:\/\/www.moore-bdr.sk\/\"},{\"@type\":\"ListItem\",\"position\":2,\"name\":\"Inform\u00e1cie o ochrane osobn\u00fdch \u00fadajov &#8211; Odber noviniek\"}]},{\"@type\":\"WebSite\",\"@id\":\"https:\/\/www.moore-bdr.sk\/#website\",\"url\":\"https:\/\/www.moore-bdr.sk\/\",\"name\":\"Moore BDR s. r. o.\",\"description\":\"Na\u0161e portf\u00f3lio zah\u0155\u0148a: audit \u00fa\u010dtovn\u00edctva, da\u0148ov\u00e9 poradenstvo, f\u00fazie, akviz\u00edcie, Due diligence, Bratislava, Bansk\u00e1 Bystrica\",\"potentialAction\":[{\"@type\":\"SearchAction\",\"target\":{\"@type\":\"EntryPoint\",\"urlTemplate\":\"https:\/\/www.moore-bdr.sk\/?s={search_term_string}\"},\"query-input\":{\"@type\":\"PropertyValueSpecification\",\"valueRequired\":true,\"valueName\":\"search_term_string\"}}],\"inLanguage\":\"de\"}]}<\/script>\n<!-- \/ Yoast SEO plugin. -->","yoast_head_json":{"title":"[:sk]Inform\u00e1cie o ochrane osobn\u00fdch \u00fadajov - Odber noviniek[:en]INFORMATION ON THE PROCESSING OF YOUR PERSONAL DATA[:de]INFORMATIONEN \u00dcBER DIE BEARBEITUNG IHRER PERS\u00d6NLICHEN DATEN[:] - Moore BDR s. r. o.","robots":{"index":"index","follow":"follow","max-snippet":"max-snippet:-1","max-image-preview":"max-image-preview:large","max-video-preview":"max-video-preview:-1"},"canonical":"https:\/\/www.moore-bdr.sk\/informacie-o-ochrane-osobnych-udajov-odber-noviniek\/","og_locale":"de_DE","og_type":"article","og_title":"[:sk]Inform\u00e1cie o ochrane osobn\u00fdch \u00fadajov - Odber noviniek[:en]INFORMATION ON THE PROCESSING OF YOUR PERSONAL DATA[:de]INFORMATIONEN \u00dcBER DIE BEARBEITUNG IHRER PERS\u00d6NLICHEN DATEN[:] - Moore BDR s. r. o.","og_description":"[vc_row][vc_column][vc_column_text css=&#8220;&#8220;]INFORMATIONEN \u00dcBER DIE BEARBEITUNG IHRER PERS\u00d6NLICHEN DATEN im Einklang mit Artikel 13 der VERORDNUNG (EU) 2016\/679 DES EUROP\u00c4ISCHEN PARLAMENTS UND DES RATES (weiterhin nur \u201eDSGVO\u201c) und im Einklang mit \u00a719 Gesetz Nr.18\/2018 Slg. \u00fcber den Schutz pers\u00f6nlicher Daten (weiterhin nur \u201eGesetz\u201c) Da es im Zusammenhang mit der\u00a0Sendung von Newsletter\u00a0zur Bearbeitung pers\u00f6nlicher Daten kommt, m\u00f6chten&hellip;","og_url":"https:\/\/www.moore-bdr.sk\/informacie-o-ochrane-osobnych-udajov-odber-noviniek\/","og_site_name":"Moore BDR s. r. o.","article_modified_time":"2025-08-18T12:38:44+00:00","twitter_card":"summary_large_image","twitter_misc":{"Gesch\u00e4tzte Lesezeit":"4\u00a0Minuten"},"schema":{"@context":"https:\/\/schema.org","@graph":[{"@type":"WebPage","@id":"https:\/\/www.moore-bdr.sk\/informacie-o-ochrane-osobnych-udajov-odber-noviniek\/","url":"https:\/\/www.moore-bdr.sk\/informacie-o-ochrane-osobnych-udajov-odber-noviniek\/","name":"[:sk]Inform\u00e1cie o ochrane osobn\u00fdch \u00fadajov - Odber noviniek[:en]INFORMATION ON THE PROCESSING OF YOUR PERSONAL DATA[:de]INFORMATIONEN \u00dcBER DIE BEARBEITUNG IHRER PERS\u00d6NLICHEN DATEN[:] - Moore BDR s. r. o.","isPartOf":{"@id":"https:\/\/www.moore-bdr.sk\/#website"},"datePublished":"2018-05-11T09:36:19+00:00","dateModified":"2025-08-18T12:38:44+00:00","breadcrumb":{"@id":"https:\/\/www.moore-bdr.sk\/informacie-o-ochrane-osobnych-udajov-odber-noviniek\/#breadcrumb"},"inLanguage":"de","potentialAction":[{"@type":"ReadAction","target":["https:\/\/www.moore-bdr.sk\/informacie-o-ochrane-osobnych-udajov-odber-noviniek\/"]}]},{"@type":"BreadcrumbList","@id":"https:\/\/www.moore-bdr.sk\/informacie-o-ochrane-osobnych-udajov-odber-noviniek\/#breadcrumb","itemListElement":[{"@type":"ListItem","position":1,"name":"Domovsk\u00e1 str\u00e1nka","item":"https:\/\/www.moore-bdr.sk\/"},{"@type":"ListItem","position":2,"name":"Inform\u00e1cie o ochrane osobn\u00fdch \u00fadajov &#8211; Odber noviniek"}]},{"@type":"WebSite","@id":"https:\/\/www.moore-bdr.sk\/#website","url":"https:\/\/www.moore-bdr.sk\/","name":"Moore BDR s. r. o.","description":"Na\u0161e portf\u00f3lio zah\u0155\u0148a: audit \u00fa\u010dtovn\u00edctva, da\u0148ov\u00e9 poradenstvo, f\u00fazie, akviz\u00edcie, Due diligence, Bratislava, Bansk\u00e1 Bystrica","potentialAction":[{"@type":"SearchAction","target":{"@type":"EntryPoint","urlTemplate":"https:\/\/www.moore-bdr.sk\/?s={search_term_string}"},"query-input":{"@type":"PropertyValueSpecification","valueRequired":true,"valueName":"search_term_string"}}],"inLanguage":"de"}]}},"_links":{"self":[{"href":"https:\/\/www.moore-bdr.sk\/de\/wp-json\/wp\/v2\/pages\/1752","targetHints":{"allow":["GET"]}}],"collection":[{"href":"https:\/\/www.moore-bdr.sk\/de\/wp-json\/wp\/v2\/pages"}],"about":[{"href":"https:\/\/www.moore-bdr.sk\/de\/wp-json\/wp\/v2\/types\/page"}],"author":[{"embeddable":true,"href":"https:\/\/www.moore-bdr.sk\/de\/wp-json\/wp\/v2\/users\/1"}],"replies":[{"embeddable":true,"href":"https:\/\/www.moore-bdr.sk\/de\/wp-json\/wp\/v2\/comments?post=1752"}],"version-history":[{"count":8,"href":"https:\/\/www.moore-bdr.sk\/de\/wp-json\/wp\/v2\/pages\/1752\/revisions"}],"predecessor-version":[{"id":9103,"href":"https:\/\/www.moore-bdr.sk\/de\/wp-json\/wp\/v2\/pages\/1752\/revisions\/9103"}],"wp:attachment":[{"href":"https:\/\/www.moore-bdr.sk\/de\/wp-json\/wp\/v2\/media?parent=1752"}],"curies":[{"name":"wp","href":"https:\/\/api.w.org\/{rel}","templated":true}]}}