{"id":1755,"date":"2018-05-11T11:44:20","date_gmt":"2018-05-11T09:44:20","guid":{"rendered":"https:\/\/www.moore-bdr.sk\/?page_id=1755"},"modified":"2025-08-18T14:39:50","modified_gmt":"2025-08-18T12:39:50","slug":"informacie-o-ochrane-osobnych-udajov-kontaktny-formular","status":"publish","type":"page","link":"https:\/\/www.moore-bdr.sk\/de\/informacie-o-ochrane-osobnych-udajov-kontaktny-formular\/","title":{"rendered":"Datenschutzrichtlinie &#8211; Kontaktformular"},"content":{"rendered":"<p><strong>INFORMATIONEN \u00dcBER DIE BEARBEITUNG IHRER PERS\u00d6NLICHEN DATEN<\/strong><\/p>\n<p>im Einklang mit Artikel 13 der VERORDNUNG (EU) 2016\/679 DES EUROP\u00c4ISCHEN PARLAMENTS UND DES RATES (weiterhin nur \u201eDSGVO\u201c) und im Einklang mit \u00a719 Gesetz Nr.18\/2018 Slg. \u00fcber den Schutz pers\u00f6nlicher Daten (weiterhin nur \u201eGesetz\u201c)<\/p>\n<p>Da es im Zusammenhang mit der Kontaktformularausf\u00fcllung zur Bearbeitung pers\u00f6nlicher Daten kommt, m\u00f6chten wir Sie als betroffene Person \u00fcber Ihre Rechte und die Bedingungen der Bearbeitung Ihrer pers\u00f6nlicher Daten informieren. Gleichzeitig m\u00f6chten wir Ihnen versichern, dass der Schutz Ihrer pers\u00f6nlicher Daten f\u00fcr unsere Organisation wichtig ist, und zu diesem Zweck haben wir Sicherheitsma\u00dfnahmen im Einklang mit der DSGVO eingef\u00fchrt.<\/p>\n<table>\n<tbody>\n<tr>\n<td colspan=\"2\" width=\"601\"><strong>IDENTIFIKATIONSANGABEN UND KONTAKTANGABEN DES BETREIBERS<\/strong><\/td>\n<\/tr>\n<tr>\n<td width=\"160\">Handelsname:<\/td>\n<td width=\"441\"><strong>Moore BDR s. r. o.<\/strong><\/td>\n<\/tr>\n<tr>\n<td width=\"160\">Sitz:<\/td>\n<td width=\"441\">M. M. Hod\u017eu 3, Bansk\u00e1 Bystrica,\u00a0 PLZ: 974 01<\/td>\n<\/tr>\n<tr>\n<td width=\"160\">Identifikationsnummer:<\/td>\n<td width=\"441\">00 614 556<\/td>\n<\/tr>\n<tr>\n<td width=\"160\">Telefonnummer:<\/td>\n<td width=\"441\">+421 48\u00a0470 0046<\/td>\n<\/tr>\n<tr>\n<td width=\"160\">E-Mail:<\/td>\n<td width=\"441\"><a href=\"mailto:office@moore-slovakia.sk\">office@moore-slovakia.sk<\/a><\/td>\n<\/tr>\n<tr>\n<td width=\"160\">verantwortliche Person:<\/td>\n<td width=\"441\"><strong>JUDr. Eva Holdo\u0161ov\u00e1; <\/strong>Tel.: +421915206025; eva@holdosova.com;<\/td>\n<\/tr>\n<\/tbody>\n<\/table>\n<table>\n<tbody>\n<tr>\n<td width=\"601\"><strong>ZWECK DER BEARBEITUNG DER PERS\u00d6NLICHEN DATEN<\/strong><\/td>\n<\/tr>\n<tr>\n<td width=\"601\"><strong>Die pers\u00f6nlichen Daten in diesem Formular dienen ausschlie\u00dflich dazu, Sie zu kontaktieren und auf Ihre Nachfrage zu antworten.<\/strong><\/td>\n<\/tr>\n<\/tbody>\n<\/table>\n<table>\n<tbody>\n<tr>\n<td width=\"601\"><strong>RECHTLICHE GRUNDLAGE F\u00dcR DIE BEARBEITUNG PERS\u00d6NLICHER DATEN<\/strong><\/td>\n<\/tr>\n<tr>\n<td width=\"601\">&#8211;\u00a0\u00a0\u00a0\u00a0\u00a0\u00a0 Zustimmung f\u00fcr die Bearbeitung pers\u00f6nlicher Daten &#8211; Artikel 6 Abs. 1 Buchstabe c) DSGVO (\u00a7 13 Abs. 1 Buchstabe b) des Gesetzes<\/td>\n<\/tr>\n<\/tbody>\n<\/table>\n<table>\n<tbody>\n<tr>\n<td width=\"601\"><strong>KATEGORIEN VON EMPF\u00c4NGERN <\/strong><\/td>\n<\/tr>\n<tr>\n<td width=\"601\"><strong>Ihre pers\u00f6nlichen Daten k\u00f6nnen an folgende Kategorien von Empf\u00e4ngern gew\u00e4hrt werden: <\/strong><\/p>\n<p><strong>&#8211; die Empf\u00e4nger in Drittstaaten oder einer internationalen Organisation \u2013 Es gibt keinen.<\/strong><\/p>\n<p><strong>die Empf\u00e4nger im Mitgliedstaat \/EU und EWR\/<\/strong><\/p>\n<p><strong>Empf\u00e4nger eines externen Speicherplatzes zwecks der Aufbewahrung und Speicherung der elektronischen Daten von der Visitenkarte<\/strong><\/p>\n<p>&#8211;\u00a0 <strong>Anbieter von IT-Service \/ Wartung (nur zur Einsicht)<\/strong><\/td>\n<\/tr>\n<\/tbody>\n<\/table>\n<table>\n<tbody>\n<tr>\n<td width=\"604\"><strong>\u00dcBERTRAGUNG PERS\u00d6NLICHER DATEN IN DRITTL\u00c4NDER ODER INTERNATIONALE ORGANISATIONEN <\/strong><\/td>\n<\/tr>\n<tr>\n<td width=\"604\">Diese erfolgt nicht und ist auch nicht geplant.<\/td>\n<\/tr>\n<\/tbody>\n<\/table>\n<table>\n<tbody>\n<tr>\n<td width=\"601\"><strong>ZEITRAUM DER AUFBEWAHRUNG PERS\u00d6NLICHER DATEN<\/strong><\/td>\n<\/tr>\n<tr>\n<td width=\"601\">F\u00fcr die auf Ihre Nachfrage zu antworten notwendige Zeit (ca. 15 Tage).<\/td>\n<\/tr>\n<\/tbody>\n<\/table>\n<table>\n<tbody>\n<tr>\n<td width=\"595\"><strong>BELEHRUNG \u00dcBER DIE RECHTE DER BETROFFENEN PERSON<\/strong><\/td>\n<\/tr>\n<tr>\n<td width=\"595\">Im Einklang mit Artikel 13 \u2013 21 DSGVO (\u00a7 19-27 Gesetz \u00fcber den Schutz pers\u00f6nlicher Daten) haben Sie als betroffene Person:<\/p>\n<p>&#8211;\u00a0\u00a0\u00a0\u00a0\u00a0\u00a0\u00a0\u00a0\u00a0 <strong>das Recht auf Berichtigung<\/strong> Ihrer unrichtigen oder unvollst\u00e4ndigen pers\u00f6nlichen Daten (Artikel 16 DSGVO),<\/p>\n<p>&#8211;\u00a0\u00a0\u00a0\u00a0\u00a0\u00a0\u00a0\u00a0\u00a0 <strong>das Recht auf L\u00f6schung<\/strong> Ihrer pers\u00f6nlichen Daten, falls der Zweck ihrer Bearbeitung geendet hat oder ist eine der Bedingungen von Artikel 17 DSGVO erf\u00fcllt ist,<\/p>\n<p>&#8211;\u00a0\u00a0\u00a0\u00a0\u00a0\u00a0\u00a0\u00a0\u00a0 <strong>das Recht auf Einschr\u00e4nkung<\/strong> der Bearbeitung pers\u00f6nlicher Daten, falls es sich um F\u00e4lle gem\u00e4\u00df Artikel 18 DSGVO handelt,<\/p>\n<p>&#8211;\u00a0\u00a0\u00a0\u00a0\u00a0\u00a0\u00a0\u00a0\u00a0 <strong>das Recht auf Einw\u00e4nde<\/strong> gegen die Bearbeitung pers\u00f6nlicher Daten, falls es sich um F\u00e4lle gem\u00e4\u00df Artikel 21 DSGVO handelt,<\/p>\n<p>&#8211;\u00a0\u00a0\u00a0\u00a0\u00a0\u00a0\u00a0\u00a0\u00a0 <strong>das Recht auf \u00dcbertragbarkeit<\/strong> pers\u00f6nlicher Daten gem\u00e4\u00df Artikel 20 DSGVO,<\/p>\n<p>&#8211;\u00a0\u00a0\u00a0\u00a0\u00a0\u00a0\u00a0\u00a0\u00a0 <strong>das Recht auf Beschwerde<\/strong> beim Aufsichtsorgan des Amtes zum Schutz pers\u00f6nlicher Daten der Slowakischen Republik \u2013 Recht auf Einreichung eines Antrags auf Beginn eines Verfahrens gem\u00e4\u00df \u00a7 100 des Gesetzes.<\/p>\n<p>Ihre Rechte k\u00f6nnen Sie schriftlich an der Adresse des Sitzes des Betreibers oder an der im Kopfteil dieses Dokuments angef\u00fchrten E-Mail-Adresse des Betreibers geltend machen. Im Fall von Fragen z\u00f6gern Sie bitte nicht, uns zu kontaktieren.<\/td>\n<\/tr>\n<\/tbody>\n<\/table>\n<p><u>DIE BELEHRUNG \u00dcBER DAS RECHT JEDERZEIT DIE ZUSTIMMUNG ZU WIDERRUFEN<\/u><\/p>\n<p>Sie haben das Recht, Ihre Einwilligung zur Verarbeitung von personenbezogenen Daten bez\u00fcglich des des Kontaktformular jederzeit zu widerrufen. Senden Sie Ihre Forderung an die E-Mail-Adresse <a href=\"mailto:bdr@bdrbb.sk\">bdr@bdrbb.sk<\/a>. Der Widerruf der Einwilligung hat keinen Einfluss auf die Rechtm\u00e4\u00dfigkeit der Verarbeitung personenbezogener Daten aufgrund der vorigen Zustimmung vor seinem R\u00fcckruf<\/p>\n<table width=\"604\">\n<tbody>\n<tr>\n<td width=\"604\"><strong>DIE GEW\u00c4HRUNG IHRER PERS\u00d6NLICHER DATEN IST FREIWILLIG<\/strong><\/td>\n<\/tr>\n<tr>\n<td width=\"604\">Die Gew\u00e4hrung Ihrer pers\u00f6nlichen Daten ist freiwillig. Wenn Sie daran interessiert sind, dass wir Sie \u00a0kontaktieren und Ihre Nachfrage beantworten, ben\u00f6tigen wir Ihre E-Mail oder einen anderen Kontakt. Wenn Sie diese Daten nicht angeben, k\u00f6nnen wir Sie nicht kontaktieren. Andere Folgen gibt es nicht.<\/td>\n<\/tr>\n<\/tbody>\n<\/table>\n<table>\n<tbody>\n<tr>\n<td width=\"595\"><strong>AUTOMATISCHE ENTSCHEIDUNG EINSCHLIESSLICH PROFILIERUNG<\/strong><\/td>\n<\/tr>\n<tr>\n<td width=\"595\">Der Betreiber verwendet bei der Bearbeitung pers\u00f6nlicher Daten f\u00fcr den gegebenen Zweck <strong>keine automatische individuelle Entscheidung oder Profilierung.<\/strong><\/td>\n<\/tr>\n<\/tbody>\n<\/table>\n<p>&nbsp;<\/p>\n<p>&nbsp;<\/p>","protected":false},"excerpt":{"rendered":"<p>INFORMATIONEN \u00dcBER DIE BEARBEITUNG IHRER PERS\u00d6NLICHEN DATEN im Einklang mit Artikel 13 der VERORDNUNG (EU) 2016\/679 DES EUROP\u00c4ISCHEN PARLAMENTS UND DES RATES (weiterhin nur \u201eDSGVO\u201c) und im Einklang mit \u00a719 Gesetz Nr.18\/2018 Slg. \u00fcber den Schutz pers\u00f6nlicher Daten (weiterhin nur \u201eGesetz\u201c) Da es im Zusammenhang mit der Kontaktformularausf\u00fcllung zur Bearbeitung pers\u00f6nlicher Daten kommt, m\u00f6chten wir&hellip;<\/p>\n","protected":false},"author":1,"featured_media":0,"parent":0,"menu_order":0,"comment_status":"closed","ping_status":"closed","template":"","meta":{"inline_featured_image":false,"footnotes":""},"class_list":["post-1755","page","type-page","status-publish","hentry","description-off"],"yoast_head":"<!-- This site is optimized with the Yoast SEO plugin v26.1.1 - https:\/\/yoast.com\/wordpress\/plugins\/seo\/ -->\n<title>Kontaktn\u00fd formul\u00e1r<\/title>\n<meta name=\"description\" content=\"Inform\u00e1cie o ochrane osobn\u00fdch \u00fadajov\" \/>\n<meta name=\"robots\" content=\"index, follow, max-snippet:-1, max-image-preview:large, max-video-preview:-1\" \/>\n<link rel=\"canonical\" href=\"https:\/\/www.moore-bdr.sk\/informacie-o-ochrane-osobnych-udajov-kontaktny-formular\/\" \/>\n<meta property=\"og:locale\" content=\"de_DE\" \/>\n<meta property=\"og:type\" content=\"article\" \/>\n<meta property=\"og:title\" content=\"Kontaktn\u00fd formul\u00e1r\" \/>\n<meta property=\"og:description\" content=\"Inform\u00e1cie o ochrane osobn\u00fdch \u00fadajov\" \/>\n<meta property=\"og:url\" content=\"https:\/\/www.moore-bdr.sk\/informacie-o-ochrane-osobnych-udajov-kontaktny-formular\/\" \/>\n<meta property=\"og:site_name\" content=\"Moore BDR s. r. o.\" \/>\n<meta property=\"article:modified_time\" content=\"2025-08-18T12:39:50+00:00\" \/>\n<meta name=\"twitter:card\" content=\"summary_large_image\" \/>\n<meta name=\"twitter:label1\" content=\"Gesch\u00e4tzte Lesezeit\" \/>\n\t<meta name=\"twitter:data1\" content=\"4\u00a0Minuten\" \/>\n<script type=\"application\/ld+json\" class=\"yoast-schema-graph\">{\"@context\":\"https:\/\/schema.org\",\"@graph\":[{\"@type\":\"WebPage\",\"@id\":\"https:\/\/www.moore-bdr.sk\/informacie-o-ochrane-osobnych-udajov-kontaktny-formular\/\",\"url\":\"https:\/\/www.moore-bdr.sk\/informacie-o-ochrane-osobnych-udajov-kontaktny-formular\/\",\"name\":\"Kontaktn\u00fd formul\u00e1r\",\"isPartOf\":{\"@id\":\"https:\/\/www.moore-bdr.sk\/#website\"},\"datePublished\":\"2018-05-11T09:44:20+00:00\",\"dateModified\":\"2025-08-18T12:39:50+00:00\",\"description\":\"Inform\u00e1cie o ochrane osobn\u00fdch \u00fadajov\",\"breadcrumb\":{\"@id\":\"https:\/\/www.moore-bdr.sk\/informacie-o-ochrane-osobnych-udajov-kontaktny-formular\/#breadcrumb\"},\"inLanguage\":\"de\",\"potentialAction\":[{\"@type\":\"ReadAction\",\"target\":[\"https:\/\/www.moore-bdr.sk\/informacie-o-ochrane-osobnych-udajov-kontaktny-formular\/\"]}]},{\"@type\":\"BreadcrumbList\",\"@id\":\"https:\/\/www.moore-bdr.sk\/informacie-o-ochrane-osobnych-udajov-kontaktny-formular\/#breadcrumb\",\"itemListElement\":[{\"@type\":\"ListItem\",\"position\":1,\"name\":\"Domovsk\u00e1 str\u00e1nka\",\"item\":\"https:\/\/www.moore-bdr.sk\/\"},{\"@type\":\"ListItem\",\"position\":2,\"name\":\"Inform\u00e1cie o ochrane osobn\u00fdch \u00fadajov &#8211; Kontaktn\u00fd formul\u00e1r\"}]},{\"@type\":\"WebSite\",\"@id\":\"https:\/\/www.moore-bdr.sk\/#website\",\"url\":\"https:\/\/www.moore-bdr.sk\/\",\"name\":\"Moore BDR s. r. o.\",\"description\":\"Na\u0161e portf\u00f3lio zah\u0155\u0148a: audit \u00fa\u010dtovn\u00edctva, da\u0148ov\u00e9 poradenstvo, f\u00fazie, akviz\u00edcie, Due diligence, Bratislava, Bansk\u00e1 Bystrica\",\"potentialAction\":[{\"@type\":\"SearchAction\",\"target\":{\"@type\":\"EntryPoint\",\"urlTemplate\":\"https:\/\/www.moore-bdr.sk\/?s={search_term_string}\"},\"query-input\":{\"@type\":\"PropertyValueSpecification\",\"valueRequired\":true,\"valueName\":\"search_term_string\"}}],\"inLanguage\":\"de\"}]}<\/script>\n<!-- \/ Yoast SEO plugin. -->","yoast_head_json":{"title":"Kontaktn\u00fd formul\u00e1r","description":"Inform\u00e1cie o ochrane osobn\u00fdch \u00fadajov","robots":{"index":"index","follow":"follow","max-snippet":"max-snippet:-1","max-image-preview":"max-image-preview:large","max-video-preview":"max-video-preview:-1"},"canonical":"https:\/\/www.moore-bdr.sk\/informacie-o-ochrane-osobnych-udajov-kontaktny-formular\/","og_locale":"de_DE","og_type":"article","og_title":"Kontaktn\u00fd formul\u00e1r","og_description":"Inform\u00e1cie o ochrane osobn\u00fdch \u00fadajov","og_url":"https:\/\/www.moore-bdr.sk\/informacie-o-ochrane-osobnych-udajov-kontaktny-formular\/","og_site_name":"Moore BDR s. r. o.","article_modified_time":"2025-08-18T12:39:50+00:00","twitter_card":"summary_large_image","twitter_misc":{"Gesch\u00e4tzte Lesezeit":"4\u00a0Minuten"},"schema":{"@context":"https:\/\/schema.org","@graph":[{"@type":"WebPage","@id":"https:\/\/www.moore-bdr.sk\/informacie-o-ochrane-osobnych-udajov-kontaktny-formular\/","url":"https:\/\/www.moore-bdr.sk\/informacie-o-ochrane-osobnych-udajov-kontaktny-formular\/","name":"Kontaktn\u00fd formul\u00e1r","isPartOf":{"@id":"https:\/\/www.moore-bdr.sk\/#website"},"datePublished":"2018-05-11T09:44:20+00:00","dateModified":"2025-08-18T12:39:50+00:00","description":"Inform\u00e1cie o ochrane osobn\u00fdch \u00fadajov","breadcrumb":{"@id":"https:\/\/www.moore-bdr.sk\/informacie-o-ochrane-osobnych-udajov-kontaktny-formular\/#breadcrumb"},"inLanguage":"de","potentialAction":[{"@type":"ReadAction","target":["https:\/\/www.moore-bdr.sk\/informacie-o-ochrane-osobnych-udajov-kontaktny-formular\/"]}]},{"@type":"BreadcrumbList","@id":"https:\/\/www.moore-bdr.sk\/informacie-o-ochrane-osobnych-udajov-kontaktny-formular\/#breadcrumb","itemListElement":[{"@type":"ListItem","position":1,"name":"Domovsk\u00e1 str\u00e1nka","item":"https:\/\/www.moore-bdr.sk\/"},{"@type":"ListItem","position":2,"name":"Inform\u00e1cie o ochrane osobn\u00fdch \u00fadajov &#8211; Kontaktn\u00fd formul\u00e1r"}]},{"@type":"WebSite","@id":"https:\/\/www.moore-bdr.sk\/#website","url":"https:\/\/www.moore-bdr.sk\/","name":"Moore BDR s. r. o.","description":"Na\u0161e portf\u00f3lio zah\u0155\u0148a: audit \u00fa\u010dtovn\u00edctva, da\u0148ov\u00e9 poradenstvo, f\u00fazie, akviz\u00edcie, Due diligence, Bratislava, Bansk\u00e1 Bystrica","potentialAction":[{"@type":"SearchAction","target":{"@type":"EntryPoint","urlTemplate":"https:\/\/www.moore-bdr.sk\/?s={search_term_string}"},"query-input":{"@type":"PropertyValueSpecification","valueRequired":true,"valueName":"search_term_string"}}],"inLanguage":"de"}]}},"_links":{"self":[{"href":"https:\/\/www.moore-bdr.sk\/de\/wp-json\/wp\/v2\/pages\/1755","targetHints":{"allow":["GET"]}}],"collection":[{"href":"https:\/\/www.moore-bdr.sk\/de\/wp-json\/wp\/v2\/pages"}],"about":[{"href":"https:\/\/www.moore-bdr.sk\/de\/wp-json\/wp\/v2\/types\/page"}],"author":[{"embeddable":true,"href":"https:\/\/www.moore-bdr.sk\/de\/wp-json\/wp\/v2\/users\/1"}],"replies":[{"embeddable":true,"href":"https:\/\/www.moore-bdr.sk\/de\/wp-json\/wp\/v2\/comments?post=1755"}],"version-history":[{"count":8,"href":"https:\/\/www.moore-bdr.sk\/de\/wp-json\/wp\/v2\/pages\/1755\/revisions"}],"predecessor-version":[{"id":9104,"href":"https:\/\/www.moore-bdr.sk\/de\/wp-json\/wp\/v2\/pages\/1755\/revisions\/9104"}],"wp:attachment":[{"href":"https:\/\/www.moore-bdr.sk\/de\/wp-json\/wp\/v2\/media?parent=1755"}],"curies":[{"name":"wp","href":"https:\/\/api.w.org\/{rel}","templated":true}]}}