{"id":27,"date":"2016-11-19T20:20:44","date_gmt":"2016-11-19T18:20:44","guid":{"rendered":"https:\/\/www.moore-bdr.sk\/?page_id=27"},"modified":"2024-02-23T10:06:14","modified_gmt":"2024-02-23T08:06:14","slug":"vizia-misia-hodnoty","status":"publish","type":"page","link":"https:\/\/www.moore-bdr.sk\/de\/o-nas\/vizia-misia-hodnoty\/","title":{"rendered":"Pl\u00e4ne, Aufgabe, Werte"},"content":{"rendered":"<div class=\"wpb-content-wrapper\"><p><\/p>\n<p>[vc_row type=&#8220;vc_default&#8220; margin_top=&#8220;-50&#8243; bg_type=&#8220;image&#8220; parallax_style=&#8220;vcpb-default&#8220; bg_image_new=&#8220;id^2536|url^https:\/\/www.moore-bdr.sk\/wp-content\/uploads\/2019\/09\/a11.jpg|caption^null|alt^null|title^a11|description^null&#8220; bg_image_repeat=&#8220;no-repeat&#8220; bg_override=&#8220;full&#8220; min_height=&#8220;350&#8243;][vc_column]<div class=\"ult-spacer spacer-69ece3b12d7c3\" data-id=\"69ece3b12d7c3\" data-height=\"130\" data-height-mobile=\"30\" data-height-tab=\"80\" data-height-tab-portrait=\"80\" data-height-mobile-landscape=\"30\" style=\"clear:both;display:block;\"><\/div><div id=\"ultimate-heading-675769ece3b12d7f2\" class=\"uvc-heading ult-adjust-bottom-margin ultimate-heading-675769ece3b12d7f2 uvc-5982 \" data-hspacer=\"no_spacer\"  data-halign=\"left\" style=\"text-align:left\"><div class=\"uvc-heading-spacer no_spacer\" style=\"top\"><\/div><div class=\"uvc-main-heading ult-responsive\"  data-ultimate-target='.uvc-heading.ultimate-heading-675769ece3b12d7f2 h2'  data-responsive-json-new='{\"font-size\":\"desktop:36px;\",\"line-height\":\"\"}' ><h2 style=\"font-weight:bold;color:#ffffff;\">PLANE, AUFGABE, WERTE<\/h2><\/div><\/div><div class=\"ult-spacer spacer-69ece3b12d845\" data-id=\"69ece3b12d845\" data-height=\"150\" data-height-mobile=\"50\" data-height-tab=\"100\" data-height-tab-portrait=\"100\" data-height-mobile-landscape=\"50\" style=\"clear:both;display:block;\"><\/div>[\/vc_column][\/vc_row][vc_row][vc_column]<style type=\"text\/css\" data-type=\"the7_shortcodes-inline-css\">.dt-breadcrumbs-id-3d8bcd3afc1ebaf9aeff37816dff855f .breadcrumbs {\n  display: inline-block;\n  margin: 0;\n  padding: 2px 10px 2px 10px;\n  border: 0px solid ;\n  border-radius: 0px;\n}\n.dt-breadcrumbs-id-3d8bcd3afc1ebaf9aeff37816dff855f .breadcrumbs * {\n  color: #485daa;\n}\n<\/style><div class=\"dt-breadcrumbs-shortcode dt-breadcrumbs-id-3d8bcd3afc1ebaf9aeff37816dff855f align-left\"><div class=\"assistive-text\">Sie befinden sich hier:<\/div><ol class=\"breadcrumbs text-small\" itemscope itemtype=\"https:\/\/schema.org\/BreadcrumbList\"><li itemprop=\"itemListElement\" itemscope itemtype=\"https:\/\/schema.org\/ListItem\"><a itemprop=\"item\" href=\"https:\/\/www.moore-bdr.sk\/de\/\" title=\"Start\"><span itemprop=\"name\">Start<\/span><\/a><meta itemprop=\"position\" content=\"1\" \/><\/li><li class=\"current\" itemprop=\"itemListElement\" itemscope itemtype=\"https:\/\/schema.org\/ListItem\"><span itemprop=\"name\">Seite<\/span><meta itemprop=\"position\" content=\"2\" \/><\/li><\/ol><\/div>[vc_empty_space height=&#8220;20px&#8220;][vc_separator][\/vc_column][\/vc_row][vc_row][vc_column width=&#8220;2\/3&#8243;][vc_column_text]<\/p>\n<h3>Pl\u00e4ne<\/h3>\n<p>Wir m\u00f6chten ein anerkanntes, renommiertes und gefragtes Unternehmen im Bereich des Wirtschaftspr\u00fcfungswesens, der Buchhaltung, Steuer- und Unternehmensberatung sein.[\/vc_column_text][vc_column_text]<\/p>\n<h3>Aufgabe<\/h3>\n<p>Unsere Aufgabe ist es, die ausf\u00fchrlichen Kenntnisse \u00fcber Ihr Unternehmen und das Verst\u00e4ndnis f\u00fcr Ihre Unternehmenst\u00e4tigkeit zu erwerben, um die Risikos sowie auch M\u00f6glichkeiten f\u00fcr eine weitere Entwicklung und Verbesserung festzustellen.[\/vc_column_text][vc_column_text]<\/p>\n<h3><span lang=\"DE\">Werte<\/span><\/h3>\n<p>[\/vc_column_text]<div class=\"standard-arrow bullet-top\"><ul type=\"disc\">\n<li><span lang=\"DE\">Qualit\u00e4t<\/span><\/li>\n<li><span lang=\"DE\">Moral<\/span><\/li>\n<li><span lang=\"DE\">Schnelles und aktives Handeln<\/span><\/li>\n<li><span lang=\"DE\">Teamarbeit<\/span><\/li>\n<li><span lang=\"DE\">Vertrauen<\/span><\/li>\n<li><span lang=\"DE\">Synergie<\/span><\/li>\n<\/ul>\n<\/div>[\/vc_column][vc_column width=&#8220;1\/3&#8243;][vc_widget_sidebar show_bg=&#8220;false&#8220; sidebar_id=&#8220;sidebar_4&#8243; el_class=&#8220;bocnalista&#8220;][\/vc_column][\/vc_row]<\/p>\n<p><\/p>\n<\/div>","protected":false},"excerpt":{"rendered":"<p>[vc_row type=&#8220;vc_default&#8220; margin_top=&#8220;-50&#8243; bg_type=&#8220;image&#8220; parallax_style=&#8220;vcpb-default&#8220; bg_image_new=&#8220;id^2536|url^https:\/\/www.moore-bdr.sk\/wp-content\/uploads\/2019\/09\/a11.jpg|caption^null|alt^null|title^a11|description^null&#8220; bg_image_repeat=&#8220;no-repeat&#8220; bg_override=&#8220;full&#8220; min_height=&#8220;350&#8243;][vc_column][\/vc_column][\/vc_row][vc_row][vc_column][vc_empty_space height=&#8220;20px&#8220;][vc_separator][\/vc_column][\/vc_row][vc_row][vc_column width=&#8220;2\/3&#8243;][vc_column_text] Pl\u00e4ne Wir m\u00f6chten ein anerkanntes, renommiertes und gefragtes Unternehmen im Bereich des Wirtschaftspr\u00fcfungswesens, der Buchhaltung, Steuer- und Unternehmensberatung sein.[\/vc_column_text][vc_column_text] Aufgabe Unsere Aufgabe ist es, die ausf\u00fchrlichen Kenntnisse \u00fcber Ihr Unternehmen und das Verst\u00e4ndnis f\u00fcr Ihre Unternehmenst\u00e4tigkeit zu erwerben, um die Risikos sowie auch M\u00f6glichkeiten&hellip;<\/p>\n","protected":false},"author":1,"featured_media":0,"parent":11,"menu_order":0,"comment_status":"closed","ping_status":"closed","template":"","meta":{"inline_featured_image":false,"footnotes":""},"class_list":["post-27","page","type-page","status-publish","hentry","description-off"],"yoast_head":"<!-- This site is optimized with the Yoast SEO plugin v26.1.1 - https:\/\/yoast.com\/wordpress\/plugins\/seo\/ -->\n<title>Pl\u00e4ne, Aufgabe, Werte - Moore BDR s. r. o.<\/title>\n<meta name=\"robots\" content=\"index, follow, max-snippet:-1, max-image-preview:large, max-video-preview:-1\" \/>\n<link rel=\"canonical\" href=\"https:\/\/www.moore-bdr.sk\/o-nas\/vizia-misia-hodnoty\/\" \/>\n<meta property=\"og:locale\" content=\"de_DE\" \/>\n<meta property=\"og:type\" content=\"article\" \/>\n<meta property=\"og:title\" content=\"[:sk]V\u00edzia, misia, hodnoty[:en]Our vission, mission and values[:de]Pl\u00e4ne, Aufgabe, Werte[:] - Moore BDR s. r. o.\" \/>\n<meta property=\"og:description\" content=\"[vc_row type=&#8220;vc_default&#8220; margin_top=&#8220;-50&#8243; bg_type=&#8220;image&#8220; parallax_style=&#8220;vcpb-default&#8220; bg_image_new=&#8220;id^2536|url^https:\/\/www.moore-bdr.sk\/wp-content\/uploads\/2019\/09\/a11.jpg|caption^null|alt^null|title^a11|description^null&#8220; bg_image_repeat=&#8220;no-repeat&#8220; bg_override=&#8220;full&#8220; min_height=&#8220;350&#8243;][vc_column][\/vc_column][\/vc_row][vc_row][vc_column][vc_empty_space height=&#8220;20px&#8220;][vc_separator][\/vc_column][\/vc_row][vc_row][vc_column width=&#8220;2\/3&#8243;][vc_column_text] Pl\u00e4ne Wir m\u00f6chten ein anerkanntes, renommiertes und gefragtes Unternehmen im Bereich des Wirtschaftspr\u00fcfungswesens, der Buchhaltung, Steuer- und Unternehmensberatung sein.[\/vc_column_text][vc_column_text] Aufgabe Unsere Aufgabe ist es, die ausf\u00fchrlichen Kenntnisse \u00fcber Ihr Unternehmen und das Verst\u00e4ndnis f\u00fcr Ihre Unternehmenst\u00e4tigkeit zu erwerben, um die Risikos sowie auch M\u00f6glichkeiten&hellip;\" \/>\n<meta property=\"og:url\" content=\"https:\/\/www.moore-bdr.sk\/o-nas\/vizia-misia-hodnoty\/\" \/>\n<meta property=\"og:site_name\" content=\"Moore BDR s. r. o.\" \/>\n<meta property=\"article:modified_time\" content=\"2024-02-23T08:06:14+00:00\" \/>\n<meta name=\"twitter:card\" content=\"summary_large_image\" \/>\n<meta name=\"twitter:label1\" content=\"Gesch\u00e4tzte Lesezeit\" \/>\n\t<meta name=\"twitter:data1\" content=\"1\u00a0Minute\" \/>\n<script type=\"application\/ld+json\" class=\"yoast-schema-graph\">{\"@context\":\"https:\/\/schema.org\",\"@graph\":[{\"@type\":\"WebPage\",\"@id\":\"https:\/\/www.moore-bdr.sk\/o-nas\/vizia-misia-hodnoty\/\",\"url\":\"https:\/\/www.moore-bdr.sk\/o-nas\/vizia-misia-hodnoty\/\",\"name\":\"[:sk]V\u00edzia, misia, hodnoty[:en]Our vission, mission and values[:de]Pl\u00e4ne, Aufgabe, Werte[:] - Moore BDR s. r. o.\",\"isPartOf\":{\"@id\":\"https:\/\/www.moore-bdr.sk\/#website\"},\"datePublished\":\"2016-11-19T18:20:44+00:00\",\"dateModified\":\"2024-02-23T08:06:14+00:00\",\"breadcrumb\":{\"@id\":\"https:\/\/www.moore-bdr.sk\/o-nas\/vizia-misia-hodnoty\/#breadcrumb\"},\"inLanguage\":\"de\",\"potentialAction\":[{\"@type\":\"ReadAction\",\"target\":[\"https:\/\/www.moore-bdr.sk\/o-nas\/vizia-misia-hodnoty\/\"]}]},{\"@type\":\"BreadcrumbList\",\"@id\":\"https:\/\/www.moore-bdr.sk\/o-nas\/vizia-misia-hodnoty\/#breadcrumb\",\"itemListElement\":[{\"@type\":\"ListItem\",\"position\":1,\"name\":\"Domovsk\u00e1 str\u00e1nka\",\"item\":\"https:\/\/www.moore-bdr.sk\/\"},{\"@type\":\"ListItem\",\"position\":2,\"name\":\"O n\u00e1s\",\"item\":\"https:\/\/www.moore-bdr.sk\/o-nas\/\"},{\"@type\":\"ListItem\",\"position\":3,\"name\":\"V\u00edzia, misia, hodnoty\"}]},{\"@type\":\"WebSite\",\"@id\":\"https:\/\/www.moore-bdr.sk\/#website\",\"url\":\"https:\/\/www.moore-bdr.sk\/\",\"name\":\"Moore BDR s. r. o.\",\"description\":\"Na\u0161e portf\u00f3lio zah\u0155\u0148a: audit \u00fa\u010dtovn\u00edctva, da\u0148ov\u00e9 poradenstvo, f\u00fazie, akviz\u00edcie, Due diligence, Bratislava, Bansk\u00e1 Bystrica\",\"potentialAction\":[{\"@type\":\"SearchAction\",\"target\":{\"@type\":\"EntryPoint\",\"urlTemplate\":\"https:\/\/www.moore-bdr.sk\/?s={search_term_string}\"},\"query-input\":{\"@type\":\"PropertyValueSpecification\",\"valueRequired\":true,\"valueName\":\"search_term_string\"}}],\"inLanguage\":\"de\"}]}<\/script>\n<!-- \/ Yoast SEO plugin. -->","yoast_head_json":{"title":"[:sk]V\u00edzia, misia, hodnoty[:en]Our vission, mission and values[:de]Pl\u00e4ne, Aufgabe, Werte[:] - Moore BDR s. r. o.","robots":{"index":"index","follow":"follow","max-snippet":"max-snippet:-1","max-image-preview":"max-image-preview:large","max-video-preview":"max-video-preview:-1"},"canonical":"https:\/\/www.moore-bdr.sk\/o-nas\/vizia-misia-hodnoty\/","og_locale":"de_DE","og_type":"article","og_title":"[:sk]V\u00edzia, misia, hodnoty[:en]Our vission, mission and values[:de]Pl\u00e4ne, Aufgabe, Werte[:] - Moore BDR s. r. o.","og_description":"[vc_row type=&#8220;vc_default&#8220; margin_top=&#8220;-50&#8243; bg_type=&#8220;image&#8220; parallax_style=&#8220;vcpb-default&#8220; bg_image_new=&#8220;id^2536|url^https:\/\/www.moore-bdr.sk\/wp-content\/uploads\/2019\/09\/a11.jpg|caption^null|alt^null|title^a11|description^null&#8220; bg_image_repeat=&#8220;no-repeat&#8220; bg_override=&#8220;full&#8220; min_height=&#8220;350&#8243;][vc_column][\/vc_column][\/vc_row][vc_row][vc_column][vc_empty_space height=&#8220;20px&#8220;][vc_separator][\/vc_column][\/vc_row][vc_row][vc_column width=&#8220;2\/3&#8243;][vc_column_text] Pl\u00e4ne Wir m\u00f6chten ein anerkanntes, renommiertes und gefragtes Unternehmen im Bereich des Wirtschaftspr\u00fcfungswesens, der Buchhaltung, Steuer- und Unternehmensberatung sein.[\/vc_column_text][vc_column_text] Aufgabe Unsere Aufgabe ist es, die ausf\u00fchrlichen Kenntnisse \u00fcber Ihr Unternehmen und das Verst\u00e4ndnis f\u00fcr Ihre Unternehmenst\u00e4tigkeit zu erwerben, um die Risikos sowie auch M\u00f6glichkeiten&hellip;","og_url":"https:\/\/www.moore-bdr.sk\/o-nas\/vizia-misia-hodnoty\/","og_site_name":"Moore BDR s. r. o.","article_modified_time":"2024-02-23T08:06:14+00:00","twitter_card":"summary_large_image","twitter_misc":{"Gesch\u00e4tzte Lesezeit":"1\u00a0Minute"},"schema":{"@context":"https:\/\/schema.org","@graph":[{"@type":"WebPage","@id":"https:\/\/www.moore-bdr.sk\/o-nas\/vizia-misia-hodnoty\/","url":"https:\/\/www.moore-bdr.sk\/o-nas\/vizia-misia-hodnoty\/","name":"[:sk]V\u00edzia, misia, hodnoty[:en]Our vission, mission and values[:de]Pl\u00e4ne, Aufgabe, Werte[:] - Moore BDR s. r. o.","isPartOf":{"@id":"https:\/\/www.moore-bdr.sk\/#website"},"datePublished":"2016-11-19T18:20:44+00:00","dateModified":"2024-02-23T08:06:14+00:00","breadcrumb":{"@id":"https:\/\/www.moore-bdr.sk\/o-nas\/vizia-misia-hodnoty\/#breadcrumb"},"inLanguage":"de","potentialAction":[{"@type":"ReadAction","target":["https:\/\/www.moore-bdr.sk\/o-nas\/vizia-misia-hodnoty\/"]}]},{"@type":"BreadcrumbList","@id":"https:\/\/www.moore-bdr.sk\/o-nas\/vizia-misia-hodnoty\/#breadcrumb","itemListElement":[{"@type":"ListItem","position":1,"name":"Domovsk\u00e1 str\u00e1nka","item":"https:\/\/www.moore-bdr.sk\/"},{"@type":"ListItem","position":2,"name":"O n\u00e1s","item":"https:\/\/www.moore-bdr.sk\/o-nas\/"},{"@type":"ListItem","position":3,"name":"V\u00edzia, misia, hodnoty"}]},{"@type":"WebSite","@id":"https:\/\/www.moore-bdr.sk\/#website","url":"https:\/\/www.moore-bdr.sk\/","name":"Moore BDR s. r. o.","description":"Na\u0161e portf\u00f3lio zah\u0155\u0148a: audit \u00fa\u010dtovn\u00edctva, da\u0148ov\u00e9 poradenstvo, f\u00fazie, akviz\u00edcie, Due diligence, Bratislava, Bansk\u00e1 Bystrica","potentialAction":[{"@type":"SearchAction","target":{"@type":"EntryPoint","urlTemplate":"https:\/\/www.moore-bdr.sk\/?s={search_term_string}"},"query-input":{"@type":"PropertyValueSpecification","valueRequired":true,"valueName":"search_term_string"}}],"inLanguage":"de"}]}},"_links":{"self":[{"href":"https:\/\/www.moore-bdr.sk\/de\/wp-json\/wp\/v2\/pages\/27","targetHints":{"allow":["GET"]}}],"collection":[{"href":"https:\/\/www.moore-bdr.sk\/de\/wp-json\/wp\/v2\/pages"}],"about":[{"href":"https:\/\/www.moore-bdr.sk\/de\/wp-json\/wp\/v2\/types\/page"}],"author":[{"embeddable":true,"href":"https:\/\/www.moore-bdr.sk\/de\/wp-json\/wp\/v2\/users\/1"}],"replies":[{"embeddable":true,"href":"https:\/\/www.moore-bdr.sk\/de\/wp-json\/wp\/v2\/comments?post=27"}],"version-history":[{"count":12,"href":"https:\/\/www.moore-bdr.sk\/de\/wp-json\/wp\/v2\/pages\/27\/revisions"}],"predecessor-version":[{"id":7633,"href":"https:\/\/www.moore-bdr.sk\/de\/wp-json\/wp\/v2\/pages\/27\/revisions\/7633"}],"up":[{"embeddable":true,"href":"https:\/\/www.moore-bdr.sk\/de\/wp-json\/wp\/v2\/pages\/11"}],"wp:attachment":[{"href":"https:\/\/www.moore-bdr.sk\/de\/wp-json\/wp\/v2\/media?parent=27"}],"curies":[{"name":"wp","href":"https:\/\/api.w.org\/{rel}","templated":true}]}}