{"id":31,"date":"2016-11-19T20:21:53","date_gmt":"2016-11-19T18:21:53","guid":{"rendered":"https:\/\/www.moore-bdr.sk\/?page_id=31"},"modified":"2026-03-16T16:26:51","modified_gmt":"2026-03-16T14:26:51","slug":"partneri","status":"publish","type":"page","link":"https:\/\/www.moore-bdr.sk\/de\/ludia\/partneri\/","title":{"rendered":"Partner"},"content":{"rendered":"<div class=\"wpb-content-wrapper\"><p>[vc_row type=&#8220;vc_default&#8220; margin_top=&#8220;-50&#8243; bg_type=&#8220;image&#8220; parallax_style=&#8220;vcpb-default&#8220; bg_image_new=&#8220;id^2532|url^https:\/\/www.moore-bdr.sk\/wp-content\/uploads\/2019\/09\/a9.jpg|caption^null|alt^null|title^a9|description^null&#8220; bg_image_repeat=&#8220;no-repeat&#8220; bg_override=&#8220;full&#8220; min_height=&#8220;350&#8243;][vc_column]<div class=\"ult-spacer spacer-69eceaf56ba6f\" data-id=\"69eceaf56ba6f\" data-height=\"130\" data-height-mobile=\"30\" data-height-tab=\"80\" data-height-tab-portrait=\"80\" data-height-mobile-landscape=\"30\" style=\"clear:both;display:block;\"><\/div><div id=\"ultimate-heading-538469eceaf56baa5\" class=\"uvc-heading ult-adjust-bottom-margin ultimate-heading-538469eceaf56baa5 uvc-1162 \" data-hspacer=\"no_spacer\"  data-halign=\"left\" style=\"text-align:left\"><div class=\"uvc-heading-spacer no_spacer\" style=\"top\"><\/div><div class=\"uvc-main-heading ult-responsive\"  data-ultimate-target='.uvc-heading.ultimate-heading-538469eceaf56baa5 h2'  data-responsive-json-new='{\"font-size\":\"desktop:36px;\",\"line-height\":\"\"}' ><h2 style=\"font-weight:bold;color:#ffffff;\">PARTNER<\/h2><\/div><\/div><div class=\"ult-spacer spacer-69eceaf56bb18\" data-id=\"69eceaf56bb18\" data-height=\"150\" data-height-mobile=\"50\" data-height-tab=\"100\" data-height-tab-portrait=\"100\" data-height-mobile-landscape=\"50\" style=\"clear:both;display:block;\"><\/div>[\/vc_column][\/vc_row][vc_row][vc_column]<style type=\"text\/css\" data-type=\"the7_shortcodes-inline-css\">.dt-breadcrumbs-id-3d8bcd3afc1ebaf9aeff37816dff855f .breadcrumbs {\n  display: inline-block;\n  margin: 0;\n  padding: 2px 10px 2px 10px;\n  border: 0px solid ;\n  border-radius: 0px;\n}\n.dt-breadcrumbs-id-3d8bcd3afc1ebaf9aeff37816dff855f .breadcrumbs * {\n  color: #485daa;\n}\n<\/style><div class=\"dt-breadcrumbs-shortcode dt-breadcrumbs-id-3d8bcd3afc1ebaf9aeff37816dff855f align-left\"><div class=\"assistive-text\">Sie befinden sich hier:<\/div><ol class=\"breadcrumbs text-small\" itemscope itemtype=\"https:\/\/schema.org\/BreadcrumbList\"><li itemprop=\"itemListElement\" itemscope itemtype=\"https:\/\/schema.org\/ListItem\"><a itemprop=\"item\" href=\"https:\/\/www.moore-bdr.sk\/de\/\" title=\"Start\"><span itemprop=\"name\">Start<\/span><\/a><meta itemprop=\"position\" content=\"1\" \/><\/li><li class=\"current\" itemprop=\"itemListElement\" itemscope itemtype=\"https:\/\/schema.org\/ListItem\"><span itemprop=\"name\">Seite<\/span><meta itemprop=\"position\" content=\"2\" \/><\/li><\/ol><\/div>[vc_empty_space height=&#8220;20px&#8220;][vc_separator][\/vc_column][\/vc_row][vc_row][vc_column width=&#8220;2\/3&#8243;][vc_row_inner css=&#8220;.vc_custom_1480079869080{border-top-width: 1px !important;border-right-width: 1px !important;border-bottom-width: 1px !important;border-left-width: 1px !important;background-color: #f7f7f7 !important;border-left-color: #f7f7f7 !important;border-left-style: double !important;border-right-color: #f7f7f7 !important;border-right-style: double !important;border-top-color: #f7f7f7 !important;border-top-style: double !important;border-bottom-color: #f7f7f7 !important;border-bottom-style: double !important;border-radius: 3px !important;}&#8220;][vc_column_inner width=&#8220;1\/3&#8243;][vc_single_image image=&#8220;7305&#8243; img_size=&#8220;full&#8220; image_hovers=&#8220;false&#8220;][\/vc_column_inner][vc_column_inner width=&#8220;2\/3&#8243;]<div class=\"dt-fancy-separator title-left h2-size style-disabled\" style=\"width: 100%;\"><div class=\"dt-fancy-title\" style=\"color: #000000;\"><span class=\"separator-holder separator-left\"><\/span>\u013dudmila Sv\u00e4toj\u00e1nska Ki\u0148ov\u00e1, MBA<span class=\"separator-holder separator-right\"><\/span><\/div><\/div><div class=\"ult-spacer spacer-69eceaf56bc3e\" data-id=\"69eceaf56bc3e\" data-height=\"10\" data-height-mobile=\"10\" data-height-tab=\"10\" data-height-tab-portrait=\"\" data-height-mobile-landscape=\"\" style=\"clear:both;display:block;\"><\/div>[vc_column_text css=&#8220;.vc_custom_1496137435834{margin-bottom: 10px !important;border-bottom-width: 0px !important;padding-bottom: 0px !important;}&#8220;]Partner, Wirtschafts- und Steuerpr\u00fcfer\u00a0 von Moore BDR s. r. o.<\/p>\n<p>Frau Ki\u0148ov\u00e1 geh\u00f6rt zur zweiten Generation der Partner in BDR. Sie wurde zum Partner der Gesellschaft im Jahre 2010.\u00a0 Als lizenzierte Wirtschaftspr\u00fcferin arbeitet sie seit 2005 und als Steuerberater seit 2003.\u00a0\u00a0Sie spezialisiert sich auf\u00a0 internationale Rechnungslegung IAS\/ IFRS und sie besitzt die Lizenz\u00a0 IFRS expert, die von der\u00a0 Slowakischer Wirtschaftspr\u00fcferkammer\u00a0 in der Zusammenarbeit mit ACCA\u00a0 ausgestellt wird.[\/vc_column_text]<div class=\" vc_custom_1480080342464  uavc-icons \">\n<a class=\"aio-tooltip 69eceaf56bc8b\" href=\"mailto:ludmila.kinova@bdrbb.sk\"  data-toggle=\"tooltip\" data-placement=\"\" title=\"\"><div class=\"aio-icon circle \" data-animation=\"fadeIn\" data-animation-delay=\"03\" style=\"color:#ffffff;background:#00a0e3;font-size:16px;margin-right:5px;\">\n\t<i class=\"Defaults-envelope-o\"><\/i>\n<\/div><\/a><\/div>[\/vc_column_inner][\/vc_row_inner][vc_row_inner css=&#8220;.vc_custom_1480080627471{margin-top: 10px !important;border-top-width: 1px !important;border-right-width: 1px !important;border-bottom-width: 1px !important;border-left-width: 1px !important;background-color: #f7f7f7 !important;border-left-color: #f7f7f7 !important;border-left-style: double !important;border-right-color: #f7f7f7 !important;border-right-style: double !important;border-top-color: #f7f7f7 !important;border-top-style: double !important;border-bottom-color: #f7f7f7 !important;border-bottom-style: double !important;border-radius: 3px !important;}&#8220;][vc_column_inner width=&#8220;1\/3&#8243;][vc_single_image image=&#8220;7306&#8243; img_size=&#8220;full&#8220; image_hovers=&#8220;false&#8220;][\/vc_column_inner][vc_column_inner width=&#8220;2\/3&#8243;]<div class=\"dt-fancy-separator title-left h2-size style-disabled\" style=\"width: 100%;\"><div class=\"dt-fancy-title\" style=\"color: #000000;\"><span class=\"separator-holder separator-left\"><\/span>Martin Ki\u0148o<span class=\"separator-holder separator-right\"><\/span><\/div><\/div><div class=\"ult-spacer spacer-69eceaf56bcbb\" data-id=\"69eceaf56bcbb\" data-height=\"10\" data-height-mobile=\"10\" data-height-tab=\"10\" data-height-tab-portrait=\"\" data-height-mobile-landscape=\"\" style=\"clear:both;display:block;\"><\/div>[vc_column_text css=&#8220;.vc_custom_1480698831625{margin-bottom: 10px !important;border-bottom-width: 0px !important;padding-bottom: 0px !important;}&#8220;]Partner Moore BDR s. r. o.<\/p>\n<p>Martin geh\u00f6rt zur zweiten Generation der Partner in BDR. Er\u00a0 wurde zum Partner der Gesellschaft im Jahre 2010. Er sorgt f\u00fcr internationale Kunden im Rahmen der Gruppe BDR.\u00a0 Als Steuerberater arbeitet er seit 2005 und als Assistent von Wirtschaftspr\u00fcfer seit 2010.\u00a0 Seit dem Jahre\u00a0 2011 ist er ein Mitglied der Assoziation von zertifizierten Buchhaltern (&#8222;ACCA&#8220;). Martin studierte an der\u00a0 Wirtschaftsuniversit\u00e4t in Wien und auch in den Vereinigten Staaten. Er spricht flie\u00dfend deutsch und englisch.[\/vc_column_text]<div class=\" vc_custom_1480080342464  uavc-icons \">\n<a class=\"aio-tooltip 69eceaf56bcf7\" href=\"mailto:martin.kino@bdrbb.sk\"  data-toggle=\"tooltip\" data-placement=\"\" title=\"\"><div class=\"aio-icon circle \" data-animation=\"fadeIn\" data-animation-delay=\"03\" style=\"color:#ffffff;background:#00a0e3;font-size:16px;margin-right:5px;\">\n\t<i class=\"Defaults-envelope-o\"><\/i>\n<\/div><\/a>\n<a class=\"aio-tooltip 69eceaf56bd1b\" href=\"https:\/\/www.linkedin.com\/in\/martin-kino-33297627?authType=NAME_SEARCH&authToken=41Ix&locale=en_US&trk=tyah&trkInfo=clickedVertical%3Amynetwork%2CclickedEntityId%3A94960982%2CauthType%3ANAME_SEARCH%2Cidx%3A1-2-2%2CtarId%3A1445345820125%2Ctas%3Amartin\" target=\"_blank\" rel=\"noopener\"  data-toggle=\"tooltip\" data-placement=\"\" title=\"\"><div class=\"aio-icon circle \" data-animation=\"fadeIn\" data-animation-delay=\"03\" style=\"color:#ffffff;background:#00a0e3;font-size:16px;margin-right:5px;\">\n\t<i class=\"Defaults-linkedin\"><\/i>\n<\/div><\/a><\/div>[\/vc_column_inner][\/vc_row_inner][\/vc_column][vc_column width=&#8220;1\/3&#8243;][vc_widget_sidebar show_bg=&#8220;false&#8220; sidebar_id=&#8220;sidebar_3&#8243; el_class=&#8220;bocnalista&#8220;][\/vc_column][\/vc_row]<\/p>\n<\/div>","protected":false},"excerpt":{"rendered":"<p>[vc_row type=&#8220;vc_default&#8220; margin_top=&#8220;-50&#8243; bg_type=&#8220;image&#8220; parallax_style=&#8220;vcpb-default&#8220; bg_image_new=&#8220;id^2532|url^https:\/\/www.moore-bdr.sk\/wp-content\/uploads\/2019\/09\/a9.jpg|caption^null|alt^null|title^a9|description^null&#8220; bg_image_repeat=&#8220;no-repeat&#8220; bg_override=&#8220;full&#8220; min_height=&#8220;350&#8243;][vc_column][\/vc_column][\/vc_row][vc_row][vc_column][vc_empty_space height=&#8220;20px&#8220;][vc_separator][\/vc_column][\/vc_row][vc_row][vc_column width=&#8220;2\/3&#8243;][vc_row_inner css=&#8220;.vc_custom_1480079869080{border-top-width: 1px !important;border-right-width: 1px !important;border-bottom-width: 1px !important;border-left-width: 1px !important;background-color: #f7f7f7 !important;border-left-color: #f7f7f7 !important;border-left-style: double !important;border-right-color: #f7f7f7 !important;border-right-style: double !important;border-top-color: #f7f7f7 !important;border-top-style: double !important;border-bottom-color: #f7f7f7 !important;border-bottom-style: double !important;border-radius: 3px !important;}&#8220;][vc_column_inner width=&#8220;1\/3&#8243;][vc_single_image image=&#8220;7305&#8243; img_size=&#8220;full&#8220; image_hovers=&#8220;false&#8220;][\/vc_column_inner][vc_column_inner width=&#8220;2\/3&#8243;][vc_column_text css=&#8220;.vc_custom_1496137435834{margin-bottom: 10px !important;border-bottom-width: 0px !important;padding-bottom: 0px !important;}&#8220;]Partner, Wirtschafts- und Steuerpr\u00fcfer\u00a0&hellip;<\/p>\n","protected":false},"author":1,"featured_media":0,"parent":15,"menu_order":0,"comment_status":"closed","ping_status":"closed","template":"","meta":{"inline_featured_image":false,"footnotes":""},"class_list":["post-31","page","type-page","status-publish","hentry","description-off"],"yoast_head":"<!-- This site is optimized with the Yoast SEO plugin v26.1.1 - https:\/\/yoast.com\/wordpress\/plugins\/seo\/ -->\n<title>Partner - Moore BDR s. r. o.<\/title>\n<meta name=\"robots\" content=\"index, follow, max-snippet:-1, max-image-preview:large, max-video-preview:-1\" \/>\n<link rel=\"canonical\" href=\"https:\/\/www.moore-bdr.sk\/ludia\/partneri\/\" \/>\n<meta property=\"og:locale\" content=\"de_DE\" \/>\n<meta property=\"og:type\" content=\"article\" \/>\n<meta property=\"og:title\" content=\"[:sk]Partneri[:en]Partners[:de]Partner[:] - Moore BDR s. r. o.\" \/>\n<meta property=\"og:description\" content=\"[vc_row type=&#8220;vc_default&#8220; margin_top=&#8220;-50&#8243; bg_type=&#8220;image&#8220; parallax_style=&#8220;vcpb-default&#8220; bg_image_new=&#8220;id^2532|url^https:\/\/www.moore-bdr.sk\/wp-content\/uploads\/2019\/09\/a9.jpg|caption^null|alt^null|title^a9|description^null&#8220; bg_image_repeat=&#8220;no-repeat&#8220; bg_override=&#8220;full&#8220; min_height=&#8220;350&#8243;][vc_column][\/vc_column][\/vc_row][vc_row][vc_column][vc_empty_space height=&#8220;20px&#8220;][vc_separator][\/vc_column][\/vc_row][vc_row][vc_column width=&#8220;2\/3&#8243;][vc_row_inner css=&#8220;.vc_custom_1480079869080{border-top-width: 1px !important;border-right-width: 1px !important;border-bottom-width: 1px !important;border-left-width: 1px !important;background-color: #f7f7f7 !important;border-left-color: #f7f7f7 !important;border-left-style: double !important;border-right-color: #f7f7f7 !important;border-right-style: double !important;border-top-color: #f7f7f7 !important;border-top-style: double !important;border-bottom-color: #f7f7f7 !important;border-bottom-style: double !important;border-radius: 3px !important;}&#8220;][vc_column_inner width=&#8220;1\/3&#8243;][vc_single_image image=&#8220;7305&#8243; img_size=&#8220;full&#8220; image_hovers=&#8220;false&#8220;][\/vc_column_inner][vc_column_inner width=&#8220;2\/3&#8243;][vc_column_text css=&#8220;.vc_custom_1496137435834{margin-bottom: 10px !important;border-bottom-width: 0px !important;padding-bottom: 0px !important;}&#8220;]Partner, Wirtschafts- und Steuerpr\u00fcfer\u00a0&hellip;\" \/>\n<meta property=\"og:url\" content=\"https:\/\/www.moore-bdr.sk\/ludia\/partneri\/\" \/>\n<meta property=\"og:site_name\" content=\"Moore BDR s. r. o.\" \/>\n<meta property=\"article:modified_time\" content=\"2026-03-16T14:26:51+00:00\" \/>\n<meta name=\"twitter:card\" content=\"summary_large_image\" \/>\n<meta name=\"twitter:label1\" content=\"Gesch\u00e4tzte Lesezeit\" \/>\n\t<meta name=\"twitter:data1\" content=\"6\u00a0Minuten\" \/>\n<script type=\"application\/ld+json\" class=\"yoast-schema-graph\">{\"@context\":\"https:\/\/schema.org\",\"@graph\":[{\"@type\":\"WebPage\",\"@id\":\"https:\/\/www.moore-bdr.sk\/ludia\/partneri\/\",\"url\":\"https:\/\/www.moore-bdr.sk\/ludia\/partneri\/\",\"name\":\"[:sk]Partneri[:en]Partners[:de]Partner[:] - Moore BDR s. r. o.\",\"isPartOf\":{\"@id\":\"https:\/\/www.moore-bdr.sk\/#website\"},\"datePublished\":\"2016-11-19T18:21:53+00:00\",\"dateModified\":\"2026-03-16T14:26:51+00:00\",\"breadcrumb\":{\"@id\":\"https:\/\/www.moore-bdr.sk\/ludia\/partneri\/#breadcrumb\"},\"inLanguage\":\"de\",\"potentialAction\":[{\"@type\":\"ReadAction\",\"target\":[\"https:\/\/www.moore-bdr.sk\/ludia\/partneri\/\"]}]},{\"@type\":\"BreadcrumbList\",\"@id\":\"https:\/\/www.moore-bdr.sk\/ludia\/partneri\/#breadcrumb\",\"itemListElement\":[{\"@type\":\"ListItem\",\"position\":1,\"name\":\"Domovsk\u00e1 str\u00e1nka\",\"item\":\"https:\/\/www.moore-bdr.sk\/\"},{\"@type\":\"ListItem\",\"position\":2,\"name\":\"\u013dudia\",\"item\":\"https:\/\/www.moore-bdr.sk\/ludia\/\"},{\"@type\":\"ListItem\",\"position\":3,\"name\":\"Partneri\"}]},{\"@type\":\"WebSite\",\"@id\":\"https:\/\/www.moore-bdr.sk\/#website\",\"url\":\"https:\/\/www.moore-bdr.sk\/\",\"name\":\"Moore BDR s. r. o.\",\"description\":\"Na\u0161e portf\u00f3lio zah\u0155\u0148a: audit \u00fa\u010dtovn\u00edctva, da\u0148ov\u00e9 poradenstvo, f\u00fazie, akviz\u00edcie, Due diligence, Bratislava, Bansk\u00e1 Bystrica\",\"potentialAction\":[{\"@type\":\"SearchAction\",\"target\":{\"@type\":\"EntryPoint\",\"urlTemplate\":\"https:\/\/www.moore-bdr.sk\/?s={search_term_string}\"},\"query-input\":{\"@type\":\"PropertyValueSpecification\",\"valueRequired\":true,\"valueName\":\"search_term_string\"}}],\"inLanguage\":\"de\"}]}<\/script>\n<!-- \/ Yoast SEO plugin. -->","yoast_head_json":{"title":"[:sk]Partneri[:en]Partners[:de]Partner[:] - Moore BDR s. r. o.","robots":{"index":"index","follow":"follow","max-snippet":"max-snippet:-1","max-image-preview":"max-image-preview:large","max-video-preview":"max-video-preview:-1"},"canonical":"https:\/\/www.moore-bdr.sk\/ludia\/partneri\/","og_locale":"de_DE","og_type":"article","og_title":"[:sk]Partneri[:en]Partners[:de]Partner[:] - Moore BDR s. r. o.","og_description":"[vc_row type=&#8220;vc_default&#8220; margin_top=&#8220;-50&#8243; bg_type=&#8220;image&#8220; parallax_style=&#8220;vcpb-default&#8220; bg_image_new=&#8220;id^2532|url^https:\/\/www.moore-bdr.sk\/wp-content\/uploads\/2019\/09\/a9.jpg|caption^null|alt^null|title^a9|description^null&#8220; bg_image_repeat=&#8220;no-repeat&#8220; bg_override=&#8220;full&#8220; min_height=&#8220;350&#8243;][vc_column][\/vc_column][\/vc_row][vc_row][vc_column][vc_empty_space height=&#8220;20px&#8220;][vc_separator][\/vc_column][\/vc_row][vc_row][vc_column width=&#8220;2\/3&#8243;][vc_row_inner css=&#8220;.vc_custom_1480079869080{border-top-width: 1px !important;border-right-width: 1px !important;border-bottom-width: 1px !important;border-left-width: 1px !important;background-color: #f7f7f7 !important;border-left-color: #f7f7f7 !important;border-left-style: double !important;border-right-color: #f7f7f7 !important;border-right-style: double !important;border-top-color: #f7f7f7 !important;border-top-style: double !important;border-bottom-color: #f7f7f7 !important;border-bottom-style: double !important;border-radius: 3px !important;}&#8220;][vc_column_inner width=&#8220;1\/3&#8243;][vc_single_image image=&#8220;7305&#8243; img_size=&#8220;full&#8220; image_hovers=&#8220;false&#8220;][\/vc_column_inner][vc_column_inner width=&#8220;2\/3&#8243;][vc_column_text css=&#8220;.vc_custom_1496137435834{margin-bottom: 10px !important;border-bottom-width: 0px !important;padding-bottom: 0px !important;}&#8220;]Partner, Wirtschafts- und Steuerpr\u00fcfer\u00a0&hellip;","og_url":"https:\/\/www.moore-bdr.sk\/ludia\/partneri\/","og_site_name":"Moore BDR s. r. o.","article_modified_time":"2026-03-16T14:26:51+00:00","twitter_card":"summary_large_image","twitter_misc":{"Gesch\u00e4tzte Lesezeit":"6\u00a0Minuten"},"schema":{"@context":"https:\/\/schema.org","@graph":[{"@type":"WebPage","@id":"https:\/\/www.moore-bdr.sk\/ludia\/partneri\/","url":"https:\/\/www.moore-bdr.sk\/ludia\/partneri\/","name":"[:sk]Partneri[:en]Partners[:de]Partner[:] - Moore BDR s. r. o.","isPartOf":{"@id":"https:\/\/www.moore-bdr.sk\/#website"},"datePublished":"2016-11-19T18:21:53+00:00","dateModified":"2026-03-16T14:26:51+00:00","breadcrumb":{"@id":"https:\/\/www.moore-bdr.sk\/ludia\/partneri\/#breadcrumb"},"inLanguage":"de","potentialAction":[{"@type":"ReadAction","target":["https:\/\/www.moore-bdr.sk\/ludia\/partneri\/"]}]},{"@type":"BreadcrumbList","@id":"https:\/\/www.moore-bdr.sk\/ludia\/partneri\/#breadcrumb","itemListElement":[{"@type":"ListItem","position":1,"name":"Domovsk\u00e1 str\u00e1nka","item":"https:\/\/www.moore-bdr.sk\/"},{"@type":"ListItem","position":2,"name":"\u013dudia","item":"https:\/\/www.moore-bdr.sk\/ludia\/"},{"@type":"ListItem","position":3,"name":"Partneri"}]},{"@type":"WebSite","@id":"https:\/\/www.moore-bdr.sk\/#website","url":"https:\/\/www.moore-bdr.sk\/","name":"Moore BDR s. r. o.","description":"Na\u0161e portf\u00f3lio zah\u0155\u0148a: audit \u00fa\u010dtovn\u00edctva, da\u0148ov\u00e9 poradenstvo, f\u00fazie, akviz\u00edcie, Due diligence, Bratislava, Bansk\u00e1 Bystrica","potentialAction":[{"@type":"SearchAction","target":{"@type":"EntryPoint","urlTemplate":"https:\/\/www.moore-bdr.sk\/?s={search_term_string}"},"query-input":{"@type":"PropertyValueSpecification","valueRequired":true,"valueName":"search_term_string"}}],"inLanguage":"de"}]}},"_links":{"self":[{"href":"https:\/\/www.moore-bdr.sk\/de\/wp-json\/wp\/v2\/pages\/31","targetHints":{"allow":["GET"]}}],"collection":[{"href":"https:\/\/www.moore-bdr.sk\/de\/wp-json\/wp\/v2\/pages"}],"about":[{"href":"https:\/\/www.moore-bdr.sk\/de\/wp-json\/wp\/v2\/types\/page"}],"author":[{"embeddable":true,"href":"https:\/\/www.moore-bdr.sk\/de\/wp-json\/wp\/v2\/users\/1"}],"replies":[{"embeddable":true,"href":"https:\/\/www.moore-bdr.sk\/de\/wp-json\/wp\/v2\/comments?post=31"}],"version-history":[{"count":44,"href":"https:\/\/www.moore-bdr.sk\/de\/wp-json\/wp\/v2\/pages\/31\/revisions"}],"predecessor-version":[{"id":9668,"href":"https:\/\/www.moore-bdr.sk\/de\/wp-json\/wp\/v2\/pages\/31\/revisions\/9668"}],"up":[{"embeddable":true,"href":"https:\/\/www.moore-bdr.sk\/de\/wp-json\/wp\/v2\/pages\/15"}],"wp:attachment":[{"href":"https:\/\/www.moore-bdr.sk\/de\/wp-json\/wp\/v2\/media?parent=31"}],"curies":[{"name":"wp","href":"https:\/\/api.w.org\/{rel}","templated":true}]}}