{"id":3559,"date":"2020-07-31T09:49:36","date_gmt":"2020-07-31T07:49:36","guid":{"rendered":"https:\/\/www.moore-bdr.sk\/?page_id=3559"},"modified":"2026-04-10T10:54:33","modified_gmt":"2026-04-10T08:54:33","slug":"eu-asia-desk","status":"publish","type":"page","link":"https:\/\/www.moore-bdr.sk\/de\/sluzby\/eu-asia-desk\/","title":{"rendered":"Asia Desk"},"content":{"rendered":"<div class=\"wpb-content-wrapper\"><p>[vc_row][vc_column][vc_column_text]<div class=\"_df_book df-lite\" id=\"df_6323\"  _slug=\"the-complete-guide-to-doing-business-in-china-is-here\" data-title=\"the-complete-guide-to-doing-business-in-china-is-here\" wpoptions=\"true\" thumbtype=\"\" ><\/div><script class=\"df-shortcode-script\" nowprocket type=\"application\/javascript\">window.option_df_6323 = {\"outline\":[],\"autoEnableOutline\":\"false\",\"autoEnableThumbnail\":\"false\",\"overwritePDFOutline\":\"false\",\"direction\":\"1\",\"pageSize\":\"0\",\"source\":\"https:\\\/\\\/www.moore-bdr.sk\\\/wp-content\\\/uploads\\\/2022\\\/07\\\/The-Complete-Guide-to-Doing-Business-in-China-is-here.pdf\",\"wpOptions\":\"true\"}; if(window.DFLIP && window.DFLIP.parseBooks){window.DFLIP.parseBooks();}<\/script>[\/vc_column_text][vc_column_text]<\/p>\n\n\t\t\t<style type='text\/css'>\n\t\t\t\t#gallery-1 {\n\t\t\t\t\tmargin: auto;\n\t\t\t\t}\n\t\t\t\t#gallery-1 .gallery-item {\n\t\t\t\t\tfloat: left;\n\t\t\t\t\tmargin-top: 10px;\n\t\t\t\t\ttext-align: center;\n\t\t\t\t\twidth: 100%;\n\t\t\t\t}\n\t\t\t\t#gallery-1 img {\n\t\t\t\t\tborder: 2px solid #cfcfcf;\n\t\t\t\t}\n\t\t\t\t#gallery-1 .gallery-caption {\n\t\t\t\t\tmargin-left: 0;\n\t\t\t\t}\n\t\t\t\t\/* see gallery_shortcode() in wp-includes\/media.php *\/\n\t\t\t<\/style>\n\t\t<div id='gallery-1' class='dt-gallery-container gallery galleryid-3559 gallery-columns-1 gallery-size-full'><dl class='gallery-item'>\n\t\t\t\t<dt class='gallery-icon landscape'>\n\t\t\t\t\t<img loading=\"lazy\" decoding=\"async\" width=\"2000\" height=\"1120\" src=\"https:\/\/www.moore-bdr.sk\/wp-content\/uploads\/2020\/07\/01-Moore-Introduction_EN_Strana_02.jpg\" class=\"attachment-full size-full\" alt=\"\" srcset=\"https:\/\/www.moore-bdr.sk\/wp-content\/uploads\/2020\/07\/01-Moore-Introduction_EN_Strana_02.jpg 2000w, https:\/\/www.moore-bdr.sk\/wp-content\/uploads\/2020\/07\/01-Moore-Introduction_EN_Strana_02-300x168.jpg 300w, https:\/\/www.moore-bdr.sk\/wp-content\/uploads\/2020\/07\/01-Moore-Introduction_EN_Strana_02-768x430.jpg 768w, https:\/\/www.moore-bdr.sk\/wp-content\/uploads\/2020\/07\/01-Moore-Introduction_EN_Strana_02-1024x573.jpg 1024w\" sizes=\"auto, (max-width: 2000px) 100vw, 2000px\" \/>\n\t\t\t\t<\/dt><\/dl><br style=\"clear: both\" \/><dl class='gallery-item'>\n\t\t\t\t<dt class='gallery-icon landscape'>\n\t\t\t\t\t<img loading=\"lazy\" decoding=\"async\" width=\"2000\" height=\"1120\" src=\"https:\/\/www.moore-bdr.sk\/wp-content\/uploads\/2020\/07\/01-Moore-Introduction_EN_Strana_03.jpg\" class=\"attachment-full size-full\" alt=\"\" srcset=\"https:\/\/www.moore-bdr.sk\/wp-content\/uploads\/2020\/07\/01-Moore-Introduction_EN_Strana_03.jpg 2000w, https:\/\/www.moore-bdr.sk\/wp-content\/uploads\/2020\/07\/01-Moore-Introduction_EN_Strana_03-300x168.jpg 300w, https:\/\/www.moore-bdr.sk\/wp-content\/uploads\/2020\/07\/01-Moore-Introduction_EN_Strana_03-768x430.jpg 768w, https:\/\/www.moore-bdr.sk\/wp-content\/uploads\/2020\/07\/01-Moore-Introduction_EN_Strana_03-1024x573.jpg 1024w\" sizes=\"auto, (max-width: 2000px) 100vw, 2000px\" \/>\n\t\t\t\t<\/dt><\/dl><br style=\"clear: both\" \/><dl class='gallery-item'>\n\t\t\t\t<dt class='gallery-icon landscape'>\n\t\t\t\t\t<img loading=\"lazy\" decoding=\"async\" width=\"2000\" height=\"1120\" src=\"https:\/\/www.moore-bdr.sk\/wp-content\/uploads\/2020\/07\/01-Moore-Introduction_EN_Strana_04.jpg\" class=\"attachment-full size-full\" alt=\"\" srcset=\"https:\/\/www.moore-bdr.sk\/wp-content\/uploads\/2020\/07\/01-Moore-Introduction_EN_Strana_04.jpg 2000w, https:\/\/www.moore-bdr.sk\/wp-content\/uploads\/2020\/07\/01-Moore-Introduction_EN_Strana_04-300x168.jpg 300w, https:\/\/www.moore-bdr.sk\/wp-content\/uploads\/2020\/07\/01-Moore-Introduction_EN_Strana_04-768x430.jpg 768w, https:\/\/www.moore-bdr.sk\/wp-content\/uploads\/2020\/07\/01-Moore-Introduction_EN_Strana_04-1024x573.jpg 1024w\" sizes=\"auto, (max-width: 2000px) 100vw, 2000px\" \/>\n\t\t\t\t<\/dt><\/dl><br style=\"clear: both\" \/><dl class='gallery-item'>\n\t\t\t\t<dt class='gallery-icon landscape'>\n\t\t\t\t\t<img loading=\"lazy\" decoding=\"async\" width=\"2000\" height=\"1120\" src=\"https:\/\/www.moore-bdr.sk\/wp-content\/uploads\/2020\/07\/01-Moore-Introduction_EN_Strana_05.jpg\" class=\"attachment-full size-full\" alt=\"\" srcset=\"https:\/\/www.moore-bdr.sk\/wp-content\/uploads\/2020\/07\/01-Moore-Introduction_EN_Strana_05.jpg 2000w, https:\/\/www.moore-bdr.sk\/wp-content\/uploads\/2020\/07\/01-Moore-Introduction_EN_Strana_05-300x168.jpg 300w, https:\/\/www.moore-bdr.sk\/wp-content\/uploads\/2020\/07\/01-Moore-Introduction_EN_Strana_05-768x430.jpg 768w, https:\/\/www.moore-bdr.sk\/wp-content\/uploads\/2020\/07\/01-Moore-Introduction_EN_Strana_05-1024x573.jpg 1024w\" sizes=\"auto, (max-width: 2000px) 100vw, 2000px\" \/>\n\t\t\t\t<\/dt><\/dl><br style=\"clear: both\" \/><dl class='gallery-item'>\n\t\t\t\t<dt class='gallery-icon landscape'>\n\t\t\t\t\t<img loading=\"lazy\" decoding=\"async\" width=\"2000\" height=\"1120\" src=\"https:\/\/www.moore-bdr.sk\/wp-content\/uploads\/2020\/07\/01-Moore-Introduction_EN_Strana_06.jpg\" class=\"attachment-full size-full\" alt=\"\" srcset=\"https:\/\/www.moore-bdr.sk\/wp-content\/uploads\/2020\/07\/01-Moore-Introduction_EN_Strana_06.jpg 2000w, https:\/\/www.moore-bdr.sk\/wp-content\/uploads\/2020\/07\/01-Moore-Introduction_EN_Strana_06-300x168.jpg 300w, https:\/\/www.moore-bdr.sk\/wp-content\/uploads\/2020\/07\/01-Moore-Introduction_EN_Strana_06-768x430.jpg 768w, https:\/\/www.moore-bdr.sk\/wp-content\/uploads\/2020\/07\/01-Moore-Introduction_EN_Strana_06-1024x573.jpg 1024w\" sizes=\"auto, (max-width: 2000px) 100vw, 2000px\" \/>\n\t\t\t\t<\/dt><\/dl><br style=\"clear: both\" \/><dl class='gallery-item'>\n\t\t\t\t<dt class='gallery-icon landscape'>\n\t\t\t\t\t<img loading=\"lazy\" decoding=\"async\" width=\"2000\" height=\"1120\" src=\"https:\/\/www.moore-bdr.sk\/wp-content\/uploads\/2020\/07\/01-Moore-Introduction_EN_Strana_07.jpg\" class=\"attachment-full size-full\" alt=\"\" srcset=\"https:\/\/www.moore-bdr.sk\/wp-content\/uploads\/2020\/07\/01-Moore-Introduction_EN_Strana_07.jpg 2000w, https:\/\/www.moore-bdr.sk\/wp-content\/uploads\/2020\/07\/01-Moore-Introduction_EN_Strana_07-300x168.jpg 300w, https:\/\/www.moore-bdr.sk\/wp-content\/uploads\/2020\/07\/01-Moore-Introduction_EN_Strana_07-768x430.jpg 768w, https:\/\/www.moore-bdr.sk\/wp-content\/uploads\/2020\/07\/01-Moore-Introduction_EN_Strana_07-1024x573.jpg 1024w\" sizes=\"auto, (max-width: 2000px) 100vw, 2000px\" \/>\n\t\t\t\t<\/dt><\/dl><br style=\"clear: both\" \/><dl class='gallery-item'>\n\t\t\t\t<dt class='gallery-icon landscape'>\n\t\t\t\t\t<img loading=\"lazy\" decoding=\"async\" width=\"2000\" height=\"1120\" src=\"https:\/\/www.moore-bdr.sk\/wp-content\/uploads\/2020\/07\/01-Moore-Introduction_EN_Strana_08.jpg\" class=\"attachment-full size-full\" alt=\"\" srcset=\"https:\/\/www.moore-bdr.sk\/wp-content\/uploads\/2020\/07\/01-Moore-Introduction_EN_Strana_08.jpg 2000w, https:\/\/www.moore-bdr.sk\/wp-content\/uploads\/2020\/07\/01-Moore-Introduction_EN_Strana_08-300x168.jpg 300w, https:\/\/www.moore-bdr.sk\/wp-content\/uploads\/2020\/07\/01-Moore-Introduction_EN_Strana_08-768x430.jpg 768w, https:\/\/www.moore-bdr.sk\/wp-content\/uploads\/2020\/07\/01-Moore-Introduction_EN_Strana_08-1024x573.jpg 1024w\" sizes=\"auto, (max-width: 2000px) 100vw, 2000px\" \/>\n\t\t\t\t<\/dt><\/dl><br style=\"clear: both\" \/><dl class='gallery-item'>\n\t\t\t\t<dt class='gallery-icon landscape'>\n\t\t\t\t\t<img loading=\"lazy\" decoding=\"async\" width=\"2000\" height=\"1120\" src=\"https:\/\/www.moore-bdr.sk\/wp-content\/uploads\/2020\/07\/01-Moore-Introduction_EN_Strana_09.jpg\" class=\"attachment-full size-full\" alt=\"\" srcset=\"https:\/\/www.moore-bdr.sk\/wp-content\/uploads\/2020\/07\/01-Moore-Introduction_EN_Strana_09.jpg 2000w, https:\/\/www.moore-bdr.sk\/wp-content\/uploads\/2020\/07\/01-Moore-Introduction_EN_Strana_09-300x168.jpg 300w, https:\/\/www.moore-bdr.sk\/wp-content\/uploads\/2020\/07\/01-Moore-Introduction_EN_Strana_09-768x430.jpg 768w, https:\/\/www.moore-bdr.sk\/wp-content\/uploads\/2020\/07\/01-Moore-Introduction_EN_Strana_09-1024x573.jpg 1024w\" sizes=\"auto, (max-width: 2000px) 100vw, 2000px\" \/>\n\t\t\t\t<\/dt><\/dl><br style=\"clear: both\" \/><dl class='gallery-item'>\n\t\t\t\t<dt class='gallery-icon landscape'>\n\t\t\t\t\t<img loading=\"lazy\" decoding=\"async\" width=\"2000\" height=\"1120\" src=\"https:\/\/www.moore-bdr.sk\/wp-content\/uploads\/2020\/07\/01-Moore-Introduction_EN_Strana_10.jpg\" class=\"attachment-full size-full\" alt=\"\" srcset=\"https:\/\/www.moore-bdr.sk\/wp-content\/uploads\/2020\/07\/01-Moore-Introduction_EN_Strana_10.jpg 2000w, https:\/\/www.moore-bdr.sk\/wp-content\/uploads\/2020\/07\/01-Moore-Introduction_EN_Strana_10-300x168.jpg 300w, https:\/\/www.moore-bdr.sk\/wp-content\/uploads\/2020\/07\/01-Moore-Introduction_EN_Strana_10-768x430.jpg 768w, https:\/\/www.moore-bdr.sk\/wp-content\/uploads\/2020\/07\/01-Moore-Introduction_EN_Strana_10-1024x573.jpg 1024w\" sizes=\"auto, (max-width: 2000px) 100vw, 2000px\" \/>\n\t\t\t\t<\/dt><\/dl><br style=\"clear: both\" \/><dl class='gallery-item'>\n\t\t\t\t<dt class='gallery-icon landscape'>\n\t\t\t\t\t<img loading=\"lazy\" decoding=\"async\" width=\"2000\" height=\"1120\" src=\"https:\/\/www.moore-bdr.sk\/wp-content\/uploads\/2020\/07\/01-Moore-Introduction_EN_Strana_11.jpg\" class=\"attachment-full size-full\" alt=\"\" srcset=\"https:\/\/www.moore-bdr.sk\/wp-content\/uploads\/2020\/07\/01-Moore-Introduction_EN_Strana_11.jpg 2000w, https:\/\/www.moore-bdr.sk\/wp-content\/uploads\/2020\/07\/01-Moore-Introduction_EN_Strana_11-300x168.jpg 300w, https:\/\/www.moore-bdr.sk\/wp-content\/uploads\/2020\/07\/01-Moore-Introduction_EN_Strana_11-768x430.jpg 768w, https:\/\/www.moore-bdr.sk\/wp-content\/uploads\/2020\/07\/01-Moore-Introduction_EN_Strana_11-1024x573.jpg 1024w\" sizes=\"auto, (max-width: 2000px) 100vw, 2000px\" \/>\n\t\t\t\t<\/dt><\/dl><br style=\"clear: both\" \/>\n\t\t\t<\/div>\n\n<p>[\/vc_column_text][\/vc_column][\/vc_row]<\/p>\n<\/div>","protected":false},"excerpt":{"rendered":"<p>[vc_row][vc_column][vc_column_text][\/vc_column_text][vc_column_text] [\/vc_column_text][\/vc_column][\/vc_row]<\/p>\n","protected":false},"author":1,"featured_media":0,"parent":17,"menu_order":0,"comment_status":"closed","ping_status":"closed","template":"","meta":{"inline_featured_image":false,"footnotes":""},"class_list":["post-3559","page","type-page","status-publish","hentry","description-off"],"yoast_head":"<!-- This site is optimized with the Yoast SEO plugin v26.1.1 - https:\/\/yoast.com\/wordpress\/plugins\/seo\/ -->\n<title>Medzin\u00e1rodn\u00e1 firemn\u00e1 spolupr\u00e1ca<\/title>\n<meta name=\"description\" content=\"Spolo\u010dnos\u0165 Moore poskytuje \u0161pecializovan\u00e9 slu\u017eby pre japonsk\u00e9, \u010d\u00ednske a k\u00f3rejsk\u00e9 spolo\u010dnosti, ktor\u00e9 investuj\u00fa alebo p\u00f4sobia v krajin\u00e1ch Eur\u00f3pskej \u00fanie.\" \/>\n<meta name=\"robots\" content=\"index, follow, max-snippet:-1, max-image-preview:large, max-video-preview:-1\" \/>\n<link rel=\"canonical\" href=\"https:\/\/www.moore-bdr.sk\/sluzby\/eu-asia-desk\/\" \/>\n<meta property=\"og:locale\" content=\"de_DE\" \/>\n<meta property=\"og:type\" content=\"article\" \/>\n<meta property=\"og:title\" content=\"Medzin\u00e1rodn\u00e1 firemn\u00e1 spolupr\u00e1ca\" \/>\n<meta property=\"og:description\" content=\"Spolo\u010dnos\u0165 Moore poskytuje \u0161pecializovan\u00e9 slu\u017eby pre japonsk\u00e9, \u010d\u00ednske a k\u00f3rejsk\u00e9 spolo\u010dnosti, ktor\u00e9 investuj\u00fa alebo p\u00f4sobia v krajin\u00e1ch Eur\u00f3pskej \u00fanie.\" \/>\n<meta property=\"og:url\" content=\"https:\/\/www.moore-bdr.sk\/sluzby\/eu-asia-desk\/\" \/>\n<meta property=\"og:site_name\" content=\"Moore BDR s. r. o.\" \/>\n<meta property=\"article:modified_time\" content=\"2026-04-10T08:54:33+00:00\" \/>\n<meta property=\"og:image\" content=\"https:\/\/www.moore-bdr.sk\/wp-content\/uploads\/2025\/08\/japan.svg\" \/>\n<meta name=\"twitter:card\" content=\"summary_large_image\" \/>\n<meta name=\"twitter:label1\" content=\"Gesch\u00e4tzte Lesezeit\" \/>\n\t<meta name=\"twitter:data1\" content=\"9\u00a0Minuten\" \/>\n<script type=\"application\/ld+json\" class=\"yoast-schema-graph\">{\"@context\":\"https:\/\/schema.org\",\"@graph\":[{\"@type\":\"WebPage\",\"@id\":\"https:\/\/www.moore-bdr.sk\/sluzby\/eu-asia-desk\/\",\"url\":\"https:\/\/www.moore-bdr.sk\/sluzby\/eu-asia-desk\/\",\"name\":\"Medzin\u00e1rodn\u00e1 firemn\u00e1 spolupr\u00e1ca\",\"isPartOf\":{\"@id\":\"https:\/\/www.moore-bdr.sk\/#website\"},\"primaryImageOfPage\":{\"@id\":\"https:\/\/www.moore-bdr.sk\/sluzby\/eu-asia-desk\/#primaryimage\"},\"image\":{\"@id\":\"https:\/\/www.moore-bdr.sk\/sluzby\/eu-asia-desk\/#primaryimage\"},\"thumbnailUrl\":\"https:\/\/www.moore-bdr.sk\/wp-content\/uploads\/2025\/08\/japan.svg\",\"datePublished\":\"2020-07-31T07:49:36+00:00\",\"dateModified\":\"2026-04-10T08:54:33+00:00\",\"description\":\"Spolo\u010dnos\u0165 Moore poskytuje \u0161pecializovan\u00e9 slu\u017eby pre japonsk\u00e9, \u010d\u00ednske a k\u00f3rejsk\u00e9 spolo\u010dnosti, ktor\u00e9 investuj\u00fa alebo p\u00f4sobia v krajin\u00e1ch Eur\u00f3pskej \u00fanie.\",\"breadcrumb\":{\"@id\":\"https:\/\/www.moore-bdr.sk\/sluzby\/eu-asia-desk\/#breadcrumb\"},\"inLanguage\":\"de\",\"potentialAction\":[{\"@type\":\"ReadAction\",\"target\":[\"https:\/\/www.moore-bdr.sk\/sluzby\/eu-asia-desk\/\"]}]},{\"@type\":\"ImageObject\",\"inLanguage\":\"de\",\"@id\":\"https:\/\/www.moore-bdr.sk\/sluzby\/eu-asia-desk\/#primaryimage\",\"url\":\"https:\/\/www.moore-bdr.sk\/wp-content\/uploads\/2025\/08\/japan.svg\",\"contentUrl\":\"https:\/\/www.moore-bdr.sk\/wp-content\/uploads\/2025\/08\/japan.svg\"},{\"@type\":\"BreadcrumbList\",\"@id\":\"https:\/\/www.moore-bdr.sk\/sluzby\/eu-asia-desk\/#breadcrumb\",\"itemListElement\":[{\"@type\":\"ListItem\",\"position\":1,\"name\":\"Domovsk\u00e1 str\u00e1nka\",\"item\":\"https:\/\/www.moore-bdr.sk\/\"},{\"@type\":\"ListItem\",\"position\":2,\"name\":\"Slu\u017eby\",\"item\":\"https:\/\/www.moore-bdr.sk\/sluzby\/\"},{\"@type\":\"ListItem\",\"position\":3,\"name\":\"Asia Desk\"}]},{\"@type\":\"WebSite\",\"@id\":\"https:\/\/www.moore-bdr.sk\/#website\",\"url\":\"https:\/\/www.moore-bdr.sk\/\",\"name\":\"Moore BDR s. r. o.\",\"description\":\"Na\u0161e portf\u00f3lio zah\u0155\u0148a: audit \u00fa\u010dtovn\u00edctva, da\u0148ov\u00e9 poradenstvo, f\u00fazie, akviz\u00edcie, Due diligence, Bratislava, Bansk\u00e1 Bystrica\",\"potentialAction\":[{\"@type\":\"SearchAction\",\"target\":{\"@type\":\"EntryPoint\",\"urlTemplate\":\"https:\/\/www.moore-bdr.sk\/?s={search_term_string}\"},\"query-input\":{\"@type\":\"PropertyValueSpecification\",\"valueRequired\":true,\"valueName\":\"search_term_string\"}}],\"inLanguage\":\"de\"}]}<\/script>\n<!-- \/ Yoast SEO plugin. -->","yoast_head_json":{"title":"Medzin\u00e1rodn\u00e1 firemn\u00e1 spolupr\u00e1ca","description":"Spolo\u010dnos\u0165 Moore poskytuje \u0161pecializovan\u00e9 slu\u017eby pre japonsk\u00e9, \u010d\u00ednske a k\u00f3rejsk\u00e9 spolo\u010dnosti, ktor\u00e9 investuj\u00fa alebo p\u00f4sobia v krajin\u00e1ch Eur\u00f3pskej \u00fanie.","robots":{"index":"index","follow":"follow","max-snippet":"max-snippet:-1","max-image-preview":"max-image-preview:large","max-video-preview":"max-video-preview:-1"},"canonical":"https:\/\/www.moore-bdr.sk\/sluzby\/eu-asia-desk\/","og_locale":"de_DE","og_type":"article","og_title":"Medzin\u00e1rodn\u00e1 firemn\u00e1 spolupr\u00e1ca","og_description":"Spolo\u010dnos\u0165 Moore poskytuje \u0161pecializovan\u00e9 slu\u017eby pre japonsk\u00e9, \u010d\u00ednske a k\u00f3rejsk\u00e9 spolo\u010dnosti, ktor\u00e9 investuj\u00fa alebo p\u00f4sobia v krajin\u00e1ch Eur\u00f3pskej \u00fanie.","og_url":"https:\/\/www.moore-bdr.sk\/sluzby\/eu-asia-desk\/","og_site_name":"Moore BDR s. r. o.","article_modified_time":"2026-04-10T08:54:33+00:00","og_image":[{"url":"https:\/\/www.moore-bdr.sk\/wp-content\/uploads\/2025\/08\/japan.svg","type":"","width":"","height":""}],"twitter_card":"summary_large_image","twitter_misc":{"Gesch\u00e4tzte Lesezeit":"9\u00a0Minuten"},"schema":{"@context":"https:\/\/schema.org","@graph":[{"@type":"WebPage","@id":"https:\/\/www.moore-bdr.sk\/sluzby\/eu-asia-desk\/","url":"https:\/\/www.moore-bdr.sk\/sluzby\/eu-asia-desk\/","name":"Medzin\u00e1rodn\u00e1 firemn\u00e1 spolupr\u00e1ca","isPartOf":{"@id":"https:\/\/www.moore-bdr.sk\/#website"},"primaryImageOfPage":{"@id":"https:\/\/www.moore-bdr.sk\/sluzby\/eu-asia-desk\/#primaryimage"},"image":{"@id":"https:\/\/www.moore-bdr.sk\/sluzby\/eu-asia-desk\/#primaryimage"},"thumbnailUrl":"https:\/\/www.moore-bdr.sk\/wp-content\/uploads\/2025\/08\/japan.svg","datePublished":"2020-07-31T07:49:36+00:00","dateModified":"2026-04-10T08:54:33+00:00","description":"Spolo\u010dnos\u0165 Moore poskytuje \u0161pecializovan\u00e9 slu\u017eby pre japonsk\u00e9, \u010d\u00ednske a k\u00f3rejsk\u00e9 spolo\u010dnosti, ktor\u00e9 investuj\u00fa alebo p\u00f4sobia v krajin\u00e1ch Eur\u00f3pskej \u00fanie.","breadcrumb":{"@id":"https:\/\/www.moore-bdr.sk\/sluzby\/eu-asia-desk\/#breadcrumb"},"inLanguage":"de","potentialAction":[{"@type":"ReadAction","target":["https:\/\/www.moore-bdr.sk\/sluzby\/eu-asia-desk\/"]}]},{"@type":"ImageObject","inLanguage":"de","@id":"https:\/\/www.moore-bdr.sk\/sluzby\/eu-asia-desk\/#primaryimage","url":"https:\/\/www.moore-bdr.sk\/wp-content\/uploads\/2025\/08\/japan.svg","contentUrl":"https:\/\/www.moore-bdr.sk\/wp-content\/uploads\/2025\/08\/japan.svg"},{"@type":"BreadcrumbList","@id":"https:\/\/www.moore-bdr.sk\/sluzby\/eu-asia-desk\/#breadcrumb","itemListElement":[{"@type":"ListItem","position":1,"name":"Domovsk\u00e1 str\u00e1nka","item":"https:\/\/www.moore-bdr.sk\/"},{"@type":"ListItem","position":2,"name":"Slu\u017eby","item":"https:\/\/www.moore-bdr.sk\/sluzby\/"},{"@type":"ListItem","position":3,"name":"Asia Desk"}]},{"@type":"WebSite","@id":"https:\/\/www.moore-bdr.sk\/#website","url":"https:\/\/www.moore-bdr.sk\/","name":"Moore BDR s. r. o.","description":"Na\u0161e portf\u00f3lio zah\u0155\u0148a: audit \u00fa\u010dtovn\u00edctva, da\u0148ov\u00e9 poradenstvo, f\u00fazie, akviz\u00edcie, Due diligence, Bratislava, Bansk\u00e1 Bystrica","potentialAction":[{"@type":"SearchAction","target":{"@type":"EntryPoint","urlTemplate":"https:\/\/www.moore-bdr.sk\/?s={search_term_string}"},"query-input":{"@type":"PropertyValueSpecification","valueRequired":true,"valueName":"search_term_string"}}],"inLanguage":"de"}]}},"_links":{"self":[{"href":"https:\/\/www.moore-bdr.sk\/de\/wp-json\/wp\/v2\/pages\/3559","targetHints":{"allow":["GET"]}}],"collection":[{"href":"https:\/\/www.moore-bdr.sk\/de\/wp-json\/wp\/v2\/pages"}],"about":[{"href":"https:\/\/www.moore-bdr.sk\/de\/wp-json\/wp\/v2\/types\/page"}],"author":[{"embeddable":true,"href":"https:\/\/www.moore-bdr.sk\/de\/wp-json\/wp\/v2\/users\/1"}],"replies":[{"embeddable":true,"href":"https:\/\/www.moore-bdr.sk\/de\/wp-json\/wp\/v2\/comments?post=3559"}],"version-history":[{"count":193,"href":"https:\/\/www.moore-bdr.sk\/de\/wp-json\/wp\/v2\/pages\/3559\/revisions"}],"predecessor-version":[{"id":9760,"href":"https:\/\/www.moore-bdr.sk\/de\/wp-json\/wp\/v2\/pages\/3559\/revisions\/9760"}],"up":[{"embeddable":true,"href":"https:\/\/www.moore-bdr.sk\/de\/wp-json\/wp\/v2\/pages\/17"}],"wp:attachment":[{"href":"https:\/\/www.moore-bdr.sk\/de\/wp-json\/wp\/v2\/media?parent=3559"}],"curies":[{"name":"wp","href":"https:\/\/api.w.org\/{rel}","templated":true}]}}