{"id":36,"date":"2016-11-19T20:23:10","date_gmt":"2016-11-19T18:23:10","guid":{"rendered":"https:\/\/www.moore-bdr.sk\/?page_id=36"},"modified":"2026-03-24T09:38:00","modified_gmt":"2026-03-24T07:38:00","slug":"danove-poradenstvo","status":"publish","type":"page","link":"https:\/\/www.moore-bdr.sk\/de\/sluzby\/danove-poradenstvo\/","title":{"rendered":"Steuerberatung"},"content":{"rendered":"<div class=\"wpb-content-wrapper\"><p><\/p>\n<p>[vc_row type=&#8220;vc_default&#8220; margin_top=&#8220;-50&#8243; bg_type=&#8220;image&#8220; parallax_style=&#8220;vcpb-default&#8220; bg_image_new=&#8220;id^2547|url^https:\/\/www.moore-bdr.sk\/wp-content\/uploads\/2019\/09\/a15.jpg|caption^null|alt^null|title^a15|description^null&#8220; bg_image_repeat=&#8220;no-repeat&#8220; bg_override=&#8220;full&#8220; min_height=&#8220;350&#8243;][vc_column]<div class=\"ult-spacer spacer-6a07db5fed894\" data-id=\"6a07db5fed894\" data-height=\"130\" data-height-mobile=\"30\" data-height-tab=\"80\" data-height-tab-portrait=\"80\" data-height-mobile-landscape=\"30\" style=\"clear:both;display:block;\"><\/div><div id=\"ultimate-heading-27106a07db5fed8e2\" class=\"uvc-heading ult-adjust-bottom-margin ultimate-heading-27106a07db5fed8e2 uvc-2966 \" data-hspacer=\"no_spacer\"  data-halign=\"left\" style=\"text-align:left\"><div class=\"uvc-heading-spacer no_spacer\" style=\"top\"><\/div><div class=\"uvc-main-heading ult-responsive\"  data-ultimate-target='.uvc-heading.ultimate-heading-27106a07db5fed8e2 h2'  data-responsive-json-new='{\"font-size\":\"desktop:36px;\",\"line-height\":\"\"}' ><h2 style=\"font-weight:bold;color:#ffffff;\">STEUERBERATUNG<\/h2><\/div><\/div><div class=\"ult-spacer spacer-6a07db5fed965\" data-id=\"6a07db5fed965\" data-height=\"150\" data-height-mobile=\"50\" data-height-tab=\"100\" data-height-tab-portrait=\"100\" data-height-mobile-landscape=\"50\" style=\"clear:both;display:block;\"><\/div>[\/vc_column][\/vc_row][vc_row][vc_column]<style type=\"text\/css\" data-type=\"the7_shortcodes-inline-css\">.dt-breadcrumbs-id-3d8bcd3afc1ebaf9aeff37816dff855f .breadcrumbs {\n  display: inline-block;\n  margin: 0;\n  padding: 2px 10px 2px 10px;\n  border: 0px solid ;\n  border-radius: 0px;\n}\n.dt-breadcrumbs-id-3d8bcd3afc1ebaf9aeff37816dff855f .breadcrumbs * {\n  color: #485daa;\n}\n<\/style><div class=\"dt-breadcrumbs-shortcode dt-breadcrumbs-id-3d8bcd3afc1ebaf9aeff37816dff855f align-left\"><div class=\"assistive-text\">Sie befinden sich hier:<\/div><ol class=\"breadcrumbs text-small\" itemscope itemtype=\"https:\/\/schema.org\/BreadcrumbList\"><li itemprop=\"itemListElement\" itemscope itemtype=\"https:\/\/schema.org\/ListItem\"><a itemprop=\"item\" href=\"https:\/\/www.moore-bdr.sk\/de\/\" title=\"Start\"><span itemprop=\"name\">Start<\/span><\/a><meta itemprop=\"position\" content=\"1\" \/><\/li><li class=\"current\" itemprop=\"itemListElement\" itemscope itemtype=\"https:\/\/schema.org\/ListItem\"><span itemprop=\"name\">Seite<\/span><meta itemprop=\"position\" content=\"2\" \/><\/li><\/ol><\/div>[vc_empty_space height=&#8220;20px&#8220;][vc_separator][\/vc_column][\/vc_row][vc_row][vc_column width=&#8220;2\/3&#8243;][vc_column_text]<strong><span style=\"color: #00aeef;\"><i>Wir bieten die Dienstleistungen auf solche Art und Weise, um die Firmen von der \u201ePapierarbeit\u201c m\u00f6glichst viel zu entlasten und ihnen einen qualifizierten Wirtschaftsbereich zu ersetzen, der sich nach den Grunds\u00e4tzen der Diskretion und Verl\u00e4sslichkeit richtet:<\/i><\/span><\/strong>[\/vc_column_text]<div class=\"standard-arrow list-divider bullet-top\"><ul>\n<li>Registrierung der Kunden an einem Finanzamt bei allen Steuerarten,<\/li>\n<li>Vorbereitung und Bearbeitung der Einkommensteuererkl\u00e4rung von juristischen und nat\u00fcrlichen Personen,<\/li>\n<li>Vorbereitung und Bearbeitung der Mehrwertsteuererkl\u00e4rung,<\/li>\n<li>Beratung im Bereich der internationalen Steuern,<\/li>\n<li>Abgabe der Fachstellungnahmen zu allen Steuerarten und\u00a0 zur Vermeidung der Doppelbesteuerung in der Zusammenarbeit mit den Beratern aus ausl\u00e4ndischen Gesellschaften,<\/li>\n<li>Abgabe der Fachstellungnahme zu\u00a0 verschiedenen Steuerfragen der Kunden,<\/li>\n<li>Steueroptimierung im Rahmen einzelner Steuerarten f\u00fcr inl\u00e4ndische und ausl\u00e4ndische Unternehmen &#8211; juristische und nat\u00fcrliche Personen,<\/li>\n<li>Steuer Due Diligence,<\/li>\n<li>Steuerevidenzf\u00fchrung im Einklang mit dem Einkommensteuergesetz,<\/li>\n<li>Informationsbereitstellung \u00fcber \u00c4nderung in der mit der Steuerproblematik zusammenh\u00e4ngenden Legislative.<\/li>\n<\/ul>\n<\/div>[vc_column_text]<span style=\"color: #00aeef;\"><strong><i>Mit uns haben Sie die Sicherheit, dass Sie alle M\u00f6glichkeiten der Steueroptimierung ausnutzen und dass wir mit Ihnen alle Steuerprobleme l\u00f6sen. <\/i><\/strong><\/span><\/p>\n<h2>Wir machen auf folgende Dienstleistungen besonders aufmerksam:<\/h2>\n<h3>Vertretung der Kunden in Steuerverfahren<\/h3>\n<p>Beratung bei der Vertretung von Steuersubjekten im Rahmen einer Steuerkontrolle oder an Finanz\u00e4mtern. Wir verf\u00fcgen \u00fcber ein spezialisiertes Team, das aus einem Rechtsanwalt, der die methodische Unterst\u00fctzung\u00a0 sichert,\u00a0 und einem Berater in Steuersachen mit\u00a0 \u00fcber zwanzigj\u00e4hrigen Erfahrungen\u00a0 in der Abgabeverwaltung, der\u00a0 die physische Vertretung der Kunden am Finanzamt sichert. Im Rahmen der Steuerverfahren an den Gerichten arbeiten wir mit mehreren\u00a0 anerkannten Rechtsanwaltsb\u00fcros zusammen, die \u00fcber ein Team mit den Kenntnissen von Steuergesetzen verf\u00fcgen.<\/p>\n<h3>Beratung bei der Dokumentation der Verrechnungspreise<\/h3>\n<p>Unsere Gesellschaft hat den Zugang zur Datenbank\u00a0 <a title=\"Opens external link in new window\" href=\"https:\/\/amadeus.bvdinfo.com\/version-2015821\/home.serv?product=amadeusneo\" target=\"_blank\" rel=\"noopener noreferrer\" data-htmlarea-external=\"1\">Amadeus<\/a>, dank dessen wir den Kunden bei der\u00a0 Dokumentation von Verrechnungspreisen helfen k\u00f6nnen. Ein Mitglied unseres Teams\u00a0 ist der Spezialist auf die Problematik der Verrechnungspreise,\u00a0 so dass\u00a0 wir f\u00e4hig sind die hochqualitative Beratung in diesem Bereich\u00a0 zu gew\u00e4hrleisten.<\/p>\n<h3>Zollberatung<\/h3>\n<p>Wie arbeiten mit einem renommierten Rechtsanwaltsb\u00fcro, das sich auf die Zollberatung, Rechtshilfe und Vertretung in den Verfahren auf den\u00a0 Zoll\u00e4mtern und Beh\u00f6rden der \u00f6ffentlichen und Staatsverwaltung im Einklang mit der\u00a0 im Zollwesen geltenden Legislative spezialisiert, zusammen.[\/vc_column_text][\/vc_column][vc_column width=&#8220;1\/3&#8243;][vc_widget_sidebar show_bg=&#8220;false&#8220; sidebar_id=&#8220;sidebar_4&#8243; el_class=&#8220;bocnalista&#8220;][\/vc_column][\/vc_row]<\/p>\n<p><\/p>\n<\/div>","protected":false},"excerpt":{"rendered":"<p>STEUERBERATUNG Wir bieten die Dienstleistungen auf solche Art und Weise, um die Firmen von der \u201ePapierarbeit\u201c m\u00f6glichst viel zu entlasten und ihnen einen qualifizierten Wirtschaftsbereich zu ersetzen, der sich nach den Grunds\u00e4tzen der Diskretion und Verl\u00e4sslichkeit richtet: Registrierung der Kunden an einem Finanzamt bei allen Steuerarten, Vorbereitung und Bearbeitung der Einkommensteuererkl\u00e4rung von juristischen und nat\u00fcrlichen&hellip;<\/p>\n","protected":false},"author":1,"featured_media":0,"parent":17,"menu_order":0,"comment_status":"closed","ping_status":"closed","template":"","meta":{"inline_featured_image":false,"footnotes":""},"class_list":["post-36","page","type-page","status-publish","hentry","description-off"],"yoast_head":"<!-- This site is optimized with the Yoast SEO plugin v26.1.1 - https:\/\/yoast.com\/wordpress\/plugins\/seo\/ -->\n<title>Da\u0148ov\u00e9 poradenstvo Bansk\u00e1 Bystrica<\/title>\n<meta name=\"description\" content=\"Pon\u00fakame V\u00e1m slu\u017eby da\u0148ov\u00e9ho poradenstva tak\u00fdm sp\u00f4sobom, aby sme V\u00e1s maxim\u00e1lne odbremenili a nahradili V\u00e1m kvalifikovan\u00fd ekonomick\u00fd \u00fasek.\" \/>\n<meta name=\"robots\" content=\"index, follow, max-snippet:-1, max-image-preview:large, max-video-preview:-1\" \/>\n<link rel=\"canonical\" href=\"https:\/\/www.moore-bdr.sk\/sluzby\/danove-poradenstvo\/\" \/>\n<meta property=\"og:locale\" content=\"de_DE\" \/>\n<meta property=\"og:type\" content=\"article\" \/>\n<meta property=\"og:title\" content=\"Da\u0148ov\u00e9 poradenstvo Bansk\u00e1 Bystrica\" \/>\n<meta property=\"og:description\" content=\"Pon\u00fakame V\u00e1m slu\u017eby da\u0148ov\u00e9ho poradenstva tak\u00fdm sp\u00f4sobom, aby sme V\u00e1s maxim\u00e1lne odbremenili a nahradili V\u00e1m kvalifikovan\u00fd ekonomick\u00fd \u00fasek.\" \/>\n<meta property=\"og:url\" content=\"https:\/\/www.moore-bdr.sk\/sluzby\/danove-poradenstvo\/\" \/>\n<meta property=\"og:site_name\" content=\"Moore BDR s. r. o.\" \/>\n<meta property=\"article:modified_time\" content=\"2026-03-24T07:38:00+00:00\" \/>\n<meta name=\"twitter:card\" content=\"summary_large_image\" \/>\n<meta name=\"twitter:label1\" content=\"Gesch\u00e4tzte Lesezeit\" \/>\n\t<meta name=\"twitter:data1\" content=\"2\u00a0Minuten\" \/>\n<script type=\"application\/ld+json\" class=\"yoast-schema-graph\">{\"@context\":\"https:\/\/schema.org\",\"@graph\":[{\"@type\":\"WebPage\",\"@id\":\"https:\/\/www.moore-bdr.sk\/sluzby\/danove-poradenstvo\/\",\"url\":\"https:\/\/www.moore-bdr.sk\/sluzby\/danove-poradenstvo\/\",\"name\":\"Da\u0148ov\u00e9 poradenstvo Bansk\u00e1 Bystrica\",\"isPartOf\":{\"@id\":\"https:\/\/www.moore-bdr.sk\/#website\"},\"datePublished\":\"2016-11-19T18:23:10+00:00\",\"dateModified\":\"2026-03-24T07:38:00+00:00\",\"description\":\"Pon\u00fakame V\u00e1m slu\u017eby da\u0148ov\u00e9ho poradenstva tak\u00fdm sp\u00f4sobom, aby sme V\u00e1s maxim\u00e1lne odbremenili a nahradili V\u00e1m kvalifikovan\u00fd ekonomick\u00fd \u00fasek.\",\"breadcrumb\":{\"@id\":\"https:\/\/www.moore-bdr.sk\/sluzby\/danove-poradenstvo\/#breadcrumb\"},\"inLanguage\":\"de\",\"potentialAction\":[{\"@type\":\"ReadAction\",\"target\":[\"https:\/\/www.moore-bdr.sk\/sluzby\/danove-poradenstvo\/\"]}]},{\"@type\":\"BreadcrumbList\",\"@id\":\"https:\/\/www.moore-bdr.sk\/sluzby\/danove-poradenstvo\/#breadcrumb\",\"itemListElement\":[{\"@type\":\"ListItem\",\"position\":1,\"name\":\"Domovsk\u00e1 str\u00e1nka\",\"item\":\"https:\/\/www.moore-bdr.sk\/\"},{\"@type\":\"ListItem\",\"position\":2,\"name\":\"Slu\u017eby\",\"item\":\"https:\/\/www.moore-bdr.sk\/sluzby\/\"},{\"@type\":\"ListItem\",\"position\":3,\"name\":\"Da\u0148ov\u00e9 poradenstvo\"}]},{\"@type\":\"WebSite\",\"@id\":\"https:\/\/www.moore-bdr.sk\/#website\",\"url\":\"https:\/\/www.moore-bdr.sk\/\",\"name\":\"Moore BDR s. r. o.\",\"description\":\"Na\u0161e portf\u00f3lio zah\u0155\u0148a: audit \u00fa\u010dtovn\u00edctva, da\u0148ov\u00e9 poradenstvo, f\u00fazie, akviz\u00edcie, Due diligence, Bratislava, Bansk\u00e1 Bystrica\",\"potentialAction\":[{\"@type\":\"SearchAction\",\"target\":{\"@type\":\"EntryPoint\",\"urlTemplate\":\"https:\/\/www.moore-bdr.sk\/?s={search_term_string}\"},\"query-input\":{\"@type\":\"PropertyValueSpecification\",\"valueRequired\":true,\"valueName\":\"search_term_string\"}}],\"inLanguage\":\"de\"}]}<\/script>\n<!-- \/ Yoast SEO plugin. -->","yoast_head_json":{"title":"Da\u0148ov\u00e9 poradenstvo Bansk\u00e1 Bystrica","description":"Pon\u00fakame V\u00e1m slu\u017eby da\u0148ov\u00e9ho poradenstva tak\u00fdm sp\u00f4sobom, aby sme V\u00e1s maxim\u00e1lne odbremenili a nahradili V\u00e1m kvalifikovan\u00fd ekonomick\u00fd \u00fasek.","robots":{"index":"index","follow":"follow","max-snippet":"max-snippet:-1","max-image-preview":"max-image-preview:large","max-video-preview":"max-video-preview:-1"},"canonical":"https:\/\/www.moore-bdr.sk\/sluzby\/danove-poradenstvo\/","og_locale":"de_DE","og_type":"article","og_title":"Da\u0148ov\u00e9 poradenstvo Bansk\u00e1 Bystrica","og_description":"Pon\u00fakame V\u00e1m slu\u017eby da\u0148ov\u00e9ho poradenstva tak\u00fdm sp\u00f4sobom, aby sme V\u00e1s maxim\u00e1lne odbremenili a nahradili V\u00e1m kvalifikovan\u00fd ekonomick\u00fd \u00fasek.","og_url":"https:\/\/www.moore-bdr.sk\/sluzby\/danove-poradenstvo\/","og_site_name":"Moore BDR s. r. o.","article_modified_time":"2026-03-24T07:38:00+00:00","twitter_card":"summary_large_image","twitter_misc":{"Gesch\u00e4tzte Lesezeit":"2\u00a0Minuten"},"schema":{"@context":"https:\/\/schema.org","@graph":[{"@type":"WebPage","@id":"https:\/\/www.moore-bdr.sk\/sluzby\/danove-poradenstvo\/","url":"https:\/\/www.moore-bdr.sk\/sluzby\/danove-poradenstvo\/","name":"Da\u0148ov\u00e9 poradenstvo Bansk\u00e1 Bystrica","isPartOf":{"@id":"https:\/\/www.moore-bdr.sk\/#website"},"datePublished":"2016-11-19T18:23:10+00:00","dateModified":"2026-03-24T07:38:00+00:00","description":"Pon\u00fakame V\u00e1m slu\u017eby da\u0148ov\u00e9ho poradenstva tak\u00fdm sp\u00f4sobom, aby sme V\u00e1s maxim\u00e1lne odbremenili a nahradili V\u00e1m kvalifikovan\u00fd ekonomick\u00fd \u00fasek.","breadcrumb":{"@id":"https:\/\/www.moore-bdr.sk\/sluzby\/danove-poradenstvo\/#breadcrumb"},"inLanguage":"de","potentialAction":[{"@type":"ReadAction","target":["https:\/\/www.moore-bdr.sk\/sluzby\/danove-poradenstvo\/"]}]},{"@type":"BreadcrumbList","@id":"https:\/\/www.moore-bdr.sk\/sluzby\/danove-poradenstvo\/#breadcrumb","itemListElement":[{"@type":"ListItem","position":1,"name":"Domovsk\u00e1 str\u00e1nka","item":"https:\/\/www.moore-bdr.sk\/"},{"@type":"ListItem","position":2,"name":"Slu\u017eby","item":"https:\/\/www.moore-bdr.sk\/sluzby\/"},{"@type":"ListItem","position":3,"name":"Da\u0148ov\u00e9 poradenstvo"}]},{"@type":"WebSite","@id":"https:\/\/www.moore-bdr.sk\/#website","url":"https:\/\/www.moore-bdr.sk\/","name":"Moore BDR s. r. o.","description":"Na\u0161e portf\u00f3lio zah\u0155\u0148a: audit \u00fa\u010dtovn\u00edctva, da\u0148ov\u00e9 poradenstvo, f\u00fazie, akviz\u00edcie, Due diligence, Bratislava, Bansk\u00e1 Bystrica","potentialAction":[{"@type":"SearchAction","target":{"@type":"EntryPoint","urlTemplate":"https:\/\/www.moore-bdr.sk\/?s={search_term_string}"},"query-input":{"@type":"PropertyValueSpecification","valueRequired":true,"valueName":"search_term_string"}}],"inLanguage":"de"}]}},"_links":{"self":[{"href":"https:\/\/www.moore-bdr.sk\/de\/wp-json\/wp\/v2\/pages\/36","targetHints":{"allow":["GET"]}}],"collection":[{"href":"https:\/\/www.moore-bdr.sk\/de\/wp-json\/wp\/v2\/pages"}],"about":[{"href":"https:\/\/www.moore-bdr.sk\/de\/wp-json\/wp\/v2\/types\/page"}],"author":[{"embeddable":true,"href":"https:\/\/www.moore-bdr.sk\/de\/wp-json\/wp\/v2\/users\/1"}],"replies":[{"embeddable":true,"href":"https:\/\/www.moore-bdr.sk\/de\/wp-json\/wp\/v2\/comments?post=36"}],"version-history":[{"count":33,"href":"https:\/\/www.moore-bdr.sk\/de\/wp-json\/wp\/v2\/pages\/36\/revisions"}],"predecessor-version":[{"id":9714,"href":"https:\/\/www.moore-bdr.sk\/de\/wp-json\/wp\/v2\/pages\/36\/revisions\/9714"}],"up":[{"embeddable":true,"href":"https:\/\/www.moore-bdr.sk\/de\/wp-json\/wp\/v2\/pages\/17"}],"wp:attachment":[{"href":"https:\/\/www.moore-bdr.sk\/de\/wp-json\/wp\/v2\/media?parent=36"}],"curies":[{"name":"wp","href":"https:\/\/api.w.org\/{rel}","templated":true}]}}