{"id":38,"date":"2016-11-19T20:23:59","date_gmt":"2016-11-19T18:23:59","guid":{"rendered":"https:\/\/www.moore-bdr.sk\/?page_id=38"},"modified":"2026-03-24T09:39:57","modified_gmt":"2026-03-24T07:39:57","slug":"transferove-ocenovanie-na-slovensku","status":"publish","type":"page","link":"https:\/\/www.moore-bdr.sk\/de\/sluzby\/transferove-ocenovanie-na-slovensku\/","title":{"rendered":"Verrechnungspreisdokumentation"},"content":{"rendered":"<div class=\"wpb-content-wrapper\"><p>[vc_row type=&#8220;vc_default&#8220; margin_top=&#8220;-50&#8243; bg_type=&#8220;image&#8220; parallax_style=&#8220;vcpb-default&#8220; bg_image_new=&#8220;id^7628|url^https:\/\/www.moore-bdr.sk\/wp-content\/uploads\/2024\/02\/audit-poistenia.jpg|caption^null|alt^null|title^null|description^null&#8220; bg_image_repeat=&#8220;no-repeat&#8220; bg_override=&#8220;full&#8220; min_height=&#8220;350&#8243;][vc_column]<div class=\"ult-spacer spacer-69ece3b20fc8c\" data-id=\"69ece3b20fc8c\" data-height=\"130\" data-height-mobile=\"30\" data-height-tab=\"80\" data-height-tab-portrait=\"80\" data-height-mobile-landscape=\"30\" style=\"clear:both;display:block;\"><\/div><div id=\"ultimate-heading-454569ece3b20fce4\" class=\"uvc-heading ult-adjust-bottom-margin ultimate-heading-454569ece3b20fce4 uvc-9233 \" data-hspacer=\"no_spacer\"  data-halign=\"left\" style=\"text-align:left\"><div class=\"uvc-heading-spacer no_spacer\" style=\"top\"><\/div><div class=\"uvc-main-heading ult-responsive\"  data-ultimate-target='.uvc-heading.ultimate-heading-454569ece3b20fce4 h2'  data-responsive-json-new='{\"font-size\":\"desktop:36px;\",\"line-height\":\"\"}' ><h2 style=\"font-weight:bold;color:#ffffff;\">VERRECHMUNGSPREISDOKUMENTATION<\/h2><\/div><\/div><div class=\"ult-spacer spacer-69ece3b20fd6c\" data-id=\"69ece3b20fd6c\" data-height=\"150\" data-height-mobile=\"50\" data-height-tab=\"100\" data-height-tab-portrait=\"100\" data-height-mobile-landscape=\"50\" style=\"clear:both;display:block;\"><\/div>[\/vc_column][\/vc_row][vc_row][vc_column]<style type=\"text\/css\" data-type=\"the7_shortcodes-inline-css\">.dt-breadcrumbs-id-3d8bcd3afc1ebaf9aeff37816dff855f .breadcrumbs {\n  display: inline-block;\n  margin: 0;\n  padding: 2px 10px 2px 10px;\n  border: 0px solid ;\n  border-radius: 0px;\n}\n.dt-breadcrumbs-id-3d8bcd3afc1ebaf9aeff37816dff855f .breadcrumbs * {\n  color: #485daa;\n}\n<\/style><div class=\"dt-breadcrumbs-shortcode dt-breadcrumbs-id-3d8bcd3afc1ebaf9aeff37816dff855f align-left\"><div class=\"assistive-text\">Sie befinden sich hier:<\/div><ol class=\"breadcrumbs text-small\" itemscope itemtype=\"https:\/\/schema.org\/BreadcrumbList\"><li itemprop=\"itemListElement\" itemscope itemtype=\"https:\/\/schema.org\/ListItem\"><a itemprop=\"item\" href=\"https:\/\/www.moore-bdr.sk\/de\/\" title=\"Start\"><span itemprop=\"name\">Start<\/span><\/a><meta itemprop=\"position\" content=\"1\" \/><\/li><li class=\"current\" itemprop=\"itemListElement\" itemscope itemtype=\"https:\/\/schema.org\/ListItem\"><span itemprop=\"name\">Seite<\/span><meta itemprop=\"position\" content=\"2\" \/><\/li><\/ol><\/div>[vc_empty_space height=&#8220;20px&#8220;][vc_separator][\/vc_column][\/vc_row][vc_row][vc_column width=&#8220;2\/3&#8243;][vc_column_text]Ab dem 01.01.2016 kommt es zu einer \u00c4nderung im Moment der Aufforderung der Finanzdirektion der SR zur Vorlage der Dokumentation zur Transferbewertung f\u00fcr die entsprechende Steuerperiode. Diese Aufforderung kann fr\u00fchestens am ersten Tag nach dem Fristablauf f\u00fcr Einreichung der Steuererkl\u00e4rung f\u00fcr diese Steuerperiode abgeschickt werden.<\/p>\n<h3>Wir bieten an: Beratung bei der Dokumentation der Verrechnungspreise<\/h3>\n<p>Unsere Gesellschaft hat den Zugang zur Datenbank\u00a0 <a title=\"Opens external link in new window\" href=\"https:\/\/amadeus.bvdinfo.com\/version-2015821\/home.serv?product=amadeusneo\" target=\"_blank\" rel=\"noopener noreferrer\" data-htmlarea-external=\"1\">Amadeus<\/a>, dank dessen wir den Kunden bei der\u00a0 Dokumentation von Verrechnungspreisen helfen k\u00f6nnen. Ein Mitglied unseres Teams\u00a0 ist der Spezialist auf die Problematik der Verrechnungspreise,\u00a0 so dass\u00a0 wir f\u00e4hig sind die hochqualitative Beratung in diesem Bereich\u00a0 zu gew\u00e4hrleisten.<\/p>\n<p><b>Sind Sie ein potenzieller Kandidat f\u00fcr eine Steuerpr\u00fcfung im Bereich Verrechnungspreisbildung sind? <a class=\"external-link-new-window\" title=\"Opens external link in new window\" href=\"https:\/\/www.moore-bdr.sk\/ako-posudit-ci-ste-potencialnym-kandidatom-na-danovu-kontrolu-v-oblasti-transferoveho-ocenovania-skuste-si-spravit-nasledovny-test\/\" data-htmlarea-external=\"1\">Jetzt Test machen.<\/a><\/b>[\/vc_column_text]<div class=\"dt-shortcode with-isotope\"><div class=\"wf-container dt-blog-shortcode loading-effect-none iso-grid description-under-image content-align-left\" data-padding=\"20px\" data-cur-page=\"1\" data-posts-per-page=\"-1\" data-width=\"370px\" data-columns=\"3\">\n<div class=\"wf-cell\" data-post-id=\"7113\" data-date=\"2023-02-13T16:13:16+00:00\" data-name=\"Update on transfer-pricing developments\">\n\t<article class=\"post post-7113 type-post status-publish format-standard has-post-thumbnail hentry category-45 category-novinky category-transferove-ocenovanie category-9 category-14 description-off\">\n\n\t\t\n\t\t\t<div class=\"blog-media wf-td\">\n\n\t\t\t\t<p><a href=\"https:\/\/www.moore-bdr.sk\/de\/prehlad-najdolezitejsich-zmien-tykajucich-sa-transferoveho-ocenovania\/\" class=\"alignnone rollover layzr-bg\" ><img fetchpriority=\"high\" decoding=\"async\" class=\"preload-me iso-lazy-load aspect\" src=\"data:image\/svg+xml,%3Csvg%20xmlns%3D&#39;http%3A%2F%2Fwww.w3.org%2F2000%2Fsvg&#39;%20viewBox%3D&#39;0%200%20555%20312&#39;%2F%3E\" data-src=\"https:\/\/www.moore-bdr.sk\/wp-content\/uploads\/2023\/02\/1469594825-network-555x312.jpg\" data-srcset=\"https:\/\/www.moore-bdr.sk\/wp-content\/uploads\/2023\/02\/1469594825-network-555x312.jpg 555w, https:\/\/www.moore-bdr.sk\/wp-content\/uploads\/2023\/02\/1469594825-network-720x404.jpg 720w\" loading=\"eager\" style=\"--ratio: 555 \/ 312\" sizes=\"(max-width: 555px) 100vw, 555px\" alt=\"\"  width=\"555\" height=\"312\"  \/><\/a><\/p>\n\t\t\t<\/div>\n\n\t\t\n\t\t<div class=\"blog-content wf-td\">\n\t\t\t<h3 class=\"entry-title\"><a href=\"https:\/\/www.moore-bdr.sk\/de\/prehlad-najdolezitejsich-zmien-tykajucich-sa-transferoveho-ocenovania\/\" title=\"Update on transfer-pricing developments\" rel=\"bookmark\">Update on transfer-pricing developments<\/a><\/h3>\n\n\t\t\t<p>The latest Amendment to the Income Tax Act introduced several substantial changes in transfer pricing area in Slovakia. The most of changes have come into effect from 1 January 2023. In addition, the Slovak Ministry of Finance announced updated guidelines defining the contents of transfer pricing documentation. The changes which will start to apply from&hellip;<\/p>\n\n\t\t<\/div>\n\n\t<\/article>\n\n<\/div>\n<div class=\"wf-cell\" data-post-id=\"6640\" data-date=\"2022-10-17T13:21:26+00:00\" data-name=\"Transfer Pricing Update\">\n\t<article class=\"post post-6640 type-post status-publish format-standard has-post-thumbnail hentry category-39 category-novinky category-transferove-ocenovanie category-9 category-14 description-off\">\n\n\t\t\n\t\t\t<div class=\"blog-media wf-td\">\n\n\t\t\t\t<p><a href=\"https:\/\/www.moore-bdr.sk\/de\/aktuality-v-transferovom-ocenovani\/\" class=\"alignnone rollover layzr-bg\" ><img decoding=\"async\" class=\"preload-me iso-lazy-load aspect\" src=\"data:image\/svg+xml,%3Csvg%20xmlns%3D&#39;http%3A%2F%2Fwww.w3.org%2F2000%2Fsvg&#39;%20viewBox%3D&#39;0%200%20555%20312&#39;%2F%3E\" data-src=\"https:\/\/www.moore-bdr.sk\/wp-content\/uploads\/2021\/05\/news-555x312.jpg\" data-srcset=\"https:\/\/www.moore-bdr.sk\/wp-content\/uploads\/2021\/05\/news-555x312.jpg 555w, https:\/\/www.moore-bdr.sk\/wp-content\/uploads\/2021\/05\/news-1110x624.jpg 1110w\" loading=\"eager\" style=\"--ratio: 555 \/ 312\" sizes=\"(max-width: 555px) 100vw, 555px\" alt=\"\" title=\"news\" width=\"555\" height=\"312\"  \/><\/a><\/p>\n\t\t\t<\/div>\n\n\t\t\n\t\t<div class=\"blog-content wf-td\">\n\t\t\t<h3 class=\"entry-title\"><a href=\"https:\/\/www.moore-bdr.sk\/de\/aktuality-v-transferovom-ocenovani\/\" title=\"Transfer Pricing Update\" rel=\"bookmark\">Transfer Pricing Update<\/a><\/h3>\n\n\t\t\t<p>Has your business been affected by the COVID-19 pandemic? It may also have an impact on your transfer pricing. Companies have been experiencing fluctuations in revenues and cash flows and facing forced closures during the pandemic. On the other hand, certain segments and companies have strengthened their position significantly. Many countries have intervened and provided&hellip;<\/p>\n\n\t\t<\/div>\n\n\t<\/article>\n\n<\/div>\n<div class=\"wf-cell\" data-post-id=\"1462\" data-date=\"2017-09-23T01:50:44+00:00\" data-name=\"Produktionsmodelle\">\n\t<article class=\"post post-1462 type-post status-publish format-standard has-post-thumbnail hentry category-23 category-novinky category-transferove-ocenovanie category-9 category-14 description-off\">\n\n\t\t\n\t\t\t<div class=\"blog-media wf-td\">\n\n\t\t\t\t<p><a href=\"https:\/\/www.moore-bdr.sk\/de\/vyrobne-modely-z-pohladu-transferoveho-ocenovania\/\" class=\"alignnone rollover layzr-bg\" ><img decoding=\"async\" class=\"preload-me iso-lazy-load aspect\" src=\"data:image\/svg+xml,%3Csvg%20xmlns%3D&#39;http%3A%2F%2Fwww.w3.org%2F2000%2Fsvg&#39;%20viewBox%3D&#39;0%200%20555%20312&#39;%2F%3E\" data-src=\"https:\/\/www.moore-bdr.sk\/wp-content\/uploads\/2017\/09\/modely-555x312.jpg\" data-srcset=\"https:\/\/www.moore-bdr.sk\/wp-content\/uploads\/2017\/09\/modely-555x312.jpg 555w, https:\/\/www.moore-bdr.sk\/wp-content\/uploads\/2017\/09\/modely-800x449.jpg 800w\" loading=\"eager\" style=\"--ratio: 555 \/ 312\" sizes=\"(max-width: 555px) 100vw, 555px\" alt=\"\" title=\"modely\" width=\"555\" height=\"312\"  \/><\/a><\/p>\n\t\t\t<\/div>\n\n\t\t\n\t\t<div class=\"blog-content wf-td\">\n\t\t\t<h3 class=\"entry-title\"><a href=\"https:\/\/www.moore-bdr.sk\/de\/vyrobne-modely-z-pohladu-transferoveho-ocenovania\/\" title=\"Produktionsmodelle\" rel=\"bookmark\">Produktionsmodelle<\/a><\/h3>\n\n\t\t\t<p>Fertigungsaktivit\u00e4ten in einer Gruppe k\u00f6nnen verschiedenartig organisiert werden. Im Allgemeinen unterscheiden wir vier Grundmodelle: einen vollwertigen Produzenten, einen Hersteller mit eingeschr\u00e4nkten Befugnissen, einen Vertragspartner und Lohnarbeit. Ein vollwertiger Hersteller f\u00fchrt alle Fertigungsaktivit\u00e4ten von der Konzeption des Produkts bis zum Endkunden durch. Dieser Hersteller tr\u00e4gt alle Risiken im Zusammenhang mit Produktion und Verkauf. Er besitzt immaterielle&hellip;<\/p>\n\n\t\t<\/div>\n\n\t<\/article>\n\n<\/div>\n<div class=\"wf-cell\" data-post-id=\"1398\" data-date=\"2017-08-16T07:56:31+00:00\" data-name=\"Neue Fassung der OECD-Richtlinie zu den Verrechnungspreisen\">\n\t<article class=\"post post-1398 type-post status-publish format-standard has-post-thumbnail hentry category-23 category-novinky category-transferove-ocenovanie category-9 category-14 description-off\">\n\n\t\t\n\t\t\t<div class=\"blog-media wf-td\">\n\n\t\t\t\t<p><a href=\"https:\/\/www.moore-bdr.sk\/de\/nove-znenie-smernice-oecd-ku-transferovemu-ocenovaniu\/\" class=\"alignnone rollover layzr-bg\" ><img decoding=\"async\" class=\"preload-me iso-lazy-load aspect\" src=\"data:image\/svg+xml,%3Csvg%20xmlns%3D&#39;http%3A%2F%2Fwww.w3.org%2F2000%2Fsvg&#39;%20viewBox%3D&#39;0%200%20555%20312&#39;%2F%3E\" data-src=\"https:\/\/www.moore-bdr.sk\/wp-content\/uploads\/2017\/08\/OECD_Victor_Tonelli-555x312.jpg\" data-srcset=\"https:\/\/www.moore-bdr.sk\/wp-content\/uploads\/2017\/08\/OECD_Victor_Tonelli-555x312.jpg 555w, https:\/\/www.moore-bdr.sk\/wp-content\/uploads\/2017\/08\/OECD_Victor_Tonelli-800x449.jpg 800w\" loading=\"eager\" style=\"--ratio: 555 \/ 312\" sizes=\"(max-width: 555px) 100vw, 555px\" alt=\"\"  width=\"555\" height=\"312\"  \/><\/a><\/p>\n\t\t\t<\/div>\n\n\t\t\n\t\t<div class=\"blog-content wf-td\">\n\t\t\t<h3 class=\"entry-title\"><a href=\"https:\/\/www.moore-bdr.sk\/de\/nove-znenie-smernice-oecd-ku-transferovemu-ocenovaniu\/\" title=\"Neue Fassung der OECD-Richtlinie zu den Verrechnungspreisen\" rel=\"bookmark\">Neue Fassung der OECD-Richtlinie zu den Verrechnungspreisen<\/a><\/h3>\n\n\t\t\t<p>Am 10. Juli 2017 gab die OECD eine neue aktualisierte Fassung der Richtlinie zu den Verrechnungspreisen f\u00fcr multinationale Unternehmen und Steuerverwaltungen heraus.\u00a0 Die eingearbeiteten \u00c4nderungen sind von weltweiter Bedeutung, da die OECD-Richtlinie die Haupt- und die am meisten respektierte Quelle von Leitlinien im Bereich der Verrechnungspreise darstellt. In die neue Fassung wurden haupts\u00e4chlich \u00c4nderungen eingearbeitet,&hellip;<\/p>\n\n\t\t<\/div>\n\n\t<\/article>\n\n<\/div><\/div><\/div>[\/vc_column][vc_column width=&#8220;1\/3&#8243;][vc_widget_sidebar show_bg=&#8220;false&#8220; sidebar_id=&#8220;sidebar_4&#8243; el_class=&#8220;bocnalista&#8220;][\/vc_column][\/vc_row]<\/p>\n<\/div>","protected":false},"excerpt":{"rendered":"<p>VERRECHMUNGSPREISDOKUMENTATION Ab dem 01.01.2016 kommt es zu einer \u00c4nderung im Moment der Aufforderung der Finanzdirektion der SR zur Vorlage der Dokumentation zur Transferbewertung f\u00fcr die entsprechende Steuerperiode. Diese Aufforderung kann fr\u00fchestens am ersten Tag nach dem Fristablauf f\u00fcr Einreichung der Steuererkl\u00e4rung f\u00fcr diese Steuerperiode abgeschickt werden. Wir bieten an: Beratung bei der Dokumentation der Verrechnungspreise&hellip;<\/p>\n","protected":false},"author":1,"featured_media":0,"parent":17,"menu_order":0,"comment_status":"closed","ping_status":"closed","template":"","meta":{"inline_featured_image":false,"footnotes":""},"class_list":["post-38","page","type-page","status-publish","hentry","description-off"],"yoast_head":"<!-- This site is optimized with the Yoast SEO plugin v26.1.1 - https:\/\/yoast.com\/wordpress\/plugins\/seo\/ -->\n<title>Transferov\u00e9 oce\u0148ovanie Bansk\u00e1 Bystrica<\/title>\n<meta name=\"description\" content=\"Pon\u00fakame V\u00e1m slu\u017eby transferov\u00e9ho oce\u0148ovania tak\u00fdm sp\u00f4sobom, aby sme V\u00e1s maxim\u00e1lne odbremenili a nahradili V\u00e1m kvalifikovan\u00fd ekonomick\u00fd \u00fasek.\" \/>\n<meta name=\"robots\" content=\"index, follow, max-snippet:-1, max-image-preview:large, max-video-preview:-1\" \/>\n<link rel=\"canonical\" href=\"https:\/\/www.moore-bdr.sk\/sluzby\/transferove-ocenovanie-na-slovensku\/\" \/>\n<meta property=\"og:locale\" content=\"de_DE\" \/>\n<meta property=\"og:type\" content=\"article\" \/>\n<meta property=\"og:title\" content=\"Transferov\u00e9 oce\u0148ovanie Bansk\u00e1 Bystrica\" \/>\n<meta property=\"og:description\" content=\"Pon\u00fakame V\u00e1m slu\u017eby transferov\u00e9ho oce\u0148ovania tak\u00fdm sp\u00f4sobom, aby sme V\u00e1s maxim\u00e1lne odbremenili a nahradili V\u00e1m kvalifikovan\u00fd ekonomick\u00fd \u00fasek.\" \/>\n<meta property=\"og:url\" content=\"https:\/\/www.moore-bdr.sk\/sluzby\/transferove-ocenovanie-na-slovensku\/\" \/>\n<meta property=\"og:site_name\" content=\"Moore BDR s. r. o.\" \/>\n<meta property=\"article:modified_time\" content=\"2026-03-24T07:39:57+00:00\" \/>\n<meta name=\"twitter:card\" content=\"summary_large_image\" \/>\n<meta name=\"twitter:label1\" content=\"Gesch\u00e4tzte Lesezeit\" \/>\n\t<meta name=\"twitter:data1\" content=\"2\u00a0Minuten\" \/>\n<script type=\"application\/ld+json\" class=\"yoast-schema-graph\">{\"@context\":\"https:\/\/schema.org\",\"@graph\":[{\"@type\":\"WebPage\",\"@id\":\"https:\/\/www.moore-bdr.sk\/sluzby\/transferove-ocenovanie-na-slovensku\/\",\"url\":\"https:\/\/www.moore-bdr.sk\/sluzby\/transferove-ocenovanie-na-slovensku\/\",\"name\":\"Transferov\u00e9 oce\u0148ovanie Bansk\u00e1 Bystrica\",\"isPartOf\":{\"@id\":\"https:\/\/www.moore-bdr.sk\/#website\"},\"datePublished\":\"2016-11-19T18:23:59+00:00\",\"dateModified\":\"2026-03-24T07:39:57+00:00\",\"description\":\"Pon\u00fakame V\u00e1m slu\u017eby transferov\u00e9ho oce\u0148ovania tak\u00fdm sp\u00f4sobom, aby sme V\u00e1s maxim\u00e1lne odbremenili a nahradili V\u00e1m kvalifikovan\u00fd ekonomick\u00fd \u00fasek.\",\"breadcrumb\":{\"@id\":\"https:\/\/www.moore-bdr.sk\/sluzby\/transferove-ocenovanie-na-slovensku\/#breadcrumb\"},\"inLanguage\":\"de\",\"potentialAction\":[{\"@type\":\"ReadAction\",\"target\":[\"https:\/\/www.moore-bdr.sk\/sluzby\/transferove-ocenovanie-na-slovensku\/\"]}]},{\"@type\":\"BreadcrumbList\",\"@id\":\"https:\/\/www.moore-bdr.sk\/sluzby\/transferove-ocenovanie-na-slovensku\/#breadcrumb\",\"itemListElement\":[{\"@type\":\"ListItem\",\"position\":1,\"name\":\"Domovsk\u00e1 str\u00e1nka\",\"item\":\"https:\/\/www.moore-bdr.sk\/\"},{\"@type\":\"ListItem\",\"position\":2,\"name\":\"Slu\u017eby\",\"item\":\"https:\/\/www.moore-bdr.sk\/sluzby\/\"},{\"@type\":\"ListItem\",\"position\":3,\"name\":\"Transferov\u00e9 oce\u0148ovanie\"}]},{\"@type\":\"WebSite\",\"@id\":\"https:\/\/www.moore-bdr.sk\/#website\",\"url\":\"https:\/\/www.moore-bdr.sk\/\",\"name\":\"Moore BDR s. r. o.\",\"description\":\"Na\u0161e portf\u00f3lio zah\u0155\u0148a: audit \u00fa\u010dtovn\u00edctva, da\u0148ov\u00e9 poradenstvo, f\u00fazie, akviz\u00edcie, Due diligence, Bratislava, Bansk\u00e1 Bystrica\",\"potentialAction\":[{\"@type\":\"SearchAction\",\"target\":{\"@type\":\"EntryPoint\",\"urlTemplate\":\"https:\/\/www.moore-bdr.sk\/?s={search_term_string}\"},\"query-input\":{\"@type\":\"PropertyValueSpecification\",\"valueRequired\":true,\"valueName\":\"search_term_string\"}}],\"inLanguage\":\"de\"}]}<\/script>\n<!-- \/ Yoast SEO plugin. -->","yoast_head_json":{"title":"Transferov\u00e9 oce\u0148ovanie Bansk\u00e1 Bystrica","description":"Pon\u00fakame V\u00e1m slu\u017eby transferov\u00e9ho oce\u0148ovania tak\u00fdm sp\u00f4sobom, aby sme V\u00e1s maxim\u00e1lne odbremenili a nahradili V\u00e1m kvalifikovan\u00fd ekonomick\u00fd \u00fasek.","robots":{"index":"index","follow":"follow","max-snippet":"max-snippet:-1","max-image-preview":"max-image-preview:large","max-video-preview":"max-video-preview:-1"},"canonical":"https:\/\/www.moore-bdr.sk\/sluzby\/transferove-ocenovanie-na-slovensku\/","og_locale":"de_DE","og_type":"article","og_title":"Transferov\u00e9 oce\u0148ovanie Bansk\u00e1 Bystrica","og_description":"Pon\u00fakame V\u00e1m slu\u017eby transferov\u00e9ho oce\u0148ovania tak\u00fdm sp\u00f4sobom, aby sme V\u00e1s maxim\u00e1lne odbremenili a nahradili V\u00e1m kvalifikovan\u00fd ekonomick\u00fd \u00fasek.","og_url":"https:\/\/www.moore-bdr.sk\/sluzby\/transferove-ocenovanie-na-slovensku\/","og_site_name":"Moore BDR s. r. o.","article_modified_time":"2026-03-24T07:39:57+00:00","twitter_card":"summary_large_image","twitter_misc":{"Gesch\u00e4tzte Lesezeit":"2\u00a0Minuten"},"schema":{"@context":"https:\/\/schema.org","@graph":[{"@type":"WebPage","@id":"https:\/\/www.moore-bdr.sk\/sluzby\/transferove-ocenovanie-na-slovensku\/","url":"https:\/\/www.moore-bdr.sk\/sluzby\/transferove-ocenovanie-na-slovensku\/","name":"Transferov\u00e9 oce\u0148ovanie Bansk\u00e1 Bystrica","isPartOf":{"@id":"https:\/\/www.moore-bdr.sk\/#website"},"datePublished":"2016-11-19T18:23:59+00:00","dateModified":"2026-03-24T07:39:57+00:00","description":"Pon\u00fakame V\u00e1m slu\u017eby transferov\u00e9ho oce\u0148ovania tak\u00fdm sp\u00f4sobom, aby sme V\u00e1s maxim\u00e1lne odbremenili a nahradili V\u00e1m kvalifikovan\u00fd ekonomick\u00fd \u00fasek.","breadcrumb":{"@id":"https:\/\/www.moore-bdr.sk\/sluzby\/transferove-ocenovanie-na-slovensku\/#breadcrumb"},"inLanguage":"de","potentialAction":[{"@type":"ReadAction","target":["https:\/\/www.moore-bdr.sk\/sluzby\/transferove-ocenovanie-na-slovensku\/"]}]},{"@type":"BreadcrumbList","@id":"https:\/\/www.moore-bdr.sk\/sluzby\/transferove-ocenovanie-na-slovensku\/#breadcrumb","itemListElement":[{"@type":"ListItem","position":1,"name":"Domovsk\u00e1 str\u00e1nka","item":"https:\/\/www.moore-bdr.sk\/"},{"@type":"ListItem","position":2,"name":"Slu\u017eby","item":"https:\/\/www.moore-bdr.sk\/sluzby\/"},{"@type":"ListItem","position":3,"name":"Transferov\u00e9 oce\u0148ovanie"}]},{"@type":"WebSite","@id":"https:\/\/www.moore-bdr.sk\/#website","url":"https:\/\/www.moore-bdr.sk\/","name":"Moore BDR s. r. o.","description":"Na\u0161e portf\u00f3lio zah\u0155\u0148a: audit \u00fa\u010dtovn\u00edctva, da\u0148ov\u00e9 poradenstvo, f\u00fazie, akviz\u00edcie, Due diligence, Bratislava, Bansk\u00e1 Bystrica","potentialAction":[{"@type":"SearchAction","target":{"@type":"EntryPoint","urlTemplate":"https:\/\/www.moore-bdr.sk\/?s={search_term_string}"},"query-input":{"@type":"PropertyValueSpecification","valueRequired":true,"valueName":"search_term_string"}}],"inLanguage":"de"}]}},"_links":{"self":[{"href":"https:\/\/www.moore-bdr.sk\/de\/wp-json\/wp\/v2\/pages\/38","targetHints":{"allow":["GET"]}}],"collection":[{"href":"https:\/\/www.moore-bdr.sk\/de\/wp-json\/wp\/v2\/pages"}],"about":[{"href":"https:\/\/www.moore-bdr.sk\/de\/wp-json\/wp\/v2\/types\/page"}],"author":[{"embeddable":true,"href":"https:\/\/www.moore-bdr.sk\/de\/wp-json\/wp\/v2\/users\/1"}],"replies":[{"embeddable":true,"href":"https:\/\/www.moore-bdr.sk\/de\/wp-json\/wp\/v2\/comments?post=38"}],"version-history":[{"count":90,"href":"https:\/\/www.moore-bdr.sk\/de\/wp-json\/wp\/v2\/pages\/38\/revisions"}],"predecessor-version":[{"id":9715,"href":"https:\/\/www.moore-bdr.sk\/de\/wp-json\/wp\/v2\/pages\/38\/revisions\/9715"}],"up":[{"embeddable":true,"href":"https:\/\/www.moore-bdr.sk\/de\/wp-json\/wp\/v2\/pages\/17"}],"wp:attachment":[{"href":"https:\/\/www.moore-bdr.sk\/de\/wp-json\/wp\/v2\/media?parent=38"}],"curies":[{"name":"wp","href":"https:\/\/api.w.org\/{rel}","templated":true}]}}