{"id":41,"date":"2016-11-19T20:24:41","date_gmt":"2016-11-19T18:24:41","guid":{"rendered":"https:\/\/www.moore-bdr.sk\/?page_id=41"},"modified":"2026-03-24T09:33:26","modified_gmt":"2026-03-24T07:33:26","slug":"uctovnictvo","status":"publish","type":"page","link":"https:\/\/www.moore-bdr.sk\/de\/sluzby\/uctovnictvo\/","title":{"rendered":"Buchhaltung"},"content":{"rendered":"<div class=\"wpb-content-wrapper\"><p><\/p>\n<p>[vc_row type=&#8220;vc_default&#8220; margin_top=&#8220;-50&#8243; bg_type=&#8220;image&#8220; parallax_style=&#8220;vcpb-default&#8220; bg_image_new=&#8220;id^2555|url^https:\/\/www.moore-bdr.sk\/wp-content\/uploads\/2019\/09\/a17.jpg|caption^null|alt^null|title^a17|description^null&#8220; bg_image_repeat=&#8220;no-repeat&#8220; bg_override=&#8220;full&#8220; min_height=&#8220;350&#8243;][vc_column]<div class=\"ult-spacer spacer-69ecf3fa43d36\" data-id=\"69ecf3fa43d36\" data-height=\"130\" data-height-mobile=\"30\" data-height-tab=\"80\" data-height-tab-portrait=\"80\" data-height-mobile-landscape=\"30\" style=\"clear:both;display:block;\"><\/div><div id=\"ultimate-heading-653369ecf3fa43d7b\" class=\"uvc-heading ult-adjust-bottom-margin ultimate-heading-653369ecf3fa43d7b uvc-1387 \" data-hspacer=\"no_spacer\"  data-halign=\"left\" style=\"text-align:left\"><div class=\"uvc-heading-spacer no_spacer\" style=\"top\"><\/div><div class=\"uvc-main-heading ult-responsive\"  data-ultimate-target='.uvc-heading.ultimate-heading-653369ecf3fa43d7b h2'  data-responsive-json-new='{\"font-size\":\"desktop:36px;\",\"line-height\":\"\"}' ><h2 style=\"font-weight:bold;color:#ffffff;\">BUCHHALTUNG<\/h2><\/div><\/div><div class=\"ult-spacer spacer-69ecf3fa43df7\" data-id=\"69ecf3fa43df7\" data-height=\"150\" data-height-mobile=\"50\" data-height-tab=\"100\" data-height-tab-portrait=\"100\" data-height-mobile-landscape=\"50\" style=\"clear:both;display:block;\"><\/div>[\/vc_column][\/vc_row][vc_row][vc_column]<style type=\"text\/css\" data-type=\"the7_shortcodes-inline-css\">.dt-breadcrumbs-id-3d8bcd3afc1ebaf9aeff37816dff855f .breadcrumbs {\n  display: inline-block;\n  margin: 0;\n  padding: 2px 10px 2px 10px;\n  border: 0px solid ;\n  border-radius: 0px;\n}\n.dt-breadcrumbs-id-3d8bcd3afc1ebaf9aeff37816dff855f .breadcrumbs * {\n  color: #485daa;\n}\n<\/style><div class=\"dt-breadcrumbs-shortcode dt-breadcrumbs-id-3d8bcd3afc1ebaf9aeff37816dff855f align-left\"><div class=\"assistive-text\">Sie befinden sich hier:<\/div><ol class=\"breadcrumbs text-small\" itemscope itemtype=\"https:\/\/schema.org\/BreadcrumbList\"><li itemprop=\"itemListElement\" itemscope itemtype=\"https:\/\/schema.org\/ListItem\"><a itemprop=\"item\" href=\"https:\/\/www.moore-bdr.sk\/de\/\" title=\"Start\"><span itemprop=\"name\">Start<\/span><\/a><meta itemprop=\"position\" content=\"1\" \/><\/li><li class=\"current\" itemprop=\"itemListElement\" itemscope itemtype=\"https:\/\/schema.org\/ListItem\"><span itemprop=\"name\">Seite<\/span><meta itemprop=\"position\" content=\"2\" \/><\/li><\/ol><\/div>[vc_empty_space height=&#8220;20px&#8220;][vc_separator][\/vc_column][\/vc_row][vc_row][vc_column width=&#8220;2\/3&#8243;][vc_column_text]Wir bieten die Dienstleistungen auf solche Art und Weise, um die Firmen von der \u201ePapierarbeit\u201c m\u00f6glichst viel zu entlasten und\u00a0 ihnen einen qualifizierten Wirtschaftsbereich zu ersetzen, der sich\u00a0 nach den Grunds\u00e4tzen der Diskretion und Verl\u00e4sslichkeit richtet:<\/p>\n<p><strong>Unsere Buchhaltungsdienstleistungen:<\/strong>[\/vc_column_text]<div class=\"standard-arrow list-divider bullet-top\"><ul>\n<li>Rechnungslegung nach slowakischen Buchungsvorg\u00e4ngen<\/li>\n<li>Verarbeitung von Jahresabschl\u00fcssen<\/li>\n<li>Bearbeitung von Rechnungsberichten (Nationalbank der Slowakei Statistikamt, Finanzamt usw.)<\/li>\n<li>Buchhaltungsberichtigungen<\/li>\n<li>Buchhaltungsberatung<\/li>\n<li>Controlling, Bearbeitung von Unterlagen f\u00fcr Controlling,<\/li>\n<li>Bankkontenverwaltung, Zahlungsvorg\u00e4nge auf den Konten der Kunden<\/li>\n<li>Ausf\u00fcllen der inl\u00e4ndischen und ausl\u00e4ndischen Reiseauftr\u00e4ge<\/li>\n<li>F\u00fchrung des Fahrtenbuches f\u00fcr einzelne Verkehrsmittel<\/li>\n<li>MwSt.-Evidenz f\u00fcr ausl\u00e4ndische Subjekte, die sich im Rahmen ihrer Unternehmenst\u00e4tigkeit als mehrwertsteuerpflichtige Subjekte in der Slowakischen Republik registrieren lassen m\u00fcssen.<\/li>\n<li>Verm\u00f6gensevidenz<\/li>\n<li>Unterst\u00fctzung bei\u00a0 der Implementierung\u00a0 von Buchhaltungssystemen<\/li>\n<li>Informationen \u00fcber aktuelle \u00c4nderungen von Buchhaltungsvorschriften<\/li>\n<li>Rechnungslegung der Kunden auf ihren Informationssystemen<\/li>\n<li>Informationsbereitstellung und Reporting\u00a0 in den Formaten nach den W\u00fcnschen der Kunden<\/li>\n<\/ul>\n<\/div>[vc_column_text]<b>Der Preis f\u00fcr Buchhaltungsdienstleistungen wird\u00a0 durch eine Vereinbarung mit den Kunden individuell festgelegt\u00a0 und h\u00e4ngt vor allem von der\u00a0 vorgesehenen Menge der Buchaufzeichnungen\u00a0 und des Aufwands\u00a0 von Buchungsoperationen ab.<\/b><\/p>\n<h2>Senken Sie Ihre Kosten<\/h2>\n<p>Buchf\u00fchrung aus unserem Standort in\u00a0 Bansk\u00e1 Bystrica \u2013\u00a0Wir k\u00f6nnen Ihnen preisg\u00fcnstige Buchhaltungsdienstleistungen mittels unseres Buchhaltungsteams in\u00a0 Bansk\u00e1 Bystrica anbieten.<\/p>\n<p>Interessieren Sie sich f\u00fcr den Preis? Der Preis f\u00fcr Lohndienstleistungen\u00a0 wird\u00a0 durch eine Vereinbarung mit einem Kunden individuell festgelegt\u00a0 und h\u00e4ngt von der Zahl der Angestellten und den geforderten Dienstleistungen des Kunden ab.<\/p>\n<p><a title=\"Opens external link in new window\" href=\"https:\/\/www.moore-bdr.sk\/kontakt.html\" data-htmlarea-external=\"1\"><b>Ich m\u00f6chte ein unverbindliches Preisangebot.<\/b><\/a>[\/vc_column_text][\/vc_column][vc_column width=&#8220;1\/3&#8243;][vc_widget_sidebar show_bg=&#8220;false&#8220; sidebar_id=&#8220;sidebar_4&#8243; el_class=&#8220;bocnalista&#8220;][\/vc_column][\/vc_row]<\/p>\n<p><\/p>\n<\/div>","protected":false},"excerpt":{"rendered":"<p>BUCHHALTUNG Wir bieten die Dienstleistungen auf solche Art und Weise, um die Firmen von der \u201ePapierarbeit\u201c m\u00f6glichst viel zu entlasten und\u00a0 ihnen einen qualifizierten Wirtschaftsbereich zu ersetzen, der sich\u00a0 nach den Grunds\u00e4tzen der Diskretion und Verl\u00e4sslichkeit richtet: Unsere Buchhaltungsdienstleistungen: Rechnungslegung nach slowakischen Buchungsvorg\u00e4ngen Verarbeitung von Jahresabschl\u00fcssen Bearbeitung von Rechnungsberichten (Nationalbank der Slowakei Statistikamt, Finanzamt usw.)&hellip;<\/p>\n","protected":false},"author":1,"featured_media":0,"parent":17,"menu_order":0,"comment_status":"closed","ping_status":"closed","template":"","meta":{"inline_featured_image":false,"footnotes":""},"class_list":["post-41","page","type-page","status-publish","hentry","description-off"],"yoast_head":"<!-- This site is optimized with the Yoast SEO plugin v26.1.1 - https:\/\/yoast.com\/wordpress\/plugins\/seo\/ -->\n<title>\u00da\u010dtovn\u00edctvo Bansk\u00e1 Bystrica<\/title>\n<meta name=\"description\" content=\"Pon\u00fakame V\u00e1m \u00fa\u010dtovn\u00edcke slu\u017eby tak\u00fdm sp\u00f4sobom, aby sme V\u00e1s maxim\u00e1lne odbremenili a nahradili V\u00e1m kvalifikovan\u00fd ekonomick\u00fd \u00fasek.\" \/>\n<meta name=\"robots\" content=\"index, follow, max-snippet:-1, max-image-preview:large, max-video-preview:-1\" \/>\n<link rel=\"canonical\" href=\"https:\/\/www.moore-bdr.sk\/sluzby\/uctovnictvo\/\" \/>\n<meta property=\"og:locale\" content=\"de_DE\" \/>\n<meta property=\"og:type\" content=\"article\" \/>\n<meta property=\"og:title\" content=\"\u00da\u010dtovn\u00edctvo Bansk\u00e1 Bystrica\" \/>\n<meta property=\"og:description\" content=\"Pon\u00fakame V\u00e1m \u00fa\u010dtovn\u00edcke slu\u017eby tak\u00fdm sp\u00f4sobom, aby sme V\u00e1s maxim\u00e1lne odbremenili a nahradili V\u00e1m kvalifikovan\u00fd ekonomick\u00fd \u00fasek.\" \/>\n<meta property=\"og:url\" content=\"https:\/\/www.moore-bdr.sk\/sluzby\/uctovnictvo\/\" \/>\n<meta property=\"og:site_name\" content=\"Moore BDR s. r. o.\" \/>\n<meta property=\"article:modified_time\" content=\"2026-03-24T07:33:26+00:00\" \/>\n<meta name=\"twitter:card\" content=\"summary_large_image\" \/>\n<meta name=\"twitter:label1\" content=\"Gesch\u00e4tzte Lesezeit\" \/>\n\t<meta name=\"twitter:data1\" content=\"2\u00a0Minuten\" \/>\n<script type=\"application\/ld+json\" class=\"yoast-schema-graph\">{\"@context\":\"https:\/\/schema.org\",\"@graph\":[{\"@type\":\"WebPage\",\"@id\":\"https:\/\/www.moore-bdr.sk\/sluzby\/uctovnictvo\/\",\"url\":\"https:\/\/www.moore-bdr.sk\/sluzby\/uctovnictvo\/\",\"name\":\"\u00da\u010dtovn\u00edctvo Bansk\u00e1 Bystrica\",\"isPartOf\":{\"@id\":\"https:\/\/www.moore-bdr.sk\/#website\"},\"datePublished\":\"2016-11-19T18:24:41+00:00\",\"dateModified\":\"2026-03-24T07:33:26+00:00\",\"description\":\"Pon\u00fakame V\u00e1m \u00fa\u010dtovn\u00edcke slu\u017eby tak\u00fdm sp\u00f4sobom, aby sme V\u00e1s maxim\u00e1lne odbremenili a nahradili V\u00e1m kvalifikovan\u00fd ekonomick\u00fd \u00fasek.\",\"breadcrumb\":{\"@id\":\"https:\/\/www.moore-bdr.sk\/sluzby\/uctovnictvo\/#breadcrumb\"},\"inLanguage\":\"de\",\"potentialAction\":[{\"@type\":\"ReadAction\",\"target\":[\"https:\/\/www.moore-bdr.sk\/sluzby\/uctovnictvo\/\"]}]},{\"@type\":\"BreadcrumbList\",\"@id\":\"https:\/\/www.moore-bdr.sk\/sluzby\/uctovnictvo\/#breadcrumb\",\"itemListElement\":[{\"@type\":\"ListItem\",\"position\":1,\"name\":\"Domovsk\u00e1 str\u00e1nka\",\"item\":\"https:\/\/www.moore-bdr.sk\/\"},{\"@type\":\"ListItem\",\"position\":2,\"name\":\"Slu\u017eby\",\"item\":\"https:\/\/www.moore-bdr.sk\/sluzby\/\"},{\"@type\":\"ListItem\",\"position\":3,\"name\":\"\u00da\u010dtovn\u00edctvo\"}]},{\"@type\":\"WebSite\",\"@id\":\"https:\/\/www.moore-bdr.sk\/#website\",\"url\":\"https:\/\/www.moore-bdr.sk\/\",\"name\":\"Moore BDR s. r. o.\",\"description\":\"Na\u0161e portf\u00f3lio zah\u0155\u0148a: audit \u00fa\u010dtovn\u00edctva, da\u0148ov\u00e9 poradenstvo, f\u00fazie, akviz\u00edcie, Due diligence, Bratislava, Bansk\u00e1 Bystrica\",\"potentialAction\":[{\"@type\":\"SearchAction\",\"target\":{\"@type\":\"EntryPoint\",\"urlTemplate\":\"https:\/\/www.moore-bdr.sk\/?s={search_term_string}\"},\"query-input\":{\"@type\":\"PropertyValueSpecification\",\"valueRequired\":true,\"valueName\":\"search_term_string\"}}],\"inLanguage\":\"de\"}]}<\/script>\n<!-- \/ Yoast SEO plugin. -->","yoast_head_json":{"title":"\u00da\u010dtovn\u00edctvo Bansk\u00e1 Bystrica","description":"Pon\u00fakame V\u00e1m \u00fa\u010dtovn\u00edcke slu\u017eby tak\u00fdm sp\u00f4sobom, aby sme V\u00e1s maxim\u00e1lne odbremenili a nahradili V\u00e1m kvalifikovan\u00fd ekonomick\u00fd \u00fasek.","robots":{"index":"index","follow":"follow","max-snippet":"max-snippet:-1","max-image-preview":"max-image-preview:large","max-video-preview":"max-video-preview:-1"},"canonical":"https:\/\/www.moore-bdr.sk\/sluzby\/uctovnictvo\/","og_locale":"de_DE","og_type":"article","og_title":"\u00da\u010dtovn\u00edctvo Bansk\u00e1 Bystrica","og_description":"Pon\u00fakame V\u00e1m \u00fa\u010dtovn\u00edcke slu\u017eby tak\u00fdm sp\u00f4sobom, aby sme V\u00e1s maxim\u00e1lne odbremenili a nahradili V\u00e1m kvalifikovan\u00fd ekonomick\u00fd \u00fasek.","og_url":"https:\/\/www.moore-bdr.sk\/sluzby\/uctovnictvo\/","og_site_name":"Moore BDR s. r. o.","article_modified_time":"2026-03-24T07:33:26+00:00","twitter_card":"summary_large_image","twitter_misc":{"Gesch\u00e4tzte Lesezeit":"2\u00a0Minuten"},"schema":{"@context":"https:\/\/schema.org","@graph":[{"@type":"WebPage","@id":"https:\/\/www.moore-bdr.sk\/sluzby\/uctovnictvo\/","url":"https:\/\/www.moore-bdr.sk\/sluzby\/uctovnictvo\/","name":"\u00da\u010dtovn\u00edctvo Bansk\u00e1 Bystrica","isPartOf":{"@id":"https:\/\/www.moore-bdr.sk\/#website"},"datePublished":"2016-11-19T18:24:41+00:00","dateModified":"2026-03-24T07:33:26+00:00","description":"Pon\u00fakame V\u00e1m \u00fa\u010dtovn\u00edcke slu\u017eby tak\u00fdm sp\u00f4sobom, aby sme V\u00e1s maxim\u00e1lne odbremenili a nahradili V\u00e1m kvalifikovan\u00fd ekonomick\u00fd \u00fasek.","breadcrumb":{"@id":"https:\/\/www.moore-bdr.sk\/sluzby\/uctovnictvo\/#breadcrumb"},"inLanguage":"de","potentialAction":[{"@type":"ReadAction","target":["https:\/\/www.moore-bdr.sk\/sluzby\/uctovnictvo\/"]}]},{"@type":"BreadcrumbList","@id":"https:\/\/www.moore-bdr.sk\/sluzby\/uctovnictvo\/#breadcrumb","itemListElement":[{"@type":"ListItem","position":1,"name":"Domovsk\u00e1 str\u00e1nka","item":"https:\/\/www.moore-bdr.sk\/"},{"@type":"ListItem","position":2,"name":"Slu\u017eby","item":"https:\/\/www.moore-bdr.sk\/sluzby\/"},{"@type":"ListItem","position":3,"name":"\u00da\u010dtovn\u00edctvo"}]},{"@type":"WebSite","@id":"https:\/\/www.moore-bdr.sk\/#website","url":"https:\/\/www.moore-bdr.sk\/","name":"Moore BDR s. r. o.","description":"Na\u0161e portf\u00f3lio zah\u0155\u0148a: audit \u00fa\u010dtovn\u00edctva, da\u0148ov\u00e9 poradenstvo, f\u00fazie, akviz\u00edcie, Due diligence, Bratislava, Bansk\u00e1 Bystrica","potentialAction":[{"@type":"SearchAction","target":{"@type":"EntryPoint","urlTemplate":"https:\/\/www.moore-bdr.sk\/?s={search_term_string}"},"query-input":{"@type":"PropertyValueSpecification","valueRequired":true,"valueName":"search_term_string"}}],"inLanguage":"de"}]}},"_links":{"self":[{"href":"https:\/\/www.moore-bdr.sk\/de\/wp-json\/wp\/v2\/pages\/41","targetHints":{"allow":["GET"]}}],"collection":[{"href":"https:\/\/www.moore-bdr.sk\/de\/wp-json\/wp\/v2\/pages"}],"about":[{"href":"https:\/\/www.moore-bdr.sk\/de\/wp-json\/wp\/v2\/types\/page"}],"author":[{"embeddable":true,"href":"https:\/\/www.moore-bdr.sk\/de\/wp-json\/wp\/v2\/users\/1"}],"replies":[{"embeddable":true,"href":"https:\/\/www.moore-bdr.sk\/de\/wp-json\/wp\/v2\/comments?post=41"}],"version-history":[{"count":27,"href":"https:\/\/www.moore-bdr.sk\/de\/wp-json\/wp\/v2\/pages\/41\/revisions"}],"predecessor-version":[{"id":9709,"href":"https:\/\/www.moore-bdr.sk\/de\/wp-json\/wp\/v2\/pages\/41\/revisions\/9709"}],"up":[{"embeddable":true,"href":"https:\/\/www.moore-bdr.sk\/de\/wp-json\/wp\/v2\/pages\/17"}],"wp:attachment":[{"href":"https:\/\/www.moore-bdr.sk\/de\/wp-json\/wp\/v2\/media?parent=41"}],"curies":[{"name":"wp","href":"https:\/\/api.w.org\/{rel}","templated":true}]}}