{"id":43,"date":"2016-11-19T20:25:15","date_gmt":"2016-11-19T18:25:15","guid":{"rendered":"https:\/\/www.moore-bdr.sk\/?page_id=43"},"modified":"2026-03-24T09:35:54","modified_gmt":"2026-03-24T07:35:54","slug":"mzdova-agenda","status":"publish","type":"page","link":"https:\/\/www.moore-bdr.sk\/de\/sluzby\/mzdova-agenda\/","title":{"rendered":"Lohnbuchhaltung"},"content":{"rendered":"<div class=\"wpb-content-wrapper\"><p><\/p>\n<p>[vc_row type=&#8220;vc_default&#8220; margin_top=&#8220;-50&#8243; bg_type=&#8220;image&#8220; parallax_style=&#8220;vcpb-default&#8220; bg_image_new=&#8220;id^2545|url^https:\/\/www.moore-bdr.sk\/wp-content\/uploads\/2019\/09\/a13.jpg|caption^null|alt^null|title^a13|description^null&#8220; bg_image_repeat=&#8220;no-repeat&#8220; bg_override=&#8220;full&#8220; min_height=&#8220;350&#8243;][vc_column]<div class=\"ult-spacer spacer-69ecf1de55611\" data-id=\"69ecf1de55611\" data-height=\"130\" data-height-mobile=\"30\" data-height-tab=\"80\" data-height-tab-portrait=\"80\" data-height-mobile-landscape=\"30\" style=\"clear:both;display:block;\"><\/div><div id=\"ultimate-heading-840969ecf1de55663\" class=\"uvc-heading ult-adjust-bottom-margin ultimate-heading-840969ecf1de55663 uvc-5694 \" data-hspacer=\"no_spacer\"  data-halign=\"left\" style=\"text-align:left\"><div class=\"uvc-heading-spacer no_spacer\" style=\"top\"><\/div><div class=\"uvc-main-heading ult-responsive\"  data-ultimate-target='.uvc-heading.ultimate-heading-840969ecf1de55663 h2'  data-responsive-json-new='{\"font-size\":\"desktop:36px;\",\"line-height\":\"\"}' ><h2 style=\"font-weight:bold;color:#ffffff;\">LOHNBUCHHALTUNG<\/h2><\/div><\/div><div class=\"ult-spacer spacer-69ecf1de556de\" data-id=\"69ecf1de556de\" data-height=\"150\" data-height-mobile=\"50\" data-height-tab=\"100\" data-height-tab-portrait=\"100\" data-height-mobile-landscape=\"50\" style=\"clear:both;display:block;\"><\/div>[\/vc_column][\/vc_row][vc_row][vc_column]<style type=\"text\/css\" data-type=\"the7_shortcodes-inline-css\">.dt-breadcrumbs-id-3d8bcd3afc1ebaf9aeff37816dff855f .breadcrumbs {\n  display: inline-block;\n  margin: 0;\n  padding: 2px 10px 2px 10px;\n  border: 0px solid ;\n  border-radius: 0px;\n}\n.dt-breadcrumbs-id-3d8bcd3afc1ebaf9aeff37816dff855f .breadcrumbs * {\n  color: #485daa;\n}\n<\/style><div class=\"dt-breadcrumbs-shortcode dt-breadcrumbs-id-3d8bcd3afc1ebaf9aeff37816dff855f align-left\"><div class=\"assistive-text\">Sie befinden sich hier:<\/div><ol class=\"breadcrumbs text-small\" itemscope itemtype=\"https:\/\/schema.org\/BreadcrumbList\"><li itemprop=\"itemListElement\" itemscope itemtype=\"https:\/\/schema.org\/ListItem\"><a itemprop=\"item\" href=\"https:\/\/www.moore-bdr.sk\/de\/\" title=\"Start\"><span itemprop=\"name\">Start<\/span><\/a><meta itemprop=\"position\" content=\"1\" \/><\/li><li class=\"current\" itemprop=\"itemListElement\" itemscope itemtype=\"https:\/\/schema.org\/ListItem\"><span itemprop=\"name\">Seite<\/span><meta itemprop=\"position\" content=\"2\" \/><\/li><\/ol><\/div>[vc_empty_space height=&#8220;20px&#8220;][vc_separator][\/vc_column][\/vc_row][vc_row][vc_column width=&#8220;2\/3&#8243;][vc_column_text]<strong>L\u00f6sen Sie jeden Tag\u00a0 operative T\u00e4tigkeiten oder entstandene Situationen und es bleibt Ihnen keine Zeit\u00a0 f\u00fcr Ihre wichtigen Unternehmensaktivit\u00e4ten?<\/strong><\/p>\n<p><strong>Wir bieten die Dienstleistungen auf solche Art und Weise, um die Firmen von der \u201ePapierarbeit\u201c m\u00f6glichst viel zu entlasten und\u00a0 ihnen einen qualifizierten Wirtschaftsbereich zu ersetzen, der sich\u00a0 nach den Grunds\u00e4tzen der Diskretion und Verl\u00e4sslichkeit richtet:<\/strong>[\/vc_column_text]<div class=\"standard-arrow list-divider bullet-top\"><ul>\n<li>Komplexe Bearbeitung von Lohn- und Personalagenda, einschl. Steuern, Sozial- und Krankenversicherung,<\/li>\n<li>Bearbeitung von L\u00f6hnen und Abgaben der Arbeitgeber und Arbeitnehmer in die Sozial- und Krankenversicherung,<\/li>\n<li>Bearbeitung\u00a0 von Monats- und Quartalausweisen, Jahresfinanzkontrollberichten, Meldungen und \u00dcberblicken bez\u00fcglich Lohngebiet,<\/li>\n<li>Ausstellen verschiedener Best\u00e4tigungen f\u00fcr\u00a0 Angestellte,<\/li>\n<li>Sicherung der Daten\u00fcbertragung in Ihr Buchhaltungssystem,<\/li>\n<li>Beratung im Bereich des Arbeitsrechts, der Steuern aus selbst\u00e4ndiger T\u00e4tigkeit, der Sozial- und Krankenversicherung,<\/li>\n<li>Sicherung der bargeldlosen Lohn-\u00dcberweisung auf die Konten der Angestellten\u00a0 der Kunden und Abbuchung von Abgaben und L\u00f6hnen,<\/li>\n<li>Informationen \u00fcber aktuelle \u00c4nderungen in den Gesetzen.<\/li>\n<\/ul>\n<\/div>[vc_column_text]Interessieren Sie sich f\u00fcr den Preis? Der Preis f\u00fcr Lohndienstleistungen\u00a0 wird\u00a0 durch eine Vereinbarung mit\u00a0 den Kunden individuell festgelegt\u00a0 und h\u00e4ngt von der Zahl der Angestellten und den geforderten Dienstleistungen des Kunden ab.<\/p>\n<p><a href=\"https:\/\/www.moore-bdr.sk\/de\/kontakt.html\" data-htmlarea-external=\"1\"><b>Ich m\u00f6chte ein unverbindliches Preisangebot.<\/b><\/a>[\/vc_column_text][\/vc_column][vc_column width=&#8220;1\/3&#8243;][vc_widget_sidebar show_bg=&#8220;false&#8220; sidebar_id=&#8220;sidebar_4&#8243; el_class=&#8220;bocnalista&#8220;][\/vc_column][\/vc_row]<\/p>\n<p><\/p>\n<\/div>","protected":false},"excerpt":{"rendered":"<p>LOHNBUCHHALTUNG L\u00f6sen Sie jeden Tag\u00a0 operative T\u00e4tigkeiten oder entstandene Situationen und es bleibt Ihnen keine Zeit\u00a0 f\u00fcr Ihre wichtigen Unternehmensaktivit\u00e4ten? Wir bieten die Dienstleistungen auf solche Art und Weise, um die Firmen von der \u201ePapierarbeit\u201c m\u00f6glichst viel zu entlasten und\u00a0 ihnen einen qualifizierten Wirtschaftsbereich zu ersetzen, der sich\u00a0 nach den Grunds\u00e4tzen der Diskretion und Verl\u00e4sslichkeit&hellip;<\/p>\n","protected":false},"author":1,"featured_media":0,"parent":17,"menu_order":0,"comment_status":"closed","ping_status":"closed","template":"","meta":{"inline_featured_image":false,"footnotes":""},"class_list":["post-43","page","type-page","status-publish","hentry","description-off"],"yoast_head":"<!-- This site is optimized with the Yoast SEO plugin v26.1.1 - https:\/\/yoast.com\/wordpress\/plugins\/seo\/ -->\n<title>Mzdov\u00e1 agenda Bansk\u00e1 Bystrica<\/title>\n<meta name=\"description\" content=\"Pon\u00fakame V\u00e1m mzdov\u00fa agendu tak\u00fdm sp\u00f4sobom, aby sme V\u00e1s maxim\u00e1lne odbremenili a nahradili V\u00e1m kvalifikovan\u00fd ekonomick\u00fd \u00fasek.\" \/>\n<meta name=\"robots\" content=\"index, follow, max-snippet:-1, max-image-preview:large, max-video-preview:-1\" \/>\n<link rel=\"canonical\" href=\"https:\/\/www.moore-bdr.sk\/sluzby\/mzdova-agenda\/\" \/>\n<meta property=\"og:locale\" content=\"de_DE\" \/>\n<meta property=\"og:type\" content=\"article\" \/>\n<meta property=\"og:title\" content=\"Mzdov\u00e1 agenda Bansk\u00e1 Bystrica\" \/>\n<meta property=\"og:description\" content=\"Pon\u00fakame V\u00e1m mzdov\u00fa agendu tak\u00fdm sp\u00f4sobom, aby sme V\u00e1s maxim\u00e1lne odbremenili a nahradili V\u00e1m kvalifikovan\u00fd ekonomick\u00fd \u00fasek.\" \/>\n<meta property=\"og:url\" content=\"https:\/\/www.moore-bdr.sk\/sluzby\/mzdova-agenda\/\" \/>\n<meta property=\"og:site_name\" content=\"Moore BDR s. r. o.\" \/>\n<meta property=\"article:modified_time\" content=\"2026-03-24T07:35:54+00:00\" \/>\n<meta name=\"twitter:card\" content=\"summary_large_image\" \/>\n<meta name=\"twitter:label1\" content=\"Gesch\u00e4tzte Lesezeit\" \/>\n\t<meta name=\"twitter:data1\" content=\"1\u00a0Minute\" \/>\n<script type=\"application\/ld+json\" class=\"yoast-schema-graph\">{\"@context\":\"https:\/\/schema.org\",\"@graph\":[{\"@type\":\"WebPage\",\"@id\":\"https:\/\/www.moore-bdr.sk\/sluzby\/mzdova-agenda\/\",\"url\":\"https:\/\/www.moore-bdr.sk\/sluzby\/mzdova-agenda\/\",\"name\":\"Mzdov\u00e1 agenda Bansk\u00e1 Bystrica\",\"isPartOf\":{\"@id\":\"https:\/\/www.moore-bdr.sk\/#website\"},\"datePublished\":\"2016-11-19T18:25:15+00:00\",\"dateModified\":\"2026-03-24T07:35:54+00:00\",\"description\":\"Pon\u00fakame V\u00e1m mzdov\u00fa agendu tak\u00fdm sp\u00f4sobom, aby sme V\u00e1s maxim\u00e1lne odbremenili a nahradili V\u00e1m kvalifikovan\u00fd ekonomick\u00fd \u00fasek.\",\"breadcrumb\":{\"@id\":\"https:\/\/www.moore-bdr.sk\/sluzby\/mzdova-agenda\/#breadcrumb\"},\"inLanguage\":\"de\",\"potentialAction\":[{\"@type\":\"ReadAction\",\"target\":[\"https:\/\/www.moore-bdr.sk\/sluzby\/mzdova-agenda\/\"]}]},{\"@type\":\"BreadcrumbList\",\"@id\":\"https:\/\/www.moore-bdr.sk\/sluzby\/mzdova-agenda\/#breadcrumb\",\"itemListElement\":[{\"@type\":\"ListItem\",\"position\":1,\"name\":\"Domovsk\u00e1 str\u00e1nka\",\"item\":\"https:\/\/www.moore-bdr.sk\/\"},{\"@type\":\"ListItem\",\"position\":2,\"name\":\"Slu\u017eby\",\"item\":\"https:\/\/www.moore-bdr.sk\/sluzby\/\"},{\"@type\":\"ListItem\",\"position\":3,\"name\":\"Mzdov\u00e1 agenda\"}]},{\"@type\":\"WebSite\",\"@id\":\"https:\/\/www.moore-bdr.sk\/#website\",\"url\":\"https:\/\/www.moore-bdr.sk\/\",\"name\":\"Moore BDR s. r. o.\",\"description\":\"Na\u0161e portf\u00f3lio zah\u0155\u0148a: audit \u00fa\u010dtovn\u00edctva, da\u0148ov\u00e9 poradenstvo, f\u00fazie, akviz\u00edcie, Due diligence, Bratislava, Bansk\u00e1 Bystrica\",\"potentialAction\":[{\"@type\":\"SearchAction\",\"target\":{\"@type\":\"EntryPoint\",\"urlTemplate\":\"https:\/\/www.moore-bdr.sk\/?s={search_term_string}\"},\"query-input\":{\"@type\":\"PropertyValueSpecification\",\"valueRequired\":true,\"valueName\":\"search_term_string\"}}],\"inLanguage\":\"de\"}]}<\/script>\n<!-- \/ Yoast SEO plugin. -->","yoast_head_json":{"title":"Mzdov\u00e1 agenda Bansk\u00e1 Bystrica","description":"Pon\u00fakame V\u00e1m mzdov\u00fa agendu tak\u00fdm sp\u00f4sobom, aby sme V\u00e1s maxim\u00e1lne odbremenili a nahradili V\u00e1m kvalifikovan\u00fd ekonomick\u00fd \u00fasek.","robots":{"index":"index","follow":"follow","max-snippet":"max-snippet:-1","max-image-preview":"max-image-preview:large","max-video-preview":"max-video-preview:-1"},"canonical":"https:\/\/www.moore-bdr.sk\/sluzby\/mzdova-agenda\/","og_locale":"de_DE","og_type":"article","og_title":"Mzdov\u00e1 agenda Bansk\u00e1 Bystrica","og_description":"Pon\u00fakame V\u00e1m mzdov\u00fa agendu tak\u00fdm sp\u00f4sobom, aby sme V\u00e1s maxim\u00e1lne odbremenili a nahradili V\u00e1m kvalifikovan\u00fd ekonomick\u00fd \u00fasek.","og_url":"https:\/\/www.moore-bdr.sk\/sluzby\/mzdova-agenda\/","og_site_name":"Moore BDR s. r. o.","article_modified_time":"2026-03-24T07:35:54+00:00","twitter_card":"summary_large_image","twitter_misc":{"Gesch\u00e4tzte Lesezeit":"1\u00a0Minute"},"schema":{"@context":"https:\/\/schema.org","@graph":[{"@type":"WebPage","@id":"https:\/\/www.moore-bdr.sk\/sluzby\/mzdova-agenda\/","url":"https:\/\/www.moore-bdr.sk\/sluzby\/mzdova-agenda\/","name":"Mzdov\u00e1 agenda Bansk\u00e1 Bystrica","isPartOf":{"@id":"https:\/\/www.moore-bdr.sk\/#website"},"datePublished":"2016-11-19T18:25:15+00:00","dateModified":"2026-03-24T07:35:54+00:00","description":"Pon\u00fakame V\u00e1m mzdov\u00fa agendu tak\u00fdm sp\u00f4sobom, aby sme V\u00e1s maxim\u00e1lne odbremenili a nahradili V\u00e1m kvalifikovan\u00fd ekonomick\u00fd \u00fasek.","breadcrumb":{"@id":"https:\/\/www.moore-bdr.sk\/sluzby\/mzdova-agenda\/#breadcrumb"},"inLanguage":"de","potentialAction":[{"@type":"ReadAction","target":["https:\/\/www.moore-bdr.sk\/sluzby\/mzdova-agenda\/"]}]},{"@type":"BreadcrumbList","@id":"https:\/\/www.moore-bdr.sk\/sluzby\/mzdova-agenda\/#breadcrumb","itemListElement":[{"@type":"ListItem","position":1,"name":"Domovsk\u00e1 str\u00e1nka","item":"https:\/\/www.moore-bdr.sk\/"},{"@type":"ListItem","position":2,"name":"Slu\u017eby","item":"https:\/\/www.moore-bdr.sk\/sluzby\/"},{"@type":"ListItem","position":3,"name":"Mzdov\u00e1 agenda"}]},{"@type":"WebSite","@id":"https:\/\/www.moore-bdr.sk\/#website","url":"https:\/\/www.moore-bdr.sk\/","name":"Moore BDR s. r. o.","description":"Na\u0161e portf\u00f3lio zah\u0155\u0148a: audit \u00fa\u010dtovn\u00edctva, da\u0148ov\u00e9 poradenstvo, f\u00fazie, akviz\u00edcie, Due diligence, Bratislava, Bansk\u00e1 Bystrica","potentialAction":[{"@type":"SearchAction","target":{"@type":"EntryPoint","urlTemplate":"https:\/\/www.moore-bdr.sk\/?s={search_term_string}"},"query-input":{"@type":"PropertyValueSpecification","valueRequired":true,"valueName":"search_term_string"}}],"inLanguage":"de"}]}},"_links":{"self":[{"href":"https:\/\/www.moore-bdr.sk\/de\/wp-json\/wp\/v2\/pages\/43","targetHints":{"allow":["GET"]}}],"collection":[{"href":"https:\/\/www.moore-bdr.sk\/de\/wp-json\/wp\/v2\/pages"}],"about":[{"href":"https:\/\/www.moore-bdr.sk\/de\/wp-json\/wp\/v2\/types\/page"}],"author":[{"embeddable":true,"href":"https:\/\/www.moore-bdr.sk\/de\/wp-json\/wp\/v2\/users\/1"}],"replies":[{"embeddable":true,"href":"https:\/\/www.moore-bdr.sk\/de\/wp-json\/wp\/v2\/comments?post=43"}],"version-history":[{"count":26,"href":"https:\/\/www.moore-bdr.sk\/de\/wp-json\/wp\/v2\/pages\/43\/revisions"}],"predecessor-version":[{"id":9712,"href":"https:\/\/www.moore-bdr.sk\/de\/wp-json\/wp\/v2\/pages\/43\/revisions\/9712"}],"up":[{"embeddable":true,"href":"https:\/\/www.moore-bdr.sk\/de\/wp-json\/wp\/v2\/pages\/17"}],"wp:attachment":[{"href":"https:\/\/www.moore-bdr.sk\/de\/wp-json\/wp\/v2\/media?parent=43"}],"curies":[{"name":"wp","href":"https:\/\/api.w.org\/{rel}","templated":true}]}}