{"id":45,"date":"2016-11-19T20:25:57","date_gmt":"2016-11-19T18:25:57","guid":{"rendered":"https:\/\/www.moore-bdr.sk\/?page_id=45"},"modified":"2026-03-24T09:36:37","modified_gmt":"2026-03-24T07:36:37","slug":"podnikove-a-financne-poradenstvo","status":"publish","type":"page","link":"https:\/\/www.moore-bdr.sk\/de\/sluzby\/podnikove-a-financne-poradenstvo\/","title":{"rendered":"Unternehmens-und Finanzberatung"},"content":{"rendered":"<div class=\"wpb-content-wrapper\"><p><\/p>\n<p>[vc_row type=&#8220;vc_default&#8220; margin_top=&#8220;-50&#8243; bg_type=&#8220;image&#8220; parallax_style=&#8220;vcpb-default&#8220; bg_image_new=&#8220;id^2557|url^https:\/\/www.moore-bdr.sk\/wp-content\/uploads\/2019\/09\/a14.jpg|caption^null|alt^null|title^a14|description^null&#8220; bg_image_repeat=&#8220;no-repeat&#8220; bg_override=&#8220;full&#8220; min_height=&#8220;350&#8243;][vc_column]<div class=\"ult-spacer spacer-69ece3b24c366\" data-id=\"69ece3b24c366\" data-height=\"130\" data-height-mobile=\"30\" data-height-tab=\"80\" data-height-tab-portrait=\"80\" data-height-mobile-landscape=\"30\" style=\"clear:both;display:block;\"><\/div><div id=\"ultimate-heading-223069ece3b24c3ab\" class=\"uvc-heading ult-adjust-bottom-margin ultimate-heading-223069ece3b24c3ab uvc-9279 \" data-hspacer=\"no_spacer\"  data-halign=\"left\" style=\"text-align:left\"><div class=\"uvc-heading-spacer no_spacer\" style=\"top\"><\/div><div class=\"uvc-main-heading ult-responsive\"  data-ultimate-target='.uvc-heading.ultimate-heading-223069ece3b24c3ab h2'  data-responsive-json-new='{\"font-size\":\"desktop:36px;\",\"line-height\":\"\"}' ><h2 style=\"font-weight:bold;color:#ffffff;\">UNTERNEHMENS UND FINANZBERATUNG<\/h2><\/div><\/div><div class=\"ult-spacer spacer-69ece3b24c41e\" data-id=\"69ece3b24c41e\" data-height=\"150\" data-height-mobile=\"50\" data-height-tab=\"100\" data-height-tab-portrait=\"100\" data-height-mobile-landscape=\"50\" style=\"clear:both;display:block;\"><\/div>[\/vc_column][\/vc_row][vc_row][vc_column]<style type=\"text\/css\" data-type=\"the7_shortcodes-inline-css\">.dt-breadcrumbs-id-3d8bcd3afc1ebaf9aeff37816dff855f .breadcrumbs {\n  display: inline-block;\n  margin: 0;\n  padding: 2px 10px 2px 10px;\n  border: 0px solid ;\n  border-radius: 0px;\n}\n.dt-breadcrumbs-id-3d8bcd3afc1ebaf9aeff37816dff855f .breadcrumbs * {\n  color: #485daa;\n}\n<\/style><div class=\"dt-breadcrumbs-shortcode dt-breadcrumbs-id-3d8bcd3afc1ebaf9aeff37816dff855f align-left\"><div class=\"assistive-text\">Sie befinden sich hier:<\/div><ol class=\"breadcrumbs text-small\" itemscope itemtype=\"https:\/\/schema.org\/BreadcrumbList\"><li itemprop=\"itemListElement\" itemscope itemtype=\"https:\/\/schema.org\/ListItem\"><a itemprop=\"item\" href=\"https:\/\/www.moore-bdr.sk\/de\/\" title=\"Start\"><span itemprop=\"name\">Start<\/span><\/a><meta itemprop=\"position\" content=\"1\" \/><\/li><li class=\"current\" itemprop=\"itemListElement\" itemscope itemtype=\"https:\/\/schema.org\/ListItem\"><span itemprop=\"name\">Seite<\/span><meta itemprop=\"position\" content=\"2\" \/><\/li><\/ol><\/div>[vc_empty_space height=&#8220;20px&#8220;][vc_separator][\/vc_column][\/vc_row][vc_row][vc_column width=&#8220;2\/3&#8243;][vc_column_text]<\/p>\n<ul type=\"disc\">\n<li><span lang=\"DE\">Ausarbeitung des Projekts \u00fcber Verschmelzung, Fusion, Aufspaltung oder Einlage eines Betriebs oder dessen Teils in Bezug auf\u00a0 <\/span>Rechts-, Buchhaltungs- oder Steueraspekte<\/li>\n<\/ul>\n<ul type=\"disc\">\n<li><span lang=\"DE\">Gutachtendienstleistungen<\/span><\/li>\n<\/ul>\n<ul type=\"disc\">\n<li style=\"list-style-type: none;\">\n<ul type=\"circle\">\n<li><span lang=\"DE\">Erstellung von Sachverst\u00e4ndigen- und Fachgutachten\u00a0 <\/span>f\u00fcr Preisbewertung:<\/li>\n<\/ul>\n<\/li>\n<\/ul>\n<ul type=\"disc\">\n<li style=\"list-style-type: none;\">\n<ul type=\"circle\">\n<li style=\"list-style-type: none;\">\n<ul type=\"square\">\n<li><span lang=\"DE\">des Betriebes als Ganzes oder dessen Teils<\/span><\/li>\n<li><span lang=\"DE\">des immateriellen Verm\u00f6gens \u2013 Handelsmarke, Know-how<\/span><\/li>\n<li><span lang=\"DE\">des Grundbesitzes \u2013 Bauten, Grundst\u00fccke<\/span><\/li>\n<li><span lang=\"DE\">des beweglichen Verm\u00f6gens \u2013 Maschinen, Fahrzeuge, Elektroanlagen, Inventar u.\u00e4.<\/span><\/li>\n<li><span lang=\"DE\">der Finanzanlagen \u2013 Anteile an anderen Gesellschaften, Obligationen, Schuldscheine u.\u00e4.<\/span><\/li>\n<li><span lang=\"DE\">der Best\u00e4nde\u00a0 <\/span>\u2013 Material, Halberzeugnisse, Ware<\/li>\n<li><span lang=\"DE\">der Forderungen<\/span><\/li>\n<li><span lang=\"DE\">des Verdienstausfalles<\/span><\/li>\n<li><span lang=\"DE\">der Rohstofflager<\/span><\/li>\n<li><span lang=\"DE\">der Sch\u00e4den<\/span><span lang=\"DE\">\u00a0<\/span><\/li>\n<\/ul>\n<\/li>\n<\/ul>\n<\/li>\n<\/ul>\n<ul type=\"disc\">\n<li style=\"list-style-type: none;\">\n<ul type=\"circle\">\n<li><span lang=\"DE\">Wertfestsetzung zwecks Buchhaltung und Steuerwesens, Wertbestimmung u.\u00e4.<\/span><\/li>\n<li><span lang=\"DE\">Unabh\u00e4ngige Stellungnahme eines Sachverst\u00e4ndigen z.B.\u00a0 <\/span>f\u00fcr die Verhandlungen \u00fcber Verkauf von Anteilen, Aktien u.\u00e4.<\/li>\n<\/ul>\n<\/li>\n<\/ul>\n<ul type=\"disc\">\n<li><span lang=\"DE\">Ausarbeitung von finanzwirtschaftlichen Expertisen\u00a0 <\/span>bei der L\u00f6sung:<\/li>\n<\/ul>\n<ul type=\"disc\">\n<li style=\"list-style-type: none;\">\n<ul type=\"circle\">\n<li><span lang=\"DE\">der Wirtschaftslage einer Gesellschaft in einzelnen Phasen und Absch\u00e4tzung ihrer weiteren Entwicklung<\/span><\/li>\n<li><span lang=\"DE\">der Beurteilung\u00a0 <\/span>der Realisiertbarkeit eines Investitionsvorhabens<\/li>\n<li><span lang=\"DE\">der Politik einzelner Volkswirtschaftsbereiche\u00a0<\/span><\/li>\n<\/ul>\n<\/li>\n<\/ul>\n<ul type=\"disc\">\n<li><span lang=\"DE\">Dienstleistungen der internen Wirtschaftspr\u00fcfung:<\/span><\/li>\n<\/ul>\n<ul type=\"disc\">\n<li style=\"list-style-type: none;\">\n<ul type=\"circle\">\n<li><span lang=\"DE\">Analyse\u00a0 <\/span>des Funktionierens einer internen Kontrolle<\/li>\n<li><span lang=\"DE\">Unterst\u00fctzung der Einf\u00fchrung einer internen Wirtschaftspr\u00fcfung<\/span><\/li>\n<li><span lang=\"DE\">Outsourcing-Funktionen der internen Wirtschaftspr\u00fcfung und deren spezialisierter Auftr\u00e4ge\u00a0<\/span><\/li>\n<\/ul>\n<\/li>\n<\/ul>\n<ul type=\"disc\">\n<li><span lang=\"DE\">Beratungst\u00e4tigkeit im Bereich des Unternehmens in\u00a0 <\/span>103 L\u00e4ndern der Welt in der Zusammenarbeit\u00a0 mit den Beratern\u00a0 aus dem Netzwerk Moore Global Limited Network International Limited<\/li>\n<\/ul>\n<ul type=\"disc\">\n<li><span lang=\"DE\">Umstrukturierung<\/span>\n<ul type=\"circle\">\n<li><span lang=\"DE\">Analyse der rechtszeitigen Problemermittlung<\/span><\/li>\n<li><span lang=\"DE\">Risikoanalyse<\/span><\/li>\n<li><span lang=\"DE\">Anwendung von Vorbeugungsinstrumenten zur Risikominimalisierung<\/span><\/li>\n<li><span lang=\"DE\">Entwurf eines komplexen Strategieplans vom Aspekt des Gesch\u00e4fts, der Rechts, der Finanzen, Steuern und Buchhaltung<\/span><\/li>\n<li><span lang=\"DE\">Implementierung optimaler Verfahren zur Realisierung der entworfenen Strategie<\/span><\/li>\n<li><span lang=\"DE\">Controlling der\u00a0 <\/span>Realisierung der entworfenen Strategie<\/li>\n<\/ul>\n<\/li>\n<\/ul>\n<ul type=\"disc\">\n<li><span lang=\"DE\">Gerichtswirtschaftspr\u00fcfung<\/span><\/li>\n<\/ul>\n<ul type=\"disc\">\n<li style=\"list-style-type: none;\">\n<ul type=\"circle\">\n<li><span lang=\"DE\">gr\u00fcndliche Wirtschaftspr\u00fcfung bezogen auf Entdeckung von Buchhaltungsbetr\u00fcgen, Unterschlagung und \u00e4hnlichen unerlaubten Handlungen\u00a0 <\/span>in einer Buchungseinheit,<\/li>\n<li><span lang=\"DE\">Feststellung des\u00a0 <\/span>durch die Verm\u00f6gensmanipulation verursachten Schadenumfanges<\/li>\n<li><span lang=\"DE\">Wertermittlung von unterschlagenen Finanzen,<\/span><\/li>\n<li><span lang=\"DE\">Entwurf und Einf\u00fchrung\u00a0 <\/span>von Verfahren zur Vorbeugung von Betr\u00fcgen<\/li>\n<\/ul>\n<\/li>\n<li><span lang=\"DE\">IT -Wirtschaftspr\u00fcfung<\/span>\n<ul type=\"circle\">\n<li><span lang=\"DE\">Analyse von Datensicherheit und \u2013schutz\u00a0 <\/span>mit der Zielrichtung auf eine Analyse von Hardware- und Softwarel\u00f6sung<\/li>\n<li><span lang=\"DE\">Analyse verschiedener Softwarel\u00f6sungen in einer Gesellschaft<\/span><\/li>\n<\/ul>\n<\/li>\n<\/ul>\n<p>[\/vc_column_text][\/vc_column][vc_column width=&#8220;1\/3&#8243;][vc_widget_sidebar show_bg=&#8220;false&#8220; sidebar_id=&#8220;sidebar_4&#8243; el_class=&#8220;bocnalista&#8220;][\/vc_column][\/vc_row]<\/p>\n<p><\/p>\n<\/div>","protected":false},"excerpt":{"rendered":"<p>UNTERNEHMENS UND FINANZBERATUNG Ausarbeitung des Projekts \u00fcber Verschmelzung, Fusion, Aufspaltung oder Einlage eines Betriebs oder dessen Teils in Bezug auf\u00a0 Rechts-, Buchhaltungs- oder Steueraspekte Gutachtendienstleistungen Erstellung von Sachverst\u00e4ndigen- und Fachgutachten\u00a0 f\u00fcr Preisbewertung: des Betriebes als Ganzes oder dessen Teils des immateriellen Verm\u00f6gens \u2013 Handelsmarke, Know-how des Grundbesitzes \u2013 Bauten, Grundst\u00fccke des beweglichen Verm\u00f6gens \u2013 Maschinen,&hellip;<\/p>\n","protected":false},"author":1,"featured_media":0,"parent":17,"menu_order":0,"comment_status":"closed","ping_status":"closed","template":"","meta":{"inline_featured_image":false,"footnotes":""},"class_list":["post-45","page","type-page","status-publish","hentry","description-off"],"yoast_head":"<!-- This site is optimized with the Yoast SEO plugin v26.1.1 - https:\/\/yoast.com\/wordpress\/plugins\/seo\/ -->\n<title>Podnikov\u00e9 a finan\u010dn\u00e9 poradenstvo Bansk\u00e1 Bystrica<\/title>\n<meta name=\"description\" content=\"Pon\u00fakame V\u00e1m slu\u017eby podnikov\u00e9ho a finan\u010dn\u00e9ho poradenstva tak\u00fdm sp\u00f4sobom, aby sme V\u00e1s maxim\u00e1lne odbremenili.\" \/>\n<meta name=\"robots\" content=\"index, follow, max-snippet:-1, max-image-preview:large, max-video-preview:-1\" \/>\n<link rel=\"canonical\" href=\"https:\/\/www.moore-bdr.sk\/sluzby\/podnikove-a-financne-poradenstvo\/\" \/>\n<meta property=\"og:locale\" content=\"de_DE\" \/>\n<meta property=\"og:type\" content=\"article\" \/>\n<meta property=\"og:title\" content=\"Podnikov\u00e9 a finan\u010dn\u00e9 poradenstvo Bansk\u00e1 Bystrica\" \/>\n<meta property=\"og:description\" content=\"Pon\u00fakame V\u00e1m slu\u017eby podnikov\u00e9ho a finan\u010dn\u00e9ho poradenstva tak\u00fdm sp\u00f4sobom, aby sme V\u00e1s maxim\u00e1lne odbremenili.\" \/>\n<meta property=\"og:url\" content=\"https:\/\/www.moore-bdr.sk\/sluzby\/podnikove-a-financne-poradenstvo\/\" \/>\n<meta property=\"og:site_name\" content=\"Moore BDR s. r. o.\" \/>\n<meta property=\"article:modified_time\" content=\"2026-03-24T07:36:37+00:00\" \/>\n<meta name=\"twitter:card\" content=\"summary_large_image\" \/>\n<meta name=\"twitter:label1\" content=\"Gesch\u00e4tzte Lesezeit\" \/>\n\t<meta name=\"twitter:data1\" content=\"3\u00a0Minuten\" \/>\n<script type=\"application\/ld+json\" class=\"yoast-schema-graph\">{\"@context\":\"https:\/\/schema.org\",\"@graph\":[{\"@type\":\"WebPage\",\"@id\":\"https:\/\/www.moore-bdr.sk\/sluzby\/podnikove-a-financne-poradenstvo\/\",\"url\":\"https:\/\/www.moore-bdr.sk\/sluzby\/podnikove-a-financne-poradenstvo\/\",\"name\":\"Podnikov\u00e9 a finan\u010dn\u00e9 poradenstvo Bansk\u00e1 Bystrica\",\"isPartOf\":{\"@id\":\"https:\/\/www.moore-bdr.sk\/#website\"},\"datePublished\":\"2016-11-19T18:25:57+00:00\",\"dateModified\":\"2026-03-24T07:36:37+00:00\",\"description\":\"Pon\u00fakame V\u00e1m slu\u017eby podnikov\u00e9ho a finan\u010dn\u00e9ho poradenstva tak\u00fdm sp\u00f4sobom, aby sme V\u00e1s maxim\u00e1lne odbremenili.\",\"breadcrumb\":{\"@id\":\"https:\/\/www.moore-bdr.sk\/sluzby\/podnikove-a-financne-poradenstvo\/#breadcrumb\"},\"inLanguage\":\"de\",\"potentialAction\":[{\"@type\":\"ReadAction\",\"target\":[\"https:\/\/www.moore-bdr.sk\/sluzby\/podnikove-a-financne-poradenstvo\/\"]}]},{\"@type\":\"BreadcrumbList\",\"@id\":\"https:\/\/www.moore-bdr.sk\/sluzby\/podnikove-a-financne-poradenstvo\/#breadcrumb\",\"itemListElement\":[{\"@type\":\"ListItem\",\"position\":1,\"name\":\"Domovsk\u00e1 str\u00e1nka\",\"item\":\"https:\/\/www.moore-bdr.sk\/\"},{\"@type\":\"ListItem\",\"position\":2,\"name\":\"Slu\u017eby\",\"item\":\"https:\/\/www.moore-bdr.sk\/sluzby\/\"},{\"@type\":\"ListItem\",\"position\":3,\"name\":\"Podnikov\u00e9 a finan\u010dn\u00e9 poradenstvo\"}]},{\"@type\":\"WebSite\",\"@id\":\"https:\/\/www.moore-bdr.sk\/#website\",\"url\":\"https:\/\/www.moore-bdr.sk\/\",\"name\":\"Moore BDR s. r. o.\",\"description\":\"Na\u0161e portf\u00f3lio zah\u0155\u0148a: audit \u00fa\u010dtovn\u00edctva, da\u0148ov\u00e9 poradenstvo, f\u00fazie, akviz\u00edcie, Due diligence, Bratislava, Bansk\u00e1 Bystrica\",\"potentialAction\":[{\"@type\":\"SearchAction\",\"target\":{\"@type\":\"EntryPoint\",\"urlTemplate\":\"https:\/\/www.moore-bdr.sk\/?s={search_term_string}\"},\"query-input\":{\"@type\":\"PropertyValueSpecification\",\"valueRequired\":true,\"valueName\":\"search_term_string\"}}],\"inLanguage\":\"de\"}]}<\/script>\n<!-- \/ Yoast SEO plugin. -->","yoast_head_json":{"title":"Podnikov\u00e9 a finan\u010dn\u00e9 poradenstvo Bansk\u00e1 Bystrica","description":"Pon\u00fakame V\u00e1m slu\u017eby podnikov\u00e9ho a finan\u010dn\u00e9ho poradenstva tak\u00fdm sp\u00f4sobom, aby sme V\u00e1s maxim\u00e1lne odbremenili.","robots":{"index":"index","follow":"follow","max-snippet":"max-snippet:-1","max-image-preview":"max-image-preview:large","max-video-preview":"max-video-preview:-1"},"canonical":"https:\/\/www.moore-bdr.sk\/sluzby\/podnikove-a-financne-poradenstvo\/","og_locale":"de_DE","og_type":"article","og_title":"Podnikov\u00e9 a finan\u010dn\u00e9 poradenstvo Bansk\u00e1 Bystrica","og_description":"Pon\u00fakame V\u00e1m slu\u017eby podnikov\u00e9ho a finan\u010dn\u00e9ho poradenstva tak\u00fdm sp\u00f4sobom, aby sme V\u00e1s maxim\u00e1lne odbremenili.","og_url":"https:\/\/www.moore-bdr.sk\/sluzby\/podnikove-a-financne-poradenstvo\/","og_site_name":"Moore BDR s. r. o.","article_modified_time":"2026-03-24T07:36:37+00:00","twitter_card":"summary_large_image","twitter_misc":{"Gesch\u00e4tzte Lesezeit":"3\u00a0Minuten"},"schema":{"@context":"https:\/\/schema.org","@graph":[{"@type":"WebPage","@id":"https:\/\/www.moore-bdr.sk\/sluzby\/podnikove-a-financne-poradenstvo\/","url":"https:\/\/www.moore-bdr.sk\/sluzby\/podnikove-a-financne-poradenstvo\/","name":"Podnikov\u00e9 a finan\u010dn\u00e9 poradenstvo Bansk\u00e1 Bystrica","isPartOf":{"@id":"https:\/\/www.moore-bdr.sk\/#website"},"datePublished":"2016-11-19T18:25:57+00:00","dateModified":"2026-03-24T07:36:37+00:00","description":"Pon\u00fakame V\u00e1m slu\u017eby podnikov\u00e9ho a finan\u010dn\u00e9ho poradenstva tak\u00fdm sp\u00f4sobom, aby sme V\u00e1s maxim\u00e1lne odbremenili.","breadcrumb":{"@id":"https:\/\/www.moore-bdr.sk\/sluzby\/podnikove-a-financne-poradenstvo\/#breadcrumb"},"inLanguage":"de","potentialAction":[{"@type":"ReadAction","target":["https:\/\/www.moore-bdr.sk\/sluzby\/podnikove-a-financne-poradenstvo\/"]}]},{"@type":"BreadcrumbList","@id":"https:\/\/www.moore-bdr.sk\/sluzby\/podnikove-a-financne-poradenstvo\/#breadcrumb","itemListElement":[{"@type":"ListItem","position":1,"name":"Domovsk\u00e1 str\u00e1nka","item":"https:\/\/www.moore-bdr.sk\/"},{"@type":"ListItem","position":2,"name":"Slu\u017eby","item":"https:\/\/www.moore-bdr.sk\/sluzby\/"},{"@type":"ListItem","position":3,"name":"Podnikov\u00e9 a finan\u010dn\u00e9 poradenstvo"}]},{"@type":"WebSite","@id":"https:\/\/www.moore-bdr.sk\/#website","url":"https:\/\/www.moore-bdr.sk\/","name":"Moore BDR s. r. o.","description":"Na\u0161e portf\u00f3lio zah\u0155\u0148a: audit \u00fa\u010dtovn\u00edctva, da\u0148ov\u00e9 poradenstvo, f\u00fazie, akviz\u00edcie, Due diligence, Bratislava, Bansk\u00e1 Bystrica","potentialAction":[{"@type":"SearchAction","target":{"@type":"EntryPoint","urlTemplate":"https:\/\/www.moore-bdr.sk\/?s={search_term_string}"},"query-input":{"@type":"PropertyValueSpecification","valueRequired":true,"valueName":"search_term_string"}}],"inLanguage":"de"}]}},"_links":{"self":[{"href":"https:\/\/www.moore-bdr.sk\/de\/wp-json\/wp\/v2\/pages\/45","targetHints":{"allow":["GET"]}}],"collection":[{"href":"https:\/\/www.moore-bdr.sk\/de\/wp-json\/wp\/v2\/pages"}],"about":[{"href":"https:\/\/www.moore-bdr.sk\/de\/wp-json\/wp\/v2\/types\/page"}],"author":[{"embeddable":true,"href":"https:\/\/www.moore-bdr.sk\/de\/wp-json\/wp\/v2\/users\/1"}],"replies":[{"embeddable":true,"href":"https:\/\/www.moore-bdr.sk\/de\/wp-json\/wp\/v2\/comments?post=45"}],"version-history":[{"count":29,"href":"https:\/\/www.moore-bdr.sk\/de\/wp-json\/wp\/v2\/pages\/45\/revisions"}],"predecessor-version":[{"id":9713,"href":"https:\/\/www.moore-bdr.sk\/de\/wp-json\/wp\/v2\/pages\/45\/revisions\/9713"}],"up":[{"embeddable":true,"href":"https:\/\/www.moore-bdr.sk\/de\/wp-json\/wp\/v2\/pages\/17"}],"wp:attachment":[{"href":"https:\/\/www.moore-bdr.sk\/de\/wp-json\/wp\/v2\/media?parent=45"}],"curies":[{"name":"wp","href":"https:\/\/api.w.org\/{rel}","templated":true}]}}