{"id":4655,"date":"2021-05-14T15:17:56","date_gmt":"2021-05-14T13:17:56","guid":{"rendered":"https:\/\/www.moore-bdr.sk\/?page_id=4655"},"modified":"2026-04-15T15:39:21","modified_gmt":"2026-04-15T13:39:21","slug":"danovy-poradca","status":"publish","type":"page","link":"https:\/\/www.moore-bdr.sk\/de\/kariera\/danovy-poradca\/","title":{"rendered":"Da\u0148ov\u00fd poradca"},"content":{"rendered":"<div class=\"wpb-content-wrapper\"><p>[vc_row type=&#8220;vc_default&#8220; margin_top=&#8220;-50&#8243; bg_type=&#8220;image&#8220; parallax_style=&#8220;vcpb-default&#8220; bg_image_new=&#8220;id^215|url^https:\/\/www.moore-bdr.sk\/wp-content\/uploads\/2016\/11\/84743207_20adjusted.jpg|caption^null|alt^null|title^84743207_20adjusted|description^null&#8220; bg_image_repeat=&#8220;no-repeat&#8220; bg_override=&#8220;full&#8220; enable_overlay=&#8220;enable_overlay_value&#8220; overlay_color=&#8220;#000000&#8243; overlay_pattern=&#8220;transperant&#8220; overlay_pattern_opacity=&#8220;100&#8243; min_height=&#8220;350&#8243; css=&#8220;.vc_custom_1480083034300{margin-top: 58px !important;}&#8220;][vc_column]<div class=\"ult-spacer spacer-69ecf8f820661\" data-id=\"69ecf8f820661\" data-height=\"150\" data-height-mobile=\"150\" data-height-tab=\"150\" data-height-tab-portrait=\"\" data-height-mobile-landscape=\"\" style=\"clear:both;display:block;\"><\/div><div class=\"ult-spacer spacer-69ecf8f82066a\" data-id=\"69ecf8f82066a\" data-height=\"150\" data-height-mobile=\"150\" data-height-tab=\"150\" data-height-tab-portrait=\"\" data-height-mobile-landscape=\"\" style=\"clear:both;display:block;\"><\/div>[\/vc_column][\/vc_row]<\/p>\n<\/div>","protected":false},"excerpt":{"rendered":"<p>[vc_row type=&#8220;vc_default&#8220; margin_top=&#8220;-50&#8243; bg_type=&#8220;image&#8220; parallax_style=&#8220;vcpb-default&#8220; bg_image_new=&#8220;id^215|url^https:\/\/www.moore-bdr.sk\/wp-content\/uploads\/2016\/11\/84743207_20adjusted.jpg|caption^null|alt^null|title^84743207_20adjusted|description^null&#8220; bg_image_repeat=&#8220;no-repeat&#8220; bg_override=&#8220;full&#8220; enable_overlay=&#8220;enable_overlay_value&#8220; overlay_color=&#8220;#000000&#8243; overlay_pattern=&#8220;transperant&#8220; overlay_pattern_opacity=&#8220;100&#8243; min_height=&#8220;350&#8243; css=&#8220;.vc_custom_1480083034300{margin-top: 58px !important;}&#8220;][vc_column][\/vc_column][\/vc_row]<\/p>\n","protected":false},"author":1,"featured_media":0,"parent":4623,"menu_order":0,"comment_status":"closed","ping_status":"closed","template":"","meta":{"inline_featured_image":false,"footnotes":""},"class_list":["post-4655","page","type-page","status-publish","hentry","description-off"],"yoast_head":"<!-- This site is optimized with the Yoast SEO plugin v26.1.1 - https:\/\/yoast.com\/wordpress\/plugins\/seo\/ -->\n<title>Da\u0148ov\u00fd poradca - Moore BDR s. r. o.<\/title>\n<meta name=\"robots\" content=\"index, follow, max-snippet:-1, max-image-preview:large, max-video-preview:-1\" \/>\n<link rel=\"canonical\" href=\"https:\/\/www.moore-bdr.sk\/kariera\/danovy-poradca\/\" \/>\n<meta property=\"og:locale\" content=\"de_DE\" \/>\n<meta property=\"og:type\" content=\"article\" \/>\n<meta property=\"og:title\" content=\"[:sk]Senior da\u0148ov\u00fd poradca[:en]Da\u0148ov\u00fd poradca[:de]Da\u0148ov\u00fd poradca[:] - Moore BDR s. r. o.\" \/>\n<meta property=\"og:description\" content=\"[vc_row type=&#8220;vc_default&#8220; margin_top=&#8220;-50&#8243; bg_type=&#8220;image&#8220; parallax_style=&#8220;vcpb-default&#8220; bg_image_new=&#8220;id^215|url^https:\/\/www.moore-bdr.sk\/wp-content\/uploads\/2016\/11\/84743207_20adjusted.jpg|caption^null|alt^null|title^84743207_20adjusted|description^null&#8220; bg_image_repeat=&#8220;no-repeat&#8220; bg_override=&#8220;full&#8220; enable_overlay=&#8220;enable_overlay_value&#8220; overlay_color=&#8220;#000000&#8243; overlay_pattern=&#8220;transperant&#8220; overlay_pattern_opacity=&#8220;100&#8243; min_height=&#8220;350&#8243; css=&#8220;.vc_custom_1480083034300{margin-top: 58px !important;}&#8220;][vc_column][\/vc_column][\/vc_row]\" \/>\n<meta property=\"og:url\" content=\"https:\/\/www.moore-bdr.sk\/kariera\/danovy-poradca\/\" \/>\n<meta property=\"og:site_name\" content=\"Moore BDR s. r. o.\" \/>\n<meta property=\"article:modified_time\" content=\"2026-04-15T13:39:21+00:00\" \/>\n<meta name=\"twitter:card\" content=\"summary_large_image\" \/>\n<meta name=\"twitter:label1\" content=\"Gesch\u00e4tzte Lesezeit\" \/>\n\t<meta name=\"twitter:data1\" content=\"4\u00a0Minuten\" \/>\n<script type=\"application\/ld+json\" class=\"yoast-schema-graph\">{\"@context\":\"https:\/\/schema.org\",\"@graph\":[{\"@type\":\"WebPage\",\"@id\":\"https:\/\/www.moore-bdr.sk\/kariera\/danovy-poradca\/\",\"url\":\"https:\/\/www.moore-bdr.sk\/kariera\/danovy-poradca\/\",\"name\":\"[:sk]Senior da\u0148ov\u00fd poradca[:en]Da\u0148ov\u00fd poradca[:de]Da\u0148ov\u00fd poradca[:] - Moore BDR s. r. o.\",\"isPartOf\":{\"@id\":\"https:\/\/www.moore-bdr.sk\/#website\"},\"datePublished\":\"2021-05-14T13:17:56+00:00\",\"dateModified\":\"2026-04-15T13:39:21+00:00\",\"breadcrumb\":{\"@id\":\"https:\/\/www.moore-bdr.sk\/kariera\/danovy-poradca\/#breadcrumb\"},\"inLanguage\":\"de\",\"potentialAction\":[{\"@type\":\"ReadAction\",\"target\":[\"https:\/\/www.moore-bdr.sk\/kariera\/danovy-poradca\/\"]}]},{\"@type\":\"BreadcrumbList\",\"@id\":\"https:\/\/www.moore-bdr.sk\/kariera\/danovy-poradca\/#breadcrumb\",\"itemListElement\":[{\"@type\":\"ListItem\",\"position\":1,\"name\":\"Domovsk\u00e1 str\u00e1nka\",\"item\":\"https:\/\/www.moore-bdr.sk\/\"},{\"@type\":\"ListItem\",\"position\":2,\"name\":\"Kari\u00e9ra\",\"item\":\"https:\/\/www.moore-bdr.sk\/kariera\/\"},{\"@type\":\"ListItem\",\"position\":3,\"name\":\"Senior da\u0148ov\u00fd poradca\"}]},{\"@type\":\"WebSite\",\"@id\":\"https:\/\/www.moore-bdr.sk\/#website\",\"url\":\"https:\/\/www.moore-bdr.sk\/\",\"name\":\"Moore BDR s. r. o.\",\"description\":\"Na\u0161e portf\u00f3lio zah\u0155\u0148a: audit \u00fa\u010dtovn\u00edctva, da\u0148ov\u00e9 poradenstvo, f\u00fazie, akviz\u00edcie, Due diligence, Bratislava, Bansk\u00e1 Bystrica\",\"potentialAction\":[{\"@type\":\"SearchAction\",\"target\":{\"@type\":\"EntryPoint\",\"urlTemplate\":\"https:\/\/www.moore-bdr.sk\/?s={search_term_string}\"},\"query-input\":{\"@type\":\"PropertyValueSpecification\",\"valueRequired\":true,\"valueName\":\"search_term_string\"}}],\"inLanguage\":\"de\"}]}<\/script>\n<!-- \/ Yoast SEO plugin. -->","yoast_head_json":{"title":"[:sk]Senior da\u0148ov\u00fd poradca[:en]Da\u0148ov\u00fd poradca[:de]Da\u0148ov\u00fd poradca[:] - Moore BDR s. r. o.","robots":{"index":"index","follow":"follow","max-snippet":"max-snippet:-1","max-image-preview":"max-image-preview:large","max-video-preview":"max-video-preview:-1"},"canonical":"https:\/\/www.moore-bdr.sk\/kariera\/danovy-poradca\/","og_locale":"de_DE","og_type":"article","og_title":"[:sk]Senior da\u0148ov\u00fd poradca[:en]Da\u0148ov\u00fd poradca[:de]Da\u0148ov\u00fd poradca[:] - Moore BDR s. r. o.","og_description":"[vc_row type=&#8220;vc_default&#8220; margin_top=&#8220;-50&#8243; bg_type=&#8220;image&#8220; parallax_style=&#8220;vcpb-default&#8220; bg_image_new=&#8220;id^215|url^https:\/\/www.moore-bdr.sk\/wp-content\/uploads\/2016\/11\/84743207_20adjusted.jpg|caption^null|alt^null|title^84743207_20adjusted|description^null&#8220; bg_image_repeat=&#8220;no-repeat&#8220; bg_override=&#8220;full&#8220; enable_overlay=&#8220;enable_overlay_value&#8220; overlay_color=&#8220;#000000&#8243; overlay_pattern=&#8220;transperant&#8220; overlay_pattern_opacity=&#8220;100&#8243; min_height=&#8220;350&#8243; css=&#8220;.vc_custom_1480083034300{margin-top: 58px !important;}&#8220;][vc_column][\/vc_column][\/vc_row]","og_url":"https:\/\/www.moore-bdr.sk\/kariera\/danovy-poradca\/","og_site_name":"Moore BDR s. r. o.","article_modified_time":"2026-04-15T13:39:21+00:00","twitter_card":"summary_large_image","twitter_misc":{"Gesch\u00e4tzte Lesezeit":"4\u00a0Minuten"},"schema":{"@context":"https:\/\/schema.org","@graph":[{"@type":"WebPage","@id":"https:\/\/www.moore-bdr.sk\/kariera\/danovy-poradca\/","url":"https:\/\/www.moore-bdr.sk\/kariera\/danovy-poradca\/","name":"[:sk]Senior da\u0148ov\u00fd poradca[:en]Da\u0148ov\u00fd poradca[:de]Da\u0148ov\u00fd poradca[:] - Moore BDR s. r. o.","isPartOf":{"@id":"https:\/\/www.moore-bdr.sk\/#website"},"datePublished":"2021-05-14T13:17:56+00:00","dateModified":"2026-04-15T13:39:21+00:00","breadcrumb":{"@id":"https:\/\/www.moore-bdr.sk\/kariera\/danovy-poradca\/#breadcrumb"},"inLanguage":"de","potentialAction":[{"@type":"ReadAction","target":["https:\/\/www.moore-bdr.sk\/kariera\/danovy-poradca\/"]}]},{"@type":"BreadcrumbList","@id":"https:\/\/www.moore-bdr.sk\/kariera\/danovy-poradca\/#breadcrumb","itemListElement":[{"@type":"ListItem","position":1,"name":"Domovsk\u00e1 str\u00e1nka","item":"https:\/\/www.moore-bdr.sk\/"},{"@type":"ListItem","position":2,"name":"Kari\u00e9ra","item":"https:\/\/www.moore-bdr.sk\/kariera\/"},{"@type":"ListItem","position":3,"name":"Senior da\u0148ov\u00fd poradca"}]},{"@type":"WebSite","@id":"https:\/\/www.moore-bdr.sk\/#website","url":"https:\/\/www.moore-bdr.sk\/","name":"Moore BDR s. r. o.","description":"Na\u0161e portf\u00f3lio zah\u0155\u0148a: audit \u00fa\u010dtovn\u00edctva, da\u0148ov\u00e9 poradenstvo, f\u00fazie, akviz\u00edcie, Due diligence, Bratislava, Bansk\u00e1 Bystrica","potentialAction":[{"@type":"SearchAction","target":{"@type":"EntryPoint","urlTemplate":"https:\/\/www.moore-bdr.sk\/?s={search_term_string}"},"query-input":{"@type":"PropertyValueSpecification","valueRequired":true,"valueName":"search_term_string"}}],"inLanguage":"de"}]}},"_links":{"self":[{"href":"https:\/\/www.moore-bdr.sk\/de\/wp-json\/wp\/v2\/pages\/4655","targetHints":{"allow":["GET"]}}],"collection":[{"href":"https:\/\/www.moore-bdr.sk\/de\/wp-json\/wp\/v2\/pages"}],"about":[{"href":"https:\/\/www.moore-bdr.sk\/de\/wp-json\/wp\/v2\/types\/page"}],"author":[{"embeddable":true,"href":"https:\/\/www.moore-bdr.sk\/de\/wp-json\/wp\/v2\/users\/1"}],"replies":[{"embeddable":true,"href":"https:\/\/www.moore-bdr.sk\/de\/wp-json\/wp\/v2\/comments?post=4655"}],"version-history":[{"count":9,"href":"https:\/\/www.moore-bdr.sk\/de\/wp-json\/wp\/v2\/pages\/4655\/revisions"}],"predecessor-version":[{"id":9767,"href":"https:\/\/www.moore-bdr.sk\/de\/wp-json\/wp\/v2\/pages\/4655\/revisions\/9767"}],"up":[{"embeddable":true,"href":"https:\/\/www.moore-bdr.sk\/de\/wp-json\/wp\/v2\/pages\/4623"}],"wp:attachment":[{"href":"https:\/\/www.moore-bdr.sk\/de\/wp-json\/wp\/v2\/media?parent=4655"}],"curies":[{"name":"wp","href":"https:\/\/api.w.org\/{rel}","templated":true}]}}