{"id":48,"date":"2016-11-19T20:26:27","date_gmt":"2016-11-19T18:26:27","guid":{"rendered":"https:\/\/www.moore-bdr.sk\/?page_id=48"},"modified":"2026-03-24T09:41:11","modified_gmt":"2026-03-24T07:41:11","slug":"pravne-sluzby","status":"publish","type":"page","link":"https:\/\/www.moore-bdr.sk\/de\/sluzby\/pravne-sluzby\/","title":{"rendered":"Rechtsdienstleistungen"},"content":{"rendered":"<div class=\"wpb-content-wrapper\"><p>[vc_row type=&#8220;vc_default&#8220; margin_top=&#8220;-50&#8243; bg_type=&#8220;image&#8220; parallax_style=&#8220;vcpb-default&#8220; bg_image_new=&#8220;id^2547|url^https:\/\/www.moore-bdr.sk\/wp-content\/uploads\/2019\/09\/a15.jpg|caption^null|alt^null|title^a15|description^null&#8220; bg_image_repeat=&#8220;no-repeat&#8220; bg_override=&#8220;full&#8220; min_height=&#8220;350&#8243;][vc_column]<div class=\"ult-spacer spacer-69ece0feae9ed\" data-id=\"69ece0feae9ed\" data-height=\"130\" data-height-mobile=\"30\" data-height-tab=\"80\" data-height-tab-portrait=\"80\" data-height-mobile-landscape=\"30\" style=\"clear:both;display:block;\"><\/div><div id=\"ultimate-heading-833169ece0feaea4c\" class=\"uvc-heading ult-adjust-bottom-margin ultimate-heading-833169ece0feaea4c uvc-9908 \" data-hspacer=\"no_spacer\"  data-halign=\"left\" style=\"text-align:left\"><div class=\"uvc-heading-spacer no_spacer\" style=\"top\"><\/div><div class=\"uvc-main-heading ult-responsive\"  data-ultimate-target='.uvc-heading.ultimate-heading-833169ece0feaea4c h2'  data-responsive-json-new='{\"font-size\":\"desktop:36px;\",\"line-height\":\"\"}' ><h2 style=\"font-weight:bold;color:#ffffff;\">RECHTSDIENSTLEISTUNGEN<\/h2><\/div><\/div><div class=\"ult-spacer spacer-69ece0feaeada\" data-id=\"69ece0feaeada\" data-height=\"150\" data-height-mobile=\"50\" data-height-tab=\"100\" data-height-tab-portrait=\"100\" data-height-mobile-landscape=\"50\" style=\"clear:both;display:block;\"><\/div>[\/vc_column][\/vc_row][vc_row][vc_column]<style type=\"text\/css\" data-type=\"the7_shortcodes-inline-css\">.dt-breadcrumbs-id-3d8bcd3afc1ebaf9aeff37816dff855f .breadcrumbs {\n  display: inline-block;\n  margin: 0;\n  padding: 2px 10px 2px 10px;\n  border: 0px solid ;\n  border-radius: 0px;\n}\n.dt-breadcrumbs-id-3d8bcd3afc1ebaf9aeff37816dff855f .breadcrumbs * {\n  color: #485daa;\n}\n<\/style><div class=\"dt-breadcrumbs-shortcode dt-breadcrumbs-id-3d8bcd3afc1ebaf9aeff37816dff855f align-left\"><div class=\"assistive-text\">Sie befinden sich hier:<\/div><ol class=\"breadcrumbs text-small\" itemscope itemtype=\"https:\/\/schema.org\/BreadcrumbList\"><li itemprop=\"itemListElement\" itemscope itemtype=\"https:\/\/schema.org\/ListItem\"><a itemprop=\"item\" href=\"https:\/\/www.moore-bdr.sk\/de\/\" title=\"Start\"><span itemprop=\"name\">Start<\/span><\/a><meta itemprop=\"position\" content=\"1\" \/><\/li><li class=\"current\" itemprop=\"itemListElement\" itemscope itemtype=\"https:\/\/schema.org\/ListItem\"><span itemprop=\"name\">Seite<\/span><meta itemprop=\"position\" content=\"2\" \/><\/li><\/ol><\/div>[vc_empty_space height=&#8220;20px&#8220;][vc_separator][\/vc_column][\/vc_row][vc_row][vc_column width=&#8220;2\/3&#8243;][vc_column_text]<span style=\"color: #00aeef;\"><strong>Unsere Gesellschaft hat einen internen Rechtsanwalt und nach Bedarfsfall arbeiten wir mit mehreren anerkannten Rechtsanwaltsb\u00fcros zusammen. Wie bieten folgende rechtliche Dienstleistungen an:\u00a0<\/strong><\/span><\/p>\n<ul>\n<li>Gr\u00fcndung der Kapital- und Personengesellschaften\n<ul>\n<li>Ausarbeitung von Gesellschaftsvertr\u00e4gen und -satzungen<\/li>\n<li>Verarbeitung von weiteren bei der Gr\u00fcndung einer Gesellschaft erforderlichen Dokumente<\/li>\n<li>Eintragung von Dokumenten in Register<\/li>\n<li>Registrierung der Gesellschaften am Finanz- und Zollamt, an der Sozialversicherungsanstalt und allen Kassenkassen<\/li>\n<li>Gew\u00e4hrung eines virtuellen Sitzes der Gesellschaft\u00a0 in unseren R\u00e4umlichkeiten<\/li>\n<li>Hilfe beim Suchen passender B\u00fcror\u00e4ume<\/li>\n<li>Beratung\u00a0 bez\u00fcglich Pflichten und Verantwortung der Gesch\u00e4ftsf\u00fchrer und Vorstandsmitgliede<\/li>\n<\/ul>\n<\/li>\n<li>Beratung im Bereich des Handelsrechts<\/li>\n<li>Beratung im Bereich des Arbeitsrechts<\/li>\n<li>Beratung im Bereich des b\u00fcrgerlichen Rechts<span class=\"t3-form-field-container\"><img decoding=\"async\" class=\"t3-TCEforms-reqImg\" src=\"https:\/\/www.moore-bdr.sk\/typo3\/clear.gif\" alt=\"\" name=\"req_tt_content_168_bodytext\" \/><\/span><\/li>\n<li>Beratung bei Fusionen, Aquisitionen und Umwandlungen der Gesellschaften\n<ul>\n<li>Komplexe Rechts-, Steuer- und finanzielle Pr\u00fcfung (Due Diligence) von Handelsgesellschaften<\/li>\n<li>Ausnutzung der Zusammenarbeit mit Partnerberatungsgesellschaften im Rahmen des Netzwerks Moore Global Limited Network International Limited in 103 L\u00e4nder der Welt<\/li>\n<li>Risikomanagement in grenz\u00fcberschreitenden Handelstransaktionen<\/li>\n<li>Vorbereitung von rechtlichen Stellungnahmen, Kaufvertr\u00e4gen, Letters of Intent usw.<\/li>\n<li>Post-Merger-Integration und Rechtsunterst\u00fctzung<\/li>\n<\/ul>\n<\/li>\n<\/ul>\n<p>[\/vc_column_text][\/vc_column][vc_column width=&#8220;1\/3&#8243;][vc_widget_sidebar show_bg=&#8220;false&#8220; sidebar_id=&#8220;sidebar_4&#8243; el_class=&#8220;bocnalista&#8220;][\/vc_column][\/vc_row]<\/p>\n<\/div>","protected":false},"excerpt":{"rendered":"<p>RECHTSDIENSTLEISTUNGEN Unsere Gesellschaft hat einen internen Rechtsanwalt und nach Bedarfsfall arbeiten wir mit mehreren anerkannten Rechtsanwaltsb\u00fcros zusammen. Wie bieten folgende rechtliche Dienstleistungen an:\u00a0 Gr\u00fcndung der Kapital- und Personengesellschaften Ausarbeitung von Gesellschaftsvertr\u00e4gen und -satzungen Verarbeitung von weiteren bei der Gr\u00fcndung einer Gesellschaft erforderlichen Dokumente Eintragung von Dokumenten in Register Registrierung der Gesellschaften am Finanz- und Zollamt,&hellip;<\/p>\n","protected":false},"author":1,"featured_media":0,"parent":17,"menu_order":0,"comment_status":"closed","ping_status":"closed","template":"","meta":{"inline_featured_image":false,"footnotes":""},"class_list":["post-48","page","type-page","status-publish","hentry","description-off"],"yoast_head":"<!-- This site is optimized with the Yoast SEO plugin v26.1.1 - https:\/\/yoast.com\/wordpress\/plugins\/seo\/ -->\n<title>Rechtsdienstleistungen - Moore BDR s. r. o.<\/title>\n<meta name=\"robots\" content=\"index, follow, max-snippet:-1, max-image-preview:large, max-video-preview:-1\" \/>\n<link rel=\"canonical\" href=\"https:\/\/www.moore-bdr.sk\/sluzby\/pravne-sluzby\/\" \/>\n<meta property=\"og:locale\" content=\"de_DE\" \/>\n<meta property=\"og:type\" content=\"article\" \/>\n<meta property=\"og:title\" content=\"[:sk]Pr\u00e1vne slu\u017eby[:en]Legal Services[:de]Rechtsdienstleistungen[:] - Moore BDR s. r. o.\" \/>\n<meta property=\"og:url\" content=\"https:\/\/www.moore-bdr.sk\/sluzby\/pravne-sluzby\/\" \/>\n<meta property=\"og:site_name\" content=\"Moore BDR s. r. o.\" \/>\n<meta property=\"article:modified_time\" content=\"2026-03-24T07:41:11+00:00\" \/>\n<meta property=\"og:image\" content=\"https:\/\/www.moore-bdr.sk\/typo3\/clear.gif\" \/>\n<meta name=\"twitter:card\" content=\"summary_large_image\" \/>\n<meta name=\"twitter:label1\" content=\"Gesch\u00e4tzte Lesezeit\" \/>\n\t<meta name=\"twitter:data1\" content=\"7\u00a0Minuten\" \/>\n<script type=\"application\/ld+json\" class=\"yoast-schema-graph\">{\"@context\":\"https:\/\/schema.org\",\"@graph\":[{\"@type\":\"WebPage\",\"@id\":\"https:\/\/www.moore-bdr.sk\/sluzby\/pravne-sluzby\/\",\"url\":\"https:\/\/www.moore-bdr.sk\/sluzby\/pravne-sluzby\/\",\"name\":\"[:sk]Pr\u00e1vne slu\u017eby[:en]Legal Services[:de]Rechtsdienstleistungen[:] - Moore BDR s. r. o.\",\"isPartOf\":{\"@id\":\"https:\/\/www.moore-bdr.sk\/#website\"},\"primaryImageOfPage\":{\"@id\":\"https:\/\/www.moore-bdr.sk\/sluzby\/pravne-sluzby\/#primaryimage\"},\"image\":{\"@id\":\"https:\/\/www.moore-bdr.sk\/sluzby\/pravne-sluzby\/#primaryimage\"},\"thumbnailUrl\":\"https:\/\/www.moore-bdr.sk\/typo3\/clear.gif\",\"datePublished\":\"2016-11-19T18:26:27+00:00\",\"dateModified\":\"2026-03-24T07:41:11+00:00\",\"breadcrumb\":{\"@id\":\"https:\/\/www.moore-bdr.sk\/sluzby\/pravne-sluzby\/#breadcrumb\"},\"inLanguage\":\"de\",\"potentialAction\":[{\"@type\":\"ReadAction\",\"target\":[\"https:\/\/www.moore-bdr.sk\/sluzby\/pravne-sluzby\/\"]}]},{\"@type\":\"ImageObject\",\"inLanguage\":\"de\",\"@id\":\"https:\/\/www.moore-bdr.sk\/sluzby\/pravne-sluzby\/#primaryimage\",\"url\":\"https:\/\/www.moore-bdr.sk\/typo3\/clear.gif\",\"contentUrl\":\"https:\/\/www.moore-bdr.sk\/typo3\/clear.gif\"},{\"@type\":\"BreadcrumbList\",\"@id\":\"https:\/\/www.moore-bdr.sk\/sluzby\/pravne-sluzby\/#breadcrumb\",\"itemListElement\":[{\"@type\":\"ListItem\",\"position\":1,\"name\":\"Domovsk\u00e1 str\u00e1nka\",\"item\":\"https:\/\/www.moore-bdr.sk\/\"},{\"@type\":\"ListItem\",\"position\":2,\"name\":\"Slu\u017eby\",\"item\":\"https:\/\/www.moore-bdr.sk\/sluzby\/\"},{\"@type\":\"ListItem\",\"position\":3,\"name\":\"Pr\u00e1vne slu\u017eby\"}]},{\"@type\":\"WebSite\",\"@id\":\"https:\/\/www.moore-bdr.sk\/#website\",\"url\":\"https:\/\/www.moore-bdr.sk\/\",\"name\":\"Moore BDR s. r. o.\",\"description\":\"Na\u0161e portf\u00f3lio zah\u0155\u0148a: audit \u00fa\u010dtovn\u00edctva, da\u0148ov\u00e9 poradenstvo, f\u00fazie, akviz\u00edcie, Due diligence, Bratislava, Bansk\u00e1 Bystrica\",\"potentialAction\":[{\"@type\":\"SearchAction\",\"target\":{\"@type\":\"EntryPoint\",\"urlTemplate\":\"https:\/\/www.moore-bdr.sk\/?s={search_term_string}\"},\"query-input\":{\"@type\":\"PropertyValueSpecification\",\"valueRequired\":true,\"valueName\":\"search_term_string\"}}],\"inLanguage\":\"de\"}]}<\/script>\n<!-- \/ Yoast SEO plugin. -->","yoast_head_json":{"title":"[:sk]Pr\u00e1vne slu\u017eby[:en]Legal Services[:de]Rechtsdienstleistungen[:] - Moore BDR s. r. o.","robots":{"index":"index","follow":"follow","max-snippet":"max-snippet:-1","max-image-preview":"max-image-preview:large","max-video-preview":"max-video-preview:-1"},"canonical":"https:\/\/www.moore-bdr.sk\/sluzby\/pravne-sluzby\/","og_locale":"de_DE","og_type":"article","og_title":"[:sk]Pr\u00e1vne slu\u017eby[:en]Legal Services[:de]Rechtsdienstleistungen[:] - Moore BDR s. r. o.","og_url":"https:\/\/www.moore-bdr.sk\/sluzby\/pravne-sluzby\/","og_site_name":"Moore BDR s. r. o.","article_modified_time":"2026-03-24T07:41:11+00:00","og_image":[{"url":"https:\/\/www.moore-bdr.sk\/typo3\/clear.gif","type":"","width":"","height":""}],"twitter_card":"summary_large_image","twitter_misc":{"Gesch\u00e4tzte Lesezeit":"7\u00a0Minuten"},"schema":{"@context":"https:\/\/schema.org","@graph":[{"@type":"WebPage","@id":"https:\/\/www.moore-bdr.sk\/sluzby\/pravne-sluzby\/","url":"https:\/\/www.moore-bdr.sk\/sluzby\/pravne-sluzby\/","name":"[:sk]Pr\u00e1vne slu\u017eby[:en]Legal Services[:de]Rechtsdienstleistungen[:] - Moore BDR s. r. o.","isPartOf":{"@id":"https:\/\/www.moore-bdr.sk\/#website"},"primaryImageOfPage":{"@id":"https:\/\/www.moore-bdr.sk\/sluzby\/pravne-sluzby\/#primaryimage"},"image":{"@id":"https:\/\/www.moore-bdr.sk\/sluzby\/pravne-sluzby\/#primaryimage"},"thumbnailUrl":"https:\/\/www.moore-bdr.sk\/typo3\/clear.gif","datePublished":"2016-11-19T18:26:27+00:00","dateModified":"2026-03-24T07:41:11+00:00","breadcrumb":{"@id":"https:\/\/www.moore-bdr.sk\/sluzby\/pravne-sluzby\/#breadcrumb"},"inLanguage":"de","potentialAction":[{"@type":"ReadAction","target":["https:\/\/www.moore-bdr.sk\/sluzby\/pravne-sluzby\/"]}]},{"@type":"ImageObject","inLanguage":"de","@id":"https:\/\/www.moore-bdr.sk\/sluzby\/pravne-sluzby\/#primaryimage","url":"https:\/\/www.moore-bdr.sk\/typo3\/clear.gif","contentUrl":"https:\/\/www.moore-bdr.sk\/typo3\/clear.gif"},{"@type":"BreadcrumbList","@id":"https:\/\/www.moore-bdr.sk\/sluzby\/pravne-sluzby\/#breadcrumb","itemListElement":[{"@type":"ListItem","position":1,"name":"Domovsk\u00e1 str\u00e1nka","item":"https:\/\/www.moore-bdr.sk\/"},{"@type":"ListItem","position":2,"name":"Slu\u017eby","item":"https:\/\/www.moore-bdr.sk\/sluzby\/"},{"@type":"ListItem","position":3,"name":"Pr\u00e1vne slu\u017eby"}]},{"@type":"WebSite","@id":"https:\/\/www.moore-bdr.sk\/#website","url":"https:\/\/www.moore-bdr.sk\/","name":"Moore BDR s. r. o.","description":"Na\u0161e portf\u00f3lio zah\u0155\u0148a: audit \u00fa\u010dtovn\u00edctva, da\u0148ov\u00e9 poradenstvo, f\u00fazie, akviz\u00edcie, Due diligence, Bratislava, Bansk\u00e1 Bystrica","potentialAction":[{"@type":"SearchAction","target":{"@type":"EntryPoint","urlTemplate":"https:\/\/www.moore-bdr.sk\/?s={search_term_string}"},"query-input":{"@type":"PropertyValueSpecification","valueRequired":true,"valueName":"search_term_string"}}],"inLanguage":"de"}]}},"_links":{"self":[{"href":"https:\/\/www.moore-bdr.sk\/de\/wp-json\/wp\/v2\/pages\/48","targetHints":{"allow":["GET"]}}],"collection":[{"href":"https:\/\/www.moore-bdr.sk\/de\/wp-json\/wp\/v2\/pages"}],"about":[{"href":"https:\/\/www.moore-bdr.sk\/de\/wp-json\/wp\/v2\/types\/page"}],"author":[{"embeddable":true,"href":"https:\/\/www.moore-bdr.sk\/de\/wp-json\/wp\/v2\/users\/1"}],"replies":[{"embeddable":true,"href":"https:\/\/www.moore-bdr.sk\/de\/wp-json\/wp\/v2\/comments?post=48"}],"version-history":[{"count":49,"href":"https:\/\/www.moore-bdr.sk\/de\/wp-json\/wp\/v2\/pages\/48\/revisions"}],"predecessor-version":[{"id":9716,"href":"https:\/\/www.moore-bdr.sk\/de\/wp-json\/wp\/v2\/pages\/48\/revisions\/9716"}],"up":[{"embeddable":true,"href":"https:\/\/www.moore-bdr.sk\/de\/wp-json\/wp\/v2\/pages\/17"}],"wp:attachment":[{"href":"https:\/\/www.moore-bdr.sk\/de\/wp-json\/wp\/v2\/media?parent=48"}],"curies":[{"name":"wp","href":"https:\/\/api.w.org\/{rel}","templated":true}]}}