{"id":50,"date":"2016-11-19T20:34:24","date_gmt":"2016-11-19T18:34:24","guid":{"rendered":"https:\/\/www.moore-bdr.sk\/?page_id=50"},"modified":"2025-08-18T16:37:54","modified_gmt":"2025-08-18T14:37:54","slug":"audit-poistenia","status":"publish","type":"page","link":"https:\/\/www.moore-bdr.sk\/de\/sluzby\/audit-poistenia\/","title":{"rendered":"Wirschaftspr\u00fcfung bei Versicherungen"},"content":{"rendered":"<div class=\"wpb-content-wrapper\"><p><\/p>\n<p>[vc_row type=&#8220;vc_default&#8220; margin_top=&#8220;-50&#8243; bg_type=&#8220;image&#8220; parallax_style=&#8220;vcpb-default&#8220; bg_image_new=&#8220;id^2503|url^https:\/\/www.moore-bdr.sk\/wp-content\/uploads\/2019\/09\/a1.jpg|caption^null|alt^null|title^a1|description^null&#8220; bg_image_repeat=&#8220;no-repeat&#8220; bg_override=&#8220;full&#8220; min_height=&#8220;350&#8243;][vc_column]<div class=\"ult-spacer spacer-69ece3c72d0d8\" data-id=\"69ece3c72d0d8\" data-height=\"130\" data-height-mobile=\"30\" data-height-tab=\"80\" data-height-tab-portrait=\"80\" data-height-mobile-landscape=\"30\" style=\"clear:both;display:block;\"><\/div><div id=\"ultimate-heading-869269ece3c72d124\" class=\"uvc-heading ult-adjust-bottom-margin ultimate-heading-869269ece3c72d124 uvc-9269 \" data-hspacer=\"no_spacer\"  data-halign=\"left\" style=\"text-align:left\"><div class=\"uvc-heading-spacer no_spacer\" style=\"top\"><\/div><div class=\"uvc-main-heading ult-responsive\"  data-ultimate-target='.uvc-heading.ultimate-heading-869269ece3c72d124 h2'  data-responsive-json-new='{\"font-size\":\"desktop:36px;\",\"line-height\":\"\"}' ><h2 style=\"font-weight:bold;color:#ffffff;\">WIRSCHAFTSPR\u00dcFUNG BEI VERSICHERUNGEN<\/h2><\/div><\/div><div class=\"ult-spacer spacer-69ece3c72d1a9\" data-id=\"69ece3c72d1a9\" data-height=\"150\" data-height-mobile=\"50\" data-height-tab=\"100\" data-height-tab-portrait=\"100\" data-height-mobile-landscape=\"50\" style=\"clear:both;display:block;\"><\/div>[\/vc_column][\/vc_row][vc_row][vc_column]<style type=\"text\/css\" data-type=\"the7_shortcodes-inline-css\">.dt-breadcrumbs-id-3d8bcd3afc1ebaf9aeff37816dff855f .breadcrumbs {\n  display: inline-block;\n  margin: 0;\n  padding: 2px 10px 2px 10px;\n  border: 0px solid ;\n  border-radius: 0px;\n}\n.dt-breadcrumbs-id-3d8bcd3afc1ebaf9aeff37816dff855f .breadcrumbs * {\n  color: #485daa;\n}\n<\/style><div class=\"dt-breadcrumbs-shortcode dt-breadcrumbs-id-3d8bcd3afc1ebaf9aeff37816dff855f align-left\"><div class=\"assistive-text\">Sie befinden sich hier:<\/div><ol class=\"breadcrumbs text-small\" itemscope itemtype=\"https:\/\/schema.org\/BreadcrumbList\"><li itemprop=\"itemListElement\" itemscope itemtype=\"https:\/\/schema.org\/ListItem\"><a itemprop=\"item\" href=\"https:\/\/www.moore-bdr.sk\/de\/\" title=\"Start\"><span itemprop=\"name\">Start<\/span><\/a><meta itemprop=\"position\" content=\"1\" \/><\/li><li class=\"current\" itemprop=\"itemListElement\" itemscope itemtype=\"https:\/\/schema.org\/ListItem\"><span itemprop=\"name\">Seite<\/span><meta itemprop=\"position\" content=\"2\" \/><\/li><\/ol><\/div>[vc_empty_space height=&#8220;20px&#8220;][vc_separator][\/vc_column][\/vc_row][vc_row][vc_column width=&#8220;2\/3&#8243;][vc_column_text]<em><strong>Im Rahmen der Gesellschaft SEZAM Consulting\u00a0 k\u00f6nnen wir unseren Kunden auch folgende Dienstleistungen anbieten:\u00a0<\/strong><\/em>[\/vc_column_text]<div class=\"standard-arrow list-divider bullet-top\"><ul>\n<li>Pr\u00fcfung von bestehenden Versicherungsvertr\u00e4gen der Kunden,<\/li>\n<li>Selektion unter den Versicherungsanstalten mit dem Ziel eine optimale Versicherung\u00a0 auszuw\u00e4hlen,<\/li>\n<li>Erstellung eines Versicherungsplans und die Kalkulation der Rentabilit\u00e4t von Versicherungsprodukte.<\/li>\n<\/ul>\n<\/div>[\/vc_column][vc_column width=&#8220;1\/3&#8243;][vc_widget_sidebar show_bg=&#8220;false&#8220; sidebar_id=&#8220;sidebar_4&#8243; el_class=&#8220;bocnalista&#8220;][\/vc_column][\/vc_row]<\/p>\n<p><\/p>\n<\/div>","protected":false},"excerpt":{"rendered":"<p>WIRSCHAFTSPR\u00dcFUNG BEI VERSICHERUNGEN Im Rahmen der Gesellschaft SEZAM Consulting\u00a0 k\u00f6nnen wir unseren Kunden auch folgende Dienstleistungen anbieten:\u00a0 Pr\u00fcfung von bestehenden Versicherungsvertr\u00e4gen der Kunden, Selektion unter den Versicherungsanstalten mit dem Ziel eine optimale Versicherung\u00a0 auszuw\u00e4hlen, Erstellung eines Versicherungsplans und die Kalkulation der Rentabilit\u00e4t von Versicherungsprodukte. NEWSLETTER ANMELDUNG 1 Step 1 Nameyour full nameno-icon Emailemail Ja, ich&hellip;<\/p>\n","protected":false},"author":1,"featured_media":0,"parent":17,"menu_order":0,"comment_status":"closed","ping_status":"closed","template":"","meta":{"inline_featured_image":false,"footnotes":""},"class_list":["post-50","page","type-page","status-publish","hentry","description-off"],"yoast_head":"<!-- This site is optimized with the Yoast SEO plugin v26.1.1 - https:\/\/yoast.com\/wordpress\/plugins\/seo\/ -->\n<title>Wirschaftspr\u00fcfung bei Versicherungen - Moore BDR s. r. o.<\/title>\n<meta name=\"robots\" content=\"index, follow, max-snippet:-1, max-image-preview:large, max-video-preview:-1\" \/>\n<link rel=\"canonical\" href=\"https:\/\/www.moore-bdr.sk\/sluzby\/audit-poistenia\/\" \/>\n<meta property=\"og:locale\" content=\"de_DE\" \/>\n<meta property=\"og:type\" content=\"article\" \/>\n<meta property=\"og:title\" content=\"[:sk]Audit poistenia[:en]Insurance Audit[:de]Wirschaftspr\u00fcfung bei Versicherungen[:] - Moore BDR s. r. o.\" \/>\n<meta property=\"og:url\" content=\"https:\/\/www.moore-bdr.sk\/sluzby\/audit-poistenia\/\" \/>\n<meta property=\"og:site_name\" content=\"Moore BDR s. r. o.\" \/>\n<meta property=\"article:modified_time\" content=\"2025-08-18T14:37:54+00:00\" \/>\n<meta name=\"twitter:card\" content=\"summary_large_image\" \/>\n<meta name=\"twitter:label1\" content=\"Gesch\u00e4tzte Lesezeit\" \/>\n\t<meta name=\"twitter:data1\" content=\"1\u00a0Minute\" \/>\n<script type=\"application\/ld+json\" class=\"yoast-schema-graph\">{\"@context\":\"https:\/\/schema.org\",\"@graph\":[{\"@type\":\"WebPage\",\"@id\":\"https:\/\/www.moore-bdr.sk\/sluzby\/audit-poistenia\/\",\"url\":\"https:\/\/www.moore-bdr.sk\/sluzby\/audit-poistenia\/\",\"name\":\"[:sk]Audit poistenia[:en]Insurance Audit[:de]Wirschaftspr\u00fcfung bei Versicherungen[:] - Moore BDR s. r. o.\",\"isPartOf\":{\"@id\":\"https:\/\/www.moore-bdr.sk\/#website\"},\"datePublished\":\"2016-11-19T18:34:24+00:00\",\"dateModified\":\"2025-08-18T14:37:54+00:00\",\"breadcrumb\":{\"@id\":\"https:\/\/www.moore-bdr.sk\/sluzby\/audit-poistenia\/#breadcrumb\"},\"inLanguage\":\"de\",\"potentialAction\":[{\"@type\":\"ReadAction\",\"target\":[\"https:\/\/www.moore-bdr.sk\/sluzby\/audit-poistenia\/\"]}]},{\"@type\":\"BreadcrumbList\",\"@id\":\"https:\/\/www.moore-bdr.sk\/sluzby\/audit-poistenia\/#breadcrumb\",\"itemListElement\":[{\"@type\":\"ListItem\",\"position\":1,\"name\":\"Domovsk\u00e1 str\u00e1nka\",\"item\":\"https:\/\/www.moore-bdr.sk\/\"},{\"@type\":\"ListItem\",\"position\":2,\"name\":\"Slu\u017eby\",\"item\":\"https:\/\/www.moore-bdr.sk\/sluzby\/\"},{\"@type\":\"ListItem\",\"position\":3,\"name\":\"Audit poistenia\"}]},{\"@type\":\"WebSite\",\"@id\":\"https:\/\/www.moore-bdr.sk\/#website\",\"url\":\"https:\/\/www.moore-bdr.sk\/\",\"name\":\"Moore BDR s. r. o.\",\"description\":\"Na\u0161e portf\u00f3lio zah\u0155\u0148a: audit \u00fa\u010dtovn\u00edctva, da\u0148ov\u00e9 poradenstvo, f\u00fazie, akviz\u00edcie, Due diligence, Bratislava, Bansk\u00e1 Bystrica\",\"potentialAction\":[{\"@type\":\"SearchAction\",\"target\":{\"@type\":\"EntryPoint\",\"urlTemplate\":\"https:\/\/www.moore-bdr.sk\/?s={search_term_string}\"},\"query-input\":{\"@type\":\"PropertyValueSpecification\",\"valueRequired\":true,\"valueName\":\"search_term_string\"}}],\"inLanguage\":\"de\"}]}<\/script>\n<!-- \/ Yoast SEO plugin. -->","yoast_head_json":{"title":"[:sk]Audit poistenia[:en]Insurance Audit[:de]Wirschaftspr\u00fcfung bei Versicherungen[:] - Moore BDR s. r. o.","robots":{"index":"index","follow":"follow","max-snippet":"max-snippet:-1","max-image-preview":"max-image-preview:large","max-video-preview":"max-video-preview:-1"},"canonical":"https:\/\/www.moore-bdr.sk\/sluzby\/audit-poistenia\/","og_locale":"de_DE","og_type":"article","og_title":"[:sk]Audit poistenia[:en]Insurance Audit[:de]Wirschaftspr\u00fcfung bei Versicherungen[:] - Moore BDR s. r. o.","og_url":"https:\/\/www.moore-bdr.sk\/sluzby\/audit-poistenia\/","og_site_name":"Moore BDR s. r. o.","article_modified_time":"2025-08-18T14:37:54+00:00","twitter_card":"summary_large_image","twitter_misc":{"Gesch\u00e4tzte Lesezeit":"1\u00a0Minute"},"schema":{"@context":"https:\/\/schema.org","@graph":[{"@type":"WebPage","@id":"https:\/\/www.moore-bdr.sk\/sluzby\/audit-poistenia\/","url":"https:\/\/www.moore-bdr.sk\/sluzby\/audit-poistenia\/","name":"[:sk]Audit poistenia[:en]Insurance Audit[:de]Wirschaftspr\u00fcfung bei Versicherungen[:] - Moore BDR s. r. o.","isPartOf":{"@id":"https:\/\/www.moore-bdr.sk\/#website"},"datePublished":"2016-11-19T18:34:24+00:00","dateModified":"2025-08-18T14:37:54+00:00","breadcrumb":{"@id":"https:\/\/www.moore-bdr.sk\/sluzby\/audit-poistenia\/#breadcrumb"},"inLanguage":"de","potentialAction":[{"@type":"ReadAction","target":["https:\/\/www.moore-bdr.sk\/sluzby\/audit-poistenia\/"]}]},{"@type":"BreadcrumbList","@id":"https:\/\/www.moore-bdr.sk\/sluzby\/audit-poistenia\/#breadcrumb","itemListElement":[{"@type":"ListItem","position":1,"name":"Domovsk\u00e1 str\u00e1nka","item":"https:\/\/www.moore-bdr.sk\/"},{"@type":"ListItem","position":2,"name":"Slu\u017eby","item":"https:\/\/www.moore-bdr.sk\/sluzby\/"},{"@type":"ListItem","position":3,"name":"Audit poistenia"}]},{"@type":"WebSite","@id":"https:\/\/www.moore-bdr.sk\/#website","url":"https:\/\/www.moore-bdr.sk\/","name":"Moore BDR s. r. o.","description":"Na\u0161e portf\u00f3lio zah\u0155\u0148a: audit \u00fa\u010dtovn\u00edctva, da\u0148ov\u00e9 poradenstvo, f\u00fazie, akviz\u00edcie, Due diligence, Bratislava, Bansk\u00e1 Bystrica","potentialAction":[{"@type":"SearchAction","target":{"@type":"EntryPoint","urlTemplate":"https:\/\/www.moore-bdr.sk\/?s={search_term_string}"},"query-input":{"@type":"PropertyValueSpecification","valueRequired":true,"valueName":"search_term_string"}}],"inLanguage":"de"}]}},"_links":{"self":[{"href":"https:\/\/www.moore-bdr.sk\/de\/wp-json\/wp\/v2\/pages\/50","targetHints":{"allow":["GET"]}}],"collection":[{"href":"https:\/\/www.moore-bdr.sk\/de\/wp-json\/wp\/v2\/pages"}],"about":[{"href":"https:\/\/www.moore-bdr.sk\/de\/wp-json\/wp\/v2\/types\/page"}],"author":[{"embeddable":true,"href":"https:\/\/www.moore-bdr.sk\/de\/wp-json\/wp\/v2\/users\/1"}],"replies":[{"embeddable":true,"href":"https:\/\/www.moore-bdr.sk\/de\/wp-json\/wp\/v2\/comments?post=50"}],"version-history":[{"count":18,"href":"https:\/\/www.moore-bdr.sk\/de\/wp-json\/wp\/v2\/pages\/50\/revisions"}],"predecessor-version":[{"id":9145,"href":"https:\/\/www.moore-bdr.sk\/de\/wp-json\/wp\/v2\/pages\/50\/revisions\/9145"}],"up":[{"embeddable":true,"href":"https:\/\/www.moore-bdr.sk\/de\/wp-json\/wp\/v2\/pages\/17"}],"wp:attachment":[{"href":"https:\/\/www.moore-bdr.sk\/de\/wp-json\/wp\/v2\/media?parent=50"}],"curies":[{"name":"wp","href":"https:\/\/api.w.org\/{rel}","templated":true}]}}