{"id":6481,"date":"2022-09-22T13:07:29","date_gmt":"2022-09-22T11:07:29","guid":{"rendered":"https:\/\/www.moore-bdr.sk\/?page_id=6481"},"modified":"2025-03-20T13:17:53","modified_gmt":"2025-03-20T11:17:53","slug":"kyberneticka-bezpecnost-nis2","status":"publish","type":"page","link":"https:\/\/www.moore-bdr.sk\/de\/digitalizacia-a-it-poradenstvo\/kyberneticka-bezpecnost-nis2\/","title":{"rendered":"(Sloven\u010dina) Kybernetick\u00e1 bezpe\u010dnos\u0165 \u2013 NIS2"},"content":{"rendered":"<p class=\"qtranxs-available-languages-message qtranxs-available-languages-message-de\">Leider ist der Eintrag nur auf <a href=\"https:\/\/www.moore-bdr.sk\/sk\/wp-json\/wp\/v2\/pages\/6481\" class=\"qtranxs-available-language-link qtranxs-available-language-link-sk\" title=\"Sloven\u010dina\">Sloven\u010dina<\/a> verf\u00fcgbar.<\/p>","protected":false},"excerpt":{"rendered":"<p>Leider ist der Eintrag nur auf Sloven\u010dina verf\u00fcgbar.<\/p>\n","protected":false},"author":1,"featured_media":0,"parent":5350,"menu_order":0,"comment_status":"closed","ping_status":"closed","template":"","meta":{"inline_featured_image":false,"footnotes":""},"class_list":["post-6481","page","type-page","status-publish","hentry","description-off"],"yoast_head":"<!-- This site is optimized with the Yoast SEO plugin v26.1.1 - https:\/\/yoast.com\/wordpress\/plugins\/seo\/ -->\n<title>Kybernetick\u00e1 bezpe\u010dnos\u0165 \u2013 NIS2<\/title>\n<meta name=\"description\" content=\"Smernica NIS2 predstavuje celoeur\u00f3psky r\u00e1mec opatren\u00ed, ktor\u00e9 maj\u00fa za cie\u013e zabezpe\u010di\u0165 vysok\u00fa \u00farove\u0148 kybernetickej bezpe\u010dnosti v celej Eur\u00f3pskej \u00fanii.\" \/>\n<meta name=\"robots\" content=\"index, follow, max-snippet:-1, max-image-preview:large, max-video-preview:-1\" \/>\n<link rel=\"canonical\" href=\"https:\/\/www.moore-bdr.sk\/digitalizacia-a-it-poradenstvo\/kyberneticka-bezpecnost-nis2\/\" \/>\n<meta property=\"og:locale\" content=\"de_DE\" \/>\n<meta property=\"og:type\" content=\"article\" \/>\n<meta property=\"og:title\" content=\"Kybernetick\u00e1 bezpe\u010dnos\u0165 \u2013 NIS2\" \/>\n<meta property=\"og:description\" content=\"Smernica NIS2 predstavuje celoeur\u00f3psky r\u00e1mec opatren\u00ed, ktor\u00e9 maj\u00fa za cie\u013e zabezpe\u010di\u0165 vysok\u00fa \u00farove\u0148 kybernetickej bezpe\u010dnosti v celej Eur\u00f3pskej \u00fanii.\" \/>\n<meta property=\"og:url\" content=\"https:\/\/www.moore-bdr.sk\/digitalizacia-a-it-poradenstvo\/kyberneticka-bezpecnost-nis2\/\" \/>\n<meta property=\"og:site_name\" content=\"Moore BDR s. r. o.\" \/>\n<meta property=\"article:modified_time\" content=\"2025-03-20T11:17:53+00:00\" \/>\n<meta name=\"twitter:card\" content=\"summary_large_image\" \/>\n<meta name=\"twitter:label1\" content=\"Gesch\u00e4tzte Lesezeit\" \/>\n\t<meta name=\"twitter:data1\" content=\"3\u00a0Minuten\" \/>\n<script type=\"application\/ld+json\" class=\"yoast-schema-graph\">{\"@context\":\"https:\/\/schema.org\",\"@graph\":[{\"@type\":\"WebPage\",\"@id\":\"https:\/\/www.moore-bdr.sk\/digitalizacia-a-it-poradenstvo\/kyberneticka-bezpecnost-nis2\/\",\"url\":\"https:\/\/www.moore-bdr.sk\/digitalizacia-a-it-poradenstvo\/kyberneticka-bezpecnost-nis2\/\",\"name\":\"Kybernetick\u00e1 bezpe\u010dnos\u0165 \u2013 NIS2\",\"isPartOf\":{\"@id\":\"https:\/\/www.moore-bdr.sk\/#website\"},\"datePublished\":\"2022-09-22T11:07:29+00:00\",\"dateModified\":\"2025-03-20T11:17:53+00:00\",\"description\":\"Smernica NIS2 predstavuje celoeur\u00f3psky r\u00e1mec opatren\u00ed, ktor\u00e9 maj\u00fa za cie\u013e zabezpe\u010di\u0165 vysok\u00fa \u00farove\u0148 kybernetickej bezpe\u010dnosti v celej Eur\u00f3pskej \u00fanii.\",\"breadcrumb\":{\"@id\":\"https:\/\/www.moore-bdr.sk\/digitalizacia-a-it-poradenstvo\/kyberneticka-bezpecnost-nis2\/#breadcrumb\"},\"inLanguage\":\"de\",\"potentialAction\":[{\"@type\":\"ReadAction\",\"target\":[\"https:\/\/www.moore-bdr.sk\/digitalizacia-a-it-poradenstvo\/kyberneticka-bezpecnost-nis2\/\"]}]},{\"@type\":\"BreadcrumbList\",\"@id\":\"https:\/\/www.moore-bdr.sk\/digitalizacia-a-it-poradenstvo\/kyberneticka-bezpecnost-nis2\/#breadcrumb\",\"itemListElement\":[{\"@type\":\"ListItem\",\"position\":1,\"name\":\"Domovsk\u00e1 str\u00e1nka\",\"item\":\"https:\/\/www.moore-bdr.sk\/\"},{\"@type\":\"ListItem\",\"position\":2,\"name\":\"Digitaliz\u00e1cia \u00fa\u010dtovn\u00edctva a IT poradenstvo\",\"item\":\"https:\/\/www.moore-bdr.sk\/digitalizacia-a-it-poradenstvo\/\"},{\"@type\":\"ListItem\",\"position\":3,\"name\":\"Kybernetick\u00e1 bezpe\u010dnos\u0165 \u2013 NIS2\"}]},{\"@type\":\"WebSite\",\"@id\":\"https:\/\/www.moore-bdr.sk\/#website\",\"url\":\"https:\/\/www.moore-bdr.sk\/\",\"name\":\"Moore BDR s. r. o.\",\"description\":\"Na\u0161e portf\u00f3lio zah\u0155\u0148a: audit \u00fa\u010dtovn\u00edctva, da\u0148ov\u00e9 poradenstvo, f\u00fazie, akviz\u00edcie, Due diligence, Bratislava, Bansk\u00e1 Bystrica\",\"potentialAction\":[{\"@type\":\"SearchAction\",\"target\":{\"@type\":\"EntryPoint\",\"urlTemplate\":\"https:\/\/www.moore-bdr.sk\/?s={search_term_string}\"},\"query-input\":{\"@type\":\"PropertyValueSpecification\",\"valueRequired\":true,\"valueName\":\"search_term_string\"}}],\"inLanguage\":\"de\"}]}<\/script>\n<!-- \/ Yoast SEO plugin. -->","yoast_head_json":{"title":"Kybernetick\u00e1 bezpe\u010dnos\u0165 \u2013 NIS2","description":"Smernica NIS2 predstavuje celoeur\u00f3psky r\u00e1mec opatren\u00ed, ktor\u00e9 maj\u00fa za cie\u013e zabezpe\u010di\u0165 vysok\u00fa \u00farove\u0148 kybernetickej bezpe\u010dnosti v celej Eur\u00f3pskej \u00fanii.","robots":{"index":"index","follow":"follow","max-snippet":"max-snippet:-1","max-image-preview":"max-image-preview:large","max-video-preview":"max-video-preview:-1"},"canonical":"https:\/\/www.moore-bdr.sk\/digitalizacia-a-it-poradenstvo\/kyberneticka-bezpecnost-nis2\/","og_locale":"de_DE","og_type":"article","og_title":"Kybernetick\u00e1 bezpe\u010dnos\u0165 \u2013 NIS2","og_description":"Smernica NIS2 predstavuje celoeur\u00f3psky r\u00e1mec opatren\u00ed, ktor\u00e9 maj\u00fa za cie\u013e zabezpe\u010di\u0165 vysok\u00fa \u00farove\u0148 kybernetickej bezpe\u010dnosti v celej Eur\u00f3pskej \u00fanii.","og_url":"https:\/\/www.moore-bdr.sk\/digitalizacia-a-it-poradenstvo\/kyberneticka-bezpecnost-nis2\/","og_site_name":"Moore BDR s. r. o.","article_modified_time":"2025-03-20T11:17:53+00:00","twitter_card":"summary_large_image","twitter_misc":{"Gesch\u00e4tzte Lesezeit":"3\u00a0Minuten"},"schema":{"@context":"https:\/\/schema.org","@graph":[{"@type":"WebPage","@id":"https:\/\/www.moore-bdr.sk\/digitalizacia-a-it-poradenstvo\/kyberneticka-bezpecnost-nis2\/","url":"https:\/\/www.moore-bdr.sk\/digitalizacia-a-it-poradenstvo\/kyberneticka-bezpecnost-nis2\/","name":"Kybernetick\u00e1 bezpe\u010dnos\u0165 \u2013 NIS2","isPartOf":{"@id":"https:\/\/www.moore-bdr.sk\/#website"},"datePublished":"2022-09-22T11:07:29+00:00","dateModified":"2025-03-20T11:17:53+00:00","description":"Smernica NIS2 predstavuje celoeur\u00f3psky r\u00e1mec opatren\u00ed, ktor\u00e9 maj\u00fa za cie\u013e zabezpe\u010di\u0165 vysok\u00fa \u00farove\u0148 kybernetickej bezpe\u010dnosti v celej Eur\u00f3pskej \u00fanii.","breadcrumb":{"@id":"https:\/\/www.moore-bdr.sk\/digitalizacia-a-it-poradenstvo\/kyberneticka-bezpecnost-nis2\/#breadcrumb"},"inLanguage":"de","potentialAction":[{"@type":"ReadAction","target":["https:\/\/www.moore-bdr.sk\/digitalizacia-a-it-poradenstvo\/kyberneticka-bezpecnost-nis2\/"]}]},{"@type":"BreadcrumbList","@id":"https:\/\/www.moore-bdr.sk\/digitalizacia-a-it-poradenstvo\/kyberneticka-bezpecnost-nis2\/#breadcrumb","itemListElement":[{"@type":"ListItem","position":1,"name":"Domovsk\u00e1 str\u00e1nka","item":"https:\/\/www.moore-bdr.sk\/"},{"@type":"ListItem","position":2,"name":"Digitaliz\u00e1cia \u00fa\u010dtovn\u00edctva a IT poradenstvo","item":"https:\/\/www.moore-bdr.sk\/digitalizacia-a-it-poradenstvo\/"},{"@type":"ListItem","position":3,"name":"Kybernetick\u00e1 bezpe\u010dnos\u0165 \u2013 NIS2"}]},{"@type":"WebSite","@id":"https:\/\/www.moore-bdr.sk\/#website","url":"https:\/\/www.moore-bdr.sk\/","name":"Moore BDR s. r. o.","description":"Na\u0161e portf\u00f3lio zah\u0155\u0148a: audit \u00fa\u010dtovn\u00edctva, da\u0148ov\u00e9 poradenstvo, f\u00fazie, akviz\u00edcie, Due diligence, Bratislava, Bansk\u00e1 Bystrica","potentialAction":[{"@type":"SearchAction","target":{"@type":"EntryPoint","urlTemplate":"https:\/\/www.moore-bdr.sk\/?s={search_term_string}"},"query-input":{"@type":"PropertyValueSpecification","valueRequired":true,"valueName":"search_term_string"}}],"inLanguage":"de"}]}},"_links":{"self":[{"href":"https:\/\/www.moore-bdr.sk\/de\/wp-json\/wp\/v2\/pages\/6481","targetHints":{"allow":["GET"]}}],"collection":[{"href":"https:\/\/www.moore-bdr.sk\/de\/wp-json\/wp\/v2\/pages"}],"about":[{"href":"https:\/\/www.moore-bdr.sk\/de\/wp-json\/wp\/v2\/types\/page"}],"author":[{"embeddable":true,"href":"https:\/\/www.moore-bdr.sk\/de\/wp-json\/wp\/v2\/users\/1"}],"replies":[{"embeddable":true,"href":"https:\/\/www.moore-bdr.sk\/de\/wp-json\/wp\/v2\/comments?post=6481"}],"version-history":[{"count":0,"href":"https:\/\/www.moore-bdr.sk\/de\/wp-json\/wp\/v2\/pages\/6481\/revisions"}],"up":[{"embeddable":true,"href":"https:\/\/www.moore-bdr.sk\/de\/wp-json\/wp\/v2\/pages\/5350"}],"wp:attachment":[{"href":"https:\/\/www.moore-bdr.sk\/de\/wp-json\/wp\/v2\/media?parent=6481"}],"curies":[{"name":"wp","href":"https:\/\/api.w.org\/{rel}","templated":true}]}}