{"id":6774,"date":"2022-10-27T15:38:23","date_gmt":"2022-10-27T13:38:23","guid":{"rendered":"https:\/\/www.moore-bdr.sk\/?page_id=6774"},"modified":"2025-03-26T16:06:43","modified_gmt":"2025-03-26T14:06:43","slug":"poradenstvo-v-oblasti-holdingovej-struktury","status":"publish","type":"page","link":"https:\/\/www.moore-bdr.sk\/de\/sluzby\/rodinne-podnikanie\/poradenstvo-v-oblasti-holdingovej-struktury\/","title":{"rendered":"Consulting on Holding tructure"},"content":{"rendered":"<div class=\"wpb-content-wrapper\"><p><\/p>\n<p>[vc_row][vc_column][vc_column_text]<\/p>\n<p class=\"font8\" style=\"text-align: justify; line-height: 18.0pt;\"><span style=\"font-family: 'Arial',sans-serif;\"><img loading=\"lazy\" decoding=\"async\" class=\"alignright size-medium wp-image-6724\" src=\"https:\/\/www.moore-bdr.sk\/wp-content\/uploads\/2022\/10\/turn-on-2933016_960_720-300x144.jpg\" alt=\"\" width=\"300\" height=\"144\" srcset=\"https:\/\/www.moore-bdr.sk\/wp-content\/uploads\/2022\/10\/turn-on-2933016_960_720-300x144.jpg 300w, https:\/\/www.moore-bdr.sk\/wp-content\/uploads\/2022\/10\/turn-on-2933016_960_720-768x370.jpg 768w, https:\/\/www.moore-bdr.sk\/wp-content\/uploads\/2022\/10\/turn-on-2933016_960_720.jpg 960w\" sizes=\"auto, (max-width: 300px) 100vw, 300px\" \/><\/span><\/p>\n<p style=\"text-align: justify;\">Being different from corporations and trying not to be like big corporations discourages family businesses from establishing their own family-holdings structures. However, the establishment of a family holding company brings significant advantages to family businesses. The main function of the family holding company is to keep the family&#8217;s assets together and protect them. The Holding structure also brings tax advantages.<\/p>\n<p class=\"font8\" style=\"text-align: justify; line-height: 18.0pt;\"><span style=\"font-family: 'Arial',sans-serif;\">\u00a0<\/span><\/p>\n<p class=\"font8\" style=\"text-align: justify; line-height: 18.0pt;\"><span class=\"wixguard\"><span style=\"font-family: 'Arial',sans-serif;\">\u200b<\/span><\/span><b><\/b><\/p>\n<p>[\/vc_column_text][vc_row_inner][vc_column_inner width=&#8220;1\/6&#8243;][\/vc_column_inner][vc_column_inner width=&#8220;2\/3&#8243;][vc_column_text css=&#8220;.vc_custom_1667204277013{margin-top: 0px !important;margin-bottom: 0px !important;border-top-width: 0px !important;border-bottom-width: 0px !important;padding-top: 10px !important;padding-bottom: 0px !important;}&#8220;]<strong>Standard ownership relationship<\/strong>[\/vc_column_text][vc_single_image image=&#8220;6775&#8243; img_size=&#8220;full&#8220; alignment=&#8220;center&#8220;][vc_empty_space][vc_column_text css=&#8220;.vc_custom_1667204289285{margin-top: 0px !important;margin-bottom: 0px !important;border-top-width: 0px !important;border-bottom-width: 0px !important;padding-top: 0px !important;padding-bottom: 10px !important;}&#8220;]<strong>Holding ownership relationship<\/strong>[\/vc_column_text][vc_single_image image=&#8220;6777&#8243; img_size=&#8220;full&#8220; alignment=&#8220;center&#8220;][\/vc_column_inner][vc_column_inner width=&#8220;1\/6&#8243;][\/vc_column_inner][\/vc_row_inner][vc_column_text]<\/p>\n<p style=\"text-align: justify;\"><strong>Why not be afraid of the holding structure?<\/strong><\/p>\n<p style=\"text-align: justify;\">Ownership of a family business through the holding structure represents nothing more than the insertion of an intermediate link in the ownership in the form of an additional Limited liability company (s. r. o.) \/ Joint stock company (a. s.), through which you can own your company. If you repay dividends from your company as an individual, you are taxed at best with a 7 % withholding tax, if you repay dividends from your company as a legal entity (through a holding company), it is possible that you can avoid taxation completely. When you are selling a company as an individual, effective taxation can approach up to 25 %, and 14 % health insurance contribution must also be added to that. When you are selling a company as a legal entity (through a holding company), it is possible to avoid taxation completely. If you would like to know more about other holding structure advantages, do not hesitate to contact us.<\/p>\n<p>[\/vc_column_text][\/vc_column][\/vc_row]<\/p>\n<p><\/p>\n<\/div>","protected":false},"excerpt":{"rendered":"<p>Being different from corporations and trying not to be like big corporations discourages family businesses from establishing their own family-holdings structures. However, the establishment of a family holding company brings significant advantages to family businesses. The main function of the family holding company is to keep the family&#8217;s assets together and protect them. The Holding&hellip;<\/p>\n","protected":false},"author":1,"featured_media":0,"parent":6678,"menu_order":0,"comment_status":"closed","ping_status":"closed","template":"","meta":{"inline_featured_image":false,"footnotes":""},"class_list":["post-6774","page","type-page","status-publish","hentry","description-off"],"yoast_head":"<!-- This site is optimized with the Yoast SEO plugin v26.1.1 - https:\/\/yoast.com\/wordpress\/plugins\/seo\/ -->\n<title>Consulting on Holding tructure - Moore BDR s. r. o.<\/title>\n<meta name=\"robots\" content=\"index, follow, max-snippet:-1, max-image-preview:large, max-video-preview:-1\" \/>\n<link rel=\"canonical\" href=\"https:\/\/www.moore-bdr.sk\/sluzby\/rodinne-podnikanie\/poradenstvo-v-oblasti-holdingovej-struktury\/\" \/>\n<meta property=\"og:locale\" content=\"de_DE\" \/>\n<meta property=\"og:type\" content=\"article\" \/>\n<meta property=\"og:title\" content=\"[:sk]Poradenstvo v oblasti holdingovej \u0161trukt\u00fary[:en]Consulting on Holding tructure[:de]Consulting on Holding tructure[:] - Moore BDR s. r. o.\" \/>\n<meta property=\"og:url\" content=\"https:\/\/www.moore-bdr.sk\/sluzby\/rodinne-podnikanie\/poradenstvo-v-oblasti-holdingovej-struktury\/\" \/>\n<meta property=\"og:site_name\" content=\"Moore BDR s. r. o.\" \/>\n<meta property=\"article:modified_time\" content=\"2025-03-26T14:06:43+00:00\" \/>\n<meta property=\"og:image\" content=\"https:\/\/www.moore-bdr.sk\/wp-content\/uploads\/2022\/10\/turn-on-2933016_960_720-300x144.jpg\" \/>\n<meta name=\"twitter:card\" content=\"summary_large_image\" \/>\n<meta name=\"twitter:label1\" content=\"Gesch\u00e4tzte Lesezeit\" \/>\n\t<meta name=\"twitter:data1\" content=\"2\u00a0Minuten\" \/>\n<script type=\"application\/ld+json\" class=\"yoast-schema-graph\">{\"@context\":\"https:\/\/schema.org\",\"@graph\":[{\"@type\":\"WebPage\",\"@id\":\"https:\/\/www.moore-bdr.sk\/sluzby\/rodinne-podnikanie\/poradenstvo-v-oblasti-holdingovej-struktury\/\",\"url\":\"https:\/\/www.moore-bdr.sk\/sluzby\/rodinne-podnikanie\/poradenstvo-v-oblasti-holdingovej-struktury\/\",\"name\":\"[:sk]Poradenstvo v oblasti holdingovej \u0161trukt\u00fary[:en]Consulting on Holding tructure[:de]Consulting on Holding tructure[:] - Moore BDR s. r. o.\",\"isPartOf\":{\"@id\":\"https:\/\/www.moore-bdr.sk\/#website\"},\"primaryImageOfPage\":{\"@id\":\"https:\/\/www.moore-bdr.sk\/sluzby\/rodinne-podnikanie\/poradenstvo-v-oblasti-holdingovej-struktury\/#primaryimage\"},\"image\":{\"@id\":\"https:\/\/www.moore-bdr.sk\/sluzby\/rodinne-podnikanie\/poradenstvo-v-oblasti-holdingovej-struktury\/#primaryimage\"},\"thumbnailUrl\":\"https:\/\/www.moore-bdr.sk\/wp-content\/uploads\/2022\/10\/turn-on-2933016_960_720-300x144.jpg\",\"datePublished\":\"2022-10-27T13:38:23+00:00\",\"dateModified\":\"2025-03-26T14:06:43+00:00\",\"breadcrumb\":{\"@id\":\"https:\/\/www.moore-bdr.sk\/sluzby\/rodinne-podnikanie\/poradenstvo-v-oblasti-holdingovej-struktury\/#breadcrumb\"},\"inLanguage\":\"de\",\"potentialAction\":[{\"@type\":\"ReadAction\",\"target\":[\"https:\/\/www.moore-bdr.sk\/sluzby\/rodinne-podnikanie\/poradenstvo-v-oblasti-holdingovej-struktury\/\"]}]},{\"@type\":\"ImageObject\",\"inLanguage\":\"de\",\"@id\":\"https:\/\/www.moore-bdr.sk\/sluzby\/rodinne-podnikanie\/poradenstvo-v-oblasti-holdingovej-struktury\/#primaryimage\",\"url\":\"https:\/\/www.moore-bdr.sk\/wp-content\/uploads\/2022\/10\/turn-on-2933016_960_720-300x144.jpg\",\"contentUrl\":\"https:\/\/www.moore-bdr.sk\/wp-content\/uploads\/2022\/10\/turn-on-2933016_960_720-300x144.jpg\"},{\"@type\":\"BreadcrumbList\",\"@id\":\"https:\/\/www.moore-bdr.sk\/sluzby\/rodinne-podnikanie\/poradenstvo-v-oblasti-holdingovej-struktury\/#breadcrumb\",\"itemListElement\":[{\"@type\":\"ListItem\",\"position\":1,\"name\":\"Domovsk\u00e1 str\u00e1nka\",\"item\":\"https:\/\/www.moore-bdr.sk\/\"},{\"@type\":\"ListItem\",\"position\":2,\"name\":\"Slu\u017eby\",\"item\":\"https:\/\/www.moore-bdr.sk\/sluzby\/\"},{\"@type\":\"ListItem\",\"position\":3,\"name\":\"Rodinn\u00e9 podnikanie\",\"item\":\"https:\/\/www.moore-bdr.sk\/sluzby\/rodinne-podnikanie\/\"},{\"@type\":\"ListItem\",\"position\":4,\"name\":\"Poradenstvo v oblasti holdingovej \u0161trukt\u00fary\"}]},{\"@type\":\"WebSite\",\"@id\":\"https:\/\/www.moore-bdr.sk\/#website\",\"url\":\"https:\/\/www.moore-bdr.sk\/\",\"name\":\"Moore BDR s. r. o.\",\"description\":\"Na\u0161e portf\u00f3lio zah\u0155\u0148a: audit \u00fa\u010dtovn\u00edctva, da\u0148ov\u00e9 poradenstvo, f\u00fazie, akviz\u00edcie, Due diligence, Bratislava, Bansk\u00e1 Bystrica\",\"potentialAction\":[{\"@type\":\"SearchAction\",\"target\":{\"@type\":\"EntryPoint\",\"urlTemplate\":\"https:\/\/www.moore-bdr.sk\/?s={search_term_string}\"},\"query-input\":{\"@type\":\"PropertyValueSpecification\",\"valueRequired\":true,\"valueName\":\"search_term_string\"}}],\"inLanguage\":\"de\"}]}<\/script>\n<!-- \/ Yoast SEO plugin. -->","yoast_head_json":{"title":"[:sk]Poradenstvo v oblasti holdingovej \u0161trukt\u00fary[:en]Consulting on Holding tructure[:de]Consulting on Holding tructure[:] - Moore BDR s. r. o.","robots":{"index":"index","follow":"follow","max-snippet":"max-snippet:-1","max-image-preview":"max-image-preview:large","max-video-preview":"max-video-preview:-1"},"canonical":"https:\/\/www.moore-bdr.sk\/sluzby\/rodinne-podnikanie\/poradenstvo-v-oblasti-holdingovej-struktury\/","og_locale":"de_DE","og_type":"article","og_title":"[:sk]Poradenstvo v oblasti holdingovej \u0161trukt\u00fary[:en]Consulting on Holding tructure[:de]Consulting on Holding tructure[:] - Moore BDR s. r. o.","og_url":"https:\/\/www.moore-bdr.sk\/sluzby\/rodinne-podnikanie\/poradenstvo-v-oblasti-holdingovej-struktury\/","og_site_name":"Moore BDR s. r. o.","article_modified_time":"2025-03-26T14:06:43+00:00","og_image":[{"url":"https:\/\/www.moore-bdr.sk\/wp-content\/uploads\/2022\/10\/turn-on-2933016_960_720-300x144.jpg","type":"","width":"","height":""}],"twitter_card":"summary_large_image","twitter_misc":{"Gesch\u00e4tzte Lesezeit":"2\u00a0Minuten"},"schema":{"@context":"https:\/\/schema.org","@graph":[{"@type":"WebPage","@id":"https:\/\/www.moore-bdr.sk\/sluzby\/rodinne-podnikanie\/poradenstvo-v-oblasti-holdingovej-struktury\/","url":"https:\/\/www.moore-bdr.sk\/sluzby\/rodinne-podnikanie\/poradenstvo-v-oblasti-holdingovej-struktury\/","name":"[:sk]Poradenstvo v oblasti holdingovej \u0161trukt\u00fary[:en]Consulting on Holding tructure[:de]Consulting on Holding tructure[:] - Moore BDR s. r. o.","isPartOf":{"@id":"https:\/\/www.moore-bdr.sk\/#website"},"primaryImageOfPage":{"@id":"https:\/\/www.moore-bdr.sk\/sluzby\/rodinne-podnikanie\/poradenstvo-v-oblasti-holdingovej-struktury\/#primaryimage"},"image":{"@id":"https:\/\/www.moore-bdr.sk\/sluzby\/rodinne-podnikanie\/poradenstvo-v-oblasti-holdingovej-struktury\/#primaryimage"},"thumbnailUrl":"https:\/\/www.moore-bdr.sk\/wp-content\/uploads\/2022\/10\/turn-on-2933016_960_720-300x144.jpg","datePublished":"2022-10-27T13:38:23+00:00","dateModified":"2025-03-26T14:06:43+00:00","breadcrumb":{"@id":"https:\/\/www.moore-bdr.sk\/sluzby\/rodinne-podnikanie\/poradenstvo-v-oblasti-holdingovej-struktury\/#breadcrumb"},"inLanguage":"de","potentialAction":[{"@type":"ReadAction","target":["https:\/\/www.moore-bdr.sk\/sluzby\/rodinne-podnikanie\/poradenstvo-v-oblasti-holdingovej-struktury\/"]}]},{"@type":"ImageObject","inLanguage":"de","@id":"https:\/\/www.moore-bdr.sk\/sluzby\/rodinne-podnikanie\/poradenstvo-v-oblasti-holdingovej-struktury\/#primaryimage","url":"https:\/\/www.moore-bdr.sk\/wp-content\/uploads\/2022\/10\/turn-on-2933016_960_720-300x144.jpg","contentUrl":"https:\/\/www.moore-bdr.sk\/wp-content\/uploads\/2022\/10\/turn-on-2933016_960_720-300x144.jpg"},{"@type":"BreadcrumbList","@id":"https:\/\/www.moore-bdr.sk\/sluzby\/rodinne-podnikanie\/poradenstvo-v-oblasti-holdingovej-struktury\/#breadcrumb","itemListElement":[{"@type":"ListItem","position":1,"name":"Domovsk\u00e1 str\u00e1nka","item":"https:\/\/www.moore-bdr.sk\/"},{"@type":"ListItem","position":2,"name":"Slu\u017eby","item":"https:\/\/www.moore-bdr.sk\/sluzby\/"},{"@type":"ListItem","position":3,"name":"Rodinn\u00e9 podnikanie","item":"https:\/\/www.moore-bdr.sk\/sluzby\/rodinne-podnikanie\/"},{"@type":"ListItem","position":4,"name":"Poradenstvo v oblasti holdingovej \u0161trukt\u00fary"}]},{"@type":"WebSite","@id":"https:\/\/www.moore-bdr.sk\/#website","url":"https:\/\/www.moore-bdr.sk\/","name":"Moore BDR s. r. o.","description":"Na\u0161e portf\u00f3lio zah\u0155\u0148a: audit \u00fa\u010dtovn\u00edctva, da\u0148ov\u00e9 poradenstvo, f\u00fazie, akviz\u00edcie, Due diligence, Bratislava, Bansk\u00e1 Bystrica","potentialAction":[{"@type":"SearchAction","target":{"@type":"EntryPoint","urlTemplate":"https:\/\/www.moore-bdr.sk\/?s={search_term_string}"},"query-input":{"@type":"PropertyValueSpecification","valueRequired":true,"valueName":"search_term_string"}}],"inLanguage":"de"}]}},"_links":{"self":[{"href":"https:\/\/www.moore-bdr.sk\/de\/wp-json\/wp\/v2\/pages\/6774","targetHints":{"allow":["GET"]}}],"collection":[{"href":"https:\/\/www.moore-bdr.sk\/de\/wp-json\/wp\/v2\/pages"}],"about":[{"href":"https:\/\/www.moore-bdr.sk\/de\/wp-json\/wp\/v2\/types\/page"}],"author":[{"embeddable":true,"href":"https:\/\/www.moore-bdr.sk\/de\/wp-json\/wp\/v2\/users\/1"}],"replies":[{"embeddable":true,"href":"https:\/\/www.moore-bdr.sk\/de\/wp-json\/wp\/v2\/comments?post=6774"}],"version-history":[{"count":6,"href":"https:\/\/www.moore-bdr.sk\/de\/wp-json\/wp\/v2\/pages\/6774\/revisions"}],"predecessor-version":[{"id":8439,"href":"https:\/\/www.moore-bdr.sk\/de\/wp-json\/wp\/v2\/pages\/6774\/revisions\/8439"}],"up":[{"embeddable":true,"href":"https:\/\/www.moore-bdr.sk\/de\/wp-json\/wp\/v2\/pages\/6678"}],"wp:attachment":[{"href":"https:\/\/www.moore-bdr.sk\/de\/wp-json\/wp\/v2\/media?parent=6774"}],"curies":[{"name":"wp","href":"https:\/\/api.w.org\/{rel}","templated":true}]}}