{"id":6784,"date":"2022-10-27T15:54:19","date_gmt":"2022-10-27T13:54:19","guid":{"rendered":"https:\/\/www.moore-bdr.sk\/?page_id=6784"},"modified":"2025-03-26T16:07:32","modified_gmt":"2025-03-26T14:07:32","slug":"poradenstvo-v-oblasti-trustovych-a-nadacnych-fondov","status":"publish","type":"page","link":"https:\/\/www.moore-bdr.sk\/de\/sluzby\/rodinne-podnikanie\/poradenstvo-v-oblasti-trustovych-a-nadacnych-fondov\/","title":{"rendered":"Consulting on Trust and Foundation Funds"},"content":{"rendered":"<div class=\"wpb-content-wrapper\"><p><\/p>\n<p>[vc_row][vc_column][vc_column_text]<\/p>\n<p style=\"text-align: justify;\"><img loading=\"lazy\" decoding=\"async\" class=\"alignright size-medium wp-image-6728\" src=\"https:\/\/www.moore-bdr.sk\/wp-content\/uploads\/2022\/10\/chess-3801531_960_720-300x169.jpg\" alt=\"\" width=\"300\" height=\"169\" srcset=\"https:\/\/www.moore-bdr.sk\/wp-content\/uploads\/2022\/10\/chess-3801531_960_720-300x169.jpg 300w, https:\/\/www.moore-bdr.sk\/wp-content\/uploads\/2022\/10\/chess-3801531_960_720-768x432.jpg 768w, https:\/\/www.moore-bdr.sk\/wp-content\/uploads\/2022\/10\/chess-3801531_960_720.jpg 960w\" sizes=\"auto, (max-width: 300px) 100vw, 300px\" \/><\/p>\n<p style=\"text-align: justify;\">In the case of a trust fund, there are involved up to three persons, namely the founder (owner of the family business), the trustee (the executive body of the fund), and the beneficiary (the person who benefits from the fund). The founder of the family business sets aside some assets and entrusts them\u00a0to a third party (trustee). However, no one owns these assets anymore and they will not even be part of the inheritance process. The fund&#8217;s assets can be used by the beneficiaries after fulfilling conditions created by the founder.<\/p>\n<p style=\"text-align: justify;\"><strong>Assets protection<\/strong><\/p>\n<p style=\"text-align: justify;\">Since no one owns the assets in the trust fund, no one can jeopardize these assets. Since the assets in the fund are not part of the inheritance, you can avoid the possible future implementation of inheritance tax or millionaire&#8217;s tax that\u00a0has already been implemented abroad.<\/p>\n<p style=\"text-align: justify;\"><strong>Transfer of assets to future generations\u00a0 <\/strong><\/p>\n<p style=\"text-align: justify;\">By establishing a trust fund, in comparison to the inheritance process, it is possible to determine for the next years what will happen to the assets that the founder of the family business wants to bequeath to his descendants or persons outside the family after his death, and may also set conditions for the beneficiaries to use assets in the fund. The allocated assets will be transferred to the trust fund after the founder&#8217;s death.<\/p>\n<p style=\"text-align: justify;\"><strong>Succession in the family business<\/strong><\/p>\n<p style=\"text-align: justify;\">Family businesses that deal with the question of how to secure the next generations of their descendants during the lifetime of the founder of the family business can use trust funds as an extension of the holding structure. The allocated assets will be transferred to the fund during the lifetime of the founder.<\/p>\n<p style=\"text-align: justify;\">In the trust fund can be invested movable assets, immovable assets, and financial assets.<\/p>\n<p>[\/vc_column_text][\/vc_column][\/vc_row]<\/p>\n<p><\/p>\n<\/div>","protected":false},"excerpt":{"rendered":"<p>In the case of a trust fund, there are involved up to three persons, namely the founder (owner of the family business), the trustee (the executive body of the fund), and the beneficiary (the person who benefits from the fund). The founder of the family business sets aside some assets and entrusts them\u00a0to a third&hellip;<\/p>\n","protected":false},"author":1,"featured_media":0,"parent":6678,"menu_order":0,"comment_status":"closed","ping_status":"closed","template":"","meta":{"inline_featured_image":false,"footnotes":""},"class_list":["post-6784","page","type-page","status-publish","hentry","description-off"],"yoast_head":"<!-- This site is optimized with the Yoast SEO plugin v26.1.1 - https:\/\/yoast.com\/wordpress\/plugins\/seo\/ -->\n<title>Consulting on Trust and Foundation Funds - Moore BDR s. r. o.<\/title>\n<meta name=\"robots\" content=\"index, follow, max-snippet:-1, max-image-preview:large, max-video-preview:-1\" \/>\n<link rel=\"canonical\" href=\"https:\/\/www.moore-bdr.sk\/sluzby\/rodinne-podnikanie\/poradenstvo-v-oblasti-trustovych-a-nadacnych-fondov\/\" \/>\n<meta property=\"og:locale\" content=\"de_DE\" \/>\n<meta property=\"og:type\" content=\"article\" \/>\n<meta property=\"og:title\" content=\"[:sk]Poradenstvo v oblasti trustov\u00fdch a nada\u010dn\u00fdch fondov[:en]Consulting on Trust and Foundation Funds[:de]Consulting on Trust and Foundation Funds[:] - Moore BDR s. r. o.\" \/>\n<meta property=\"og:url\" content=\"https:\/\/www.moore-bdr.sk\/sluzby\/rodinne-podnikanie\/poradenstvo-v-oblasti-trustovych-a-nadacnych-fondov\/\" \/>\n<meta property=\"og:site_name\" content=\"Moore BDR s. r. o.\" \/>\n<meta property=\"article:modified_time\" content=\"2025-03-26T14:07:32+00:00\" \/>\n<meta property=\"og:image\" content=\"https:\/\/www.moore-bdr.sk\/wp-content\/uploads\/2022\/10\/chess-3801531_960_720-300x169.jpg\" \/>\n<meta name=\"twitter:card\" content=\"summary_large_image\" \/>\n<meta name=\"twitter:label1\" content=\"Gesch\u00e4tzte Lesezeit\" \/>\n\t<meta name=\"twitter:data1\" content=\"2\u00a0Minuten\" \/>\n<script type=\"application\/ld+json\" class=\"yoast-schema-graph\">{\"@context\":\"https:\/\/schema.org\",\"@graph\":[{\"@type\":\"WebPage\",\"@id\":\"https:\/\/www.moore-bdr.sk\/sluzby\/rodinne-podnikanie\/poradenstvo-v-oblasti-trustovych-a-nadacnych-fondov\/\",\"url\":\"https:\/\/www.moore-bdr.sk\/sluzby\/rodinne-podnikanie\/poradenstvo-v-oblasti-trustovych-a-nadacnych-fondov\/\",\"name\":\"[:sk]Poradenstvo v oblasti trustov\u00fdch a nada\u010dn\u00fdch fondov[:en]Consulting on Trust and Foundation Funds[:de]Consulting on Trust and Foundation Funds[:] - Moore BDR s. r. o.\",\"isPartOf\":{\"@id\":\"https:\/\/www.moore-bdr.sk\/#website\"},\"primaryImageOfPage\":{\"@id\":\"https:\/\/www.moore-bdr.sk\/sluzby\/rodinne-podnikanie\/poradenstvo-v-oblasti-trustovych-a-nadacnych-fondov\/#primaryimage\"},\"image\":{\"@id\":\"https:\/\/www.moore-bdr.sk\/sluzby\/rodinne-podnikanie\/poradenstvo-v-oblasti-trustovych-a-nadacnych-fondov\/#primaryimage\"},\"thumbnailUrl\":\"https:\/\/www.moore-bdr.sk\/wp-content\/uploads\/2022\/10\/chess-3801531_960_720-300x169.jpg\",\"datePublished\":\"2022-10-27T13:54:19+00:00\",\"dateModified\":\"2025-03-26T14:07:32+00:00\",\"breadcrumb\":{\"@id\":\"https:\/\/www.moore-bdr.sk\/sluzby\/rodinne-podnikanie\/poradenstvo-v-oblasti-trustovych-a-nadacnych-fondov\/#breadcrumb\"},\"inLanguage\":\"de\",\"potentialAction\":[{\"@type\":\"ReadAction\",\"target\":[\"https:\/\/www.moore-bdr.sk\/sluzby\/rodinne-podnikanie\/poradenstvo-v-oblasti-trustovych-a-nadacnych-fondov\/\"]}]},{\"@type\":\"ImageObject\",\"inLanguage\":\"de\",\"@id\":\"https:\/\/www.moore-bdr.sk\/sluzby\/rodinne-podnikanie\/poradenstvo-v-oblasti-trustovych-a-nadacnych-fondov\/#primaryimage\",\"url\":\"https:\/\/www.moore-bdr.sk\/wp-content\/uploads\/2022\/10\/chess-3801531_960_720-300x169.jpg\",\"contentUrl\":\"https:\/\/www.moore-bdr.sk\/wp-content\/uploads\/2022\/10\/chess-3801531_960_720-300x169.jpg\"},{\"@type\":\"BreadcrumbList\",\"@id\":\"https:\/\/www.moore-bdr.sk\/sluzby\/rodinne-podnikanie\/poradenstvo-v-oblasti-trustovych-a-nadacnych-fondov\/#breadcrumb\",\"itemListElement\":[{\"@type\":\"ListItem\",\"position\":1,\"name\":\"Domovsk\u00e1 str\u00e1nka\",\"item\":\"https:\/\/www.moore-bdr.sk\/\"},{\"@type\":\"ListItem\",\"position\":2,\"name\":\"Slu\u017eby\",\"item\":\"https:\/\/www.moore-bdr.sk\/sluzby\/\"},{\"@type\":\"ListItem\",\"position\":3,\"name\":\"Rodinn\u00e9 podnikanie\",\"item\":\"https:\/\/www.moore-bdr.sk\/sluzby\/rodinne-podnikanie\/\"},{\"@type\":\"ListItem\",\"position\":4,\"name\":\"Poradenstvo v oblasti trustov\u00fdch a nada\u010dn\u00fdch fondov\"}]},{\"@type\":\"WebSite\",\"@id\":\"https:\/\/www.moore-bdr.sk\/#website\",\"url\":\"https:\/\/www.moore-bdr.sk\/\",\"name\":\"Moore BDR s. r. o.\",\"description\":\"Na\u0161e portf\u00f3lio zah\u0155\u0148a: audit \u00fa\u010dtovn\u00edctva, da\u0148ov\u00e9 poradenstvo, f\u00fazie, akviz\u00edcie, Due diligence, Bratislava, Bansk\u00e1 Bystrica\",\"potentialAction\":[{\"@type\":\"SearchAction\",\"target\":{\"@type\":\"EntryPoint\",\"urlTemplate\":\"https:\/\/www.moore-bdr.sk\/?s={search_term_string}\"},\"query-input\":{\"@type\":\"PropertyValueSpecification\",\"valueRequired\":true,\"valueName\":\"search_term_string\"}}],\"inLanguage\":\"de\"}]}<\/script>\n<!-- \/ Yoast SEO plugin. -->","yoast_head_json":{"title":"[:sk]Poradenstvo v oblasti trustov\u00fdch a nada\u010dn\u00fdch fondov[:en]Consulting on Trust and Foundation Funds[:de]Consulting on Trust and Foundation Funds[:] - Moore BDR s. r. o.","robots":{"index":"index","follow":"follow","max-snippet":"max-snippet:-1","max-image-preview":"max-image-preview:large","max-video-preview":"max-video-preview:-1"},"canonical":"https:\/\/www.moore-bdr.sk\/sluzby\/rodinne-podnikanie\/poradenstvo-v-oblasti-trustovych-a-nadacnych-fondov\/","og_locale":"de_DE","og_type":"article","og_title":"[:sk]Poradenstvo v oblasti trustov\u00fdch a nada\u010dn\u00fdch fondov[:en]Consulting on Trust and Foundation Funds[:de]Consulting on Trust and Foundation Funds[:] - Moore BDR s. r. o.","og_url":"https:\/\/www.moore-bdr.sk\/sluzby\/rodinne-podnikanie\/poradenstvo-v-oblasti-trustovych-a-nadacnych-fondov\/","og_site_name":"Moore BDR s. r. o.","article_modified_time":"2025-03-26T14:07:32+00:00","og_image":[{"url":"https:\/\/www.moore-bdr.sk\/wp-content\/uploads\/2022\/10\/chess-3801531_960_720-300x169.jpg","type":"","width":"","height":""}],"twitter_card":"summary_large_image","twitter_misc":{"Gesch\u00e4tzte Lesezeit":"2\u00a0Minuten"},"schema":{"@context":"https:\/\/schema.org","@graph":[{"@type":"WebPage","@id":"https:\/\/www.moore-bdr.sk\/sluzby\/rodinne-podnikanie\/poradenstvo-v-oblasti-trustovych-a-nadacnych-fondov\/","url":"https:\/\/www.moore-bdr.sk\/sluzby\/rodinne-podnikanie\/poradenstvo-v-oblasti-trustovych-a-nadacnych-fondov\/","name":"[:sk]Poradenstvo v oblasti trustov\u00fdch a nada\u010dn\u00fdch fondov[:en]Consulting on Trust and Foundation Funds[:de]Consulting on Trust and Foundation Funds[:] - Moore BDR s. r. o.","isPartOf":{"@id":"https:\/\/www.moore-bdr.sk\/#website"},"primaryImageOfPage":{"@id":"https:\/\/www.moore-bdr.sk\/sluzby\/rodinne-podnikanie\/poradenstvo-v-oblasti-trustovych-a-nadacnych-fondov\/#primaryimage"},"image":{"@id":"https:\/\/www.moore-bdr.sk\/sluzby\/rodinne-podnikanie\/poradenstvo-v-oblasti-trustovych-a-nadacnych-fondov\/#primaryimage"},"thumbnailUrl":"https:\/\/www.moore-bdr.sk\/wp-content\/uploads\/2022\/10\/chess-3801531_960_720-300x169.jpg","datePublished":"2022-10-27T13:54:19+00:00","dateModified":"2025-03-26T14:07:32+00:00","breadcrumb":{"@id":"https:\/\/www.moore-bdr.sk\/sluzby\/rodinne-podnikanie\/poradenstvo-v-oblasti-trustovych-a-nadacnych-fondov\/#breadcrumb"},"inLanguage":"de","potentialAction":[{"@type":"ReadAction","target":["https:\/\/www.moore-bdr.sk\/sluzby\/rodinne-podnikanie\/poradenstvo-v-oblasti-trustovych-a-nadacnych-fondov\/"]}]},{"@type":"ImageObject","inLanguage":"de","@id":"https:\/\/www.moore-bdr.sk\/sluzby\/rodinne-podnikanie\/poradenstvo-v-oblasti-trustovych-a-nadacnych-fondov\/#primaryimage","url":"https:\/\/www.moore-bdr.sk\/wp-content\/uploads\/2022\/10\/chess-3801531_960_720-300x169.jpg","contentUrl":"https:\/\/www.moore-bdr.sk\/wp-content\/uploads\/2022\/10\/chess-3801531_960_720-300x169.jpg"},{"@type":"BreadcrumbList","@id":"https:\/\/www.moore-bdr.sk\/sluzby\/rodinne-podnikanie\/poradenstvo-v-oblasti-trustovych-a-nadacnych-fondov\/#breadcrumb","itemListElement":[{"@type":"ListItem","position":1,"name":"Domovsk\u00e1 str\u00e1nka","item":"https:\/\/www.moore-bdr.sk\/"},{"@type":"ListItem","position":2,"name":"Slu\u017eby","item":"https:\/\/www.moore-bdr.sk\/sluzby\/"},{"@type":"ListItem","position":3,"name":"Rodinn\u00e9 podnikanie","item":"https:\/\/www.moore-bdr.sk\/sluzby\/rodinne-podnikanie\/"},{"@type":"ListItem","position":4,"name":"Poradenstvo v oblasti trustov\u00fdch a nada\u010dn\u00fdch fondov"}]},{"@type":"WebSite","@id":"https:\/\/www.moore-bdr.sk\/#website","url":"https:\/\/www.moore-bdr.sk\/","name":"Moore BDR s. r. o.","description":"Na\u0161e portf\u00f3lio zah\u0155\u0148a: audit \u00fa\u010dtovn\u00edctva, da\u0148ov\u00e9 poradenstvo, f\u00fazie, akviz\u00edcie, Due diligence, Bratislava, Bansk\u00e1 Bystrica","potentialAction":[{"@type":"SearchAction","target":{"@type":"EntryPoint","urlTemplate":"https:\/\/www.moore-bdr.sk\/?s={search_term_string}"},"query-input":{"@type":"PropertyValueSpecification","valueRequired":true,"valueName":"search_term_string"}}],"inLanguage":"de"}]}},"_links":{"self":[{"href":"https:\/\/www.moore-bdr.sk\/de\/wp-json\/wp\/v2\/pages\/6784","targetHints":{"allow":["GET"]}}],"collection":[{"href":"https:\/\/www.moore-bdr.sk\/de\/wp-json\/wp\/v2\/pages"}],"about":[{"href":"https:\/\/www.moore-bdr.sk\/de\/wp-json\/wp\/v2\/types\/page"}],"author":[{"embeddable":true,"href":"https:\/\/www.moore-bdr.sk\/de\/wp-json\/wp\/v2\/users\/1"}],"replies":[{"embeddable":true,"href":"https:\/\/www.moore-bdr.sk\/de\/wp-json\/wp\/v2\/comments?post=6784"}],"version-history":[{"count":3,"href":"https:\/\/www.moore-bdr.sk\/de\/wp-json\/wp\/v2\/pages\/6784\/revisions"}],"predecessor-version":[{"id":8440,"href":"https:\/\/www.moore-bdr.sk\/de\/wp-json\/wp\/v2\/pages\/6784\/revisions\/8440"}],"up":[{"embeddable":true,"href":"https:\/\/www.moore-bdr.sk\/de\/wp-json\/wp\/v2\/pages\/6678"}],"wp:attachment":[{"href":"https:\/\/www.moore-bdr.sk\/de\/wp-json\/wp\/v2\/media?parent=6784"}],"curies":[{"name":"wp","href":"https:\/\/api.w.org\/{rel}","templated":true}]}}