{"id":6791,"date":"2022-10-27T23:06:05","date_gmt":"2022-10-27T21:06:05","guid":{"rendered":"https:\/\/www.moore-bdr.sk\/?page_id=6791"},"modified":"2025-03-26T16:08:21","modified_gmt":"2025-03-26T14:08:21","slug":"globalne-kontakty","status":"publish","type":"page","link":"https:\/\/www.moore-bdr.sk\/de\/sluzby\/rodinne-podnikanie\/globalne-kontakty\/","title":{"rendered":"Global Contacts"},"content":{"rendered":"<div class=\"wpb-content-wrapper\"><p>[vc_row][vc_column][vc_column_text]<\/p>\n<p style=\"text-align: justify;\"><img loading=\"lazy\" decoding=\"async\" class=\"alignright size-medium wp-image-6737\" src=\"https:\/\/www.moore-bdr.sk\/wp-content\/uploads\/2022\/10\/hands-3331216_960_720-300x200.webp\" alt=\"\" width=\"300\" height=\"200\" srcset=\"https:\/\/www.moore-bdr.sk\/wp-content\/uploads\/2022\/10\/hands-3331216_960_720-300x200.webp 300w, https:\/\/www.moore-bdr.sk\/wp-content\/uploads\/2022\/10\/hands-3331216_960_720-768x513.webp 768w, https:\/\/www.moore-bdr.sk\/wp-content\/uploads\/2022\/10\/hands-3331216_960_720.webp 960w\" sizes=\"auto, (max-width: 300px) 100vw, 300px\" \/><\/p>\n<p style=\"text-align: justify;\">Moore BDR is part of the Moore Global Network.<\/p>\n<p style=\"text-align: justify;\">Helping people thrive \u2013 our clients and our communities \u2013 is the main goal of the Moore Network. We are a global accounting and advisory family with over 29,000 people in 547 offices across 113 countries. We connect and collaborate to take care of your needs &#8211; local, national and international. When you cooperate with Moore companies, you are in contact with people, who care a lot about your success and who are motivated and determined to deliver results to you and your company. We will be there for you whenever you need us &#8211; help you deal with complex and comprehensive inquiries, guide you in your decisions and ensure that you take advantage of every opportunity.<\/p>\n<p style=\"text-align: justify;\">In comparison to corporate consulting companies, we can offer you a personal approach, which is not common in the current fast-paced era focused only on numbers without emotions.<\/p>\n<p style=\"text-align: justify;\">Despite the fact, that we can provide the client with added value in the form of a personal approach, that can be provided only by a family consulting company based on appropriate values, we do not fall behind in the international dimension thanks to the Moore Global Network, which connects us with consulting companies around the world.<\/p>\n<p style=\"text-align: justify;\">Moore BDR offers clients a unique combination of the best in the field of advisory.<\/p>\n<p>[\/vc_column_text][\/vc_column][\/vc_row]<\/p>\n<\/div>","protected":false},"excerpt":{"rendered":"<p>Moore BDR is part of the Moore Global Network. Helping people thrive \u2013 our clients and our communities \u2013 is the main goal of the Moore Network. We are a global accounting and advisory family with over 29,000 people in 547 offices across 113 countries. We connect and collaborate to take care of your needs&hellip;<\/p>\n","protected":false},"author":1,"featured_media":0,"parent":6678,"menu_order":0,"comment_status":"closed","ping_status":"closed","template":"","meta":{"inline_featured_image":false,"footnotes":""},"class_list":["post-6791","page","type-page","status-publish","hentry","description-off"],"yoast_head":"<!-- This site is optimized with the Yoast SEO plugin v26.1.1 - https:\/\/yoast.com\/wordpress\/plugins\/seo\/ -->\n<title>Global Contacts - Moore BDR s. r. o.<\/title>\n<meta name=\"robots\" content=\"index, follow, max-snippet:-1, max-image-preview:large, max-video-preview:-1\" \/>\n<link rel=\"canonical\" href=\"https:\/\/www.moore-bdr.sk\/sluzby\/rodinne-podnikanie\/globalne-kontakty\/\" \/>\n<meta property=\"og:locale\" content=\"de_DE\" \/>\n<meta property=\"og:type\" content=\"article\" \/>\n<meta property=\"og:title\" content=\"[:sk]Glob\u00e1lne kontakty[:en]Global Contacts[:de]Global Contacts[:] - Moore BDR s. r. o.\" \/>\n<meta property=\"og:url\" content=\"https:\/\/www.moore-bdr.sk\/sluzby\/rodinne-podnikanie\/globalne-kontakty\/\" \/>\n<meta property=\"og:site_name\" content=\"Moore BDR s. r. o.\" \/>\n<meta property=\"article:modified_time\" content=\"2025-03-26T14:08:21+00:00\" \/>\n<meta property=\"og:image\" content=\"https:\/\/www.moore-bdr.sk\/wp-content\/uploads\/2022\/10\/hands-3331216_960_720-300x200.webp\" \/>\n<meta name=\"twitter:card\" content=\"summary_large_image\" \/>\n<meta name=\"twitter:label1\" content=\"Gesch\u00e4tzte Lesezeit\" \/>\n\t<meta name=\"twitter:data1\" content=\"2\u00a0Minuten\" \/>\n<script type=\"application\/ld+json\" class=\"yoast-schema-graph\">{\"@context\":\"https:\/\/schema.org\",\"@graph\":[{\"@type\":\"WebPage\",\"@id\":\"https:\/\/www.moore-bdr.sk\/sluzby\/rodinne-podnikanie\/globalne-kontakty\/\",\"url\":\"https:\/\/www.moore-bdr.sk\/sluzby\/rodinne-podnikanie\/globalne-kontakty\/\",\"name\":\"[:sk]Glob\u00e1lne kontakty[:en]Global Contacts[:de]Global Contacts[:] - Moore BDR s. r. o.\",\"isPartOf\":{\"@id\":\"https:\/\/www.moore-bdr.sk\/#website\"},\"primaryImageOfPage\":{\"@id\":\"https:\/\/www.moore-bdr.sk\/sluzby\/rodinne-podnikanie\/globalne-kontakty\/#primaryimage\"},\"image\":{\"@id\":\"https:\/\/www.moore-bdr.sk\/sluzby\/rodinne-podnikanie\/globalne-kontakty\/#primaryimage\"},\"thumbnailUrl\":\"https:\/\/www.moore-bdr.sk\/wp-content\/uploads\/2022\/10\/hands-3331216_960_720-300x200.webp\",\"datePublished\":\"2022-10-27T21:06:05+00:00\",\"dateModified\":\"2025-03-26T14:08:21+00:00\",\"breadcrumb\":{\"@id\":\"https:\/\/www.moore-bdr.sk\/sluzby\/rodinne-podnikanie\/globalne-kontakty\/#breadcrumb\"},\"inLanguage\":\"de\",\"potentialAction\":[{\"@type\":\"ReadAction\",\"target\":[\"https:\/\/www.moore-bdr.sk\/sluzby\/rodinne-podnikanie\/globalne-kontakty\/\"]}]},{\"@type\":\"ImageObject\",\"inLanguage\":\"de\",\"@id\":\"https:\/\/www.moore-bdr.sk\/sluzby\/rodinne-podnikanie\/globalne-kontakty\/#primaryimage\",\"url\":\"https:\/\/www.moore-bdr.sk\/wp-content\/uploads\/2022\/10\/hands-3331216_960_720-300x200.webp\",\"contentUrl\":\"https:\/\/www.moore-bdr.sk\/wp-content\/uploads\/2022\/10\/hands-3331216_960_720-300x200.webp\"},{\"@type\":\"BreadcrumbList\",\"@id\":\"https:\/\/www.moore-bdr.sk\/sluzby\/rodinne-podnikanie\/globalne-kontakty\/#breadcrumb\",\"itemListElement\":[{\"@type\":\"ListItem\",\"position\":1,\"name\":\"Domovsk\u00e1 str\u00e1nka\",\"item\":\"https:\/\/www.moore-bdr.sk\/\"},{\"@type\":\"ListItem\",\"position\":2,\"name\":\"Slu\u017eby\",\"item\":\"https:\/\/www.moore-bdr.sk\/sluzby\/\"},{\"@type\":\"ListItem\",\"position\":3,\"name\":\"Rodinn\u00e9 podnikanie\",\"item\":\"https:\/\/www.moore-bdr.sk\/sluzby\/rodinne-podnikanie\/\"},{\"@type\":\"ListItem\",\"position\":4,\"name\":\"Glob\u00e1lne kontakty\"}]},{\"@type\":\"WebSite\",\"@id\":\"https:\/\/www.moore-bdr.sk\/#website\",\"url\":\"https:\/\/www.moore-bdr.sk\/\",\"name\":\"Moore BDR s. r. o.\",\"description\":\"Na\u0161e portf\u00f3lio zah\u0155\u0148a: audit \u00fa\u010dtovn\u00edctva, da\u0148ov\u00e9 poradenstvo, f\u00fazie, akviz\u00edcie, Due diligence, Bratislava, Bansk\u00e1 Bystrica\",\"potentialAction\":[{\"@type\":\"SearchAction\",\"target\":{\"@type\":\"EntryPoint\",\"urlTemplate\":\"https:\/\/www.moore-bdr.sk\/?s={search_term_string}\"},\"query-input\":{\"@type\":\"PropertyValueSpecification\",\"valueRequired\":true,\"valueName\":\"search_term_string\"}}],\"inLanguage\":\"de\"}]}<\/script>\n<!-- \/ Yoast SEO plugin. -->","yoast_head_json":{"title":"[:sk]Glob\u00e1lne kontakty[:en]Global Contacts[:de]Global Contacts[:] - Moore BDR s. r. o.","robots":{"index":"index","follow":"follow","max-snippet":"max-snippet:-1","max-image-preview":"max-image-preview:large","max-video-preview":"max-video-preview:-1"},"canonical":"https:\/\/www.moore-bdr.sk\/sluzby\/rodinne-podnikanie\/globalne-kontakty\/","og_locale":"de_DE","og_type":"article","og_title":"[:sk]Glob\u00e1lne kontakty[:en]Global Contacts[:de]Global Contacts[:] - Moore BDR s. r. o.","og_url":"https:\/\/www.moore-bdr.sk\/sluzby\/rodinne-podnikanie\/globalne-kontakty\/","og_site_name":"Moore BDR s. r. o.","article_modified_time":"2025-03-26T14:08:21+00:00","og_image":[{"url":"https:\/\/www.moore-bdr.sk\/wp-content\/uploads\/2022\/10\/hands-3331216_960_720-300x200.webp","type":"","width":"","height":""}],"twitter_card":"summary_large_image","twitter_misc":{"Gesch\u00e4tzte Lesezeit":"2\u00a0Minuten"},"schema":{"@context":"https:\/\/schema.org","@graph":[{"@type":"WebPage","@id":"https:\/\/www.moore-bdr.sk\/sluzby\/rodinne-podnikanie\/globalne-kontakty\/","url":"https:\/\/www.moore-bdr.sk\/sluzby\/rodinne-podnikanie\/globalne-kontakty\/","name":"[:sk]Glob\u00e1lne kontakty[:en]Global Contacts[:de]Global Contacts[:] - Moore BDR s. r. o.","isPartOf":{"@id":"https:\/\/www.moore-bdr.sk\/#website"},"primaryImageOfPage":{"@id":"https:\/\/www.moore-bdr.sk\/sluzby\/rodinne-podnikanie\/globalne-kontakty\/#primaryimage"},"image":{"@id":"https:\/\/www.moore-bdr.sk\/sluzby\/rodinne-podnikanie\/globalne-kontakty\/#primaryimage"},"thumbnailUrl":"https:\/\/www.moore-bdr.sk\/wp-content\/uploads\/2022\/10\/hands-3331216_960_720-300x200.webp","datePublished":"2022-10-27T21:06:05+00:00","dateModified":"2025-03-26T14:08:21+00:00","breadcrumb":{"@id":"https:\/\/www.moore-bdr.sk\/sluzby\/rodinne-podnikanie\/globalne-kontakty\/#breadcrumb"},"inLanguage":"de","potentialAction":[{"@type":"ReadAction","target":["https:\/\/www.moore-bdr.sk\/sluzby\/rodinne-podnikanie\/globalne-kontakty\/"]}]},{"@type":"ImageObject","inLanguage":"de","@id":"https:\/\/www.moore-bdr.sk\/sluzby\/rodinne-podnikanie\/globalne-kontakty\/#primaryimage","url":"https:\/\/www.moore-bdr.sk\/wp-content\/uploads\/2022\/10\/hands-3331216_960_720-300x200.webp","contentUrl":"https:\/\/www.moore-bdr.sk\/wp-content\/uploads\/2022\/10\/hands-3331216_960_720-300x200.webp"},{"@type":"BreadcrumbList","@id":"https:\/\/www.moore-bdr.sk\/sluzby\/rodinne-podnikanie\/globalne-kontakty\/#breadcrumb","itemListElement":[{"@type":"ListItem","position":1,"name":"Domovsk\u00e1 str\u00e1nka","item":"https:\/\/www.moore-bdr.sk\/"},{"@type":"ListItem","position":2,"name":"Slu\u017eby","item":"https:\/\/www.moore-bdr.sk\/sluzby\/"},{"@type":"ListItem","position":3,"name":"Rodinn\u00e9 podnikanie","item":"https:\/\/www.moore-bdr.sk\/sluzby\/rodinne-podnikanie\/"},{"@type":"ListItem","position":4,"name":"Glob\u00e1lne kontakty"}]},{"@type":"WebSite","@id":"https:\/\/www.moore-bdr.sk\/#website","url":"https:\/\/www.moore-bdr.sk\/","name":"Moore BDR s. r. o.","description":"Na\u0161e portf\u00f3lio zah\u0155\u0148a: audit \u00fa\u010dtovn\u00edctva, da\u0148ov\u00e9 poradenstvo, f\u00fazie, akviz\u00edcie, Due diligence, Bratislava, Bansk\u00e1 Bystrica","potentialAction":[{"@type":"SearchAction","target":{"@type":"EntryPoint","urlTemplate":"https:\/\/www.moore-bdr.sk\/?s={search_term_string}"},"query-input":{"@type":"PropertyValueSpecification","valueRequired":true,"valueName":"search_term_string"}}],"inLanguage":"de"}]}},"_links":{"self":[{"href":"https:\/\/www.moore-bdr.sk\/de\/wp-json\/wp\/v2\/pages\/6791","targetHints":{"allow":["GET"]}}],"collection":[{"href":"https:\/\/www.moore-bdr.sk\/de\/wp-json\/wp\/v2\/pages"}],"about":[{"href":"https:\/\/www.moore-bdr.sk\/de\/wp-json\/wp\/v2\/types\/page"}],"author":[{"embeddable":true,"href":"https:\/\/www.moore-bdr.sk\/de\/wp-json\/wp\/v2\/users\/1"}],"replies":[{"embeddable":true,"href":"https:\/\/www.moore-bdr.sk\/de\/wp-json\/wp\/v2\/comments?post=6791"}],"version-history":[{"count":5,"href":"https:\/\/www.moore-bdr.sk\/de\/wp-json\/wp\/v2\/pages\/6791\/revisions"}],"predecessor-version":[{"id":8442,"href":"https:\/\/www.moore-bdr.sk\/de\/wp-json\/wp\/v2\/pages\/6791\/revisions\/8442"}],"up":[{"embeddable":true,"href":"https:\/\/www.moore-bdr.sk\/de\/wp-json\/wp\/v2\/pages\/6678"}],"wp:attachment":[{"href":"https:\/\/www.moore-bdr.sk\/de\/wp-json\/wp\/v2\/media?parent=6791"}],"curies":[{"name":"wp","href":"https:\/\/api.w.org\/{rel}","templated":true}]}}