{"id":6972,"date":"2022-11-18T14:13:57","date_gmt":"2022-11-18T12:13:57","guid":{"rendered":"https:\/\/www.moore-bdr.sk\/?page_id=6972"},"modified":"2026-04-23T08:45:00","modified_gmt":"2026-04-23T06:45:00","slug":"uvod-2","status":"publish","type":"page","link":"https:\/\/www.moore-bdr.sk\/de\/","title":{"rendered":"(Sloven\u010dina) Audit \u00fa\u010dtovn\u00edctva &#8211; \u00favod 2026"},"content":{"rendered":"<p class=\"qtranxs-available-languages-message qtranxs-available-languages-message-de\">Leider ist der Eintrag nur auf <a href=\"https:\/\/www.moore-bdr.sk\/sk\/wp-json\/wp\/v2\/pages\/6972\" class=\"qtranxs-available-language-link qtranxs-available-language-link-sk\" title=\"Sloven\u010dina\">Sloven\u010dina<\/a> und <a href=\"https:\/\/www.moore-bdr.sk\/en\/wp-json\/wp\/v2\/pages\/6972\" class=\"qtranxs-available-language-link qtranxs-available-language-link-en\" title=\"English\">English<\/a> verf\u00fcgbar.<\/p>","protected":false},"excerpt":{"rendered":"<p>Leider ist der Eintrag nur auf Sloven\u010dina und English verf\u00fcgbar.<\/p>\n","protected":false},"author":1,"featured_media":6462,"parent":0,"menu_order":0,"comment_status":"closed","ping_status":"closed","template":"","meta":{"inline_featured_image":false,"footnotes":""},"class_list":["post-6972","page","type-page","status-publish","has-post-thumbnail","hentry","description-off"],"yoast_head":"<!-- This site is optimized with the Yoast SEO plugin v26.1.1 - https:\/\/yoast.com\/wordpress\/plugins\/seo\/ -->\n<title>Moore BDR s. r. o.<\/title>\n<meta name=\"description\" content=\"Moore BDR s. r. o. patr\u00ed medzi desa\u0165 najv\u00e4\u010d\u0161\u00edch aud\u00edtorsk\u00fdch firiem na Slovensku a je nez\u00e1visl\u00fdm \u010dlenom medzin\u00e1rodnej aud\u00edtorskej spolo\u010dnosti Moore Global Network Limited\" \/>\n<meta name=\"robots\" content=\"index, follow, max-snippet:-1, max-image-preview:large, max-video-preview:-1\" \/>\n<link rel=\"canonical\" href=\"https:\/\/www.moore-bdr.sk\/\" \/>\n<meta property=\"og:locale\" content=\"de_DE\" \/>\n<meta property=\"og:type\" content=\"article\" \/>\n<meta property=\"og:title\" content=\"Moore BDR s. r. o.\" \/>\n<meta property=\"og:description\" content=\"Moore BDR s. r. o. patr\u00ed medzi desa\u0165 najv\u00e4\u010d\u0161\u00edch aud\u00edtorsk\u00fdch firiem na Slovensku a je nez\u00e1visl\u00fdm \u010dlenom medzin\u00e1rodnej aud\u00edtorskej spolo\u010dnosti Moore Global Network Limited\" \/>\n<meta property=\"og:url\" content=\"https:\/\/www.moore-bdr.sk\/\" \/>\n<meta property=\"og:site_name\" content=\"Moore BDR s. r. o.\" \/>\n<meta property=\"article:modified_time\" content=\"2026-04-23T06:45:00+00:00\" \/>\n<meta property=\"og:image\" content=\"https:\/\/www.moore-bdr.sk\/wp-content\/uploads\/2022\/09\/new-home.jpg\" \/>\n\t<meta property=\"og:image:width\" content=\"1432\" \/>\n\t<meta property=\"og:image:height\" content=\"768\" \/>\n\t<meta property=\"og:image:type\" content=\"image\/jpeg\" \/>\n<meta name=\"twitter:card\" content=\"summary_large_image\" \/>\n<meta name=\"twitter:label1\" content=\"Gesch\u00e4tzte Lesezeit\" \/>\n\t<meta name=\"twitter:data1\" content=\"8\u00a0Minuten\" \/>\n<script type=\"application\/ld+json\" class=\"yoast-schema-graph\">{\"@context\":\"https:\/\/schema.org\",\"@graph\":[{\"@type\":\"WebPage\",\"@id\":\"https:\/\/www.moore-bdr.sk\/\",\"url\":\"https:\/\/www.moore-bdr.sk\/\",\"name\":\"Moore BDR s. r. o.\",\"isPartOf\":{\"@id\":\"https:\/\/www.moore-bdr.sk\/#website\"},\"primaryImageOfPage\":{\"@id\":\"https:\/\/www.moore-bdr.sk\/#primaryimage\"},\"image\":{\"@id\":\"https:\/\/www.moore-bdr.sk\/#primaryimage\"},\"thumbnailUrl\":\"https:\/\/www.moore-bdr.sk\/wp-content\/uploads\/2022\/09\/new-home.jpg\",\"datePublished\":\"2022-11-18T12:13:57+00:00\",\"dateModified\":\"2026-04-23T06:45:00+00:00\",\"description\":\"Moore BDR s. r. o. patr\u00ed medzi desa\u0165 najv\u00e4\u010d\u0161\u00edch aud\u00edtorsk\u00fdch firiem na Slovensku a je nez\u00e1visl\u00fdm \u010dlenom medzin\u00e1rodnej aud\u00edtorskej spolo\u010dnosti Moore Global Network Limited\",\"breadcrumb\":{\"@id\":\"https:\/\/www.moore-bdr.sk\/#breadcrumb\"},\"inLanguage\":\"de\",\"potentialAction\":[{\"@type\":\"ReadAction\",\"target\":[\"https:\/\/www.moore-bdr.sk\/\"]}]},{\"@type\":\"ImageObject\",\"inLanguage\":\"de\",\"@id\":\"https:\/\/www.moore-bdr.sk\/#primaryimage\",\"url\":\"https:\/\/www.moore-bdr.sk\/wp-content\/uploads\/2022\/09\/new-home.jpg\",\"contentUrl\":\"https:\/\/www.moore-bdr.sk\/wp-content\/uploads\/2022\/09\/new-home.jpg\",\"width\":1432,\"height\":768},{\"@type\":\"BreadcrumbList\",\"@id\":\"https:\/\/www.moore-bdr.sk\/#breadcrumb\",\"itemListElement\":[{\"@type\":\"ListItem\",\"position\":1,\"name\":\"Domovsk\u00e1 str\u00e1nka\",\"item\":\"https:\/\/www.moore-bdr.sk\/\"},{\"@type\":\"ListItem\",\"position\":2,\"name\":\"Audit \u00fa\u010dtovn\u00edctva &#8211; \u00favod 2026\"}]},{\"@type\":\"WebSite\",\"@id\":\"https:\/\/www.moore-bdr.sk\/#website\",\"url\":\"https:\/\/www.moore-bdr.sk\/\",\"name\":\"Moore BDR s. r. o.\",\"description\":\"Na\u0161e portf\u00f3lio zah\u0155\u0148a: audit \u00fa\u010dtovn\u00edctva, da\u0148ov\u00e9 poradenstvo, f\u00fazie, akviz\u00edcie, Due diligence, Bratislava, Bansk\u00e1 Bystrica\",\"potentialAction\":[{\"@type\":\"SearchAction\",\"target\":{\"@type\":\"EntryPoint\",\"urlTemplate\":\"https:\/\/www.moore-bdr.sk\/?s={search_term_string}\"},\"query-input\":{\"@type\":\"PropertyValueSpecification\",\"valueRequired\":true,\"valueName\":\"search_term_string\"}}],\"inLanguage\":\"de\"}]}<\/script>\n<!-- \/ Yoast SEO plugin. -->","yoast_head_json":{"title":"Moore BDR s. r. o.","description":"Moore BDR s. r. o. patr\u00ed medzi desa\u0165 najv\u00e4\u010d\u0161\u00edch aud\u00edtorsk\u00fdch firiem na Slovensku a je nez\u00e1visl\u00fdm \u010dlenom medzin\u00e1rodnej aud\u00edtorskej spolo\u010dnosti Moore Global Network Limited","robots":{"index":"index","follow":"follow","max-snippet":"max-snippet:-1","max-image-preview":"max-image-preview:large","max-video-preview":"max-video-preview:-1"},"canonical":"https:\/\/www.moore-bdr.sk\/","og_locale":"de_DE","og_type":"article","og_title":"Moore BDR s. r. o.","og_description":"Moore BDR s. r. o. patr\u00ed medzi desa\u0165 najv\u00e4\u010d\u0161\u00edch aud\u00edtorsk\u00fdch firiem na Slovensku a je nez\u00e1visl\u00fdm \u010dlenom medzin\u00e1rodnej aud\u00edtorskej spolo\u010dnosti Moore Global Network Limited","og_url":"https:\/\/www.moore-bdr.sk\/","og_site_name":"Moore BDR s. r. o.","article_modified_time":"2026-04-23T06:45:00+00:00","og_image":[{"width":1432,"height":768,"url":"https:\/\/www.moore-bdr.sk\/wp-content\/uploads\/2022\/09\/new-home.jpg","type":"image\/jpeg"}],"twitter_card":"summary_large_image","twitter_misc":{"Gesch\u00e4tzte Lesezeit":"8\u00a0Minuten"},"schema":{"@context":"https:\/\/schema.org","@graph":[{"@type":"WebPage","@id":"https:\/\/www.moore-bdr.sk\/","url":"https:\/\/www.moore-bdr.sk\/","name":"Moore BDR s. r. o.","isPartOf":{"@id":"https:\/\/www.moore-bdr.sk\/#website"},"primaryImageOfPage":{"@id":"https:\/\/www.moore-bdr.sk\/#primaryimage"},"image":{"@id":"https:\/\/www.moore-bdr.sk\/#primaryimage"},"thumbnailUrl":"https:\/\/www.moore-bdr.sk\/wp-content\/uploads\/2022\/09\/new-home.jpg","datePublished":"2022-11-18T12:13:57+00:00","dateModified":"2026-04-23T06:45:00+00:00","description":"Moore BDR s. r. o. patr\u00ed medzi desa\u0165 najv\u00e4\u010d\u0161\u00edch aud\u00edtorsk\u00fdch firiem na Slovensku a je nez\u00e1visl\u00fdm \u010dlenom medzin\u00e1rodnej aud\u00edtorskej spolo\u010dnosti Moore Global Network Limited","breadcrumb":{"@id":"https:\/\/www.moore-bdr.sk\/#breadcrumb"},"inLanguage":"de","potentialAction":[{"@type":"ReadAction","target":["https:\/\/www.moore-bdr.sk\/"]}]},{"@type":"ImageObject","inLanguage":"de","@id":"https:\/\/www.moore-bdr.sk\/#primaryimage","url":"https:\/\/www.moore-bdr.sk\/wp-content\/uploads\/2022\/09\/new-home.jpg","contentUrl":"https:\/\/www.moore-bdr.sk\/wp-content\/uploads\/2022\/09\/new-home.jpg","width":1432,"height":768},{"@type":"BreadcrumbList","@id":"https:\/\/www.moore-bdr.sk\/#breadcrumb","itemListElement":[{"@type":"ListItem","position":1,"name":"Domovsk\u00e1 str\u00e1nka","item":"https:\/\/www.moore-bdr.sk\/"},{"@type":"ListItem","position":2,"name":"Audit \u00fa\u010dtovn\u00edctva &#8211; \u00favod 2026"}]},{"@type":"WebSite","@id":"https:\/\/www.moore-bdr.sk\/#website","url":"https:\/\/www.moore-bdr.sk\/","name":"Moore BDR s. r. o.","description":"Na\u0161e portf\u00f3lio zah\u0155\u0148a: audit \u00fa\u010dtovn\u00edctva, da\u0148ov\u00e9 poradenstvo, f\u00fazie, akviz\u00edcie, Due diligence, Bratislava, Bansk\u00e1 Bystrica","potentialAction":[{"@type":"SearchAction","target":{"@type":"EntryPoint","urlTemplate":"https:\/\/www.moore-bdr.sk\/?s={search_term_string}"},"query-input":{"@type":"PropertyValueSpecification","valueRequired":true,"valueName":"search_term_string"}}],"inLanguage":"de"}]}},"_links":{"self":[{"href":"https:\/\/www.moore-bdr.sk\/de\/wp-json\/wp\/v2\/pages\/6972","targetHints":{"allow":["GET"]}}],"collection":[{"href":"https:\/\/www.moore-bdr.sk\/de\/wp-json\/wp\/v2\/pages"}],"about":[{"href":"https:\/\/www.moore-bdr.sk\/de\/wp-json\/wp\/v2\/types\/page"}],"author":[{"embeddable":true,"href":"https:\/\/www.moore-bdr.sk\/de\/wp-json\/wp\/v2\/users\/1"}],"replies":[{"embeddable":true,"href":"https:\/\/www.moore-bdr.sk\/de\/wp-json\/wp\/v2\/comments?post=6972"}],"version-history":[{"count":12,"href":"https:\/\/www.moore-bdr.sk\/de\/wp-json\/wp\/v2\/pages\/6972\/revisions"}],"predecessor-version":[{"id":6984,"href":"https:\/\/www.moore-bdr.sk\/de\/wp-json\/wp\/v2\/pages\/6972\/revisions\/6984"}],"wp:featuredmedia":[{"embeddable":true,"href":"https:\/\/www.moore-bdr.sk\/de\/wp-json\/wp\/v2\/media\/6462"}],"wp:attachment":[{"href":"https:\/\/www.moore-bdr.sk\/de\/wp-json\/wp\/v2\/media?parent=6972"}],"curies":[{"name":"wp","href":"https:\/\/api.w.org\/{rel}","templated":true}]}}