{"id":7140,"date":"2023-04-02T00:06:58","date_gmt":"2023-04-01T22:06:58","guid":{"rendered":"https:\/\/www.moore-bdr.sk\/?page_id=7140"},"modified":"2025-06-04T15:36:56","modified_gmt":"2025-06-04T13:36:56","slug":"superodpocet-na-vyskum-a-vyvoj-vav","status":"publish","type":"page","link":"https:\/\/www.moore-bdr.sk\/de\/superodpocet-na-vyskum-a-vyvoj-vav\/","title":{"rendered":"(Sloven\u010dina) Superodpo\u010det na v\u00fdskum a v\u00fdvoj (VaV)"},"content":{"rendered":"<p class=\"qtranxs-available-languages-message qtranxs-available-languages-message-de\">Leider ist der Eintrag nur auf <a href=\"https:\/\/www.moore-bdr.sk\/sk\/wp-json\/wp\/v2\/pages\/7140\" class=\"qtranxs-available-language-link qtranxs-available-language-link-sk\" title=\"Sloven\u010dina\">Sloven\u010dina<\/a> verf\u00fcgbar.<\/p>","protected":false},"excerpt":{"rendered":"<p>Leider ist der Eintrag nur auf Sloven\u010dina verf\u00fcgbar.<\/p>\n","protected":false},"author":1,"featured_media":0,"parent":0,"menu_order":0,"comment_status":"closed","ping_status":"closed","template":"","meta":{"inline_featured_image":false,"footnotes":""},"class_list":["post-7140","page","type-page","status-publish","hentry","description-off"],"yoast_head":"<!-- This site is optimized with the Yoast SEO plugin v26.1.1 - https:\/\/yoast.com\/wordpress\/plugins\/seo\/ -->\n<title><\/title>\n<meta name=\"robots\" content=\"index, follow, max-snippet:-1, max-image-preview:large, max-video-preview:-1\" \/>\n<link rel=\"canonical\" href=\"https:\/\/www.moore-bdr.sk\/superodpocet-na-vyskum-a-vyvoj-vav\/\" \/>\n<meta property=\"og:locale\" content=\"de_DE\" \/>\n<meta property=\"og:type\" content=\"article\" \/>\n<meta property=\"og:title\" content=\"Poradenstvo v oblasti inov\u00e1ci\u00ed\" \/>\n<meta property=\"og:description\" content=\"Patent box je osobitn\u00fd da\u0148ov\u00fd re\u017eim ur\u010den\u00fd pre pr\u00e1vnick\u00e9 osoby, ktor\u00fd je \u00fa\u010dinn\u00fd od 1.1.2018. Jeho benefit spo\u010d\u00edva v da\u0148ovom osloboden\u00ed \u010dasti pr\u00edjmov plyn\u00facich z nehmotn\u00fdch akt\u00edv, ktor\u00e9 s\u00fa v\u00fdsledkom vlastnej v\u00fdvojovej \u010dinnosti da\u0148ovn\u00edka.\" \/>\n<meta property=\"og:url\" content=\"https:\/\/www.moore-bdr.sk\/superodpocet-na-vyskum-a-vyvoj-vav\/\" \/>\n<meta property=\"og:site_name\" content=\"Moore BDR s. r. o.\" \/>\n<meta property=\"article:modified_time\" content=\"2025-06-04T13:36:56+00:00\" \/>\n<meta property=\"og:image\" content=\"https:\/\/www.moore-bdr.sk\/wp-content\/uploads\/2021\/05\/insights-12.jpg\" \/>\n\t<meta property=\"og:image:width\" content=\"1920\" \/>\n\t<meta property=\"og:image:height\" content=\"1080\" \/>\n\t<meta property=\"og:image:type\" content=\"image\/jpeg\" \/>\n<meta name=\"twitter:card\" content=\"summary_large_image\" \/>\n<meta name=\"twitter:title\" content=\"Poradenstvo v oblasti inov\u00e1ci\u00ed\" \/>\n<meta name=\"twitter:description\" content=\"Patent box je osobitn\u00fd da\u0148ov\u00fd re\u017eim ur\u010den\u00fd pre pr\u00e1vnick\u00e9 osoby, ktor\u00fd je \u00fa\u010dinn\u00fd od 1.1.2018. Jeho benefit spo\u010d\u00edva v da\u0148ovom osloboden\u00ed \u010dasti pr\u00edjmov plyn\u00facich z nehmotn\u00fdch akt\u00edv, ktor\u00e9 s\u00fa v\u00fdsledkom vlastnej v\u00fdvojovej \u010dinnosti da\u0148ovn\u00edka.\" \/>\n<meta name=\"twitter:label1\" content=\"Gesch\u00e4tzte Lesezeit\" \/>\n\t<meta name=\"twitter:data1\" content=\"6\u00a0Minuten\" \/>\n<script type=\"application\/ld+json\" class=\"yoast-schema-graph\">{\"@context\":\"https:\/\/schema.org\",\"@graph\":[{\"@type\":\"WebPage\",\"@id\":\"https:\/\/www.moore-bdr.sk\/superodpocet-na-vyskum-a-vyvoj-vav\/\",\"url\":\"https:\/\/www.moore-bdr.sk\/superodpocet-na-vyskum-a-vyvoj-vav\/\",\"name\":\"[:sk]Superodpo\u010det na v\u00fdskum a v\u00fdvoj (VaV)[:] - Moore BDR s. r. o.\",\"isPartOf\":{\"@id\":\"https:\/\/www.moore-bdr.sk\/#website\"},\"datePublished\":\"2023-04-01T22:06:58+00:00\",\"dateModified\":\"2025-06-04T13:36:56+00:00\",\"breadcrumb\":{\"@id\":\"https:\/\/www.moore-bdr.sk\/superodpocet-na-vyskum-a-vyvoj-vav\/#breadcrumb\"},\"inLanguage\":\"de\",\"potentialAction\":[{\"@type\":\"ReadAction\",\"target\":[\"https:\/\/www.moore-bdr.sk\/superodpocet-na-vyskum-a-vyvoj-vav\/\"]}]},{\"@type\":\"BreadcrumbList\",\"@id\":\"https:\/\/www.moore-bdr.sk\/superodpocet-na-vyskum-a-vyvoj-vav\/#breadcrumb\",\"itemListElement\":[{\"@type\":\"ListItem\",\"position\":1,\"name\":\"Domovsk\u00e1 str\u00e1nka\",\"item\":\"https:\/\/www.moore-bdr.sk\/\"},{\"@type\":\"ListItem\",\"position\":2,\"name\":\"Superodpo\u010det na v\u00fdskum a v\u00fdvoj (VaV)\"}]},{\"@type\":\"WebSite\",\"@id\":\"https:\/\/www.moore-bdr.sk\/#website\",\"url\":\"https:\/\/www.moore-bdr.sk\/\",\"name\":\"Moore BDR s. r. o.\",\"description\":\"Na\u0161e portf\u00f3lio zah\u0155\u0148a: audit \u00fa\u010dtovn\u00edctva, da\u0148ov\u00e9 poradenstvo, f\u00fazie, akviz\u00edcie, Due diligence, Bratislava, Bansk\u00e1 Bystrica\",\"potentialAction\":[{\"@type\":\"SearchAction\",\"target\":{\"@type\":\"EntryPoint\",\"urlTemplate\":\"https:\/\/www.moore-bdr.sk\/?s={search_term_string}\"},\"query-input\":{\"@type\":\"PropertyValueSpecification\",\"valueRequired\":true,\"valueName\":\"search_term_string\"}}],\"inLanguage\":\"de\"}]}<\/script>\n<!-- \/ Yoast SEO plugin. -->","yoast_head_json":{"title":"[:sk]Superodpo\u010det na v\u00fdskum a v\u00fdvoj (VaV)[:] - Moore BDR s. r. o.","robots":{"index":"index","follow":"follow","max-snippet":"max-snippet:-1","max-image-preview":"max-image-preview:large","max-video-preview":"max-video-preview:-1"},"canonical":"https:\/\/www.moore-bdr.sk\/superodpocet-na-vyskum-a-vyvoj-vav\/","og_locale":"de_DE","og_type":"article","og_title":"Poradenstvo v oblasti inov\u00e1ci\u00ed","og_description":"Patent box je osobitn\u00fd da\u0148ov\u00fd re\u017eim ur\u010den\u00fd pre pr\u00e1vnick\u00e9 osoby, ktor\u00fd je \u00fa\u010dinn\u00fd od 1.1.2018. Jeho benefit spo\u010d\u00edva v da\u0148ovom osloboden\u00ed \u010dasti pr\u00edjmov plyn\u00facich z nehmotn\u00fdch akt\u00edv, ktor\u00e9 s\u00fa v\u00fdsledkom vlastnej v\u00fdvojovej \u010dinnosti da\u0148ovn\u00edka.","og_url":"https:\/\/www.moore-bdr.sk\/superodpocet-na-vyskum-a-vyvoj-vav\/","og_site_name":"Moore BDR s. r. o.","article_modified_time":"2025-06-04T13:36:56+00:00","og_image":[{"width":1920,"height":1080,"url":"https:\/\/www.moore-bdr.sk\/wp-content\/uploads\/2021\/05\/insights-12.jpg","type":"image\/jpeg"}],"twitter_card":"summary_large_image","twitter_title":"Poradenstvo v oblasti inov\u00e1ci\u00ed","twitter_description":"Patent box je osobitn\u00fd da\u0148ov\u00fd re\u017eim ur\u010den\u00fd pre pr\u00e1vnick\u00e9 osoby, ktor\u00fd je \u00fa\u010dinn\u00fd od 1.1.2018. Jeho benefit spo\u010d\u00edva v da\u0148ovom osloboden\u00ed \u010dasti pr\u00edjmov plyn\u00facich z nehmotn\u00fdch akt\u00edv, ktor\u00e9 s\u00fa v\u00fdsledkom vlastnej v\u00fdvojovej \u010dinnosti da\u0148ovn\u00edka.","twitter_misc":{"Gesch\u00e4tzte Lesezeit":"6\u00a0Minuten"},"schema":{"@context":"https:\/\/schema.org","@graph":[{"@type":"WebPage","@id":"https:\/\/www.moore-bdr.sk\/superodpocet-na-vyskum-a-vyvoj-vav\/","url":"https:\/\/www.moore-bdr.sk\/superodpocet-na-vyskum-a-vyvoj-vav\/","name":"[:sk]Superodpo\u010det na v\u00fdskum a v\u00fdvoj (VaV)[:] - Moore BDR s. r. o.","isPartOf":{"@id":"https:\/\/www.moore-bdr.sk\/#website"},"datePublished":"2023-04-01T22:06:58+00:00","dateModified":"2025-06-04T13:36:56+00:00","breadcrumb":{"@id":"https:\/\/www.moore-bdr.sk\/superodpocet-na-vyskum-a-vyvoj-vav\/#breadcrumb"},"inLanguage":"de","potentialAction":[{"@type":"ReadAction","target":["https:\/\/www.moore-bdr.sk\/superodpocet-na-vyskum-a-vyvoj-vav\/"]}]},{"@type":"BreadcrumbList","@id":"https:\/\/www.moore-bdr.sk\/superodpocet-na-vyskum-a-vyvoj-vav\/#breadcrumb","itemListElement":[{"@type":"ListItem","position":1,"name":"Domovsk\u00e1 str\u00e1nka","item":"https:\/\/www.moore-bdr.sk\/"},{"@type":"ListItem","position":2,"name":"Superodpo\u010det na v\u00fdskum a v\u00fdvoj (VaV)"}]},{"@type":"WebSite","@id":"https:\/\/www.moore-bdr.sk\/#website","url":"https:\/\/www.moore-bdr.sk\/","name":"Moore BDR s. r. o.","description":"Na\u0161e portf\u00f3lio zah\u0155\u0148a: audit \u00fa\u010dtovn\u00edctva, da\u0148ov\u00e9 poradenstvo, f\u00fazie, akviz\u00edcie, Due diligence, Bratislava, Bansk\u00e1 Bystrica","potentialAction":[{"@type":"SearchAction","target":{"@type":"EntryPoint","urlTemplate":"https:\/\/www.moore-bdr.sk\/?s={search_term_string}"},"query-input":{"@type":"PropertyValueSpecification","valueRequired":true,"valueName":"search_term_string"}}],"inLanguage":"de"}]}},"_links":{"self":[{"href":"https:\/\/www.moore-bdr.sk\/de\/wp-json\/wp\/v2\/pages\/7140","targetHints":{"allow":["GET"]}}],"collection":[{"href":"https:\/\/www.moore-bdr.sk\/de\/wp-json\/wp\/v2\/pages"}],"about":[{"href":"https:\/\/www.moore-bdr.sk\/de\/wp-json\/wp\/v2\/types\/page"}],"author":[{"embeddable":true,"href":"https:\/\/www.moore-bdr.sk\/de\/wp-json\/wp\/v2\/users\/1"}],"replies":[{"embeddable":true,"href":"https:\/\/www.moore-bdr.sk\/de\/wp-json\/wp\/v2\/comments?post=7140"}],"version-history":[{"count":0,"href":"https:\/\/www.moore-bdr.sk\/de\/wp-json\/wp\/v2\/pages\/7140\/revisions"}],"wp:attachment":[{"href":"https:\/\/www.moore-bdr.sk\/de\/wp-json\/wp\/v2\/media?parent=7140"}],"curies":[{"name":"wp","href":"https:\/\/api.w.org\/{rel}","templated":true}]}}