{"id":8447,"date":"2025-03-26T16:19:50","date_gmt":"2025-03-26T14:19:50","guid":{"rendered":"https:\/\/www.moore-bdr.sk\/?page_id=8447"},"modified":"2025-07-01T13:59:16","modified_gmt":"2025-07-01T11:59:16","slug":"corporate-finance","status":"publish","type":"page","link":"https:\/\/www.moore-bdr.sk\/de\/corporate-finance\/","title":{"rendered":"(Sloven\u010dina) Corporate finance"},"content":{"rendered":"<div class=\"wpb-content-wrapper\"><p>[vc_row type=&#8220;vc_default&#8220; margin_top=&#8220;-50&#8243; bg_type=&#8220;image&#8220; parallax_style=&#8220;vcpb-default&#8220; bg_image_new=&#8220;id^2528|url^https:\/\/www.moore-bdr.sk\/wp-content\/uploads\/2019\/09\/a7.jpg|caption^null|alt^null|title^a7|description^null&#8220; bg_image_repeat=&#8220;no-repeat&#8220; bg_override=&#8220;full&#8220; min_height=&#8220;350&#8243;][vc_column]<div class=\"ult-spacer spacer-69ece0fc2d87c\" data-id=\"69ece0fc2d87c\" data-height=\"130\" data-height-mobile=\"30\" data-height-tab=\"80\" data-height-tab-portrait=\"80\" data-height-mobile-landscape=\"30\" style=\"clear:both;display:block;\"><\/div><div id=\"ultimate-heading-704469ece0fc2d8b3\" class=\"uvc-heading ult-adjust-bottom-margin ultimate-heading-704469ece0fc2d8b3 uvc-2641 \" data-hspacer=\"no_spacer\"  data-halign=\"left\" style=\"text-align:left\"><div class=\"uvc-heading-spacer no_spacer\" style=\"top\"><\/div><div class=\"uvc-main-heading ult-responsive\"  data-ultimate-target='.uvc-heading.ultimate-heading-704469ece0fc2d8b3 h2'  data-responsive-json-new='{\"font-size\":\"desktop:36px;\",\"line-height\":\"\"}' ><h2 style=\"font-weight:bold;color:#ffffff;\">\u00dcBER UNS<\/h2><\/div><\/div><div class=\"ult-spacer spacer-69ece0fc2d90c\" data-id=\"69ece0fc2d90c\" data-height=\"150\" data-height-mobile=\"50\" data-height-tab=\"100\" data-height-tab-portrait=\"100\" data-height-mobile-landscape=\"50\" style=\"clear:both;display:block;\"><\/div>[\/vc_column][\/vc_row][vc_row][vc_column]<style type=\"text\/css\" data-type=\"the7_shortcodes-inline-css\">.dt-breadcrumbs-id-3d8bcd3afc1ebaf9aeff37816dff855f .breadcrumbs {\n  display: inline-block;\n  margin: 0;\n  padding: 2px 10px 2px 10px;\n  border: 0px solid ;\n  border-radius: 0px;\n}\n.dt-breadcrumbs-id-3d8bcd3afc1ebaf9aeff37816dff855f .breadcrumbs * {\n  color: #485daa;\n}\n<\/style><div class=\"dt-breadcrumbs-shortcode dt-breadcrumbs-id-3d8bcd3afc1ebaf9aeff37816dff855f align-left\"><div class=\"assistive-text\">Sie befinden sich hier:<\/div><ol class=\"breadcrumbs text-small\" itemscope itemtype=\"https:\/\/schema.org\/BreadcrumbList\"><li itemprop=\"itemListElement\" itemscope itemtype=\"https:\/\/schema.org\/ListItem\"><a itemprop=\"item\" href=\"https:\/\/www.moore-bdr.sk\/de\/\" title=\"Start\"><span itemprop=\"name\">Start<\/span><\/a><meta itemprop=\"position\" content=\"1\" \/><\/li><li class=\"current\" itemprop=\"itemListElement\" itemscope itemtype=\"https:\/\/schema.org\/ListItem\"><span itemprop=\"name\">Seite<\/span><meta itemprop=\"position\" content=\"2\" \/><\/li><\/ol><\/div>[vc_empty_space height=&#8220;20px&#8220;][vc_separator][\/vc_column][\/vc_row][vc_row][vc_column width=&#8220;2\/3&#8243;][vc_column_text]<span lang=\"DE\">Moore BDR s. r. o. ist eine Wirtschaftspr\u00fcfungs- und Beratungsgesellschaft, die in der Slowakischen Wirtschaftspr\u00fcferkammer unter der Evidenz <\/span>Nummer 6 eingetragen ist. Sie wurde im Jahr 1991 in Bansk\u00e1 Bystrica ohne ausl\u00e4ndische Beteiligung gegr\u00fcndet. Zur Zeit hat die Gesellschaft 8 Gesellschafter.<\/p>\n<p>BDR nahm vom Anfang an eine vorrangige Stelle unter den Wirtschaftspr\u00fcfungsgesellschaften ein. Das best\u00e4tigt auch\u00a0 allj\u00e4hrliche Platzierung\u00a0 unserer Gesellschaft in der TOP TREND Rangliste der Wirtschaftpr\u00fcfungsgesellschaften. Dar\u00fcber hinaus\u00a0 nahm sie im Jahre 2009 den ersten Platz unter den Wirtschaftspr\u00fcfungsgesellschaften ohne ausl\u00e4ndische\u00a0 Beteiligung oder Wirtschaftspr\u00fcfungsgesellschaften, welche die Mitglieder\u00a0 von multinationalen Netzwerken sind, ein.<\/p>\n<h2><span style=\"color: #00a0e3;\">Familienfirma internationaler Pr\u00e4gung<\/span><\/h2>\n<p>Im Jahre\u00a0 2010 wurde\u00a0 unsere Gesellschaft von der internationalen Wirtschaftspr\u00fcfungsgesellschaft <a title=\"Opens external link in new window\" href=\"http:\/\/www.moorestephens.com\/\" target=\"_blank\" rel=\"noopener noreferrer\" data-htmlarea-external=\"1\"><b>Moore Global International Limited<\/b><\/a>, angesprochen, um sie in der Slowakei zu vertreten.<\/p>\n<p>Anl\u00e4sslich des 20. Jahrestages der Gesellschaft\u00a0 wurde uns im Jahre 2011 aufgrund der langj\u00e4hrigen T\u00e4tigkeit im Bereich der Wirtschaftspr\u00fcfungs- und Beratungsdienstleistungen ein <b>Anerkennungsschreiben<\/b> vom Wirtschaftsministerium und Ministerium f\u00fcr Soziales und Familie der Slowakischen Republik\u00a0 f\u00fcr verantwortungsvolles Unternehmen, einen bedeutenden Beitrag f\u00fcr die Wirtschaft und Besch\u00e4ftigung\u00a0 in der Slowakischen Republik verliehen.[\/vc_column_text][vc_column_text]<\/p>\n<h1><span style=\"color: #00a0e3;\">MOORE: Wir helfen dabei, in einer sich st\u00e4ndig ver\u00e4ndernden Welt erfolgreich zu sein<\/span><\/h1>\n<p>Im September 2019 ist es zum umfassenden Rebranding der Marke des internationalen Wirtschaftspr\u00fcfungs- und Steuerberatungsnetzwerks Moore Global Limited Network gekommen. Wir m\u00f6chten Sie informieren \u00fcber das umfassende Rebranding der Marke des internationalen Wirtschaftspr\u00fcfungs- und Steuerberatungsnetzwerks Moore Stephens, dessen Mitglied auch unsere Gesellschaft ist.<\/p>\n<p>Die Vorstellung des neuen Logos, einer neuen visuellen Identit\u00e4t und die Markenpositionierung sind gleichzeitig ein Indikator f\u00fcr die Weiterentwicklung des internationalen Netzwerks, das aus mehr als 233 unabh\u00e4ngigen Unternehmen in 114 L\u00e4ndern und Kommunen mit \u00fcber 30 218 Profis besteht, deren gemeinsames Ziel die Erf\u00fcllung aller Anforderungen ihrer Kunden ist.<\/p>\n<p>Der Wandel von Moore Global Limited Network zu Moore betont erneut die traditionell starken Seiten des Unternehmens. Gleichzeitig wird hier aber eine modernere Marke vorgestellt, die zuk\u00fcnftige Erfolge ihrer Kunden f\u00f6rdert und den Fokus auf globale L\u00f6sungen f\u00fcr die Kunden richtet \u2013 durch die Mitgliedschaft und Zusammenarbeit in einem internationalen Wirtschaftspr\u00fcfungs- und Steuerberatungsnetzwerk.<\/p>\n<p>Martin Ki\u0148o, Partner der Gesellschaft, \u00e4u\u00dferte sich wie folgt zum Rebranding:<\/p>\n<p>\u201eIch bin \u00fcberzeugt, dass uns die Revitalisierung der Marke strategisch vorw\u00e4rtsbringt. Dieser Fortschritt bringt nicht nur Vorteile f\u00fcr unsere existierenden Kunden, sondern spricht auch potenzielle Neukunden an. Die neue Markenphilosophie lautet, beim Erfolg in einer sich st\u00e4ndig ver\u00e4ndernden Welt zu helfen. Diesen Grundsatz wollen wir bei unseren Kunden jeden Tag anwenden. Wir bauen Verh\u00e4ltnisse auf Vertrauen und auf einer hochwertigen und klar gezielten Beratung auf. Das Hauptziel unserer Beratungen besteht darin, den Kunden die M\u00f6glichkeit und gen\u00fcgend Zeit zu verschaffen, sich darauf zu konzentrieren, was sie am besten k\u00f6nnen.\u201c<\/p>\n<p>Der CEO der Moore Global Anton Colella erl\u00e4utert, was die neue Marke f\u00fcr die Kunden bedeutet:<\/p>\n<p>\u201eIn der heutigen, sich st\u00e4ndig ver\u00e4ndernden Welt werden Gesch\u00e4fte auf internationaler Ebene abgeschlossen und dies immer h\u00e4ufiger in elektronischer Form. Wir alle m\u00fcssen uns dieser Tatsache anpassen.<\/p>\n<p>Die neue Markenidentit\u00e4t Moore passt sich einer Welt voller Entscheidungen mit globaler Auswirkung, datenbasierten Kenntnissen und der Notwendigkeit von Flexibilit\u00e4t bei allem, was wir tun, an. Die neue Marke garantiert Ihnen, dass wir Ihnen bei der Umsetzung Ihrer Ambitionen nicht nur auf lokaler, sondern auch auf globaler Ebene helfen k\u00f6nnen. Auf diese Weise helfen wir Ihnen, in einer sich st\u00e4ndig ver\u00e4ndernden Welt Erfolg zu haben.<\/p>\n<p>Wir vergessen nie, was uns stark macht und warum unser Netzwerk entstanden ist und st\u00e4ndig w\u00e4chst \u2013 unsere Entschlossenheit, die Verh\u00e4ltnisse zu unseren Kunden zu st\u00e4rken.<\/p>\n<p>Gerade deshalb sch\u00e4tzen wir beim Gedanken an die Zukunft unser Verm\u00e4chtnis von Moore Stephens, das die starken Seiten des Unternehmens reflektiert, auf die sich unsere Kunden stets verlassen k\u00f6nnen: direkte Beratung, hohe Qualit\u00e4t und Leidenschaft f\u00fcr das, was wir tun. Grunds\u00e4tze, die wir jeden Tag in dem Glauben anwenden, dass die Beziehungen zu unseren Kunden einfach mehr sind als Arbeit.\u201c<\/p>\n<h2><span style=\"color: #00a0e3;\">\u00dcber das Unternehmen Moore Global<\/span><\/h2>\n<p>Unser wichtigstes Ziel ist es, Menschen beim Erfolg zu helfen. Ob nun unseren Kunden, unseren Mitarbeitern oder auch den Gemeinschaften, in denen wir leben und arbeiten. Wir sind eine internationale Wirtschaftspr\u00fcfungs- und Steuerberatungsfamilie mit \u00fcber 30 218 Mitarbeitern in 233 unabh\u00e4ngigen Kanzleien in 114 L\u00e4ndern. Wir verbinden und kooperieren mit dem Ziel, Ihre Bed\u00fcrfnisse zu befriedigen und dies auf allen Ebenen \u2013 auf lokaler, nationaler oder auch internationaler.<\/p>\n<p>Wenn Sie sich f\u00fcr Moore entscheiden, arbeiten Sie garantiert mit Menschen mit echtem Interesse an Ihrem Erfolg sowie mit Begeisterung und Leidenschaft f\u00fcr echte Ergebnisse zu Ihren Gunsten und zugunsten Ihres Unternehmens zusammen. Wir bieten Ihnen einen komplexeren Zugang zu Fachwissen als jedes andere Unternehmen. Wir sind f\u00fcr Sie da, wann immer Sie uns brauchen, und wir bieten Ihnen Informationen, die Ihnen helfen, sich richtig zu entscheiden und jede Gelegenheit zu Ihrem Vorteil zu nutzen. Wir helfen Ihnen dabei, in einer sich ver\u00e4ndernden Welt erfolgreich zu sein.[\/vc_column_text][\/vc_column][vc_column width=&#8220;1\/3&#8243;][vc_widget_sidebar show_bg=&#8220;false&#8220; sidebar_id=&#8220;sidebar_5&#8243; el_class=&#8220;bocnalista&#8220;][\/vc_column][\/vc_row]<\/p>\n<\/div>","protected":false},"excerpt":{"rendered":"<p>\u00dcBER UNS Moore BDR s. r. o. ist eine Wirtschaftspr\u00fcfungs- und Beratungsgesellschaft, die in der Slowakischen Wirtschaftspr\u00fcferkammer unter der Evidenz Nummer 6 eingetragen ist. Sie wurde im Jahr 1991 in Bansk\u00e1 Bystrica ohne ausl\u00e4ndische Beteiligung gegr\u00fcndet. Zur Zeit hat die Gesellschaft 8 Gesellschafter. BDR nahm vom Anfang an eine vorrangige Stelle unter den Wirtschaftspr\u00fcfungsgesellschaften ein.&hellip;<\/p>\n","protected":false},"author":1,"featured_media":0,"parent":0,"menu_order":0,"comment_status":"closed","ping_status":"closed","template":"","meta":{"inline_featured_image":false,"footnotes":""},"class_list":["post-8447","page","type-page","status-publish","hentry","description-off"],"yoast_head":"<!-- This site is optimized with the Yoast SEO plugin v26.1.1 - https:\/\/yoast.com\/wordpress\/plugins\/seo\/ -->\n<title>Corporate finance<\/title>\n<meta name=\"description\" content=\"Corporate Finance predstavuje oblas\u0165 podnikov\u00fdch financi\u00ed, ktor\u00e1 sa zaober\u00e1 finan\u010dn\u00fdmi rozhodnutiami, strat\u00e9giami a aktivitami, ktor\u00e9 s\u00fa nevyhnutn\u00e9 pre efekt\u00edvne riadenie financi\u00ed spolo\u010dnosti.\" \/>\n<meta name=\"robots\" content=\"index, follow, max-snippet:-1, max-image-preview:large, max-video-preview:-1\" \/>\n<link rel=\"canonical\" href=\"https:\/\/www.moore-bdr.sk\/corporate-finance\/\" \/>\n<meta property=\"og:locale\" content=\"de_DE\" \/>\n<meta property=\"og:type\" content=\"article\" \/>\n<meta property=\"og:title\" content=\"Corporate finance\" \/>\n<meta property=\"og:description\" content=\"Corporate Finance predstavuje oblas\u0165 podnikov\u00fdch financi\u00ed, ktor\u00e1 sa zaober\u00e1 finan\u010dn\u00fdmi rozhodnutiami, strat\u00e9giami a aktivitami, ktor\u00e9 s\u00fa nevyhnutn\u00e9 pre efekt\u00edvne riadenie financi\u00ed spolo\u010dnosti.\" \/>\n<meta property=\"og:url\" content=\"https:\/\/www.moore-bdr.sk\/corporate-finance\/\" \/>\n<meta property=\"og:site_name\" content=\"Moore BDR s. r. o.\" \/>\n<meta property=\"article:modified_time\" content=\"2025-07-01T11:59:16+00:00\" \/>\n<meta name=\"twitter:card\" content=\"summary_large_image\" \/>\n<meta name=\"twitter:label1\" content=\"Gesch\u00e4tzte Lesezeit\" \/>\n\t<meta name=\"twitter:data1\" content=\"3\u00a0Minuten\" \/>\n<script type=\"application\/ld+json\" class=\"yoast-schema-graph\">{\"@context\":\"https:\/\/schema.org\",\"@graph\":[{\"@type\":\"WebPage\",\"@id\":\"https:\/\/www.moore-bdr.sk\/corporate-finance\/\",\"url\":\"https:\/\/www.moore-bdr.sk\/corporate-finance\/\",\"name\":\"Corporate finance\",\"isPartOf\":{\"@id\":\"https:\/\/www.moore-bdr.sk\/#website\"},\"datePublished\":\"2025-03-26T14:19:50+00:00\",\"dateModified\":\"2025-07-01T11:59:16+00:00\",\"description\":\"Corporate Finance predstavuje oblas\u0165 podnikov\u00fdch financi\u00ed, ktor\u00e1 sa zaober\u00e1 finan\u010dn\u00fdmi rozhodnutiami, strat\u00e9giami a aktivitami, ktor\u00e9 s\u00fa nevyhnutn\u00e9 pre efekt\u00edvne riadenie financi\u00ed spolo\u010dnosti.\",\"breadcrumb\":{\"@id\":\"https:\/\/www.moore-bdr.sk\/corporate-finance\/#breadcrumb\"},\"inLanguage\":\"de\",\"potentialAction\":[{\"@type\":\"ReadAction\",\"target\":[\"https:\/\/www.moore-bdr.sk\/corporate-finance\/\"]}]},{\"@type\":\"BreadcrumbList\",\"@id\":\"https:\/\/www.moore-bdr.sk\/corporate-finance\/#breadcrumb\",\"itemListElement\":[{\"@type\":\"ListItem\",\"position\":1,\"name\":\"Domovsk\u00e1 str\u00e1nka\",\"item\":\"https:\/\/www.moore-bdr.sk\/\"},{\"@type\":\"ListItem\",\"position\":2,\"name\":\"Corporate finance\"}]},{\"@type\":\"WebSite\",\"@id\":\"https:\/\/www.moore-bdr.sk\/#website\",\"url\":\"https:\/\/www.moore-bdr.sk\/\",\"name\":\"Moore BDR s. r. o.\",\"description\":\"Na\u0161e portf\u00f3lio zah\u0155\u0148a: audit \u00fa\u010dtovn\u00edctva, da\u0148ov\u00e9 poradenstvo, f\u00fazie, akviz\u00edcie, Due diligence, Bratislava, Bansk\u00e1 Bystrica\",\"potentialAction\":[{\"@type\":\"SearchAction\",\"target\":{\"@type\":\"EntryPoint\",\"urlTemplate\":\"https:\/\/www.moore-bdr.sk\/?s={search_term_string}\"},\"query-input\":{\"@type\":\"PropertyValueSpecification\",\"valueRequired\":true,\"valueName\":\"search_term_string\"}}],\"inLanguage\":\"de\"}]}<\/script>\n<!-- \/ Yoast SEO plugin. -->","yoast_head_json":{"title":"Corporate finance","description":"Corporate Finance predstavuje oblas\u0165 podnikov\u00fdch financi\u00ed, ktor\u00e1 sa zaober\u00e1 finan\u010dn\u00fdmi rozhodnutiami, strat\u00e9giami a aktivitami, ktor\u00e9 s\u00fa nevyhnutn\u00e9 pre efekt\u00edvne riadenie financi\u00ed spolo\u010dnosti.","robots":{"index":"index","follow":"follow","max-snippet":"max-snippet:-1","max-image-preview":"max-image-preview:large","max-video-preview":"max-video-preview:-1"},"canonical":"https:\/\/www.moore-bdr.sk\/corporate-finance\/","og_locale":"de_DE","og_type":"article","og_title":"Corporate finance","og_description":"Corporate Finance predstavuje oblas\u0165 podnikov\u00fdch financi\u00ed, ktor\u00e1 sa zaober\u00e1 finan\u010dn\u00fdmi rozhodnutiami, strat\u00e9giami a aktivitami, ktor\u00e9 s\u00fa nevyhnutn\u00e9 pre efekt\u00edvne riadenie financi\u00ed spolo\u010dnosti.","og_url":"https:\/\/www.moore-bdr.sk\/corporate-finance\/","og_site_name":"Moore BDR s. r. o.","article_modified_time":"2025-07-01T11:59:16+00:00","twitter_card":"summary_large_image","twitter_misc":{"Gesch\u00e4tzte Lesezeit":"3\u00a0Minuten"},"schema":{"@context":"https:\/\/schema.org","@graph":[{"@type":"WebPage","@id":"https:\/\/www.moore-bdr.sk\/corporate-finance\/","url":"https:\/\/www.moore-bdr.sk\/corporate-finance\/","name":"Corporate finance","isPartOf":{"@id":"https:\/\/www.moore-bdr.sk\/#website"},"datePublished":"2025-03-26T14:19:50+00:00","dateModified":"2025-07-01T11:59:16+00:00","description":"Corporate Finance predstavuje oblas\u0165 podnikov\u00fdch financi\u00ed, ktor\u00e1 sa zaober\u00e1 finan\u010dn\u00fdmi rozhodnutiami, strat\u00e9giami a aktivitami, ktor\u00e9 s\u00fa nevyhnutn\u00e9 pre efekt\u00edvne riadenie financi\u00ed spolo\u010dnosti.","breadcrumb":{"@id":"https:\/\/www.moore-bdr.sk\/corporate-finance\/#breadcrumb"},"inLanguage":"de","potentialAction":[{"@type":"ReadAction","target":["https:\/\/www.moore-bdr.sk\/corporate-finance\/"]}]},{"@type":"BreadcrumbList","@id":"https:\/\/www.moore-bdr.sk\/corporate-finance\/#breadcrumb","itemListElement":[{"@type":"ListItem","position":1,"name":"Domovsk\u00e1 str\u00e1nka","item":"https:\/\/www.moore-bdr.sk\/"},{"@type":"ListItem","position":2,"name":"Corporate finance"}]},{"@type":"WebSite","@id":"https:\/\/www.moore-bdr.sk\/#website","url":"https:\/\/www.moore-bdr.sk\/","name":"Moore BDR s. r. o.","description":"Na\u0161e portf\u00f3lio zah\u0155\u0148a: audit \u00fa\u010dtovn\u00edctva, da\u0148ov\u00e9 poradenstvo, f\u00fazie, akviz\u00edcie, Due diligence, Bratislava, Bansk\u00e1 Bystrica","potentialAction":[{"@type":"SearchAction","target":{"@type":"EntryPoint","urlTemplate":"https:\/\/www.moore-bdr.sk\/?s={search_term_string}"},"query-input":{"@type":"PropertyValueSpecification","valueRequired":true,"valueName":"search_term_string"}}],"inLanguage":"de"}]}},"_links":{"self":[{"href":"https:\/\/www.moore-bdr.sk\/de\/wp-json\/wp\/v2\/pages\/8447","targetHints":{"allow":["GET"]}}],"collection":[{"href":"https:\/\/www.moore-bdr.sk\/de\/wp-json\/wp\/v2\/pages"}],"about":[{"href":"https:\/\/www.moore-bdr.sk\/de\/wp-json\/wp\/v2\/types\/page"}],"author":[{"embeddable":true,"href":"https:\/\/www.moore-bdr.sk\/de\/wp-json\/wp\/v2\/users\/1"}],"replies":[{"embeddable":true,"href":"https:\/\/www.moore-bdr.sk\/de\/wp-json\/wp\/v2\/comments?post=8447"}],"version-history":[{"count":4,"href":"https:\/\/www.moore-bdr.sk\/de\/wp-json\/wp\/v2\/pages\/8447\/revisions"}],"predecessor-version":[{"id":8487,"href":"https:\/\/www.moore-bdr.sk\/de\/wp-json\/wp\/v2\/pages\/8447\/revisions\/8487"}],"wp:attachment":[{"href":"https:\/\/www.moore-bdr.sk\/de\/wp-json\/wp\/v2\/media?parent=8447"}],"curies":[{"name":"wp","href":"https:\/\/api.w.org\/{rel}","templated":true}]}}