{"id":8686,"date":"2025-04-30T13:19:56","date_gmt":"2025-04-30T11:19:56","guid":{"rendered":"https:\/\/www.moore-bdr.sk\/?page_id=8686"},"modified":"2025-05-23T11:01:40","modified_gmt":"2025-05-23T09:01:40","slug":"automotive-sektor","status":"publish","type":"page","link":"https:\/\/www.moore-bdr.sk\/de\/sluzby\/automotive-sektor\/","title":{"rendered":"(Sloven\u010dina) Automotive sektor"},"content":{"rendered":"<div class=\"wpb-content-wrapper\"><p><\/p>\n<p>[vc_row type=&#8220;vc_default&#8220; margin_top=&#8220;-50&#8243; bg_type=&#8220;image&#8220; parallax_style=&#8220;vcpb-default&#8220; bg_image_new=&#8220;id^2542|url^https:\/\/www.moore-bdr.sk\/wp-content\/uploads\/2019\/09\/a12-1.jpg|caption^null|alt^null|title^a12|description^null&#8220; bg_image_repeat=&#8220;no-repeat&#8220; bg_override=&#8220;full&#8220; min_height=&#8220;350&#8243;][vc_column]<div class=\"ult-spacer spacer-69ed0ba9b5d92\" data-id=\"69ed0ba9b5d92\" data-height=\"130\" data-height-mobile=\"30\" data-height-tab=\"80\" data-height-tab-portrait=\"80\" data-height-mobile-landscape=\"30\" style=\"clear:both;display:block;\"><\/div><div id=\"ultimate-heading-889569ed0ba9b5dc6\" class=\"uvc-heading ult-adjust-bottom-margin ultimate-heading-889569ed0ba9b5dc6 uvc-6806 \" data-hspacer=\"no_spacer\"  data-halign=\"left\" style=\"text-align:left\"><div class=\"uvc-heading-spacer no_spacer\" style=\"top\"><\/div><div class=\"uvc-main-heading ult-responsive\"  data-ultimate-target='.uvc-heading.ultimate-heading-889569ed0ba9b5dc6 h2'  data-responsive-json-new='{\"font-size\":\"desktop:36px;\",\"line-height\":\"\"}' ><h2 style=\"font-weight:bold;color:#ffffff;\">WIRTSCHAFTSPR\u00dcFUNG<\/h2><\/div><\/div><div class=\"ult-spacer spacer-69ed0ba9b5e13\" data-id=\"69ed0ba9b5e13\" data-height=\"150\" data-height-mobile=\"50\" data-height-tab=\"100\" data-height-tab-portrait=\"100\" data-height-mobile-landscape=\"50\" style=\"clear:both;display:block;\"><\/div>[\/vc_column][\/vc_row][vc_row][vc_column]<style type=\"text\/css\" data-type=\"the7_shortcodes-inline-css\">.dt-breadcrumbs-id-3d8bcd3afc1ebaf9aeff37816dff855f .breadcrumbs {\n  display: inline-block;\n  margin: 0;\n  padding: 2px 10px 2px 10px;\n  border: 0px solid ;\n  border-radius: 0px;\n}\n.dt-breadcrumbs-id-3d8bcd3afc1ebaf9aeff37816dff855f .breadcrumbs * {\n  color: #485daa;\n}\n<\/style><div class=\"dt-breadcrumbs-shortcode dt-breadcrumbs-id-3d8bcd3afc1ebaf9aeff37816dff855f align-left\"><div class=\"assistive-text\">Sie befinden sich hier:<\/div><ol class=\"breadcrumbs text-small\" itemscope itemtype=\"https:\/\/schema.org\/BreadcrumbList\"><li itemprop=\"itemListElement\" itemscope itemtype=\"https:\/\/schema.org\/ListItem\"><a itemprop=\"item\" href=\"https:\/\/www.moore-bdr.sk\/de\/\" title=\"Start\"><span itemprop=\"name\">Start<\/span><\/a><meta itemprop=\"position\" content=\"1\" \/><\/li><li class=\"current\" itemprop=\"itemListElement\" itemscope itemtype=\"https:\/\/schema.org\/ListItem\"><span itemprop=\"name\">Seite<\/span><meta itemprop=\"position\" content=\"2\" \/><\/li><\/ol><\/div>[vc_empty_space height=&#8220;20px&#8220;][vc_separator][\/vc_column][\/vc_row][vc_row][vc_column width=&#8220;2\/3&#8243;][vc_column_text]<em><strong>Wir orientieren uns auf die Optimierung und Beseitigung von M\u00e4ngeln.<\/strong><\/em>[\/vc_column_text]<div class=\"standard-arrow list-divider bullet-top\"><ul>\n<li>Wirtschaftspr\u00fcferische Beglaubigung der Buchf\u00fchrung, der individuellen Jahresabschl\u00fcsse und der konsolidierten Jahresabschl\u00fcsse nach internationalen Wirtschaftspr\u00fcferstandards ISA,<\/li>\n<li>Beratung bei den Jahresabschl\u00fcssen die nach IAS \/ IFRS gef\u00fchrt werden,<\/li>\n<li>Beglaubigung der nach IAS\/IFRS aufgestellten\u00a0 Jahresabschl\u00fcsse,<\/li>\n<li>\u00dcbertrag der nach den slowakischen Rechnungsstandards aufgestellten Rechnungsberichte in die Rechnungsberichte, die nach Konzernrichtlinien, bzw. nach IAS\/IFRS aufgestellt werden,<\/li>\n<li>Durchf\u00fchrung der Wirtschaftspr\u00fcfungen\u00a0 von Rechnungsberichten bei\u00a0 den Umwandlungen der Gesellschaften,<\/li>\n<li>Wirtschaftspr\u00fcferische Beglaubigung\u00a0 der Inanspruchnahme der Geldmittel aus den EU-Fonds,<\/li>\n<li>Wirtschaftspr\u00fcferische Beglaubigung der \u00dcbereinstimmung des Jahresberichts mit den Jahresabschl\u00fcssen,<\/li>\n<li>Finanz-due diligence,<\/li>\n<li>Gerichtswirtschaftspr\u00fcfung.<\/li>\n<\/ul>\n<\/div>[\/vc_column][vc_column width=&#8220;1\/3&#8243;][vc_widget_sidebar show_bg=&#8220;false&#8220; sidebar_id=&#8220;sidebar_4&#8243; el_class=&#8220;bocnalista&#8220;][\/vc_column][\/vc_row]<\/p>\n<p><\/p>\n<\/div>","protected":false},"excerpt":{"rendered":"<p>WIRTSCHAFTSPR\u00dcFUNG Wir orientieren uns auf die Optimierung und Beseitigung von M\u00e4ngeln. Wirtschaftspr\u00fcferische Beglaubigung der Buchf\u00fchrung, der individuellen Jahresabschl\u00fcsse und der konsolidierten Jahresabschl\u00fcsse nach internationalen Wirtschaftspr\u00fcferstandards ISA, Beratung bei den Jahresabschl\u00fcssen die nach IAS \/ IFRS gef\u00fchrt werden, Beglaubigung der nach IAS\/IFRS aufgestellten\u00a0 Jahresabschl\u00fcsse, \u00dcbertrag der nach den slowakischen Rechnungsstandards aufgestellten Rechnungsberichte in die Rechnungsberichte, die&hellip;<\/p>\n","protected":false},"author":1,"featured_media":8691,"parent":17,"menu_order":0,"comment_status":"closed","ping_status":"closed","template":"","meta":{"inline_featured_image":false,"footnotes":""},"class_list":["post-8686","page","type-page","status-publish","has-post-thumbnail","hentry","description-off"],"yoast_head":"<!-- This site is optimized with the Yoast SEO plugin v26.1.1 - https:\/\/yoast.com\/wordpress\/plugins\/seo\/ -->\n<title>Automotive sektor<\/title>\n<meta name=\"description\" content=\"Automobilov\u00fd priemysel prech\u00e1dza hlbokou transform\u00e1ciou, ktor\u00fa formuje v\u00fdvoj obchodn\u00fdch polit\u00edk, geopolitick\u00e9 nap\u00e4tie a meniace sa hospod\u00e1rske prostredie.\" \/>\n<meta name=\"robots\" content=\"index, follow, max-snippet:-1, max-image-preview:large, max-video-preview:-1\" \/>\n<link rel=\"canonical\" href=\"https:\/\/www.moore-bdr.sk\/sluzby\/automotive-sektor\/\" \/>\n<meta property=\"og:locale\" content=\"de_DE\" \/>\n<meta property=\"og:type\" content=\"article\" \/>\n<meta property=\"og:title\" content=\"Automotive sektor\" \/>\n<meta property=\"og:description\" content=\"Automobilov\u00fd priemysel prech\u00e1dza hlbokou transform\u00e1ciou, ktor\u00fa formuje v\u00fdvoj obchodn\u00fdch polit\u00edk, geopolitick\u00e9 nap\u00e4tie a meniace sa hospod\u00e1rske prostredie.\" \/>\n<meta property=\"og:url\" content=\"https:\/\/www.moore-bdr.sk\/sluzby\/automotive-sektor\/\" \/>\n<meta property=\"og:site_name\" content=\"Moore BDR s. r. o.\" \/>\n<meta property=\"article:modified_time\" content=\"2025-05-23T09:01:40+00:00\" \/>\n<meta property=\"og:image\" content=\"https:\/\/www.moore-bdr.sk\/wp-content\/uploads\/2025\/04\/auto-mechanic-working-garage-repair-service.jpg\" \/>\n\t<meta property=\"og:image:width\" content=\"1920\" \/>\n\t<meta property=\"og:image:height\" content=\"1281\" \/>\n\t<meta property=\"og:image:type\" content=\"image\/jpeg\" \/>\n<meta name=\"twitter:card\" content=\"summary_large_image\" \/>\n<meta name=\"twitter:label1\" content=\"Gesch\u00e4tzte Lesezeit\" \/>\n\t<meta name=\"twitter:data1\" content=\"4\u00a0Minuten\" \/>\n<script type=\"application\/ld+json\" class=\"yoast-schema-graph\">{\"@context\":\"https:\/\/schema.org\",\"@graph\":[{\"@type\":\"WebPage\",\"@id\":\"https:\/\/www.moore-bdr.sk\/sluzby\/automotive-sektor\/\",\"url\":\"https:\/\/www.moore-bdr.sk\/sluzby\/automotive-sektor\/\",\"name\":\"Automotive sektor\",\"isPartOf\":{\"@id\":\"https:\/\/www.moore-bdr.sk\/#website\"},\"primaryImageOfPage\":{\"@id\":\"https:\/\/www.moore-bdr.sk\/sluzby\/automotive-sektor\/#primaryimage\"},\"image\":{\"@id\":\"https:\/\/www.moore-bdr.sk\/sluzby\/automotive-sektor\/#primaryimage\"},\"thumbnailUrl\":\"https:\/\/www.moore-bdr.sk\/wp-content\/uploads\/2025\/04\/auto-mechanic-working-garage-repair-service.jpg\",\"datePublished\":\"2025-04-30T11:19:56+00:00\",\"dateModified\":\"2025-05-23T09:01:40+00:00\",\"description\":\"Automobilov\u00fd priemysel prech\u00e1dza hlbokou transform\u00e1ciou, ktor\u00fa formuje v\u00fdvoj obchodn\u00fdch polit\u00edk, geopolitick\u00e9 nap\u00e4tie a meniace sa hospod\u00e1rske prostredie.\",\"breadcrumb\":{\"@id\":\"https:\/\/www.moore-bdr.sk\/sluzby\/automotive-sektor\/#breadcrumb\"},\"inLanguage\":\"de\",\"potentialAction\":[{\"@type\":\"ReadAction\",\"target\":[\"https:\/\/www.moore-bdr.sk\/sluzby\/automotive-sektor\/\"]}]},{\"@type\":\"ImageObject\",\"inLanguage\":\"de\",\"@id\":\"https:\/\/www.moore-bdr.sk\/sluzby\/automotive-sektor\/#primaryimage\",\"url\":\"https:\/\/www.moore-bdr.sk\/wp-content\/uploads\/2025\/04\/auto-mechanic-working-garage-repair-service.jpg\",\"contentUrl\":\"https:\/\/www.moore-bdr.sk\/wp-content\/uploads\/2025\/04\/auto-mechanic-working-garage-repair-service.jpg\",\"width\":1920,\"height\":1281},{\"@type\":\"BreadcrumbList\",\"@id\":\"https:\/\/www.moore-bdr.sk\/sluzby\/automotive-sektor\/#breadcrumb\",\"itemListElement\":[{\"@type\":\"ListItem\",\"position\":1,\"name\":\"Domovsk\u00e1 str\u00e1nka\",\"item\":\"https:\/\/www.moore-bdr.sk\/\"},{\"@type\":\"ListItem\",\"position\":2,\"name\":\"Slu\u017eby\",\"item\":\"https:\/\/www.moore-bdr.sk\/sluzby\/\"},{\"@type\":\"ListItem\",\"position\":3,\"name\":\"Automotive sektor\"}]},{\"@type\":\"WebSite\",\"@id\":\"https:\/\/www.moore-bdr.sk\/#website\",\"url\":\"https:\/\/www.moore-bdr.sk\/\",\"name\":\"Moore BDR s. r. o.\",\"description\":\"Na\u0161e portf\u00f3lio zah\u0155\u0148a: audit \u00fa\u010dtovn\u00edctva, da\u0148ov\u00e9 poradenstvo, f\u00fazie, akviz\u00edcie, Due diligence, Bratislava, Bansk\u00e1 Bystrica\",\"potentialAction\":[{\"@type\":\"SearchAction\",\"target\":{\"@type\":\"EntryPoint\",\"urlTemplate\":\"https:\/\/www.moore-bdr.sk\/?s={search_term_string}\"},\"query-input\":{\"@type\":\"PropertyValueSpecification\",\"valueRequired\":true,\"valueName\":\"search_term_string\"}}],\"inLanguage\":\"de\"}]}<\/script>\n<!-- \/ Yoast SEO plugin. -->","yoast_head_json":{"title":"Automotive sektor","description":"Automobilov\u00fd priemysel prech\u00e1dza hlbokou transform\u00e1ciou, ktor\u00fa formuje v\u00fdvoj obchodn\u00fdch polit\u00edk, geopolitick\u00e9 nap\u00e4tie a meniace sa hospod\u00e1rske prostredie.","robots":{"index":"index","follow":"follow","max-snippet":"max-snippet:-1","max-image-preview":"max-image-preview:large","max-video-preview":"max-video-preview:-1"},"canonical":"https:\/\/www.moore-bdr.sk\/sluzby\/automotive-sektor\/","og_locale":"de_DE","og_type":"article","og_title":"Automotive sektor","og_description":"Automobilov\u00fd priemysel prech\u00e1dza hlbokou transform\u00e1ciou, ktor\u00fa formuje v\u00fdvoj obchodn\u00fdch polit\u00edk, geopolitick\u00e9 nap\u00e4tie a meniace sa hospod\u00e1rske prostredie.","og_url":"https:\/\/www.moore-bdr.sk\/sluzby\/automotive-sektor\/","og_site_name":"Moore BDR s. r. o.","article_modified_time":"2025-05-23T09:01:40+00:00","og_image":[{"width":1920,"height":1281,"url":"https:\/\/www.moore-bdr.sk\/wp-content\/uploads\/2025\/04\/auto-mechanic-working-garage-repair-service.jpg","type":"image\/jpeg"}],"twitter_card":"summary_large_image","twitter_misc":{"Gesch\u00e4tzte Lesezeit":"4\u00a0Minuten"},"schema":{"@context":"https:\/\/schema.org","@graph":[{"@type":"WebPage","@id":"https:\/\/www.moore-bdr.sk\/sluzby\/automotive-sektor\/","url":"https:\/\/www.moore-bdr.sk\/sluzby\/automotive-sektor\/","name":"Automotive sektor","isPartOf":{"@id":"https:\/\/www.moore-bdr.sk\/#website"},"primaryImageOfPage":{"@id":"https:\/\/www.moore-bdr.sk\/sluzby\/automotive-sektor\/#primaryimage"},"image":{"@id":"https:\/\/www.moore-bdr.sk\/sluzby\/automotive-sektor\/#primaryimage"},"thumbnailUrl":"https:\/\/www.moore-bdr.sk\/wp-content\/uploads\/2025\/04\/auto-mechanic-working-garage-repair-service.jpg","datePublished":"2025-04-30T11:19:56+00:00","dateModified":"2025-05-23T09:01:40+00:00","description":"Automobilov\u00fd priemysel prech\u00e1dza hlbokou transform\u00e1ciou, ktor\u00fa formuje v\u00fdvoj obchodn\u00fdch polit\u00edk, geopolitick\u00e9 nap\u00e4tie a meniace sa hospod\u00e1rske prostredie.","breadcrumb":{"@id":"https:\/\/www.moore-bdr.sk\/sluzby\/automotive-sektor\/#breadcrumb"},"inLanguage":"de","potentialAction":[{"@type":"ReadAction","target":["https:\/\/www.moore-bdr.sk\/sluzby\/automotive-sektor\/"]}]},{"@type":"ImageObject","inLanguage":"de","@id":"https:\/\/www.moore-bdr.sk\/sluzby\/automotive-sektor\/#primaryimage","url":"https:\/\/www.moore-bdr.sk\/wp-content\/uploads\/2025\/04\/auto-mechanic-working-garage-repair-service.jpg","contentUrl":"https:\/\/www.moore-bdr.sk\/wp-content\/uploads\/2025\/04\/auto-mechanic-working-garage-repair-service.jpg","width":1920,"height":1281},{"@type":"BreadcrumbList","@id":"https:\/\/www.moore-bdr.sk\/sluzby\/automotive-sektor\/#breadcrumb","itemListElement":[{"@type":"ListItem","position":1,"name":"Domovsk\u00e1 str\u00e1nka","item":"https:\/\/www.moore-bdr.sk\/"},{"@type":"ListItem","position":2,"name":"Slu\u017eby","item":"https:\/\/www.moore-bdr.sk\/sluzby\/"},{"@type":"ListItem","position":3,"name":"Automotive sektor"}]},{"@type":"WebSite","@id":"https:\/\/www.moore-bdr.sk\/#website","url":"https:\/\/www.moore-bdr.sk\/","name":"Moore BDR s. r. o.","description":"Na\u0161e portf\u00f3lio zah\u0155\u0148a: audit \u00fa\u010dtovn\u00edctva, da\u0148ov\u00e9 poradenstvo, f\u00fazie, akviz\u00edcie, Due diligence, Bratislava, Bansk\u00e1 Bystrica","potentialAction":[{"@type":"SearchAction","target":{"@type":"EntryPoint","urlTemplate":"https:\/\/www.moore-bdr.sk\/?s={search_term_string}"},"query-input":{"@type":"PropertyValueSpecification","valueRequired":true,"valueName":"search_term_string"}}],"inLanguage":"de"}]}},"_links":{"self":[{"href":"https:\/\/www.moore-bdr.sk\/de\/wp-json\/wp\/v2\/pages\/8686","targetHints":{"allow":["GET"]}}],"collection":[{"href":"https:\/\/www.moore-bdr.sk\/de\/wp-json\/wp\/v2\/pages"}],"about":[{"href":"https:\/\/www.moore-bdr.sk\/de\/wp-json\/wp\/v2\/types\/page"}],"author":[{"embeddable":true,"href":"https:\/\/www.moore-bdr.sk\/de\/wp-json\/wp\/v2\/users\/1"}],"replies":[{"embeddable":true,"href":"https:\/\/www.moore-bdr.sk\/de\/wp-json\/wp\/v2\/comments?post=8686"}],"version-history":[{"count":10,"href":"https:\/\/www.moore-bdr.sk\/de\/wp-json\/wp\/v2\/pages\/8686\/revisions"}],"predecessor-version":[{"id":8896,"href":"https:\/\/www.moore-bdr.sk\/de\/wp-json\/wp\/v2\/pages\/8686\/revisions\/8896"}],"up":[{"embeddable":true,"href":"https:\/\/www.moore-bdr.sk\/de\/wp-json\/wp\/v2\/pages\/17"}],"wp:featuredmedia":[{"embeddable":true,"href":"https:\/\/www.moore-bdr.sk\/de\/wp-json\/wp\/v2\/media\/8691"}],"wp:attachment":[{"href":"https:\/\/www.moore-bdr.sk\/de\/wp-json\/wp\/v2\/media?parent=8686"}],"curies":[{"name":"wp","href":"https:\/\/api.w.org\/{rel}","templated":true}]}}