{"id":11,"date":"2016-11-19T20:15:55","date_gmt":"2016-11-19T18:15:55","guid":{"rendered":"https:\/\/www.moore-bdr.sk\/?page_id=11"},"modified":"2026-03-16T16:26:20","modified_gmt":"2026-03-16T14:26:20","slug":"o-nas","status":"publish","type":"page","link":"https:\/\/www.moore-bdr.sk\/en\/o-nas\/","title":{"rendered":"About us"},"content":{"rendered":"<div class=\"wpb-content-wrapper\"><p><\/p>\n<p>[vc_row][vc_column]\n\t\t\t<!-- START onasen REVOLUTION SLIDER 6.7.36 --><p class=\"rs-p-wp-fix\"><\/p>\n\t\t\t<rs-module-wrap id=\"rev_slider_13_2_wrapper\" data-source=\"gallery\" style=\"visibility:hidden;background:transparent;padding:0;margin:0px auto;margin-top:0;margin-bottom:0;\">\n\t\t\t\t<rs-module id=\"rev_slider_13_2\" style=\"\" data-version=\"6.7.36\">\n\t\t\t\t\t<rs-slides style=\"overflow: hidden; position: absolute;\">\n\t\t\t\t\t\t<rs-slide style=\"position: absolute;\" data-key=\"rs-68\" data-title=\"Slide\" data-duration=\"5000\" data-anim=\"adpr:false;ms:50;\" data-in=\"o:1;x:-100%;\" data-out=\"a:false;\">\n\t\t\t\t\t\t\t<img decoding=\"async\" src=\"\/\/www.moore-bdr.sk\/wp-content\/plugins\/revslider\/sr6\/assets\/assets\/dummy.png\" alt=\"Slide\" width=\"1920\" height=\"1280\" class=\"rev-slidebg tp-rs-img rs-lazyload\" data-lazyload=\"\/\/www.moore-bdr.sk\/wp-content\/plugins\/revslider\/sr6\/assets\/assets\/transparent.png\" data-bg=\"c:linear-gradient(rgba(42,171,225,1) 0%, rgba(92,6,150,1) 100%);\" data-no-retina>\n<!--\n\t\t\t\t\t\t\t--><rs-layer\n\t\t\t\t\t\t\t\tid=\"slider-13-slide-68-layer-4\" \n\t\t\t\t\t\t\t\tclass=\"medium_text\"\n\t\t\t\t\t\t\t\tdata-type=\"text\"\n\t\t\t\t\t\t\t\tdata-color=\"rgba(255,255,255,1)\"\n\t\t\t\t\t\t\t\tdata-rsp_ch=\"on\"\n\t\t\t\t\t\t\t\tdata-xy=\"x:62px;y:c;\"\n\t\t\t\t\t\t\t\tdata-text=\"s:48;l:20;a:inherit;\"\n\t\t\t\t\t\t\t\tdata-dim=\"w:518px;\"\n\t\t\t\t\t\t\t\tdata-frame_1=\"st:270;sR:270;\"\n\t\t\t\t\t\t\t\tdata-frame_999=\"o:0;st:w;sR:4430;\"\n\t\t\t\t\t\t\t\tstyle=\"z-index:8;font-family:'Montserrat';position:absolute;text-shadow:0px 2px 5px rgba(0, 0, 0, 0.5)\nwhite-space:nowrap;\"\n\t\t\t\t\t\t\t>ABOUT US \n\t\t\t\t\t\t\t<\/rs-layer><!--\n\n\t\t\t\t\t\t\t--><rs-layer\n\t\t\t\t\t\t\t\tid=\"slider-13-slide-68-layer-7\" \n\t\t\t\t\t\t\t\tdata-type=\"image\"\n\t\t\t\t\t\t\t\tdata-rsp_ch=\"on\"\n\t\t\t\t\t\t\t\tdata-xy=\"x:-250px;y:c;\"\n\t\t\t\t\t\t\t\tdata-text=\"w:normal;\"\n\t\t\t\t\t\t\t\tdata-dim=\"w:139px;h:993px;\"\n\t\t\t\t\t\t\t\tdata-frame_0=\"x:-50;\"\n\t\t\t\t\t\t\t\tdata-frame_1=\"st:470;sp:1540;sR:470;\"\n\t\t\t\t\t\t\t\tdata-frame_999=\"o:0;st:w;sR:2990;\"\n\t\t\t\t\t\t\t\tstyle=\"z-index:7;\"\n\t\t\t\t\t\t\t><img decoding=\"async\" src=\"\/\/www.moore-bdr.sk\/wp-content\/plugins\/revslider\/sr6\/assets\/assets\/dummy.png\" alt=\"\" class=\"tp-rs-img rs-lazyload\" width=\"0\" height=\"0\" data-lazyload=\"\/\/www.moore-bdr.sk\/wp-content\/uploads\/2026\/01\/hero-default-left.svg\" data-no-retina> \n\t\t\t\t\t\t\t<\/rs-layer><!--\n\n\t\t\t\t\t\t\t--><rs-layer\n\t\t\t\t\t\t\t\tid=\"slider-13-slide-68-layer-9\" \n\t\t\t\t\t\t\t\tdata-type=\"image\"\n\t\t\t\t\t\t\t\tdata-rsp_ch=\"on\"\n\t\t\t\t\t\t\t\tdata-xy=\"x:r;xo:-495px;y:c;\"\n\t\t\t\t\t\t\t\tdata-text=\"w:normal;\"\n\t\t\t\t\t\t\t\tdata-dim=\"w:1615px;h:500px;\"\n\t\t\t\t\t\t\t\tdata-frame_0=\"x:50;\"\n\t\t\t\t\t\t\t\tdata-frame_1=\"st:1310;sp:1470;sR:1310;\"\n\t\t\t\t\t\t\t\tdata-frame_999=\"o:0;st:w;sR:2220;\"\n\t\t\t\t\t\t\t\tstyle=\"z-index:6;\"\n\t\t\t\t\t\t\t><img decoding=\"async\" src=\"\/\/www.moore-bdr.sk\/wp-content\/plugins\/revslider\/sr6\/assets\/assets\/dummy.png\" alt=\"\" class=\"tp-rs-img rs-lazyload\" width=\"1512\" height=\"468\" data-lazyload=\"\/\/www.moore-bdr.sk\/wp-content\/uploads\/2026\/01\/hero-default-right.svg\" data-no-retina> \n\t\t\t\t\t\t\t<\/rs-layer><!--\n-->\t\t\t\t\t<\/rs-slide>\n\t\t\t\t\t<\/rs-slides>\n\t\t\t\t\t<rs-static-layers><!--\n\t\t\t\t\t--><\/rs-static-layers>\n\t\t\t\t<\/rs-module>\n\t\t\t\t<script>\n\t\t\t\t\tsetREVStartSize({c: 'rev_slider_13_2',rl:[1240,1024,778,480],el:[450],gw:[1240],gh:[450],type:'standard',justify:'',layout:'fullwidth',mh:\"0\"});if (window.RS_MODULES!==undefined && window.RS_MODULES.modules!==undefined && window.RS_MODULES.modules[\"revslider132\"]!==undefined) {window.RS_MODULES.modules[\"revslider132\"].once = false;window.revapi13 = undefined;if (window.RS_MODULES.checkMinimal!==undefined) window.RS_MODULES.checkMinimal()}\n\t\t\t\t<\/script>\n\t\t\t<\/rs-module-wrap>\n\t\t\t<!-- END REVOLUTION SLIDER -->\n[\/vc_column][\/vc_row][vc_row][vc_column][vc_empty_space height=&#8221;20px&#8221;]<style type=\"text\/css\" data-type=\"the7_shortcodes-inline-css\">.dt-breadcrumbs-id-3d8bcd3afc1ebaf9aeff37816dff855f .breadcrumbs {\n  display: inline-block;\n  margin: 0;\n  padding: 2px 10px 2px 10px;\n  border: 0px solid ;\n  border-radius: 0px;\n}\n.dt-breadcrumbs-id-3d8bcd3afc1ebaf9aeff37816dff855f .breadcrumbs * {\n  color: #485daa;\n}\n<\/style><div class=\"dt-breadcrumbs-shortcode dt-breadcrumbs-id-3d8bcd3afc1ebaf9aeff37816dff855f align-left\"><div class=\"assistive-text\">You are here:<\/div><ol class=\"breadcrumbs text-small\" itemscope itemtype=\"https:\/\/schema.org\/BreadcrumbList\"><li itemprop=\"itemListElement\" itemscope itemtype=\"https:\/\/schema.org\/ListItem\"><a itemprop=\"item\" href=\"https:\/\/www.moore-bdr.sk\/en\/\" title=\"Home\"><span itemprop=\"name\">Home<\/span><\/a><meta itemprop=\"position\" content=\"1\" \/><\/li><li class=\"current\" itemprop=\"itemListElement\" itemscope itemtype=\"https:\/\/schema.org\/ListItem\"><span itemprop=\"name\">Page<\/span><meta itemprop=\"position\" content=\"2\" \/><\/li><\/ol><\/div>[vc_empty_space height=&#8221;20px&#8221;][vc_separator][\/vc_column][\/vc_row][vc_row][vc_column width=&#8221;2\/3&#8243;][vc_column_text]<span lang=\"EN\">Moore BDR\u00a0 Ltd. is an auditing and consulting company registered in the Slovak Chamber of Auditors with the state license number 6. The company was founded by five partners in 1991 in Banska Bystrica without foreign participation. Currently, the company has 8 equity partners.<\/span><\/p>\n<p><span lang=\"EN-US\">As a result of intensive work, the company has managed to rank every year in the TREND\u2019s Top list of audit companies in Slovakia.\u00a0 <\/span>The evaluation is\u00a0 made according to the size of the company and number of audits, which are\u00a0 executed in the TREND TOP companies. Moreover, in 2009, we were at the first place among companies without foreign participation or companies alliend in foreign networks.<\/p>\n<h2><span style=\"color: #00a0e3;\"><span lang=\"EN\">The family company with an international element<\/span><\/span><\/h2>\n<p><span lang=\"EN-US\">In 2010, our company was contacted by the international accountancy firm <a class=\"external-link-new-window\" title=\"Opens external link in new window\" href=\"http:\/\/www.moorestephens.com\/\" data-htmlarea-external=\"1\"><b>Moore Global International Limited<\/b><\/a>, in order to become a member of its international network.<\/span><\/p>\n<p><span lang=\"EN-US\">\u00a0In 2011, the Ministry of Economy and the Ministry of Labour, Social Affairs and Family of the Slovak Republic granted BDR an award for responsible business operations and significant contribution to the economy and employment of the Slovak Republic on the 20<sup>th<\/sup> anniversary of existence of the firm.<\/span>[\/vc_column_text][vc_column_text]<\/p>\n<h1><span style=\"color: #00a0e3;\">MOORE: Helping you thrive in a changing world<\/span><\/h1>\n<p>In September 2019 a big relaunch of our brand which has become &#8216;Moore&#8217;\u00a0 was announced. The unveiling of a new logo, visual identity and brand positioning marks the continued evolution of an international network of more than 233 independent firms in 114 countries and a client-focused professional community of more than 30 218 people.<\/p>\n<p>The change from Moore Global Limited Network to Moore encapsulates the traditional core strengths of Moore Stephens, while positioning a more modern brand, supporting the future success of our clients and emphasising our ability to provide global client solutions through our membership and participation in a globally connected accounting and consultancy network.<\/p>\n<p>Martin Ki\u0148o, Partner of BDR, speaking on the launch of the new brand, says:<\/p>\n<p>\u201cI believe that this brand relaunch positions our firm perfectly for our existing and potential clients. \u2018Helping you thrive in a changing world\u2019 is the new brand position, and this is the mindset we bring every day to what we do for our clients, as we help them to succeed today and tomorrow. We build relationships based on trust, quality and clear advice, ensuring those we advise have time to focus on what they do best.\u201d<\/p>\n<p>Moore Global CEO, Anton Colella, captures what the new brand means for clients:<\/p>\n<p>\u201cIn our changing world, business is increasingly conducted internationally and digitally. Everyone must adapt.<\/p>\n<p>With our new brand \u2013 Moore \u2013 we choose a new identity fit for a world defined by global decision-making, data-driven insight and the need for agility in all that we do. The brand captures our ability to connect to you locally and globally as we help you realise your ambitions. That is why our brand position is \u2018Helping you thrive in a changing world.\u2019<\/p>\n<p>We never lose sight of what makes us strong, and why our network has grown and continues to grow \u2013 our commitment to ever stronger relationships with our clients.<\/p>\n<p>So as we look to the future, our brand honours our Moore Global Limited Network heritage, reflecting the strengths that clients have, and can always expect from us: straightforward advice, high quality, and the passion we bring every day to our belief that relationships with clients are about much more than simply a job.\u201d\u200c<br \/>\n\u200c<\/p>\n<h2><span style=\"color: #00a0e3;\">About Moore Global<\/span><\/h2>\n<p>At Moore, our purpose is to help people thrive \u2013 our clients, our people,\u00a0and the communities they live and work in. We\u2019re a global accounting and advisory family with over 30,000\u00a0people in 502\u00a0offices across 114\u00a0countries, connecting and collaborating to take care of your needs \u2013 local, national and international.<\/p>\n<p>When you work with Moore firms, you\u2019ll work with people who care deeply about your success and who have the drive and dedication to deliver results for you and your business. You\u2019ll have greater access to senior expertise than with many firms. We\u2019ll be here for you whenever you need us \u2013 to help you see through the maze of information, to guide you in your decisions and to make sure you take advantage of every opportunity. To help you thrive in a changing world.[\/vc_column_text][\/vc_column][vc_column width=&#8221;1\/3&#8243;][vc_widget_sidebar show_bg=&#8221;false&#8221; sidebar_id=&#8221;sidebar_3&#8243; el_class=&#8221;bocnalista&#8221;][\/vc_column][\/vc_row]<\/p>\n<p><\/p>\n<\/div>","protected":false},"excerpt":{"rendered":"<p>[vc_row][vc_column][\/vc_column][\/vc_row][vc_row][vc_column][vc_empty_space height=&#8221;20px&#8221;][vc_empty_space height=&#8221;20px&#8221;][vc_separator][\/vc_column][\/vc_row][vc_row][vc_column width=&#8221;2\/3&#8243;][vc_column_text]Moore BDR\u00a0 Ltd. is an auditing and consulting company registered in the Slovak Chamber of Auditors with the state license number 6. The company was founded by five partners in 1991 in Banska Bystrica without foreign participation. Currently, the company has 8 equity partners. As a result of intensive work, the company&hellip;<\/p>\n","protected":false},"author":1,"featured_media":0,"parent":0,"menu_order":0,"comment_status":"closed","ping_status":"closed","template":"","meta":{"inline_featured_image":false,"footnotes":""},"class_list":["post-11","page","type-page","status-publish","hentry","description-off"],"yoast_head":"<!-- This site is optimized with the Yoast SEO plugin v26.1.1 - https:\/\/yoast.com\/wordpress\/plugins\/seo\/ -->\n<title>About us - Moore BDR s. r. o.<\/title>\n<meta name=\"robots\" content=\"index, follow, max-snippet:-1, max-image-preview:large, max-video-preview:-1\" \/>\n<link rel=\"canonical\" href=\"https:\/\/www.moore-bdr.sk\/o-nas\/\" \/>\n<meta property=\"og:locale\" content=\"en_US\" \/>\n<meta property=\"og:type\" content=\"article\" \/>\n<meta property=\"og:title\" content=\"[:sk]O n\u00e1s[:en]About us[:de]\u00dcber uns[:] - Moore BDR s. r. o.\" \/>\n<meta property=\"og:description\" content=\"[vc_row][vc_column][\/vc_column][\/vc_row][vc_row][vc_column][vc_empty_space height=&#8221;20px&#8221;][vc_empty_space height=&#8221;20px&#8221;][vc_separator][\/vc_column][\/vc_row][vc_row][vc_column width=&#8221;2\/3&#8243;][vc_column_text]Moore BDR\u00a0 Ltd. is an auditing and consulting company registered in the Slovak Chamber of Auditors with the state license number 6. The company was founded by five partners in 1991 in Banska Bystrica without foreign participation. Currently, the company has 8 equity partners. As a result of intensive work, the company&hellip;\" \/>\n<meta property=\"og:url\" content=\"https:\/\/www.moore-bdr.sk\/o-nas\/\" \/>\n<meta property=\"og:site_name\" content=\"Moore BDR s. r. o.\" \/>\n<meta property=\"article:modified_time\" content=\"2026-03-16T14:26:20+00:00\" \/>\n<meta name=\"twitter:card\" content=\"summary_large_image\" \/>\n<meta name=\"twitter:label1\" content=\"Est. reading time\" \/>\n\t<meta name=\"twitter:data1\" content=\"14 minutes\" \/>\n<script type=\"application\/ld+json\" class=\"yoast-schema-graph\">{\"@context\":\"https:\/\/schema.org\",\"@graph\":[{\"@type\":\"WebPage\",\"@id\":\"https:\/\/www.moore-bdr.sk\/o-nas\/\",\"url\":\"https:\/\/www.moore-bdr.sk\/o-nas\/\",\"name\":\"[:sk]O n\u00e1s[:en]About us[:de]\u00dcber uns[:] - Moore BDR s. r. o.\",\"isPartOf\":{\"@id\":\"https:\/\/www.moore-bdr.sk\/#website\"},\"datePublished\":\"2016-11-19T18:15:55+00:00\",\"dateModified\":\"2026-03-16T14:26:20+00:00\",\"breadcrumb\":{\"@id\":\"https:\/\/www.moore-bdr.sk\/o-nas\/#breadcrumb\"},\"inLanguage\":\"en-US\",\"potentialAction\":[{\"@type\":\"ReadAction\",\"target\":[\"https:\/\/www.moore-bdr.sk\/o-nas\/\"]}]},{\"@type\":\"BreadcrumbList\",\"@id\":\"https:\/\/www.moore-bdr.sk\/o-nas\/#breadcrumb\",\"itemListElement\":[{\"@type\":\"ListItem\",\"position\":1,\"name\":\"Domovsk\u00e1 str\u00e1nka\",\"item\":\"https:\/\/www.moore-bdr.sk\/\"},{\"@type\":\"ListItem\",\"position\":2,\"name\":\"O n\u00e1s\"}]},{\"@type\":\"WebSite\",\"@id\":\"https:\/\/www.moore-bdr.sk\/#website\",\"url\":\"https:\/\/www.moore-bdr.sk\/\",\"name\":\"Moore BDR s. r. o.\",\"description\":\"Na\u0161e portf\u00f3lio zah\u0155\u0148a: audit \u00fa\u010dtovn\u00edctva, da\u0148ov\u00e9 poradenstvo, f\u00fazie, akviz\u00edcie, Due diligence, Bratislava, Bansk\u00e1 Bystrica\",\"potentialAction\":[{\"@type\":\"SearchAction\",\"target\":{\"@type\":\"EntryPoint\",\"urlTemplate\":\"https:\/\/www.moore-bdr.sk\/?s={search_term_string}\"},\"query-input\":{\"@type\":\"PropertyValueSpecification\",\"valueRequired\":true,\"valueName\":\"search_term_string\"}}],\"inLanguage\":\"en-US\"}]}<\/script>\n<!-- \/ Yoast SEO plugin. -->","yoast_head_json":{"title":"[:sk]O n\u00e1s[:en]About us[:de]\u00dcber uns[:] - Moore BDR s. r. o.","robots":{"index":"index","follow":"follow","max-snippet":"max-snippet:-1","max-image-preview":"max-image-preview:large","max-video-preview":"max-video-preview:-1"},"canonical":"https:\/\/www.moore-bdr.sk\/o-nas\/","og_locale":"en_US","og_type":"article","og_title":"[:sk]O n\u00e1s[:en]About us[:de]\u00dcber uns[:] - Moore BDR s. r. o.","og_description":"[vc_row][vc_column][\/vc_column][\/vc_row][vc_row][vc_column][vc_empty_space height=&#8221;20px&#8221;][vc_empty_space height=&#8221;20px&#8221;][vc_separator][\/vc_column][\/vc_row][vc_row][vc_column width=&#8221;2\/3&#8243;][vc_column_text]Moore BDR\u00a0 Ltd. is an auditing and consulting company registered in the Slovak Chamber of Auditors with the state license number 6. The company was founded by five partners in 1991 in Banska Bystrica without foreign participation. Currently, the company has 8 equity partners. As a result of intensive work, the company&hellip;","og_url":"https:\/\/www.moore-bdr.sk\/o-nas\/","og_site_name":"Moore BDR s. r. o.","article_modified_time":"2026-03-16T14:26:20+00:00","twitter_card":"summary_large_image","twitter_misc":{"Est. reading time":"14 minutes"},"schema":{"@context":"https:\/\/schema.org","@graph":[{"@type":"WebPage","@id":"https:\/\/www.moore-bdr.sk\/o-nas\/","url":"https:\/\/www.moore-bdr.sk\/o-nas\/","name":"[:sk]O n\u00e1s[:en]About us[:de]\u00dcber uns[:] - Moore BDR s. r. o.","isPartOf":{"@id":"https:\/\/www.moore-bdr.sk\/#website"},"datePublished":"2016-11-19T18:15:55+00:00","dateModified":"2026-03-16T14:26:20+00:00","breadcrumb":{"@id":"https:\/\/www.moore-bdr.sk\/o-nas\/#breadcrumb"},"inLanguage":"en-US","potentialAction":[{"@type":"ReadAction","target":["https:\/\/www.moore-bdr.sk\/o-nas\/"]}]},{"@type":"BreadcrumbList","@id":"https:\/\/www.moore-bdr.sk\/o-nas\/#breadcrumb","itemListElement":[{"@type":"ListItem","position":1,"name":"Domovsk\u00e1 str\u00e1nka","item":"https:\/\/www.moore-bdr.sk\/"},{"@type":"ListItem","position":2,"name":"O n\u00e1s"}]},{"@type":"WebSite","@id":"https:\/\/www.moore-bdr.sk\/#website","url":"https:\/\/www.moore-bdr.sk\/","name":"Moore BDR s. r. o.","description":"Na\u0161e portf\u00f3lio zah\u0155\u0148a: audit \u00fa\u010dtovn\u00edctva, da\u0148ov\u00e9 poradenstvo, f\u00fazie, akviz\u00edcie, Due diligence, Bratislava, Bansk\u00e1 Bystrica","potentialAction":[{"@type":"SearchAction","target":{"@type":"EntryPoint","urlTemplate":"https:\/\/www.moore-bdr.sk\/?s={search_term_string}"},"query-input":{"@type":"PropertyValueSpecification","valueRequired":true,"valueName":"search_term_string"}}],"inLanguage":"en-US"}]}},"_links":{"self":[{"href":"https:\/\/www.moore-bdr.sk\/en\/wp-json\/wp\/v2\/pages\/11","targetHints":{"allow":["GET"]}}],"collection":[{"href":"https:\/\/www.moore-bdr.sk\/en\/wp-json\/wp\/v2\/pages"}],"about":[{"href":"https:\/\/www.moore-bdr.sk\/en\/wp-json\/wp\/v2\/types\/page"}],"author":[{"embeddable":true,"href":"https:\/\/www.moore-bdr.sk\/en\/wp-json\/wp\/v2\/users\/1"}],"replies":[{"embeddable":true,"href":"https:\/\/www.moore-bdr.sk\/en\/wp-json\/wp\/v2\/comments?post=11"}],"version-history":[{"count":42,"href":"https:\/\/www.moore-bdr.sk\/en\/wp-json\/wp\/v2\/pages\/11\/revisions"}],"predecessor-version":[{"id":9667,"href":"https:\/\/www.moore-bdr.sk\/en\/wp-json\/wp\/v2\/pages\/11\/revisions\/9667"}],"wp:attachment":[{"href":"https:\/\/www.moore-bdr.sk\/en\/wp-json\/wp\/v2\/media?parent=11"}],"curies":[{"name":"wp","href":"https:\/\/api.w.org\/{rel}","templated":true}]}}