{"id":17,"date":"2016-11-19T20:17:50","date_gmt":"2016-11-19T18:17:50","guid":{"rendered":"https:\/\/www.moore-bdr.sk\/?page_id=17"},"modified":"2026-03-16T16:25:24","modified_gmt":"2026-03-16T14:25:24","slug":"sluzby","status":"publish","type":"page","link":"https:\/\/www.moore-bdr.sk\/en\/sluzby\/","title":{"rendered":"Services"},"content":{"rendered":"<div class=\"wpb-content-wrapper\"><p><\/p>\n<p>[vc_row][vc_column]\n\t\t\t<!-- START sluzbyen REVOLUTION SLIDER 6.7.36 --><p class=\"rs-p-wp-fix\"><\/p>\n\t\t\t<rs-module-wrap id=\"rev_slider_11_2_wrapper\" data-source=\"gallery\" style=\"visibility:hidden;background:transparent;padding:0;margin:0px auto;margin-top:0;margin-bottom:0;\">\n\t\t\t\t<rs-module id=\"rev_slider_11_2\" style=\"\" data-version=\"6.7.36\">\n\t\t\t\t\t<rs-slides style=\"overflow: hidden; position: absolute;\">\n\t\t\t\t\t\t<rs-slide style=\"position: absolute;\" data-key=\"rs-66\" data-title=\"Slide\" data-duration=\"5000\" data-anim=\"adpr:false;ms:50;\" data-in=\"o:1;x:-100%;\" data-out=\"a:false;\">\n\t\t\t\t\t\t\t<img decoding=\"async\" src=\"\/\/www.moore-bdr.sk\/wp-content\/plugins\/revslider\/sr6\/assets\/assets\/dummy.png\" alt=\"Slide\" width=\"1920\" height=\"1280\" class=\"rev-slidebg tp-rs-img rs-lazyload\" data-lazyload=\"\/\/www.moore-bdr.sk\/wp-content\/plugins\/revslider\/sr6\/assets\/assets\/transparent.png\" data-bg=\"c:linear-gradient(rgba(42,171,225,1) 0%, rgba(92,6,150,1) 100%);\" data-no-retina>\n<!--\n\t\t\t\t\t\t\t--><rs-layer\n\t\t\t\t\t\t\t\tid=\"slider-11-slide-66-layer-4\" \n\t\t\t\t\t\t\t\tclass=\"medium_text\"\n\t\t\t\t\t\t\t\tdata-type=\"text\"\n\t\t\t\t\t\t\t\tdata-color=\"rgba(255,255,255,1)\"\n\t\t\t\t\t\t\t\tdata-rsp_ch=\"on\"\n\t\t\t\t\t\t\t\tdata-xy=\"x:62px;y:c;\"\n\t\t\t\t\t\t\t\tdata-text=\"s:48;l:50;a:inherit;\"\n\t\t\t\t\t\t\t\tdata-dim=\"w:518px;\"\n\t\t\t\t\t\t\t\tdata-frame_1=\"st:270;sR:270;\"\n\t\t\t\t\t\t\t\tdata-frame_999=\"o:0;st:w;sR:4430;\"\n\t\t\t\t\t\t\t\tstyle=\"z-index:8;font-family:'Montserrat';position:absolute;text-shadow:0px 2px 5px rgba(0, 0, 0, 0.5)\nwhite-space:nowrap;\"\n\t\t\t\t\t\t\t>SERVICES \n\t\t\t\t\t\t\t<\/rs-layer><!--\n\n\t\t\t\t\t\t\t--><rs-layer\n\t\t\t\t\t\t\t\tid=\"slider-11-slide-66-layer-7\" \n\t\t\t\t\t\t\t\tdata-type=\"image\"\n\t\t\t\t\t\t\t\tdata-rsp_ch=\"on\"\n\t\t\t\t\t\t\t\tdata-xy=\"x:-250px;y:c;\"\n\t\t\t\t\t\t\t\tdata-text=\"w:normal;\"\n\t\t\t\t\t\t\t\tdata-dim=\"w:139px;h:993px;\"\n\t\t\t\t\t\t\t\tdata-frame_0=\"x:-50;\"\n\t\t\t\t\t\t\t\tdata-frame_1=\"st:470;sp:1540;sR:470;\"\n\t\t\t\t\t\t\t\tdata-frame_999=\"o:0;st:w;sR:2990;\"\n\t\t\t\t\t\t\t\tstyle=\"z-index:7;\"\n\t\t\t\t\t\t\t><img decoding=\"async\" src=\"\/\/www.moore-bdr.sk\/wp-content\/plugins\/revslider\/sr6\/assets\/assets\/dummy.png\" alt=\"\" class=\"tp-rs-img rs-lazyload\" width=\"0\" height=\"0\" data-lazyload=\"\/\/www.moore-bdr.sk\/wp-content\/uploads\/2026\/01\/hero-default-left.svg\" data-no-retina> \n\t\t\t\t\t\t\t<\/rs-layer><!--\n\n\t\t\t\t\t\t\t--><rs-layer\n\t\t\t\t\t\t\t\tid=\"slider-11-slide-66-layer-9\" \n\t\t\t\t\t\t\t\tdata-type=\"image\"\n\t\t\t\t\t\t\t\tdata-rsp_ch=\"on\"\n\t\t\t\t\t\t\t\tdata-xy=\"x:r;xo:-495px;y:c;\"\n\t\t\t\t\t\t\t\tdata-text=\"w:normal;\"\n\t\t\t\t\t\t\t\tdata-dim=\"w:1615px;h:500px;\"\n\t\t\t\t\t\t\t\tdata-frame_0=\"x:50;\"\n\t\t\t\t\t\t\t\tdata-frame_1=\"st:1310;sp:1470;sR:1310;\"\n\t\t\t\t\t\t\t\tdata-frame_999=\"o:0;st:w;sR:2220;\"\n\t\t\t\t\t\t\t\tstyle=\"z-index:6;\"\n\t\t\t\t\t\t\t><img decoding=\"async\" src=\"\/\/www.moore-bdr.sk\/wp-content\/plugins\/revslider\/sr6\/assets\/assets\/dummy.png\" alt=\"\" class=\"tp-rs-img rs-lazyload\" width=\"1512\" height=\"468\" data-lazyload=\"\/\/www.moore-bdr.sk\/wp-content\/uploads\/2026\/01\/hero-default-right.svg\" data-no-retina> \n\t\t\t\t\t\t\t<\/rs-layer><!--\n-->\t\t\t\t\t<\/rs-slide>\n\t\t\t\t\t<\/rs-slides>\n\t\t\t\t\t<rs-static-layers><!--\n\t\t\t\t\t--><\/rs-static-layers>\n\t\t\t\t<\/rs-module>\n\t\t\t\t<script>\n\t\t\t\t\tsetREVStartSize({c: 'rev_slider_11_2',rl:[1240,1024,778,480],el:[450],gw:[1240],gh:[450],type:'standard',justify:'',layout:'fullwidth',mh:\"0\"});if (window.RS_MODULES!==undefined && window.RS_MODULES.modules!==undefined && window.RS_MODULES.modules[\"revslider112\"]!==undefined) {window.RS_MODULES.modules[\"revslider112\"].once = false;window.revapi11 = undefined;if (window.RS_MODULES.checkMinimal!==undefined) window.RS_MODULES.checkMinimal()}\n\t\t\t\t<\/script>\n\t\t\t<\/rs-module-wrap>\n\t\t\t<!-- END REVOLUTION SLIDER -->\n[\/vc_column][\/vc_row][vc_row][vc_column][vc_empty_space height=&#8221;20px&#8221;]<style type=\"text\/css\" data-type=\"the7_shortcodes-inline-css\">.dt-breadcrumbs-id-3d8bcd3afc1ebaf9aeff37816dff855f .breadcrumbs {\n  display: inline-block;\n  margin: 0;\n  padding: 2px 10px 2px 10px;\n  border: 0px solid ;\n  border-radius: 0px;\n}\n.dt-breadcrumbs-id-3d8bcd3afc1ebaf9aeff37816dff855f .breadcrumbs * {\n  color: #485daa;\n}\n<\/style><div class=\"dt-breadcrumbs-shortcode dt-breadcrumbs-id-3d8bcd3afc1ebaf9aeff37816dff855f align-left\"><div class=\"assistive-text\">You are here:<\/div><ol class=\"breadcrumbs text-small\" itemscope itemtype=\"https:\/\/schema.org\/BreadcrumbList\"><li itemprop=\"itemListElement\" itemscope itemtype=\"https:\/\/schema.org\/ListItem\"><a itemprop=\"item\" href=\"https:\/\/www.moore-bdr.sk\/en\/\" title=\"Home\"><span itemprop=\"name\">Home<\/span><\/a><meta itemprop=\"position\" content=\"1\" \/><\/li><li class=\"current\" itemprop=\"itemListElement\" itemscope itemtype=\"https:\/\/schema.org\/ListItem\"><span itemprop=\"name\">Page<\/span><meta itemprop=\"position\" content=\"2\" \/><\/li><\/ol><\/div>[vc_empty_space height=&#8221;20px&#8221;][vc_separator][\/vc_column][\/vc_row][vc_row][vc_column width=&#8221;2\/3&#8243;][vc_column_text css=&#8221;&#8221;]More than 30 years on the Slovak market is a guarantee of the high quality of services we provide. A guarantee for the quality of our team is our membership in Moore Global Limited Network International Limited, one of the largest audit and consulting networks in the world.<\/p>\n<p>Our company provides:<\/p>\n<ul>\n<li style=\"list-style-type: none;\">\n<ul>\n<li role=\"presentation\"><a role=\"menuitem\" href=\"https:\/\/www.moore-bdr.sk\/en\/sluzby\/audit-uctovnictva\/\" data-level=\"2\">Audit Services<\/a><\/li>\n<li role=\"presentation\"><a role=\"menuitem\" href=\"https:\/\/www.moore-bdr.sk\/en\/sluzby\/danove-poradenstvo\/\" data-level=\"2\">Tax Services<\/a><\/li>\n<li role=\"presentation\"><a role=\"menuitem\" href=\"https:\/\/www.moore-bdr.sk\/en\/sluzby\/transferove-ocenovanie-na-slovensku\/\" data-level=\"2\">Transfer pricing<\/a><\/li>\n<li role=\"presentation\"><a role=\"menuitem\" href=\"https:\/\/www.moore-bdr.sk\/en\/sluzby\/uctovnictvo\/\" data-level=\"2\">Accounting Services<\/a><\/li>\n<li role=\"presentation\"><a role=\"menuitem\" href=\"https:\/\/www.moore-bdr.sk\/en\/sluzby\/mzdova-agenda\/\" data-level=\"2\">Payroll accounting<\/a><\/li>\n<li role=\"presentation\"><a role=\"menuitem\" href=\"https:\/\/www.moore-bdr.sk\/en\/sluzby\/podnikove-a-financne-poradenstvo\/\" data-level=\"2\">Corporate and financial consulting<\/a><\/li>\n<li role=\"presentation\"><a role=\"menuitem\" href=\"https:\/\/www.moore-bdr.sk\/en\/sluzby\/pravne-sluzby\/\" data-level=\"2\">Legal Services<\/a><\/li>\n<li role=\"presentation\"><a role=\"menuitem\" href=\"https:\/\/www.moore-bdr.sk\/en\/sluzby\/german-desk\/\" data-level=\"2\">German desk<\/a><\/li>\n<li role=\"presentation\"><a role=\"menuitem\" href=\"https:\/\/www.moore-bdr.sk\/en\/sluzby\/eu-asia-desk\/\" data-level=\"2\">Asia Desk<\/a><\/li>\n<li><a href=\"https:\/\/www.moore-bdr.sk\/en\/sluzby\/rodinne-podnikanie\/\">Family Office Hub<\/a><\/li>\n<li><a href=\"https:\/\/www.moore-bdr.sk\/en\/danova-optimalizacia-v-oblasti-inovacii-a-vyskumu-a-vyvoja\/\">Innovation consulting<\/a><\/li>\n<li><a href=\"https:\/\/www.moore-bdr.sk\/en\/sluzby\/audit-poistenia\/\" data-level=\"2\">Insurance audit<\/a><\/li>\n<li class=\"menu-item menu-item-type-post_type menu-item-object-page menu-item-8592\"><a href=\"https:\/\/www.moore-bdr.sk\/en\/sluzby\/fuzie-a-akvizicie\/\">Mergers and acquisitions<\/a><\/li>\n<li><a href=\"https:\/\/www.moore-bdr.sk\/en\/sluzby\/dobrovolna-previerka-dani-a-uctovnictva\/\">Voluntary tax and accounting audit<\/a><\/li>\n<li><a href=\"https:\/\/www.moore-bdr.sk\/en\/digitalizacia-a-it-poradenstvo\/erp-system-odoo\/\">ERP accounting system Odoo<\/a><\/li>\n<\/ul>\n<\/li>\n<\/ul>\n<p>[\/vc_column_text][\/vc_column][vc_column width=&#8221;1\/3&#8243;][vc_widget_sidebar show_bg=&#8221;false&#8221; sidebar_id=&#8221;sidebar_3&#8243; el_class=&#8221;bocnalista&#8221;][\/vc_column][\/vc_row]<\/p>\n<p><\/p>\n<\/div>","protected":false},"excerpt":{"rendered":"<p>More than 30 years on the Slovak market is a guarantee of the high quality of services we provide. A guarantee for the quality of our team is our membership in Moore Global Limited Network International Limited, one of the largest audit and consulting networks in the world. Our company provides: Audit Services Tax Services&hellip;<\/p>\n","protected":false},"author":1,"featured_media":0,"parent":0,"menu_order":0,"comment_status":"closed","ping_status":"closed","template":"","meta":{"inline_featured_image":false,"footnotes":""},"class_list":["post-17","page","type-page","status-publish","hentry","description-off"],"yoast_head":"<!-- This site is optimized with the Yoast SEO plugin v26.1.1 - https:\/\/yoast.com\/wordpress\/plugins\/seo\/ -->\n<title>Services - Moore BDR s. r. o.<\/title>\n<meta name=\"robots\" content=\"index, follow, max-snippet:-1, max-image-preview:large, max-video-preview:-1\" \/>\n<link rel=\"canonical\" href=\"https:\/\/www.moore-bdr.sk\/sluzby\/\" \/>\n<meta property=\"og:locale\" content=\"en_US\" \/>\n<meta property=\"og:type\" content=\"article\" \/>\n<meta property=\"og:title\" content=\"[:sk]Slu\u017eby[:en]Services[:de]Leistungen[:] - Moore BDR s. r. o.\" \/>\n<meta property=\"og:url\" content=\"https:\/\/www.moore-bdr.sk\/sluzby\/\" \/>\n<meta property=\"og:site_name\" content=\"Moore BDR s. r. o.\" \/>\n<meta property=\"article:modified_time\" content=\"2026-03-16T14:25:24+00:00\" \/>\n<meta name=\"twitter:card\" content=\"summary_large_image\" \/>\n<meta name=\"twitter:label1\" content=\"Est. reading time\" \/>\n\t<meta name=\"twitter:data1\" content=\"2 minutes\" \/>\n<script type=\"application\/ld+json\" class=\"yoast-schema-graph\">{\"@context\":\"https:\/\/schema.org\",\"@graph\":[{\"@type\":\"WebPage\",\"@id\":\"https:\/\/www.moore-bdr.sk\/sluzby\/\",\"url\":\"https:\/\/www.moore-bdr.sk\/sluzby\/\",\"name\":\"[:sk]Slu\u017eby[:en]Services[:de]Leistungen[:] - Moore BDR s. r. o.\",\"isPartOf\":{\"@id\":\"https:\/\/www.moore-bdr.sk\/#website\"},\"datePublished\":\"2016-11-19T18:17:50+00:00\",\"dateModified\":\"2026-03-16T14:25:24+00:00\",\"breadcrumb\":{\"@id\":\"https:\/\/www.moore-bdr.sk\/sluzby\/#breadcrumb\"},\"inLanguage\":\"en-US\",\"potentialAction\":[{\"@type\":\"ReadAction\",\"target\":[\"https:\/\/www.moore-bdr.sk\/sluzby\/\"]}]},{\"@type\":\"BreadcrumbList\",\"@id\":\"https:\/\/www.moore-bdr.sk\/sluzby\/#breadcrumb\",\"itemListElement\":[{\"@type\":\"ListItem\",\"position\":1,\"name\":\"Domovsk\u00e1 str\u00e1nka\",\"item\":\"https:\/\/www.moore-bdr.sk\/\"},{\"@type\":\"ListItem\",\"position\":2,\"name\":\"Slu\u017eby\"}]},{\"@type\":\"WebSite\",\"@id\":\"https:\/\/www.moore-bdr.sk\/#website\",\"url\":\"https:\/\/www.moore-bdr.sk\/\",\"name\":\"Moore BDR s. r. o.\",\"description\":\"Na\u0161e portf\u00f3lio zah\u0155\u0148a: audit \u00fa\u010dtovn\u00edctva, da\u0148ov\u00e9 poradenstvo, f\u00fazie, akviz\u00edcie, Due diligence, Bratislava, Bansk\u00e1 Bystrica\",\"potentialAction\":[{\"@type\":\"SearchAction\",\"target\":{\"@type\":\"EntryPoint\",\"urlTemplate\":\"https:\/\/www.moore-bdr.sk\/?s={search_term_string}\"},\"query-input\":{\"@type\":\"PropertyValueSpecification\",\"valueRequired\":true,\"valueName\":\"search_term_string\"}}],\"inLanguage\":\"en-US\"}]}<\/script>\n<!-- \/ Yoast SEO plugin. -->","yoast_head_json":{"title":"[:sk]Slu\u017eby[:en]Services[:de]Leistungen[:] - Moore BDR s. r. o.","robots":{"index":"index","follow":"follow","max-snippet":"max-snippet:-1","max-image-preview":"max-image-preview:large","max-video-preview":"max-video-preview:-1"},"canonical":"https:\/\/www.moore-bdr.sk\/sluzby\/","og_locale":"en_US","og_type":"article","og_title":"[:sk]Slu\u017eby[:en]Services[:de]Leistungen[:] - Moore BDR s. r. o.","og_url":"https:\/\/www.moore-bdr.sk\/sluzby\/","og_site_name":"Moore BDR s. r. o.","article_modified_time":"2026-03-16T14:25:24+00:00","twitter_card":"summary_large_image","twitter_misc":{"Est. reading time":"2 minutes"},"schema":{"@context":"https:\/\/schema.org","@graph":[{"@type":"WebPage","@id":"https:\/\/www.moore-bdr.sk\/sluzby\/","url":"https:\/\/www.moore-bdr.sk\/sluzby\/","name":"[:sk]Slu\u017eby[:en]Services[:de]Leistungen[:] - Moore BDR s. r. o.","isPartOf":{"@id":"https:\/\/www.moore-bdr.sk\/#website"},"datePublished":"2016-11-19T18:17:50+00:00","dateModified":"2026-03-16T14:25:24+00:00","breadcrumb":{"@id":"https:\/\/www.moore-bdr.sk\/sluzby\/#breadcrumb"},"inLanguage":"en-US","potentialAction":[{"@type":"ReadAction","target":["https:\/\/www.moore-bdr.sk\/sluzby\/"]}]},{"@type":"BreadcrumbList","@id":"https:\/\/www.moore-bdr.sk\/sluzby\/#breadcrumb","itemListElement":[{"@type":"ListItem","position":1,"name":"Domovsk\u00e1 str\u00e1nka","item":"https:\/\/www.moore-bdr.sk\/"},{"@type":"ListItem","position":2,"name":"Slu\u017eby"}]},{"@type":"WebSite","@id":"https:\/\/www.moore-bdr.sk\/#website","url":"https:\/\/www.moore-bdr.sk\/","name":"Moore BDR s. r. o.","description":"Na\u0161e portf\u00f3lio zah\u0155\u0148a: audit \u00fa\u010dtovn\u00edctva, da\u0148ov\u00e9 poradenstvo, f\u00fazie, akviz\u00edcie, Due diligence, Bratislava, Bansk\u00e1 Bystrica","potentialAction":[{"@type":"SearchAction","target":{"@type":"EntryPoint","urlTemplate":"https:\/\/www.moore-bdr.sk\/?s={search_term_string}"},"query-input":{"@type":"PropertyValueSpecification","valueRequired":true,"valueName":"search_term_string"}}],"inLanguage":"en-US"}]}},"_links":{"self":[{"href":"https:\/\/www.moore-bdr.sk\/en\/wp-json\/wp\/v2\/pages\/17","targetHints":{"allow":["GET"]}}],"collection":[{"href":"https:\/\/www.moore-bdr.sk\/en\/wp-json\/wp\/v2\/pages"}],"about":[{"href":"https:\/\/www.moore-bdr.sk\/en\/wp-json\/wp\/v2\/types\/page"}],"author":[{"embeddable":true,"href":"https:\/\/www.moore-bdr.sk\/en\/wp-json\/wp\/v2\/users\/1"}],"replies":[{"embeddable":true,"href":"https:\/\/www.moore-bdr.sk\/en\/wp-json\/wp\/v2\/comments?post=17"}],"version-history":[{"count":84,"href":"https:\/\/www.moore-bdr.sk\/en\/wp-json\/wp\/v2\/pages\/17\/revisions"}],"predecessor-version":[{"id":9665,"href":"https:\/\/www.moore-bdr.sk\/en\/wp-json\/wp\/v2\/pages\/17\/revisions\/9665"}],"wp:attachment":[{"href":"https:\/\/www.moore-bdr.sk\/en\/wp-json\/wp\/v2\/media?parent=17"}],"curies":[{"name":"wp","href":"https:\/\/api.w.org\/{rel}","templated":true}]}}