{"id":1752,"date":"2018-05-11T11:36:19","date_gmt":"2018-05-11T09:36:19","guid":{"rendered":"https:\/\/www.moore-bdr.sk\/?page_id=1752"},"modified":"2025-08-18T14:38:44","modified_gmt":"2025-08-18T12:38:44","slug":"informacie-o-ochrane-osobnych-udajov-odber-noviniek","status":"publish","type":"page","link":"https:\/\/www.moore-bdr.sk\/en\/informacie-o-ochrane-osobnych-udajov-odber-noviniek\/","title":{"rendered":"INFORMATION ON THE PROCESSING OF YOUR PERSONAL DATA"},"content":{"rendered":"<div class=\"wpb-content-wrapper\"><p>[vc_row][vc_column][vc_column_text css=&#8221;&#8221;]<strong>INFORMATION ON THE PROCESSING OF YOUR PERSONAL DATA<\/strong><\/p>\n<p>in compliance with Article 13 of the REGULATION (EU) 2016\/679 OF THE EUROPEAN PARLIAMENT AND OF THE COUNCIL (hereinafter referred to as &#8220;GDPR&#8221;) and in compliance with Section 19 of Act No. 18\/2018 Coll. on Personal Data Protection (hereinafter referred to as &#8220;the Act&#8221;)<\/p>\n<p>Given the fact that personal data processing takes place in relation to the sending of <strong>newsletters<\/strong>, we would like to inform you as the data subject on your rights and conditions of the processing of your personal data. We would also like to assure you that the protection of your personal data is of utmost importance for our organization and that we have established dedicated security measures in accordance with the GDPR.<\/p>\n<table>\n<tbody>\n<tr>\n<td colspan=\"2\" width=\"601\"><strong>IDENTIFICATION AND CONTACT DATA OF THE CONTROLLER<\/strong><\/td>\n<\/tr>\n<tr>\n<td width=\"160\">Business name:<\/td>\n<td width=\"441\"><strong>Moore BDR s. r. o.<\/strong><\/td>\n<\/tr>\n<tr>\n<td width=\"160\">Address:<\/td>\n<td width=\"441\">Cesta k nemocnici 1B, 974 01 Bansk\u00e1 Bystrica,\u00a0 Postal code: 974 01<\/td>\n<\/tr>\n<tr>\n<td width=\"160\">Company ID No.:<\/td>\n<td width=\"441\">00 614 556<\/td>\n<\/tr>\n<tr>\n<td width=\"160\">Phone number:<\/td>\n<td width=\"441\">+421 48\u00a0470 0046<\/td>\n<\/tr>\n<tr>\n<td width=\"160\">E-mail:<\/td>\n<td width=\"441\"><a href=\"mailto:office@moore-slovakia.sk\">office@moore-slovakia.sk<\/a><\/td>\n<\/tr>\n<tr>\n<td width=\"160\">Responsible person:<\/td>\n<td width=\"441\"><strong>JUDr. Eva Holdo\u0161ov\u00e1; <\/strong>Phone No.: +421915206025; eva@holdosova.com;<\/td>\n<\/tr>\n<\/tbody>\n<\/table>\n<table>\n<tbody>\n<tr>\n<td width=\"601\"><strong>THE PURPOSE OF PERSONAL DATA PROCESSING<\/strong><\/td>\n<\/tr>\n<tr>\n<td width=\"601\"><strong>To inform you about tax news, legislative changes related to your business (namely newsletters).<\/strong><\/td>\n<\/tr>\n<\/tbody>\n<\/table>\n<table>\n<tbody>\n<tr>\n<td width=\"601\"><strong>LEGAL BASIS FOR PERSONAL DATA PROCESSING <\/strong><\/td>\n<\/tr>\n<tr>\n<td width=\"601\">The consent of processing personal data &#8211; Art. 6(1) c) of the GDPR (Section 13(1) b) of the Act)<\/p>\n<p>&nbsp;<\/td>\n<\/tr>\n<\/tbody>\n<\/table>\n<table>\n<tbody>\n<tr>\n<td width=\"601\"><strong>CATEGORIES OF RECIPIENTS<\/strong><\/td>\n<\/tr>\n<tr>\n<td width=\"601\"><strong>Your personal data may be provided to the following categories of recipients:<\/strong><\/p>\n<p>&#8211;\u00a0 <strong>Provider of webhosting <\/strong>for the purposes of storage and \/back-up of electronic data from the<\/p>\n<p>&#8211;\u00a0 <strong>Provider of IT services\/maintenance <\/strong>(for consultation only)<\/td>\n<\/tr>\n<\/tbody>\n<\/table>\n<table>\n<tbody>\n<tr>\n<td width=\"604\"><strong>TRANSFER OF PERSONAL DATA TO THIRD COUNTRIES OR INTERNATIONAL ORGANIZATIONS<\/strong><\/td>\n<\/tr>\n<tr>\n<td width=\"604\">There is no transfer currently taking place and no transfer is envisaged in the near future.<\/td>\n<\/tr>\n<\/tbody>\n<\/table>\n<table>\n<tbody>\n<tr>\n<td width=\"601\"><strong>PERIOD FOR WHICH PERSONAL DATA WILL BE STORED<\/strong><\/td>\n<\/tr>\n<tr>\n<td width=\"601\">As long as the client is interested in receiving newsletters. If he wishes to unsubscribe, he will no longer receive newsletters and his personal data will be erased.<\/td>\n<\/tr>\n<\/tbody>\n<\/table>\n<table>\n<tbody>\n<tr>\n<td width=\"595\"><strong>INFORMATION ON THE RIGHTS OF THE DATA SUBJECT<\/strong><\/td>\n<\/tr>\n<tr>\n<td width=\"595\">In accordance with Art. 13 \u2013 21 of the GDPR (Sections 19 \u2013 27 of the Act on Personal Data Protection), you have the following rights as data subject:<\/p>\n<p>&#8211;\u00a0\u00a0\u00a0\u00a0\u00a0\u00a0\u00a0\u00a0\u00a0 <strong>the right to require <\/strong>from the controller<strong> the access to personal data <\/strong>concerning you and the <strong>confirmation as to whether or not personal data concerning you are being processed<\/strong> (Art. 15 of the GDPR), <strong>\u00a0<\/strong><\/p>\n<p>&#8211;\u00a0\u00a0\u00a0\u00a0\u00a0\u00a0\u00a0\u00a0\u00a0 <strong>the right to rectification <\/strong>of inaccurate or incomplete personal data (Art. 16 of the GDPR),<\/p>\n<p>&#8211;\u00a0\u00a0\u00a0\u00a0\u00a0\u00a0\u00a0\u00a0\u00a0 <strong>the right to erasure <\/strong>of your personal data where the purpose for which they were collected has ended or where one of the grounds included in Article 17 of the GDPR applies,<\/p>\n<p>&#8211;\u00a0\u00a0\u00a0\u00a0\u00a0\u00a0\u00a0\u00a0\u00a0 <strong>the right to restriction <\/strong>of processing of your personal data where one of the cases included in Article 18 of the GDPR applies,<\/p>\n<p>&#8211;\u00a0\u00a0\u00a0\u00a0\u00a0\u00a0\u00a0\u00a0\u00a0 <strong>the right to object <\/strong>to processing of personal data on the basis of Article 21 of the GDPR,<\/p>\n<p>&#8211;\u00a0\u00a0\u00a0\u00a0\u00a0\u00a0\u00a0\u00a0\u00a0 <strong>the right to portability <\/strong>of personal data in accordance with Article 20 of the GDPR,<\/p>\n<p>&#8211;\u00a0\u00a0\u00a0\u00a0\u00a0\u00a0\u00a0\u00a0\u00a0 <strong>the right to lodge a complaint <\/strong>with the supervisory authority, the Personal Data Protection Office of the Slovak Republic (\u00darad na ochranu osobn\u00fdch \u00fadajov SR) \u2013 the right to initiate proceedings in accordance with Section 100 of the Act.<\/p>\n<p>You can exercise your rights in writing at the controller\u2019s address or the controller\u2019s e-mail address stated in the title of this document. Should you have any questions, do not hesitate to contact us.<\/td>\n<\/tr>\n<\/tbody>\n<\/table>\n<table width=\"604\">\n<tbody>\n<tr>\n<td width=\"604\"><strong>INFORMATION ON THE RIGHT TO WITHDRAW ANYTIME YOUR CONSENT<\/strong><\/td>\n<\/tr>\n<tr>\n<td width=\"604\">You have the right to withdraw your consent to the processing of personal data regarding the news subscription at any time by sending a request to the email address bdr@bdrbb.sk The withdrawal of consent does not affect the legality of personal data processing based on the consent prior to its recall.<\/td>\n<\/tr>\n<tr>\n<td width=\"604\"><strong>The provision of your personal data is voluntary<\/strong><\/td>\n<\/tr>\n<tr>\n<td width=\"604\">The provision of your personal data is voluntary, you are not obliged to grant your consent as the data subject. In the event that you are interested in receiving our newsletter, we will need your e-mail address. If you do not provide us with your e-mail address, we will not be able to send you our newsletters, there are no other consequences. However, you will lose information on special promos, events, time-limited offers and other information which you have been used to receiving.<\/td>\n<\/tr>\n<\/tbody>\n<\/table>\n<table>\n<tbody>\n<tr>\n<td width=\"595\"><strong>AUTOMATED DECISION-MAKING, INCLUDING PROFILING<\/strong><\/td>\n<\/tr>\n<tr>\n<td width=\"595\">The controller <strong>does not use automated individual decision-making or profiling <\/strong>for the processing of personal data.<\/td>\n<\/tr>\n<\/tbody>\n<\/table>\n<p>&nbsp;<\/p>\n<p>[\/vc_column_text][\/vc_column][\/vc_row]<\/p>\n<\/div>","protected":false},"excerpt":{"rendered":"<p>[vc_row][vc_column][vc_column_text css=&#8221;&#8221;]INFORMATION ON THE PROCESSING OF YOUR PERSONAL DATA in compliance with Article 13 of the REGULATION (EU) 2016\/679 OF THE EUROPEAN PARLIAMENT AND OF THE COUNCIL (hereinafter referred to as &#8220;GDPR&#8221;) and in compliance with Section 19 of Act No. 18\/2018 Coll. on Personal Data Protection (hereinafter referred to as &#8220;the Act&#8221;) Given the&hellip;<\/p>\n","protected":false},"author":1,"featured_media":0,"parent":0,"menu_order":0,"comment_status":"closed","ping_status":"closed","template":"","meta":{"inline_featured_image":false,"footnotes":""},"class_list":["post-1752","page","type-page","status-publish","hentry","description-off"],"yoast_head":"<!-- This site is optimized with the Yoast SEO plugin v26.1.1 - https:\/\/yoast.com\/wordpress\/plugins\/seo\/ -->\n<title>INFORMATION ON THE PROCESSING OF YOUR PERSONAL DATA - Moore BDR s. r. o.<\/title>\n<meta name=\"robots\" content=\"index, follow, max-snippet:-1, max-image-preview:large, max-video-preview:-1\" \/>\n<link rel=\"canonical\" href=\"https:\/\/www.moore-bdr.sk\/informacie-o-ochrane-osobnych-udajov-odber-noviniek\/\" \/>\n<meta property=\"og:locale\" content=\"en_US\" \/>\n<meta property=\"og:type\" content=\"article\" \/>\n<meta property=\"og:title\" content=\"[:sk]Inform\u00e1cie o ochrane osobn\u00fdch \u00fadajov - Odber noviniek[:en]INFORMATION ON THE PROCESSING OF YOUR PERSONAL DATA[:de]INFORMATIONEN \u00dcBER DIE BEARBEITUNG IHRER PERS\u00d6NLICHEN DATEN[:] - Moore BDR s. r. o.\" \/>\n<meta property=\"og:description\" content=\"[vc_row][vc_column][vc_column_text css=&#8221;&#8221;]INFORMATION ON THE PROCESSING OF YOUR PERSONAL DATA in compliance with Article 13 of the REGULATION (EU) 2016\/679 OF THE EUROPEAN PARLIAMENT AND OF THE COUNCIL (hereinafter referred to as &#8220;GDPR&#8221;) and in compliance with Section 19 of Act No. 18\/2018 Coll. on Personal Data Protection (hereinafter referred to as &#8220;the Act&#8221;) Given the&hellip;\" \/>\n<meta property=\"og:url\" content=\"https:\/\/www.moore-bdr.sk\/informacie-o-ochrane-osobnych-udajov-odber-noviniek\/\" \/>\n<meta property=\"og:site_name\" content=\"Moore BDR s. r. o.\" \/>\n<meta property=\"article:modified_time\" content=\"2025-08-18T12:38:44+00:00\" \/>\n<meta name=\"twitter:card\" content=\"summary_large_image\" \/>\n<meta name=\"twitter:label1\" content=\"Est. reading time\" \/>\n\t<meta name=\"twitter:data1\" content=\"4 minutes\" \/>\n<script type=\"application\/ld+json\" class=\"yoast-schema-graph\">{\"@context\":\"https:\/\/schema.org\",\"@graph\":[{\"@type\":\"WebPage\",\"@id\":\"https:\/\/www.moore-bdr.sk\/informacie-o-ochrane-osobnych-udajov-odber-noviniek\/\",\"url\":\"https:\/\/www.moore-bdr.sk\/informacie-o-ochrane-osobnych-udajov-odber-noviniek\/\",\"name\":\"[:sk]Inform\u00e1cie o ochrane osobn\u00fdch \u00fadajov - Odber noviniek[:en]INFORMATION ON THE PROCESSING OF YOUR PERSONAL DATA[:de]INFORMATIONEN \u00dcBER DIE BEARBEITUNG IHRER PERS\u00d6NLICHEN DATEN[:] - Moore BDR s. r. o.\",\"isPartOf\":{\"@id\":\"https:\/\/www.moore-bdr.sk\/#website\"},\"datePublished\":\"2018-05-11T09:36:19+00:00\",\"dateModified\":\"2025-08-18T12:38:44+00:00\",\"breadcrumb\":{\"@id\":\"https:\/\/www.moore-bdr.sk\/informacie-o-ochrane-osobnych-udajov-odber-noviniek\/#breadcrumb\"},\"inLanguage\":\"en-US\",\"potentialAction\":[{\"@type\":\"ReadAction\",\"target\":[\"https:\/\/www.moore-bdr.sk\/informacie-o-ochrane-osobnych-udajov-odber-noviniek\/\"]}]},{\"@type\":\"BreadcrumbList\",\"@id\":\"https:\/\/www.moore-bdr.sk\/informacie-o-ochrane-osobnych-udajov-odber-noviniek\/#breadcrumb\",\"itemListElement\":[{\"@type\":\"ListItem\",\"position\":1,\"name\":\"Domovsk\u00e1 str\u00e1nka\",\"item\":\"https:\/\/www.moore-bdr.sk\/\"},{\"@type\":\"ListItem\",\"position\":2,\"name\":\"Inform\u00e1cie o ochrane osobn\u00fdch \u00fadajov &#8211; Odber noviniek\"}]},{\"@type\":\"WebSite\",\"@id\":\"https:\/\/www.moore-bdr.sk\/#website\",\"url\":\"https:\/\/www.moore-bdr.sk\/\",\"name\":\"Moore BDR s. r. o.\",\"description\":\"Na\u0161e portf\u00f3lio zah\u0155\u0148a: audit \u00fa\u010dtovn\u00edctva, da\u0148ov\u00e9 poradenstvo, f\u00fazie, akviz\u00edcie, Due diligence, Bratislava, Bansk\u00e1 Bystrica\",\"potentialAction\":[{\"@type\":\"SearchAction\",\"target\":{\"@type\":\"EntryPoint\",\"urlTemplate\":\"https:\/\/www.moore-bdr.sk\/?s={search_term_string}\"},\"query-input\":{\"@type\":\"PropertyValueSpecification\",\"valueRequired\":true,\"valueName\":\"search_term_string\"}}],\"inLanguage\":\"en-US\"}]}<\/script>\n<!-- \/ Yoast SEO plugin. -->","yoast_head_json":{"title":"[:sk]Inform\u00e1cie o ochrane osobn\u00fdch \u00fadajov - Odber noviniek[:en]INFORMATION ON THE PROCESSING OF YOUR PERSONAL DATA[:de]INFORMATIONEN \u00dcBER DIE BEARBEITUNG IHRER PERS\u00d6NLICHEN DATEN[:] - Moore BDR s. r. o.","robots":{"index":"index","follow":"follow","max-snippet":"max-snippet:-1","max-image-preview":"max-image-preview:large","max-video-preview":"max-video-preview:-1"},"canonical":"https:\/\/www.moore-bdr.sk\/informacie-o-ochrane-osobnych-udajov-odber-noviniek\/","og_locale":"en_US","og_type":"article","og_title":"[:sk]Inform\u00e1cie o ochrane osobn\u00fdch \u00fadajov - Odber noviniek[:en]INFORMATION ON THE PROCESSING OF YOUR PERSONAL DATA[:de]INFORMATIONEN \u00dcBER DIE BEARBEITUNG IHRER PERS\u00d6NLICHEN DATEN[:] - Moore BDR s. r. o.","og_description":"[vc_row][vc_column][vc_column_text css=&#8221;&#8221;]INFORMATION ON THE PROCESSING OF YOUR PERSONAL DATA in compliance with Article 13 of the REGULATION (EU) 2016\/679 OF THE EUROPEAN PARLIAMENT AND OF THE COUNCIL (hereinafter referred to as &#8220;GDPR&#8221;) and in compliance with Section 19 of Act No. 18\/2018 Coll. on Personal Data Protection (hereinafter referred to as &#8220;the Act&#8221;) Given the&hellip;","og_url":"https:\/\/www.moore-bdr.sk\/informacie-o-ochrane-osobnych-udajov-odber-noviniek\/","og_site_name":"Moore BDR s. r. o.","article_modified_time":"2025-08-18T12:38:44+00:00","twitter_card":"summary_large_image","twitter_misc":{"Est. reading time":"4 minutes"},"schema":{"@context":"https:\/\/schema.org","@graph":[{"@type":"WebPage","@id":"https:\/\/www.moore-bdr.sk\/informacie-o-ochrane-osobnych-udajov-odber-noviniek\/","url":"https:\/\/www.moore-bdr.sk\/informacie-o-ochrane-osobnych-udajov-odber-noviniek\/","name":"[:sk]Inform\u00e1cie o ochrane osobn\u00fdch \u00fadajov - Odber noviniek[:en]INFORMATION ON THE PROCESSING OF YOUR PERSONAL DATA[:de]INFORMATIONEN \u00dcBER DIE BEARBEITUNG IHRER PERS\u00d6NLICHEN DATEN[:] - Moore BDR s. r. o.","isPartOf":{"@id":"https:\/\/www.moore-bdr.sk\/#website"},"datePublished":"2018-05-11T09:36:19+00:00","dateModified":"2025-08-18T12:38:44+00:00","breadcrumb":{"@id":"https:\/\/www.moore-bdr.sk\/informacie-o-ochrane-osobnych-udajov-odber-noviniek\/#breadcrumb"},"inLanguage":"en-US","potentialAction":[{"@type":"ReadAction","target":["https:\/\/www.moore-bdr.sk\/informacie-o-ochrane-osobnych-udajov-odber-noviniek\/"]}]},{"@type":"BreadcrumbList","@id":"https:\/\/www.moore-bdr.sk\/informacie-o-ochrane-osobnych-udajov-odber-noviniek\/#breadcrumb","itemListElement":[{"@type":"ListItem","position":1,"name":"Domovsk\u00e1 str\u00e1nka","item":"https:\/\/www.moore-bdr.sk\/"},{"@type":"ListItem","position":2,"name":"Inform\u00e1cie o ochrane osobn\u00fdch \u00fadajov &#8211; Odber noviniek"}]},{"@type":"WebSite","@id":"https:\/\/www.moore-bdr.sk\/#website","url":"https:\/\/www.moore-bdr.sk\/","name":"Moore BDR s. r. o.","description":"Na\u0161e portf\u00f3lio zah\u0155\u0148a: audit \u00fa\u010dtovn\u00edctva, da\u0148ov\u00e9 poradenstvo, f\u00fazie, akviz\u00edcie, Due diligence, Bratislava, Bansk\u00e1 Bystrica","potentialAction":[{"@type":"SearchAction","target":{"@type":"EntryPoint","urlTemplate":"https:\/\/www.moore-bdr.sk\/?s={search_term_string}"},"query-input":{"@type":"PropertyValueSpecification","valueRequired":true,"valueName":"search_term_string"}}],"inLanguage":"en-US"}]}},"_links":{"self":[{"href":"https:\/\/www.moore-bdr.sk\/en\/wp-json\/wp\/v2\/pages\/1752","targetHints":{"allow":["GET"]}}],"collection":[{"href":"https:\/\/www.moore-bdr.sk\/en\/wp-json\/wp\/v2\/pages"}],"about":[{"href":"https:\/\/www.moore-bdr.sk\/en\/wp-json\/wp\/v2\/types\/page"}],"author":[{"embeddable":true,"href":"https:\/\/www.moore-bdr.sk\/en\/wp-json\/wp\/v2\/users\/1"}],"replies":[{"embeddable":true,"href":"https:\/\/www.moore-bdr.sk\/en\/wp-json\/wp\/v2\/comments?post=1752"}],"version-history":[{"count":9,"href":"https:\/\/www.moore-bdr.sk\/en\/wp-json\/wp\/v2\/pages\/1752\/revisions"}],"predecessor-version":[{"id":9103,"href":"https:\/\/www.moore-bdr.sk\/en\/wp-json\/wp\/v2\/pages\/1752\/revisions\/9103"}],"wp:attachment":[{"href":"https:\/\/www.moore-bdr.sk\/en\/wp-json\/wp\/v2\/media?parent=1752"}],"curies":[{"name":"wp","href":"https:\/\/api.w.org\/{rel}","templated":true}]}}