{"id":31,"date":"2016-11-19T20:21:53","date_gmt":"2016-11-19T18:21:53","guid":{"rendered":"https:\/\/www.moore-bdr.sk\/?page_id=31"},"modified":"2026-03-16T16:26:51","modified_gmt":"2026-03-16T14:26:51","slug":"partneri","status":"publish","type":"page","link":"https:\/\/www.moore-bdr.sk\/en\/ludia\/partneri\/","title":{"rendered":"Partners"},"content":{"rendered":"<div class=\"wpb-content-wrapper\"><p><\/p>\n<p>[vc_row][vc_column]\n\t\t\t<!-- START partnerien REVOLUTION SLIDER 6.7.36 --><p class=\"rs-p-wp-fix\"><\/p>\n\t\t\t<rs-module-wrap id=\"rev_slider_14_2_wrapper\" data-source=\"gallery\" style=\"visibility:hidden;background:transparent;padding:0;margin:0px auto;margin-top:0;margin-bottom:0;\">\n\t\t\t\t<rs-module id=\"rev_slider_14_2\" style=\"\" data-version=\"6.7.36\">\n\t\t\t\t\t<rs-slides style=\"overflow: hidden; position: absolute;\">\n\t\t\t\t\t\t<rs-slide style=\"position: absolute;\" data-key=\"rs-69\" data-title=\"Slide\" data-duration=\"5000\" data-anim=\"adpr:false;ms:50;\" data-in=\"o:1;x:-100%;\" data-out=\"a:false;\">\n\t\t\t\t\t\t\t<img decoding=\"async\" src=\"\/\/www.moore-bdr.sk\/wp-content\/plugins\/revslider\/sr6\/assets\/assets\/dummy.png\" alt=\"Slide\" width=\"1920\" height=\"1280\" class=\"rev-slidebg tp-rs-img rs-lazyload\" data-lazyload=\"\/\/www.moore-bdr.sk\/wp-content\/plugins\/revslider\/sr6\/assets\/assets\/transparent.png\" data-bg=\"c:linear-gradient(rgba(42,171,225,1) 0%, rgba(92,6,150,1) 100%);\" data-no-retina>\n<!--\n\t\t\t\t\t\t\t--><rs-layer\n\t\t\t\t\t\t\t\tid=\"slider-14-slide-69-layer-4\" \n\t\t\t\t\t\t\t\tclass=\"medium_text\"\n\t\t\t\t\t\t\t\tdata-type=\"text\"\n\t\t\t\t\t\t\t\tdata-color=\"rgba(255,255,255,1)\"\n\t\t\t\t\t\t\t\tdata-rsp_ch=\"on\"\n\t\t\t\t\t\t\t\tdata-xy=\"x:62px;y:c;\"\n\t\t\t\t\t\t\t\tdata-text=\"s:48;l:20;a:inherit;\"\n\t\t\t\t\t\t\t\tdata-dim=\"w:518px;\"\n\t\t\t\t\t\t\t\tdata-frame_1=\"st:270;sR:270;\"\n\t\t\t\t\t\t\t\tdata-frame_999=\"o:0;st:w;sR:4430;\"\n\t\t\t\t\t\t\t\tstyle=\"z-index:8;font-family:'Montserrat';position:absolute;text-shadow:0px 2px 5px rgba(0, 0, 0, 0.5)\nwhite-space:nowrap;\"\n\t\t\t\t\t\t\t>PARTNERS \n\t\t\t\t\t\t\t<\/rs-layer><!--\n\n\t\t\t\t\t\t\t--><rs-layer\n\t\t\t\t\t\t\t\tid=\"slider-14-slide-69-layer-7\" \n\t\t\t\t\t\t\t\tdata-type=\"image\"\n\t\t\t\t\t\t\t\tdata-rsp_ch=\"on\"\n\t\t\t\t\t\t\t\tdata-xy=\"x:-250px;y:c;\"\n\t\t\t\t\t\t\t\tdata-text=\"w:normal;\"\n\t\t\t\t\t\t\t\tdata-dim=\"w:139px;h:993px;\"\n\t\t\t\t\t\t\t\tdata-frame_0=\"x:-50;\"\n\t\t\t\t\t\t\t\tdata-frame_1=\"st:470;sp:1540;sR:470;\"\n\t\t\t\t\t\t\t\tdata-frame_999=\"o:0;st:w;sR:2990;\"\n\t\t\t\t\t\t\t\tstyle=\"z-index:7;\"\n\t\t\t\t\t\t\t><img decoding=\"async\" src=\"\/\/www.moore-bdr.sk\/wp-content\/plugins\/revslider\/sr6\/assets\/assets\/dummy.png\" alt=\"\" class=\"tp-rs-img rs-lazyload\" width=\"0\" height=\"0\" data-lazyload=\"\/\/www.moore-bdr.sk\/wp-content\/uploads\/2026\/01\/hero-default-left.svg\" data-no-retina> \n\t\t\t\t\t\t\t<\/rs-layer><!--\n\n\t\t\t\t\t\t\t--><rs-layer\n\t\t\t\t\t\t\t\tid=\"slider-14-slide-69-layer-9\" \n\t\t\t\t\t\t\t\tdata-type=\"image\"\n\t\t\t\t\t\t\t\tdata-rsp_ch=\"on\"\n\t\t\t\t\t\t\t\tdata-xy=\"x:r;xo:-495px;y:c;\"\n\t\t\t\t\t\t\t\tdata-text=\"w:normal;\"\n\t\t\t\t\t\t\t\tdata-dim=\"w:1615px;h:500px;\"\n\t\t\t\t\t\t\t\tdata-frame_0=\"x:50;\"\n\t\t\t\t\t\t\t\tdata-frame_1=\"st:1310;sp:1470;sR:1310;\"\n\t\t\t\t\t\t\t\tdata-frame_999=\"o:0;st:w;sR:2220;\"\n\t\t\t\t\t\t\t\tstyle=\"z-index:6;\"\n\t\t\t\t\t\t\t><img decoding=\"async\" src=\"\/\/www.moore-bdr.sk\/wp-content\/plugins\/revslider\/sr6\/assets\/assets\/dummy.png\" alt=\"\" class=\"tp-rs-img rs-lazyload\" width=\"1512\" height=\"468\" data-lazyload=\"\/\/www.moore-bdr.sk\/wp-content\/uploads\/2026\/01\/hero-default-right.svg\" data-no-retina> \n\t\t\t\t\t\t\t<\/rs-layer><!--\n-->\t\t\t\t\t<\/rs-slide>\n\t\t\t\t\t<\/rs-slides>\n\t\t\t\t\t<rs-static-layers><!--\n\t\t\t\t\t--><\/rs-static-layers>\n\t\t\t\t<\/rs-module>\n\t\t\t\t<script>\n\t\t\t\t\tsetREVStartSize({c: 'rev_slider_14_2',rl:[1240,1024,778,480],el:[450],gw:[1240],gh:[450],type:'standard',justify:'',layout:'fullwidth',mh:\"0\"});if (window.RS_MODULES!==undefined && window.RS_MODULES.modules!==undefined && window.RS_MODULES.modules[\"revslider142\"]!==undefined) {window.RS_MODULES.modules[\"revslider142\"].once = false;window.revapi14 = undefined;if (window.RS_MODULES.checkMinimal!==undefined) window.RS_MODULES.checkMinimal()}\n\t\t\t\t<\/script>\n\t\t\t<\/rs-module-wrap>\n\t\t\t<!-- END REVOLUTION SLIDER -->\n[\/vc_column][\/vc_row][vc_row][vc_column][vc_empty_space height=&#8221;20px&#8221;]<style type=\"text\/css\" data-type=\"the7_shortcodes-inline-css\">.dt-breadcrumbs-id-3d8bcd3afc1ebaf9aeff37816dff855f .breadcrumbs {\n  display: inline-block;\n  margin: 0;\n  padding: 2px 10px 2px 10px;\n  border: 0px solid ;\n  border-radius: 0px;\n}\n.dt-breadcrumbs-id-3d8bcd3afc1ebaf9aeff37816dff855f .breadcrumbs * {\n  color: #485daa;\n}\n<\/style><div class=\"dt-breadcrumbs-shortcode dt-breadcrumbs-id-3d8bcd3afc1ebaf9aeff37816dff855f align-left\"><div class=\"assistive-text\">You are here:<\/div><ol class=\"breadcrumbs text-small\" itemscope itemtype=\"https:\/\/schema.org\/BreadcrumbList\"><li itemprop=\"itemListElement\" itemscope itemtype=\"https:\/\/schema.org\/ListItem\"><a itemprop=\"item\" href=\"https:\/\/www.moore-bdr.sk\/en\/\" title=\"Home\"><span itemprop=\"name\">Home<\/span><\/a><meta itemprop=\"position\" content=\"1\" \/><\/li><li class=\"current\" itemprop=\"itemListElement\" itemscope itemtype=\"https:\/\/schema.org\/ListItem\"><span itemprop=\"name\">Page<\/span><meta itemprop=\"position\" content=\"2\" \/><\/li><\/ol><\/div>[vc_empty_space height=&#8221;20px&#8221;][vc_separator][\/vc_column][\/vc_row][vc_row][vc_column width=&#8221;2\/3&#8243;][vc_row_inner css=&#8221;.vc_custom_1480079869080{border-top-width: 1px !important;border-right-width: 1px !important;border-bottom-width: 1px !important;border-left-width: 1px !important;background-color: #f7f7f7 !important;border-left-color: #f7f7f7 !important;border-left-style: double !important;border-right-color: #f7f7f7 !important;border-right-style: double !important;border-top-color: #f7f7f7 !important;border-top-style: double !important;border-bottom-color: #f7f7f7 !important;border-bottom-style: double !important;border-radius: 3px !important;}&#8221;][vc_column_inner width=&#8221;1\/3&#8243;][vc_single_image image=&#8221;7305&#8243; img_size=&#8221;full&#8221; image_hovers=&#8221;false&#8221;][\/vc_column_inner][vc_column_inner width=&#8221;2\/3&#8243;]<div class=\"dt-fancy-separator title-left h2-size style-disabled\" style=\"width: 100%;\"><div class=\"dt-fancy-title\" style=\"color: #000000;\"><span class=\"separator-holder separator-left\"><\/span>\u013dudmila Sv\u00e4toj\u00e1nska Ki\u0148ov\u00e1, MBA<span class=\"separator-holder separator-right\"><\/span><\/div><\/div><div class=\"ult-spacer spacer-69eceaefd0776\" data-id=\"69eceaefd0776\" data-height=\"10\" data-height-mobile=\"10\" data-height-tab=\"10\" data-height-tab-portrait=\"\" data-height-mobile-landscape=\"\" style=\"clear:both;display:block;\"><\/div>[vc_column_text css=&#8221;.vc_custom_1698397601470{margin-bottom: 10px !important;border-bottom-width: 0px !important;padding-bottom: 0px !important;}&#8221;]<span id=\"result_box\" lang=\"en\">Partners<\/span>, auditor and tax advisor of Moore BDR Ltd.<\/p>\n<p><span lang=\"EN-US\">\u013dudmila belongs to the second generation of partners in BDR and she became a partner of the company in 2010.\u00a0 <\/span>She is the holder of auditing license since 2005 and also tax advisor license since 2003.\u00a0 She has extensive knowledge of Slovak and international accounting standards (she is also holder of \u201cIFRS expert\u201d ACCA license).\u00a0 Moreover, she is the head of the IAS.[\/vc_column_text]<div class=\" vc_custom_1480080342464  uavc-icons \">\n<a class=\"aio-tooltip 69eceaefd07f7\" href=\"mailto:ludmila.kinova@bdrbb.sk\"  data-toggle=\"tooltip\" data-placement=\"\" title=\"\"><div class=\"aio-icon circle \" data-animation=\"fadeIn\" data-animation-delay=\"03\" style=\"color:#ffffff;background:#00a0e3;font-size:16px;margin-right:5px;\">\n\t<i class=\"Defaults-envelope-o\"><\/i>\n<\/div><\/a><\/div>[\/vc_column_inner][\/vc_row_inner][vc_row_inner css=&#8221;.vc_custom_1480080627471{margin-top: 10px !important;border-top-width: 1px !important;border-right-width: 1px !important;border-bottom-width: 1px !important;border-left-width: 1px !important;background-color: #f7f7f7 !important;border-left-color: #f7f7f7 !important;border-left-style: double !important;border-right-color: #f7f7f7 !important;border-right-style: double !important;border-top-color: #f7f7f7 !important;border-top-style: double !important;border-bottom-color: #f7f7f7 !important;border-bottom-style: double !important;border-radius: 3px !important;}&#8221;][vc_column_inner width=&#8221;1\/3&#8243;][vc_single_image image=&#8221;7306&#8243; img_size=&#8221;full&#8221; image_hovers=&#8221;false&#8221;][\/vc_column_inner][vc_column_inner width=&#8221;2\/3&#8243;]<div class=\"dt-fancy-separator title-left h2-size style-disabled\" style=\"width: 100%;\"><div class=\"dt-fancy-title\" style=\"color: #000000;\"><span class=\"separator-holder separator-left\"><\/span>Martin Ki\u0148o<span class=\"separator-holder separator-right\"><\/span><\/div><\/div><div class=\"ult-spacer spacer-69eceaefd0856\" data-id=\"69eceaefd0856\" data-height=\"10\" data-height-mobile=\"10\" data-height-tab=\"10\" data-height-tab-portrait=\"\" data-height-mobile-landscape=\"\" style=\"clear:both;display:block;\"><\/div>[vc_column_text css=&#8221;.vc_custom_1698397580743{margin-bottom: 10px !important;border-bottom-width: 0px !important;padding-bottom: 0px !important;}&#8221;]<span id=\"result_box\" lang=\"en\">Partner<\/span> Moore BDR Ltd.<span id=\"result_box\" lang=\"en\"><\/span><\/p>\n<p>Martin belongs to the second generation of BDR partners. He became a partner of the company in 2010. He is responsible for international clients within the company. He became a tax adviser in 2005 and has worked as an assistant auditor since 2010. He is also a member of Association of Chartered Certified Accountants (&#8220;ACCA&#8221;). Martin is a graduate of the University of Economics in Vienna and studied in the United States as well.[\/vc_column_text]<div class=\" vc_custom_1480080342464  uavc-icons \">\n<a class=\"aio-tooltip 69eceaefd08cf\" href=\"mailto:martin.kino@bdrbb.sk\"  data-toggle=\"tooltip\" data-placement=\"\" title=\"\"><div class=\"aio-icon circle \" data-animation=\"fadeIn\" data-animation-delay=\"03\" style=\"color:#ffffff;background:#00a0e3;font-size:16px;margin-right:5px;\">\n\t<i class=\"Defaults-envelope-o\"><\/i>\n<\/div><\/a>\n<a class=\"aio-tooltip 69eceaefd08f6\" href=\"https:\/\/www.linkedin.com\/in\/martin-kino-33297627?authType=NAME_SEARCH&authToken=41Ix&locale=en_US&trk=tyah&trkInfo=clickedVertical%3Amynetwork%2CclickedEntityId%3A94960982%2CauthType%3ANAME_SEARCH%2Cidx%3A1-2-2%2CtarId%3A1445345820125%2Ctas%3Amartin\" target=\"_blank\" rel=\"noopener\"  data-toggle=\"tooltip\" data-placement=\"\" title=\"\"><div class=\"aio-icon circle \" data-animation=\"fadeIn\" data-animation-delay=\"03\" style=\"color:#ffffff;background:#00a0e3;font-size:16px;margin-right:5px;\">\n\t<i class=\"Defaults-linkedin\"><\/i>\n<\/div><\/a><\/div>[\/vc_column_inner][\/vc_row_inner][\/vc_column][vc_column width=&#8221;1\/3&#8243;][vc_widget_sidebar show_bg=&#8221;false&#8221; sidebar_id=&#8221;sidebar_3&#8243; el_class=&#8221;bocnalista&#8221;][\/vc_column][\/vc_row]<\/p>\n<p><\/p>\n<\/div>","protected":false},"excerpt":{"rendered":"<p>[vc_row][vc_column][\/vc_column][\/vc_row][vc_row][vc_column][vc_empty_space height=&#8221;20px&#8221;][vc_empty_space height=&#8221;20px&#8221;][vc_separator][\/vc_column][\/vc_row][vc_row][vc_column width=&#8221;2\/3&#8243;][vc_row_inner css=&#8221;.vc_custom_1480079869080{border-top-width: 1px !important;border-right-width: 1px !important;border-bottom-width: 1px !important;border-left-width: 1px !important;background-color: #f7f7f7 !important;border-left-color: #f7f7f7 !important;border-left-style: double !important;border-right-color: #f7f7f7 !important;border-right-style: double !important;border-top-color: #f7f7f7 !important;border-top-style: double !important;border-bottom-color: #f7f7f7 !important;border-bottom-style: double !important;border-radius: 3px !important;}&#8221;][vc_column_inner width=&#8221;1\/3&#8243;][vc_single_image image=&#8221;7305&#8243; img_size=&#8221;full&#8221; image_hovers=&#8221;false&#8221;][\/vc_column_inner][vc_column_inner width=&#8221;2\/3&#8243;][vc_column_text css=&#8221;.vc_custom_1698397601470{margin-bottom: 10px !important;border-bottom-width: 0px !important;padding-bottom: 0px !important;}&#8221;]Partners, auditor and tax advisor of Moore BDR Ltd. \u013dudmila belongs&hellip;<\/p>\n","protected":false},"author":1,"featured_media":0,"parent":15,"menu_order":0,"comment_status":"closed","ping_status":"closed","template":"","meta":{"inline_featured_image":false,"footnotes":""},"class_list":["post-31","page","type-page","status-publish","hentry","description-off"],"yoast_head":"<!-- This site is optimized with the Yoast SEO plugin v26.1.1 - https:\/\/yoast.com\/wordpress\/plugins\/seo\/ -->\n<title>Partners - Moore BDR s. r. o.<\/title>\n<meta name=\"robots\" content=\"index, follow, max-snippet:-1, max-image-preview:large, max-video-preview:-1\" \/>\n<link rel=\"canonical\" href=\"https:\/\/www.moore-bdr.sk\/ludia\/partneri\/\" \/>\n<meta property=\"og:locale\" content=\"en_US\" \/>\n<meta property=\"og:type\" content=\"article\" \/>\n<meta property=\"og:title\" content=\"[:sk]Partneri[:en]Partners[:de]Partner[:] - Moore BDR s. r. o.\" \/>\n<meta property=\"og:description\" content=\"[vc_row][vc_column][\/vc_column][\/vc_row][vc_row][vc_column][vc_empty_space height=&#8221;20px&#8221;][vc_empty_space height=&#8221;20px&#8221;][vc_separator][\/vc_column][\/vc_row][vc_row][vc_column width=&#8221;2\/3&#8243;][vc_row_inner css=&#8221;.vc_custom_1480079869080{border-top-width: 1px !important;border-right-width: 1px !important;border-bottom-width: 1px !important;border-left-width: 1px !important;background-color: #f7f7f7 !important;border-left-color: #f7f7f7 !important;border-left-style: double !important;border-right-color: #f7f7f7 !important;border-right-style: double !important;border-top-color: #f7f7f7 !important;border-top-style: double !important;border-bottom-color: #f7f7f7 !important;border-bottom-style: double !important;border-radius: 3px !important;}&#8221;][vc_column_inner width=&#8221;1\/3&#8243;][vc_single_image image=&#8221;7305&#8243; img_size=&#8221;full&#8221; image_hovers=&#8221;false&#8221;][\/vc_column_inner][vc_column_inner width=&#8221;2\/3&#8243;][vc_column_text css=&#8221;.vc_custom_1698397601470{margin-bottom: 10px !important;border-bottom-width: 0px !important;padding-bottom: 0px !important;}&#8221;]Partners, auditor and tax advisor of Moore BDR Ltd. \u013dudmila belongs&hellip;\" \/>\n<meta property=\"og:url\" content=\"https:\/\/www.moore-bdr.sk\/ludia\/partneri\/\" \/>\n<meta property=\"og:site_name\" content=\"Moore BDR s. r. o.\" \/>\n<meta property=\"article:modified_time\" content=\"2026-03-16T14:26:51+00:00\" \/>\n<meta name=\"twitter:card\" content=\"summary_large_image\" \/>\n<meta name=\"twitter:label1\" content=\"Est. reading time\" \/>\n\t<meta name=\"twitter:data1\" content=\"6 minutes\" \/>\n<script type=\"application\/ld+json\" class=\"yoast-schema-graph\">{\"@context\":\"https:\/\/schema.org\",\"@graph\":[{\"@type\":\"WebPage\",\"@id\":\"https:\/\/www.moore-bdr.sk\/ludia\/partneri\/\",\"url\":\"https:\/\/www.moore-bdr.sk\/ludia\/partneri\/\",\"name\":\"[:sk]Partneri[:en]Partners[:de]Partner[:] - Moore BDR s. r. o.\",\"isPartOf\":{\"@id\":\"https:\/\/www.moore-bdr.sk\/#website\"},\"datePublished\":\"2016-11-19T18:21:53+00:00\",\"dateModified\":\"2026-03-16T14:26:51+00:00\",\"breadcrumb\":{\"@id\":\"https:\/\/www.moore-bdr.sk\/ludia\/partneri\/#breadcrumb\"},\"inLanguage\":\"en-US\",\"potentialAction\":[{\"@type\":\"ReadAction\",\"target\":[\"https:\/\/www.moore-bdr.sk\/ludia\/partneri\/\"]}]},{\"@type\":\"BreadcrumbList\",\"@id\":\"https:\/\/www.moore-bdr.sk\/ludia\/partneri\/#breadcrumb\",\"itemListElement\":[{\"@type\":\"ListItem\",\"position\":1,\"name\":\"Domovsk\u00e1 str\u00e1nka\",\"item\":\"https:\/\/www.moore-bdr.sk\/\"},{\"@type\":\"ListItem\",\"position\":2,\"name\":\"\u013dudia\",\"item\":\"https:\/\/www.moore-bdr.sk\/ludia\/\"},{\"@type\":\"ListItem\",\"position\":3,\"name\":\"Partneri\"}]},{\"@type\":\"WebSite\",\"@id\":\"https:\/\/www.moore-bdr.sk\/#website\",\"url\":\"https:\/\/www.moore-bdr.sk\/\",\"name\":\"Moore BDR s. r. o.\",\"description\":\"Na\u0161e portf\u00f3lio zah\u0155\u0148a: audit \u00fa\u010dtovn\u00edctva, da\u0148ov\u00e9 poradenstvo, f\u00fazie, akviz\u00edcie, Due diligence, Bratislava, Bansk\u00e1 Bystrica\",\"potentialAction\":[{\"@type\":\"SearchAction\",\"target\":{\"@type\":\"EntryPoint\",\"urlTemplate\":\"https:\/\/www.moore-bdr.sk\/?s={search_term_string}\"},\"query-input\":{\"@type\":\"PropertyValueSpecification\",\"valueRequired\":true,\"valueName\":\"search_term_string\"}}],\"inLanguage\":\"en-US\"}]}<\/script>\n<!-- \/ Yoast SEO plugin. -->","yoast_head_json":{"title":"[:sk]Partneri[:en]Partners[:de]Partner[:] - Moore BDR s. r. o.","robots":{"index":"index","follow":"follow","max-snippet":"max-snippet:-1","max-image-preview":"max-image-preview:large","max-video-preview":"max-video-preview:-1"},"canonical":"https:\/\/www.moore-bdr.sk\/ludia\/partneri\/","og_locale":"en_US","og_type":"article","og_title":"[:sk]Partneri[:en]Partners[:de]Partner[:] - Moore BDR s. r. o.","og_description":"[vc_row][vc_column][\/vc_column][\/vc_row][vc_row][vc_column][vc_empty_space height=&#8221;20px&#8221;][vc_empty_space height=&#8221;20px&#8221;][vc_separator][\/vc_column][\/vc_row][vc_row][vc_column width=&#8221;2\/3&#8243;][vc_row_inner css=&#8221;.vc_custom_1480079869080{border-top-width: 1px !important;border-right-width: 1px !important;border-bottom-width: 1px !important;border-left-width: 1px !important;background-color: #f7f7f7 !important;border-left-color: #f7f7f7 !important;border-left-style: double !important;border-right-color: #f7f7f7 !important;border-right-style: double !important;border-top-color: #f7f7f7 !important;border-top-style: double !important;border-bottom-color: #f7f7f7 !important;border-bottom-style: double !important;border-radius: 3px !important;}&#8221;][vc_column_inner width=&#8221;1\/3&#8243;][vc_single_image image=&#8221;7305&#8243; img_size=&#8221;full&#8221; image_hovers=&#8221;false&#8221;][\/vc_column_inner][vc_column_inner width=&#8221;2\/3&#8243;][vc_column_text css=&#8221;.vc_custom_1698397601470{margin-bottom: 10px !important;border-bottom-width: 0px !important;padding-bottom: 0px !important;}&#8221;]Partners, auditor and tax advisor of Moore BDR Ltd. \u013dudmila belongs&hellip;","og_url":"https:\/\/www.moore-bdr.sk\/ludia\/partneri\/","og_site_name":"Moore BDR s. r. o.","article_modified_time":"2026-03-16T14:26:51+00:00","twitter_card":"summary_large_image","twitter_misc":{"Est. reading time":"6 minutes"},"schema":{"@context":"https:\/\/schema.org","@graph":[{"@type":"WebPage","@id":"https:\/\/www.moore-bdr.sk\/ludia\/partneri\/","url":"https:\/\/www.moore-bdr.sk\/ludia\/partneri\/","name":"[:sk]Partneri[:en]Partners[:de]Partner[:] - Moore BDR s. r. o.","isPartOf":{"@id":"https:\/\/www.moore-bdr.sk\/#website"},"datePublished":"2016-11-19T18:21:53+00:00","dateModified":"2026-03-16T14:26:51+00:00","breadcrumb":{"@id":"https:\/\/www.moore-bdr.sk\/ludia\/partneri\/#breadcrumb"},"inLanguage":"en-US","potentialAction":[{"@type":"ReadAction","target":["https:\/\/www.moore-bdr.sk\/ludia\/partneri\/"]}]},{"@type":"BreadcrumbList","@id":"https:\/\/www.moore-bdr.sk\/ludia\/partneri\/#breadcrumb","itemListElement":[{"@type":"ListItem","position":1,"name":"Domovsk\u00e1 str\u00e1nka","item":"https:\/\/www.moore-bdr.sk\/"},{"@type":"ListItem","position":2,"name":"\u013dudia","item":"https:\/\/www.moore-bdr.sk\/ludia\/"},{"@type":"ListItem","position":3,"name":"Partneri"}]},{"@type":"WebSite","@id":"https:\/\/www.moore-bdr.sk\/#website","url":"https:\/\/www.moore-bdr.sk\/","name":"Moore BDR s. r. o.","description":"Na\u0161e portf\u00f3lio zah\u0155\u0148a: audit \u00fa\u010dtovn\u00edctva, da\u0148ov\u00e9 poradenstvo, f\u00fazie, akviz\u00edcie, Due diligence, Bratislava, Bansk\u00e1 Bystrica","potentialAction":[{"@type":"SearchAction","target":{"@type":"EntryPoint","urlTemplate":"https:\/\/www.moore-bdr.sk\/?s={search_term_string}"},"query-input":{"@type":"PropertyValueSpecification","valueRequired":true,"valueName":"search_term_string"}}],"inLanguage":"en-US"}]}},"_links":{"self":[{"href":"https:\/\/www.moore-bdr.sk\/en\/wp-json\/wp\/v2\/pages\/31","targetHints":{"allow":["GET"]}}],"collection":[{"href":"https:\/\/www.moore-bdr.sk\/en\/wp-json\/wp\/v2\/pages"}],"about":[{"href":"https:\/\/www.moore-bdr.sk\/en\/wp-json\/wp\/v2\/types\/page"}],"author":[{"embeddable":true,"href":"https:\/\/www.moore-bdr.sk\/en\/wp-json\/wp\/v2\/users\/1"}],"replies":[{"embeddable":true,"href":"https:\/\/www.moore-bdr.sk\/en\/wp-json\/wp\/v2\/comments?post=31"}],"version-history":[{"count":44,"href":"https:\/\/www.moore-bdr.sk\/en\/wp-json\/wp\/v2\/pages\/31\/revisions"}],"predecessor-version":[{"id":9668,"href":"https:\/\/www.moore-bdr.sk\/en\/wp-json\/wp\/v2\/pages\/31\/revisions\/9668"}],"up":[{"embeddable":true,"href":"https:\/\/www.moore-bdr.sk\/en\/wp-json\/wp\/v2\/pages\/15"}],"wp:attachment":[{"href":"https:\/\/www.moore-bdr.sk\/en\/wp-json\/wp\/v2\/media?parent=31"}],"curies":[{"name":"wp","href":"https:\/\/api.w.org\/{rel}","templated":true}]}}