{"id":3971,"date":"2020-11-18T11:34:44","date_gmt":"2020-11-18T09:34:44","guid":{"rendered":"https:\/\/www.moore-bdr.sk\/?page_id=3971"},"modified":"2022-02-17T14:28:52","modified_gmt":"2022-02-17T12:28:52","slug":"moore-bdr-v-mediach","status":"publish","type":"page","link":"https:\/\/www.moore-bdr.sk\/en\/moore-bdr-v-mediach\/","title":{"rendered":"(Sloven\u010dina) MOORE BDR v m\u00e9di\u00e1ch"},"content":{"rendered":"<p class=\"qtranxs-available-languages-message qtranxs-available-languages-message-en\">Sorry, this entry is only available in <a href=\"https:\/\/www.moore-bdr.sk\/sk\/wp-json\/wp\/v2\/pages\/3971\" class=\"qtranxs-available-language-link qtranxs-available-language-link-sk\" title=\"Sloven\u010dina\">Sloven\u010dina<\/a>.<\/p>","protected":false},"excerpt":{"rendered":"<p>Sorry, this entry is only available in Sloven\u010dina.<\/p>\n","protected":false},"author":1,"featured_media":6075,"parent":0,"menu_order":0,"comment_status":"closed","ping_status":"closed","template":"","meta":{"inline_featured_image":false,"footnotes":""},"class_list":["post-3971","page","type-page","status-publish","has-post-thumbnail","hentry","description-off"],"yoast_head":"<!-- This site is optimized with the Yoast SEO plugin v26.1.1 - https:\/\/yoast.com\/wordpress\/plugins\/seo\/ -->\n<title>Aktu\u00e1lne da\u0148ov\u00e9 trendy pre holdingov\u00e9 \u0161trukt\u00fary - Moore BDR s. r. o.<\/title>\n<meta name=\"description\" content=\"Globaliz\u00e1cia vytvorila paraleln\u00fd svet, v ktorom niektor\u00e9 firmy h\u013eadaj\u00fa sp\u00f4sob ako optimalizova\u0165 dane napr\u00edklad presunom svojich s\u00eddiel do zahrani\u010dia. S cie\u013eom eliminova\u0165 tento jav vzniklo viacero iniciat\u00edv \u2013 Ak\u010dn\u00fd pl\u00e1n proti zni\u017eovaniu z\u00e1kladu dane a presunu ziskov (skr\u00e1tene BEPS) a na\u0148 nadv\u00e4zuj\u00face smernice Eur\u00f3pskej \u00fanie (E\u00da) ATAD a ATAD II. Zameriavaj\u00fa sa najm\u00e4 na spolo\u010dnosti, ktor\u00e9 vyu\u017e\u00edvaj\u00fa agres\u00edvne da\u0148ov\u00e9 \u0161trukt\u00fary, ale pravidl\u00e1, ktor\u00e9 zav\u00e1dzaj\u00fa, ovplyv\u0148uj\u00fa aj poctiv\u00e9 holdingov\u00e9 \u0161trukt\u00fary. Pre\u010d\u00edtajte si viac o aktu\u00e1lnych da\u0148ov\u00fdch trendoch pre holdingov\u00e9 \u0161trukt\u00fary v \u010dl\u00e1nku od n\u00e1\u0161ho partnera Martina Ki\u0148a v t\u00fd\u017edenn\u00edku Trend.\" \/>\n<meta name=\"robots\" content=\"index, follow, max-snippet:-1, max-image-preview:large, max-video-preview:-1\" \/>\n<link rel=\"canonical\" href=\"https:\/\/www.moore-bdr.sk\/moore-bdr-v-mediach\/\" \/>\n<meta property=\"og:locale\" content=\"en_US\" \/>\n<meta property=\"og:type\" content=\"article\" \/>\n<meta property=\"og:title\" content=\"Aktu\u00e1lne da\u0148ov\u00e9 trendy pre holdingov\u00e9 \u0161trukt\u00fary - Moore BDR s. r. o.\" \/>\n<meta property=\"og:description\" content=\"Globaliz\u00e1cia vytvorila paraleln\u00fd svet, v ktorom niektor\u00e9 firmy h\u013eadaj\u00fa sp\u00f4sob ako optimalizova\u0165 dane napr\u00edklad presunom svojich s\u00eddiel do zahrani\u010dia. S cie\u013eom eliminova\u0165 tento jav vzniklo viacero iniciat\u00edv \u2013 Ak\u010dn\u00fd pl\u00e1n proti zni\u017eovaniu z\u00e1kladu dane a presunu ziskov (skr\u00e1tene BEPS) a na\u0148 nadv\u00e4zuj\u00face smernice Eur\u00f3pskej \u00fanie (E\u00da) ATAD a ATAD II. Zameriavaj\u00fa sa najm\u00e4 na spolo\u010dnosti, ktor\u00e9 vyu\u017e\u00edvaj\u00fa agres\u00edvne da\u0148ov\u00e9 \u0161trukt\u00fary, ale pravidl\u00e1, ktor\u00e9 zav\u00e1dzaj\u00fa, ovplyv\u0148uj\u00fa aj poctiv\u00e9 holdingov\u00e9 \u0161trukt\u00fary. Pre\u010d\u00edtajte si viac o aktu\u00e1lnych da\u0148ov\u00fdch trendoch pre holdingov\u00e9 \u0161trukt\u00fary v \u010dl\u00e1nku od n\u00e1\u0161ho partnera Martina Ki\u0148a v t\u00fd\u017edenn\u00edku Trend.\" \/>\n<meta property=\"og:url\" content=\"https:\/\/www.moore-bdr.sk\/moore-bdr-v-mediach\/\" \/>\n<meta property=\"og:site_name\" content=\"Moore BDR s. r. o.\" \/>\n<meta property=\"article:modified_time\" content=\"2022-02-17T12:28:52+00:00\" \/>\n<meta property=\"og:image\" content=\"https:\/\/www.moore-bdr.sk\/wp-content\/uploads\/2022\/02\/trend.jpg\" \/>\n\t<meta property=\"og:image:width\" content=\"664\" \/>\n\t<meta property=\"og:image:height\" content=\"463\" \/>\n\t<meta property=\"og:image:type\" content=\"image\/jpeg\" \/>\n<meta name=\"twitter:card\" content=\"summary_large_image\" \/>\n<meta name=\"twitter:title\" content=\"Aktu\u00e1lne da\u0148ov\u00e9 trendy pre holdingov\u00e9 \u0161trukt\u00fary - Moore BDR s. r. o.\" \/>\n<meta name=\"twitter:description\" content=\"Globaliz\u00e1cia vytvorila paraleln\u00fd svet, v ktorom niektor\u00e9 firmy h\u013eadaj\u00fa sp\u00f4sob ako optimalizova\u0165 dane napr\u00edklad presunom svojich s\u00eddiel do zahrani\u010dia. S cie\u013eom eliminova\u0165 tento jav vzniklo viacero iniciat\u00edv \u2013 Ak\u010dn\u00fd pl\u00e1n proti zni\u017eovaniu z\u00e1kladu dane a presunu ziskov (skr\u00e1tene BEPS) a na\u0148 nadv\u00e4zuj\u00face smernice Eur\u00f3pskej \u00fanie (E\u00da) ATAD a ATAD II. Zameriavaj\u00fa sa najm\u00e4 na spolo\u010dnosti, ktor\u00e9 vyu\u017e\u00edvaj\u00fa agres\u00edvne da\u0148ov\u00e9 \u0161trukt\u00fary, ale pravidl\u00e1, ktor\u00e9 zav\u00e1dzaj\u00fa, ovplyv\u0148uj\u00fa aj poctiv\u00e9 holdingov\u00e9 \u0161trukt\u00fary. Pre\u010d\u00edtajte si viac o aktu\u00e1lnych da\u0148ov\u00fdch trendoch pre holdingov\u00e9 \u0161trukt\u00fary v \u010dl\u00e1nku od n\u00e1\u0161ho partnera Martina Ki\u0148a v t\u00fd\u017edenn\u00edku Trend.\" \/>\n<meta name=\"twitter:label1\" content=\"Est. reading time\" \/>\n\t<meta name=\"twitter:data1\" content=\"3 minutes\" \/>\n<script type=\"application\/ld+json\" class=\"yoast-schema-graph\">{\"@context\":\"https:\/\/schema.org\",\"@graph\":[{\"@type\":\"WebPage\",\"@id\":\"https:\/\/www.moore-bdr.sk\/moore-bdr-v-mediach\/\",\"url\":\"https:\/\/www.moore-bdr.sk\/moore-bdr-v-mediach\/\",\"name\":\"Aktu\u00e1lne da\u0148ov\u00e9 trendy pre holdingov\u00e9 \u0161trukt\u00fary - Moore BDR s. r. o.\",\"isPartOf\":{\"@id\":\"https:\/\/www.moore-bdr.sk\/#website\"},\"primaryImageOfPage\":{\"@id\":\"https:\/\/www.moore-bdr.sk\/moore-bdr-v-mediach\/#primaryimage\"},\"image\":{\"@id\":\"https:\/\/www.moore-bdr.sk\/moore-bdr-v-mediach\/#primaryimage\"},\"thumbnailUrl\":\"https:\/\/www.moore-bdr.sk\/wp-content\/uploads\/2022\/02\/trend.jpg\",\"datePublished\":\"2020-11-18T09:34:44+00:00\",\"dateModified\":\"2022-02-17T12:28:52+00:00\",\"description\":\"Globaliz\u00e1cia vytvorila paraleln\u00fd svet, v ktorom niektor\u00e9 firmy h\u013eadaj\u00fa sp\u00f4sob ako optimalizova\u0165 dane napr\u00edklad presunom svojich s\u00eddiel do zahrani\u010dia. S cie\u013eom eliminova\u0165 tento jav vzniklo viacero iniciat\u00edv \u2013 Ak\u010dn\u00fd pl\u00e1n proti zni\u017eovaniu z\u00e1kladu dane a presunu ziskov (skr\u00e1tene BEPS) a na\u0148 nadv\u00e4zuj\u00face smernice Eur\u00f3pskej \u00fanie (E\u00da) ATAD a ATAD II. Zameriavaj\u00fa sa najm\u00e4 na spolo\u010dnosti, ktor\u00e9 vyu\u017e\u00edvaj\u00fa agres\u00edvne da\u0148ov\u00e9 \u0161trukt\u00fary, ale pravidl\u00e1, ktor\u00e9 zav\u00e1dzaj\u00fa, ovplyv\u0148uj\u00fa aj poctiv\u00e9 holdingov\u00e9 \u0161trukt\u00fary. Pre\u010d\u00edtajte si viac o aktu\u00e1lnych da\u0148ov\u00fdch trendoch pre holdingov\u00e9 \u0161trukt\u00fary v \u010dl\u00e1nku od n\u00e1\u0161ho partnera Martina Ki\u0148a v t\u00fd\u017edenn\u00edku Trend.\",\"breadcrumb\":{\"@id\":\"https:\/\/www.moore-bdr.sk\/moore-bdr-v-mediach\/#breadcrumb\"},\"inLanguage\":\"en-US\",\"potentialAction\":[{\"@type\":\"ReadAction\",\"target\":[\"https:\/\/www.moore-bdr.sk\/moore-bdr-v-mediach\/\"]}]},{\"@type\":\"ImageObject\",\"inLanguage\":\"en-US\",\"@id\":\"https:\/\/www.moore-bdr.sk\/moore-bdr-v-mediach\/#primaryimage\",\"url\":\"https:\/\/www.moore-bdr.sk\/wp-content\/uploads\/2022\/02\/trend.jpg\",\"contentUrl\":\"https:\/\/www.moore-bdr.sk\/wp-content\/uploads\/2022\/02\/trend.jpg\",\"width\":664,\"height\":463},{\"@type\":\"BreadcrumbList\",\"@id\":\"https:\/\/www.moore-bdr.sk\/moore-bdr-v-mediach\/#breadcrumb\",\"itemListElement\":[{\"@type\":\"ListItem\",\"position\":1,\"name\":\"Domovsk\u00e1 str\u00e1nka\",\"item\":\"https:\/\/www.moore-bdr.sk\/\"},{\"@type\":\"ListItem\",\"position\":2,\"name\":\"MOORE BDR v m\u00e9di\u00e1ch\"}]},{\"@type\":\"WebSite\",\"@id\":\"https:\/\/www.moore-bdr.sk\/#website\",\"url\":\"https:\/\/www.moore-bdr.sk\/\",\"name\":\"Moore BDR s. r. o.\",\"description\":\"Na\u0161e portf\u00f3lio zah\u0155\u0148a: audit \u00fa\u010dtovn\u00edctva, da\u0148ov\u00e9 poradenstvo, f\u00fazie, akviz\u00edcie, Due diligence, Bratislava, Bansk\u00e1 Bystrica\",\"potentialAction\":[{\"@type\":\"SearchAction\",\"target\":{\"@type\":\"EntryPoint\",\"urlTemplate\":\"https:\/\/www.moore-bdr.sk\/?s={search_term_string}\"},\"query-input\":{\"@type\":\"PropertyValueSpecification\",\"valueRequired\":true,\"valueName\":\"search_term_string\"}}],\"inLanguage\":\"en-US\"}]}<\/script>\n<!-- \/ Yoast SEO plugin. -->","yoast_head_json":{"title":"Aktu\u00e1lne da\u0148ov\u00e9 trendy pre holdingov\u00e9 \u0161trukt\u00fary - Moore BDR s. r. o.","description":"Globaliz\u00e1cia vytvorila paraleln\u00fd svet, v ktorom niektor\u00e9 firmy h\u013eadaj\u00fa sp\u00f4sob ako optimalizova\u0165 dane napr\u00edklad presunom svojich s\u00eddiel do zahrani\u010dia. S cie\u013eom eliminova\u0165 tento jav vzniklo viacero iniciat\u00edv \u2013 Ak\u010dn\u00fd pl\u00e1n proti zni\u017eovaniu z\u00e1kladu dane a presunu ziskov (skr\u00e1tene BEPS) a na\u0148 nadv\u00e4zuj\u00face smernice Eur\u00f3pskej \u00fanie (E\u00da) ATAD a ATAD II. Zameriavaj\u00fa sa najm\u00e4 na spolo\u010dnosti, ktor\u00e9 vyu\u017e\u00edvaj\u00fa agres\u00edvne da\u0148ov\u00e9 \u0161trukt\u00fary, ale pravidl\u00e1, ktor\u00e9 zav\u00e1dzaj\u00fa, ovplyv\u0148uj\u00fa aj poctiv\u00e9 holdingov\u00e9 \u0161trukt\u00fary. Pre\u010d\u00edtajte si viac o aktu\u00e1lnych da\u0148ov\u00fdch trendoch pre holdingov\u00e9 \u0161trukt\u00fary v \u010dl\u00e1nku od n\u00e1\u0161ho partnera Martina Ki\u0148a v t\u00fd\u017edenn\u00edku Trend.","robots":{"index":"index","follow":"follow","max-snippet":"max-snippet:-1","max-image-preview":"max-image-preview:large","max-video-preview":"max-video-preview:-1"},"canonical":"https:\/\/www.moore-bdr.sk\/moore-bdr-v-mediach\/","og_locale":"en_US","og_type":"article","og_title":"Aktu\u00e1lne da\u0148ov\u00e9 trendy pre holdingov\u00e9 \u0161trukt\u00fary - Moore BDR s. r. o.","og_description":"Globaliz\u00e1cia vytvorila paraleln\u00fd svet, v ktorom niektor\u00e9 firmy h\u013eadaj\u00fa sp\u00f4sob ako optimalizova\u0165 dane napr\u00edklad presunom svojich s\u00eddiel do zahrani\u010dia. S cie\u013eom eliminova\u0165 tento jav vzniklo viacero iniciat\u00edv \u2013 Ak\u010dn\u00fd pl\u00e1n proti zni\u017eovaniu z\u00e1kladu dane a presunu ziskov (skr\u00e1tene BEPS) a na\u0148 nadv\u00e4zuj\u00face smernice Eur\u00f3pskej \u00fanie (E\u00da) ATAD a ATAD II. Zameriavaj\u00fa sa najm\u00e4 na spolo\u010dnosti, ktor\u00e9 vyu\u017e\u00edvaj\u00fa agres\u00edvne da\u0148ov\u00e9 \u0161trukt\u00fary, ale pravidl\u00e1, ktor\u00e9 zav\u00e1dzaj\u00fa, ovplyv\u0148uj\u00fa aj poctiv\u00e9 holdingov\u00e9 \u0161trukt\u00fary. Pre\u010d\u00edtajte si viac o aktu\u00e1lnych da\u0148ov\u00fdch trendoch pre holdingov\u00e9 \u0161trukt\u00fary v \u010dl\u00e1nku od n\u00e1\u0161ho partnera Martina Ki\u0148a v t\u00fd\u017edenn\u00edku Trend.","og_url":"https:\/\/www.moore-bdr.sk\/moore-bdr-v-mediach\/","og_site_name":"Moore BDR s. r. o.","article_modified_time":"2022-02-17T12:28:52+00:00","og_image":[{"width":664,"height":463,"url":"https:\/\/www.moore-bdr.sk\/wp-content\/uploads\/2022\/02\/trend.jpg","type":"image\/jpeg"}],"twitter_card":"summary_large_image","twitter_title":"Aktu\u00e1lne da\u0148ov\u00e9 trendy pre holdingov\u00e9 \u0161trukt\u00fary - Moore BDR s. r. o.","twitter_description":"Globaliz\u00e1cia vytvorila paraleln\u00fd svet, v ktorom niektor\u00e9 firmy h\u013eadaj\u00fa sp\u00f4sob ako optimalizova\u0165 dane napr\u00edklad presunom svojich s\u00eddiel do zahrani\u010dia. S cie\u013eom eliminova\u0165 tento jav vzniklo viacero iniciat\u00edv \u2013 Ak\u010dn\u00fd pl\u00e1n proti zni\u017eovaniu z\u00e1kladu dane a presunu ziskov (skr\u00e1tene BEPS) a na\u0148 nadv\u00e4zuj\u00face smernice Eur\u00f3pskej \u00fanie (E\u00da) ATAD a ATAD II. Zameriavaj\u00fa sa najm\u00e4 na spolo\u010dnosti, ktor\u00e9 vyu\u017e\u00edvaj\u00fa agres\u00edvne da\u0148ov\u00e9 \u0161trukt\u00fary, ale pravidl\u00e1, ktor\u00e9 zav\u00e1dzaj\u00fa, ovplyv\u0148uj\u00fa aj poctiv\u00e9 holdingov\u00e9 \u0161trukt\u00fary. Pre\u010d\u00edtajte si viac o aktu\u00e1lnych da\u0148ov\u00fdch trendoch pre holdingov\u00e9 \u0161trukt\u00fary v \u010dl\u00e1nku od n\u00e1\u0161ho partnera Martina Ki\u0148a v t\u00fd\u017edenn\u00edku Trend.","twitter_misc":{"Est. reading time":"3 minutes"},"schema":{"@context":"https:\/\/schema.org","@graph":[{"@type":"WebPage","@id":"https:\/\/www.moore-bdr.sk\/moore-bdr-v-mediach\/","url":"https:\/\/www.moore-bdr.sk\/moore-bdr-v-mediach\/","name":"Aktu\u00e1lne da\u0148ov\u00e9 trendy pre holdingov\u00e9 \u0161trukt\u00fary - Moore BDR s. r. o.","isPartOf":{"@id":"https:\/\/www.moore-bdr.sk\/#website"},"primaryImageOfPage":{"@id":"https:\/\/www.moore-bdr.sk\/moore-bdr-v-mediach\/#primaryimage"},"image":{"@id":"https:\/\/www.moore-bdr.sk\/moore-bdr-v-mediach\/#primaryimage"},"thumbnailUrl":"https:\/\/www.moore-bdr.sk\/wp-content\/uploads\/2022\/02\/trend.jpg","datePublished":"2020-11-18T09:34:44+00:00","dateModified":"2022-02-17T12:28:52+00:00","description":"Globaliz\u00e1cia vytvorila paraleln\u00fd svet, v ktorom niektor\u00e9 firmy h\u013eadaj\u00fa sp\u00f4sob ako optimalizova\u0165 dane napr\u00edklad presunom svojich s\u00eddiel do zahrani\u010dia. S cie\u013eom eliminova\u0165 tento jav vzniklo viacero iniciat\u00edv \u2013 Ak\u010dn\u00fd pl\u00e1n proti zni\u017eovaniu z\u00e1kladu dane a presunu ziskov (skr\u00e1tene BEPS) a na\u0148 nadv\u00e4zuj\u00face smernice Eur\u00f3pskej \u00fanie (E\u00da) ATAD a ATAD II. Zameriavaj\u00fa sa najm\u00e4 na spolo\u010dnosti, ktor\u00e9 vyu\u017e\u00edvaj\u00fa agres\u00edvne da\u0148ov\u00e9 \u0161trukt\u00fary, ale pravidl\u00e1, ktor\u00e9 zav\u00e1dzaj\u00fa, ovplyv\u0148uj\u00fa aj poctiv\u00e9 holdingov\u00e9 \u0161trukt\u00fary. Pre\u010d\u00edtajte si viac o aktu\u00e1lnych da\u0148ov\u00fdch trendoch pre holdingov\u00e9 \u0161trukt\u00fary v \u010dl\u00e1nku od n\u00e1\u0161ho partnera Martina Ki\u0148a v t\u00fd\u017edenn\u00edku Trend.","breadcrumb":{"@id":"https:\/\/www.moore-bdr.sk\/moore-bdr-v-mediach\/#breadcrumb"},"inLanguage":"en-US","potentialAction":[{"@type":"ReadAction","target":["https:\/\/www.moore-bdr.sk\/moore-bdr-v-mediach\/"]}]},{"@type":"ImageObject","inLanguage":"en-US","@id":"https:\/\/www.moore-bdr.sk\/moore-bdr-v-mediach\/#primaryimage","url":"https:\/\/www.moore-bdr.sk\/wp-content\/uploads\/2022\/02\/trend.jpg","contentUrl":"https:\/\/www.moore-bdr.sk\/wp-content\/uploads\/2022\/02\/trend.jpg","width":664,"height":463},{"@type":"BreadcrumbList","@id":"https:\/\/www.moore-bdr.sk\/moore-bdr-v-mediach\/#breadcrumb","itemListElement":[{"@type":"ListItem","position":1,"name":"Domovsk\u00e1 str\u00e1nka","item":"https:\/\/www.moore-bdr.sk\/"},{"@type":"ListItem","position":2,"name":"MOORE BDR v m\u00e9di\u00e1ch"}]},{"@type":"WebSite","@id":"https:\/\/www.moore-bdr.sk\/#website","url":"https:\/\/www.moore-bdr.sk\/","name":"Moore BDR s. r. o.","description":"Na\u0161e portf\u00f3lio zah\u0155\u0148a: audit \u00fa\u010dtovn\u00edctva, da\u0148ov\u00e9 poradenstvo, f\u00fazie, akviz\u00edcie, Due diligence, Bratislava, Bansk\u00e1 Bystrica","potentialAction":[{"@type":"SearchAction","target":{"@type":"EntryPoint","urlTemplate":"https:\/\/www.moore-bdr.sk\/?s={search_term_string}"},"query-input":{"@type":"PropertyValueSpecification","valueRequired":true,"valueName":"search_term_string"}}],"inLanguage":"en-US"}]}},"_links":{"self":[{"href":"https:\/\/www.moore-bdr.sk\/en\/wp-json\/wp\/v2\/pages\/3971","targetHints":{"allow":["GET"]}}],"collection":[{"href":"https:\/\/www.moore-bdr.sk\/en\/wp-json\/wp\/v2\/pages"}],"about":[{"href":"https:\/\/www.moore-bdr.sk\/en\/wp-json\/wp\/v2\/types\/page"}],"author":[{"embeddable":true,"href":"https:\/\/www.moore-bdr.sk\/en\/wp-json\/wp\/v2\/users\/1"}],"replies":[{"embeddable":true,"href":"https:\/\/www.moore-bdr.sk\/en\/wp-json\/wp\/v2\/comments?post=3971"}],"version-history":[{"count":0,"href":"https:\/\/www.moore-bdr.sk\/en\/wp-json\/wp\/v2\/pages\/3971\/revisions"}],"wp:featuredmedia":[{"embeddable":true,"href":"https:\/\/www.moore-bdr.sk\/en\/wp-json\/wp\/v2\/media\/6075"}],"wp:attachment":[{"href":"https:\/\/www.moore-bdr.sk\/en\/wp-json\/wp\/v2\/media?parent=3971"}],"curies":[{"name":"wp","href":"https:\/\/api.w.org\/{rel}","templated":true}]}}