{"id":45,"date":"2016-11-19T20:25:57","date_gmt":"2016-11-19T18:25:57","guid":{"rendered":"https:\/\/www.moore-bdr.sk\/?page_id=45"},"modified":"2026-03-24T09:36:37","modified_gmt":"2026-03-24T07:36:37","slug":"podnikove-a-financne-poradenstvo","status":"publish","type":"page","link":"https:\/\/www.moore-bdr.sk\/en\/sluzby\/podnikove-a-financne-poradenstvo\/","title":{"rendered":"Corporate and financial consulting"},"content":{"rendered":"<div class=\"wpb-content-wrapper\"><p>[vc_row type=&#8221;vc_default&#8221; margin_top=&#8221;-50&#8243; bg_type=&#8221;image&#8221; parallax_style=&#8221;vcpb-default&#8221; bg_image_new=&#8221;id^9680|url^https:\/\/www.moore-bdr.sk\/wp-content\/uploads\/2026\/03\/WhatsApp-Image-2026-03-16-at-14.47.03.jpeg|caption^null|alt^null|title^null|description^null&#8221; bg_image_repeat=&#8221;no-repeat&#8221; bg_override=&#8221;full&#8221; min_height=&#8221;350&#8243;][vc_column]<div class=\"ult-spacer spacer-69ece3c649f73\" data-id=\"69ece3c649f73\" data-height=\"130\" data-height-mobile=\"30\" data-height-tab=\"80\" data-height-tab-portrait=\"80\" data-height-mobile-landscape=\"30\" style=\"clear:both;display:block;\"><\/div><div id=\"ultimate-heading-241569ece3c649fbb\" class=\"uvc-heading ult-adjust-bottom-margin ultimate-heading-241569ece3c649fbb uvc-6778 \" data-hspacer=\"no_spacer\"  data-halign=\"left\" style=\"text-align:left\"><div class=\"uvc-heading-spacer no_spacer\" style=\"top\"><\/div><div class=\"uvc-main-heading ult-responsive\"  data-ultimate-target='.uvc-heading.ultimate-heading-241569ece3c649fbb h2'  data-responsive-json-new='{\"font-size\":\"desktop:36px;\",\"line-height\":\"\"}' ><h2 style=\"font-weight:bold;color:#ffffff;\">CORPORATE AND FINANCIAL CONSULTING<\/h2><\/div><\/div><div class=\"ult-spacer spacer-69ece3c64a052\" data-id=\"69ece3c64a052\" data-height=\"150\" data-height-mobile=\"50\" data-height-tab=\"100\" data-height-tab-portrait=\"100\" data-height-mobile-landscape=\"50\" style=\"clear:both;display:block;\"><\/div>[\/vc_column][\/vc_row][vc_row][vc_column]<style type=\"text\/css\" data-type=\"the7_shortcodes-inline-css\">.dt-breadcrumbs-id-3d8bcd3afc1ebaf9aeff37816dff855f .breadcrumbs {\n  display: inline-block;\n  margin: 0;\n  padding: 2px 10px 2px 10px;\n  border: 0px solid ;\n  border-radius: 0px;\n}\n.dt-breadcrumbs-id-3d8bcd3afc1ebaf9aeff37816dff855f .breadcrumbs * {\n  color: #485daa;\n}\n<\/style><div class=\"dt-breadcrumbs-shortcode dt-breadcrumbs-id-3d8bcd3afc1ebaf9aeff37816dff855f align-left\"><div class=\"assistive-text\">You are here:<\/div><ol class=\"breadcrumbs text-small\" itemscope itemtype=\"https:\/\/schema.org\/BreadcrumbList\"><li itemprop=\"itemListElement\" itemscope itemtype=\"https:\/\/schema.org\/ListItem\"><a itemprop=\"item\" href=\"https:\/\/www.moore-bdr.sk\/en\/\" title=\"Home\"><span itemprop=\"name\">Home<\/span><\/a><meta itemprop=\"position\" content=\"1\" \/><\/li><li class=\"current\" itemprop=\"itemListElement\" itemscope itemtype=\"https:\/\/schema.org\/ListItem\"><span itemprop=\"name\">Page<\/span><meta itemprop=\"position\" content=\"2\" \/><\/li><\/ol><\/div>[vc_empty_space height=&#8221;20px&#8221;][vc_separator][\/vc_column][\/vc_row][vc_row][vc_column width=&#8221;2\/3&#8243;][vc_column_text]<\/p>\n<ul>\n<li>Merger and acquisition projects, split or contribution of a company projects \/ legal, financial and tax aspects\/<\/li>\n<li>Expert\u2019s services\n<ul>\n<li>Expert opinions and assessments of:\n<ul>\n<li>Enterprise as a whole or its parts<\/li>\n<li>Intangible assets &#8211; trademark, know-how<\/li>\n<li>Real property &#8211; buildings, lands<\/li>\n<li>Tangible assets &#8211; machinery, cars, electronics, inventory, and so on.<\/li>\n<li>Financial investments &#8211; shares in other companies, debentures, bonds, and so on.<\/li>\n<li>Inventory &#8211; materials, work in progress, goods<\/li>\n<li>Receivables<\/li>\n<li>Loss of profit<\/li>\n<li>Mineral Resources<\/li>\n<li>Damages<\/li>\n<\/ul>\n<\/li>\n<li>Settting the real values for accounting and taxation purposes, expert estimation of prices and so on.<\/li>\n<li>Independent expert assessment for negotiations on the sale of shares, stocks and so on.<\/li>\n<\/ul>\n<\/li>\n<li>Financial &#8211; economic expertise focused on:\n<ul>\n<li>Economic situation of the various stages of the life cycle and prediction of their development<\/li>\n<li>Feasibility study<\/li>\n<li>Policies of individual sectors of the national economy<\/li>\n<\/ul>\n<\/li>\n<li>Internal audit services\n<ul>\n<li>Analysis the internal control\u00a0 functioning<\/li>\n<li>Assistance in internal audit implementation<\/li>\n<li>Outsourcing of internal audit function and specific orders<\/li>\n<\/ul>\n<\/li>\n<li>Consultancy in 103 countries around the world in cooperation with partners from the network Moore Global Limited Network International Limited<\/li>\n<li>The restructuring\n<ul>\n<li>Early identification of the problem<\/li>\n<li>Risk Analysis<\/li>\n<li>The application of preventive tools to minimize risk<\/li>\n<li>A comprehensive strategy in terms of trade, finance, law, accounting and taxes<\/li>\n<li>The implementation of optimum steps in the proposed strategy<\/li>\n<li>Controlling of the proposed strategy implementation<\/li>\n<\/ul>\n<\/li>\n<li>Forensic audit\n<ul>\n<li>Detailed audit aimed at detecting accounting fraud, embezzlement and other illegal acts within the entity<\/li>\n<li>Identifying the extent of damage caused by tampering with the company\u2019s property<\/li>\n<li>Estimating the value of the embezzled sums of money<\/li>\n<li>Design and steps implementation to prevent fraud<\/li>\n<\/ul>\n<\/li>\n<li>IT audit\n<ul>\n<li>Data safety analysis focused on the security hardware and software solutions analysis<\/li>\n<li>Analysis of different software solutions in the company<\/li>\n<\/ul>\n<\/li>\n<\/ul>\n<p>[\/vc_column_text][vc_empty_space]<div class=\"templatera_shortcode\"><div class=\"vc_row wpb_row vc_row-fluid dt-default\" style=\"margin-top: 0px;margin-bottom: 0px\"><div class=\"wpb_column vc_column_container vc_col-sm-12\"><div class=\"vc_column-inner\"><div class=\"wpb_wrapper\"><div id=\"ultimate-heading-420569ece3c64acd1\" class=\"uvc-heading ult-adjust-bottom-margin ultimate-heading-420569ece3c64acd1 uvc-3591 \" data-hspacer=\"line_only\"  data-halign=\"center\" style=\"text-align:center\"><div class=\"uvc-main-heading ult-responsive\"  data-ultimate-target='.uvc-heading.ultimate-heading-420569ece3c64acd1 h2'  data-responsive-json-new='{\"font-size\":\"desktop:24px;\",\"line-height\":\"\"}' ><h2 style=\"font-family:&#039;Montserrat&#039;;font-weight:700;color:#000000;\">CONTACT US<\/h2><\/div><div class=\"uvc-heading-spacer line_only\" style=\"margin-top:10px;margin-bottom:10px;height:3px;\"><span class=\"uvc-headings-line\" style=\"border-style:solid;border-bottom-width:3px;border-color:#00A0E3;width:100px;\"><\/span><\/div><div class=\"uvc-sub-heading ult-responsive\"  data-ultimate-target='.uvc-heading.ultimate-heading-420569ece3c64acd1 .uvc-sub-heading '  data-responsive-json-new='{\"font-size\":\"\",\"line-height\":\"\"}'  style=\"font-weight:normal;\"><strong>Do not hesitate to contact us via the contact form.<\/strong><\/div><\/div>\n\t<div class=\"wpb_text_column wpb_content_element \" >\n\t\t<div class=\"wpb_wrapper\">\n\t\t\t<p style=\"text-align: center;\">Our specialists will be happy to help you.<\/p>\n\n\t\t<\/div>\n\t<\/div>\n<\/div><\/div><\/div><\/div><\/div><div class=\"templatera_shortcode\"><div class=\"vc_row wpb_row vc_row-fluid dt-default\" style=\"margin-top: 0px;margin-bottom: 0px\"><div class=\"wpb_column vc_column_container vc_col-sm-3\"><div class=\"vc_column-inner\"><div class=\"wpb_wrapper\"><\/div><\/div><\/div><div class=\"wpb_column vc_column_container vc_col-sm-6\"><div class=\"vc_column-inner\"><div class=\"wpb_wrapper\"><div class=\" vc_custom_1769777573076 ubtn-ctn-center \"><a class=\"ubtn-link ult-adjust-bottom-margin ubtn-center ubtn-custom \" href=\"https:\/\/www.moore-bdr.sk\/en\/dakujeme-za-vas-zaujem\/\" ><button type=\"button\" id=\"ubtn-3254\"  class=\"ubtn ult-adjust-bottom-margin ult-responsive ubtn-custom ubtn-fade-bg  none  ubtn-sep-icon ubtn-sep-icon-left-push  ubtn-center   tooltip-69ece3c64c3da\"  data-hover=\"#FFFFFF\" data-border-color=\"\" data-bg=\"#00A0E3\" data-hover-bg=\"#004C6C\" data-border-hover=\"\" data-shadow-hover=\"\" data-shadow-click=\"none\" data-shadow=\"\" data-shd-shadow=\"\"  data-ultimate-target='#ubtn-3254'  data-responsive-json-new='{\"font-size\":\"desktop:18px;\",\"line-height\":\"\"}'  style=\"font-family:&#039;Montserrat&#039;;font-weight:normal;width:350px;min-height:50px;padding:10px px;border:none;background: #00A0E3;color: #FFFFFF;\"><span class=\"ubtn-data ubtn-icon\"><i class=\"icomoon-the7-font-the7-mail-mail-06\" style=\"font-size:24px;color:#FFFFFF;\"><\/i><\/span><span class=\"ubtn-hover\" style=\"background-color:#004C6C\"><\/span><span class=\"ubtn-data ubtn-text \" >CONTACT FORM<\/span><\/button><\/a><\/div><\/div><\/div><\/div><div class=\"wpb_column vc_column_container vc_col-sm-3\"><div class=\"vc_column-inner\"><div class=\"wpb_wrapper\"><\/div><\/div><\/div><\/div><\/div>[\/vc_column][vc_column width=&#8221;1\/3&#8243;][vc_widget_sidebar show_bg=&#8221;false&#8221; sidebar_id=&#8221;sidebar_3&#8243; el_class=&#8221;bocnalista&#8221;][\/vc_column][\/vc_row]<\/p>\n<\/div>","protected":false},"excerpt":{"rendered":"<p>Sorry, this entry is only available in Deutsch.<\/p>\n","protected":false},"author":1,"featured_media":0,"parent":17,"menu_order":0,"comment_status":"closed","ping_status":"closed","template":"","meta":{"inline_featured_image":false,"footnotes":""},"class_list":["post-45","page","type-page","status-publish","hentry","description-off"],"yoast_head":"<!-- This site is optimized with the Yoast SEO plugin v26.1.1 - https:\/\/yoast.com\/wordpress\/plugins\/seo\/ -->\n<title>Podnikov\u00e9 a finan\u010dn\u00e9 poradenstvo Bansk\u00e1 Bystrica<\/title>\n<meta name=\"description\" content=\"Pon\u00fakame V\u00e1m slu\u017eby podnikov\u00e9ho a finan\u010dn\u00e9ho poradenstva tak\u00fdm sp\u00f4sobom, aby sme V\u00e1s maxim\u00e1lne odbremenili.\" \/>\n<meta name=\"robots\" content=\"index, follow, max-snippet:-1, max-image-preview:large, max-video-preview:-1\" \/>\n<link rel=\"canonical\" href=\"https:\/\/www.moore-bdr.sk\/sluzby\/podnikove-a-financne-poradenstvo\/\" \/>\n<meta property=\"og:locale\" content=\"en_US\" \/>\n<meta property=\"og:type\" content=\"article\" \/>\n<meta property=\"og:title\" content=\"Podnikov\u00e9 a finan\u010dn\u00e9 poradenstvo Bansk\u00e1 Bystrica\" \/>\n<meta property=\"og:description\" content=\"Pon\u00fakame V\u00e1m slu\u017eby podnikov\u00e9ho a finan\u010dn\u00e9ho poradenstva tak\u00fdm sp\u00f4sobom, aby sme V\u00e1s maxim\u00e1lne odbremenili.\" \/>\n<meta property=\"og:url\" content=\"https:\/\/www.moore-bdr.sk\/sluzby\/podnikove-a-financne-poradenstvo\/\" \/>\n<meta property=\"og:site_name\" content=\"Moore BDR s. r. o.\" \/>\n<meta property=\"article:modified_time\" content=\"2026-03-24T07:36:37+00:00\" \/>\n<meta name=\"twitter:card\" content=\"summary_large_image\" \/>\n<meta name=\"twitter:label1\" content=\"Est. reading time\" \/>\n\t<meta name=\"twitter:data1\" content=\"3 minutes\" \/>\n<script type=\"application\/ld+json\" class=\"yoast-schema-graph\">{\"@context\":\"https:\/\/schema.org\",\"@graph\":[{\"@type\":\"WebPage\",\"@id\":\"https:\/\/www.moore-bdr.sk\/sluzby\/podnikove-a-financne-poradenstvo\/\",\"url\":\"https:\/\/www.moore-bdr.sk\/sluzby\/podnikove-a-financne-poradenstvo\/\",\"name\":\"Podnikov\u00e9 a finan\u010dn\u00e9 poradenstvo Bansk\u00e1 Bystrica\",\"isPartOf\":{\"@id\":\"https:\/\/www.moore-bdr.sk\/#website\"},\"datePublished\":\"2016-11-19T18:25:57+00:00\",\"dateModified\":\"2026-03-24T07:36:37+00:00\",\"description\":\"Pon\u00fakame V\u00e1m slu\u017eby podnikov\u00e9ho a finan\u010dn\u00e9ho poradenstva tak\u00fdm sp\u00f4sobom, aby sme V\u00e1s maxim\u00e1lne odbremenili.\",\"breadcrumb\":{\"@id\":\"https:\/\/www.moore-bdr.sk\/sluzby\/podnikove-a-financne-poradenstvo\/#breadcrumb\"},\"inLanguage\":\"en-US\",\"potentialAction\":[{\"@type\":\"ReadAction\",\"target\":[\"https:\/\/www.moore-bdr.sk\/sluzby\/podnikove-a-financne-poradenstvo\/\"]}]},{\"@type\":\"BreadcrumbList\",\"@id\":\"https:\/\/www.moore-bdr.sk\/sluzby\/podnikove-a-financne-poradenstvo\/#breadcrumb\",\"itemListElement\":[{\"@type\":\"ListItem\",\"position\":1,\"name\":\"Domovsk\u00e1 str\u00e1nka\",\"item\":\"https:\/\/www.moore-bdr.sk\/\"},{\"@type\":\"ListItem\",\"position\":2,\"name\":\"Slu\u017eby\",\"item\":\"https:\/\/www.moore-bdr.sk\/sluzby\/\"},{\"@type\":\"ListItem\",\"position\":3,\"name\":\"Podnikov\u00e9 a finan\u010dn\u00e9 poradenstvo\"}]},{\"@type\":\"WebSite\",\"@id\":\"https:\/\/www.moore-bdr.sk\/#website\",\"url\":\"https:\/\/www.moore-bdr.sk\/\",\"name\":\"Moore BDR s. r. o.\",\"description\":\"Na\u0161e portf\u00f3lio zah\u0155\u0148a: audit \u00fa\u010dtovn\u00edctva, da\u0148ov\u00e9 poradenstvo, f\u00fazie, akviz\u00edcie, Due diligence, Bratislava, Bansk\u00e1 Bystrica\",\"potentialAction\":[{\"@type\":\"SearchAction\",\"target\":{\"@type\":\"EntryPoint\",\"urlTemplate\":\"https:\/\/www.moore-bdr.sk\/?s={search_term_string}\"},\"query-input\":{\"@type\":\"PropertyValueSpecification\",\"valueRequired\":true,\"valueName\":\"search_term_string\"}}],\"inLanguage\":\"en-US\"}]}<\/script>\n<!-- \/ Yoast SEO plugin. -->","yoast_head_json":{"title":"Podnikov\u00e9 a finan\u010dn\u00e9 poradenstvo Bansk\u00e1 Bystrica","description":"Pon\u00fakame V\u00e1m slu\u017eby podnikov\u00e9ho a finan\u010dn\u00e9ho poradenstva tak\u00fdm sp\u00f4sobom, aby sme V\u00e1s maxim\u00e1lne odbremenili.","robots":{"index":"index","follow":"follow","max-snippet":"max-snippet:-1","max-image-preview":"max-image-preview:large","max-video-preview":"max-video-preview:-1"},"canonical":"https:\/\/www.moore-bdr.sk\/sluzby\/podnikove-a-financne-poradenstvo\/","og_locale":"en_US","og_type":"article","og_title":"Podnikov\u00e9 a finan\u010dn\u00e9 poradenstvo Bansk\u00e1 Bystrica","og_description":"Pon\u00fakame V\u00e1m slu\u017eby podnikov\u00e9ho a finan\u010dn\u00e9ho poradenstva tak\u00fdm sp\u00f4sobom, aby sme V\u00e1s maxim\u00e1lne odbremenili.","og_url":"https:\/\/www.moore-bdr.sk\/sluzby\/podnikove-a-financne-poradenstvo\/","og_site_name":"Moore BDR s. r. o.","article_modified_time":"2026-03-24T07:36:37+00:00","twitter_card":"summary_large_image","twitter_misc":{"Est. reading time":"3 minutes"},"schema":{"@context":"https:\/\/schema.org","@graph":[{"@type":"WebPage","@id":"https:\/\/www.moore-bdr.sk\/sluzby\/podnikove-a-financne-poradenstvo\/","url":"https:\/\/www.moore-bdr.sk\/sluzby\/podnikove-a-financne-poradenstvo\/","name":"Podnikov\u00e9 a finan\u010dn\u00e9 poradenstvo Bansk\u00e1 Bystrica","isPartOf":{"@id":"https:\/\/www.moore-bdr.sk\/#website"},"datePublished":"2016-11-19T18:25:57+00:00","dateModified":"2026-03-24T07:36:37+00:00","description":"Pon\u00fakame V\u00e1m slu\u017eby podnikov\u00e9ho a finan\u010dn\u00e9ho poradenstva tak\u00fdm sp\u00f4sobom, aby sme V\u00e1s maxim\u00e1lne odbremenili.","breadcrumb":{"@id":"https:\/\/www.moore-bdr.sk\/sluzby\/podnikove-a-financne-poradenstvo\/#breadcrumb"},"inLanguage":"en-US","potentialAction":[{"@type":"ReadAction","target":["https:\/\/www.moore-bdr.sk\/sluzby\/podnikove-a-financne-poradenstvo\/"]}]},{"@type":"BreadcrumbList","@id":"https:\/\/www.moore-bdr.sk\/sluzby\/podnikove-a-financne-poradenstvo\/#breadcrumb","itemListElement":[{"@type":"ListItem","position":1,"name":"Domovsk\u00e1 str\u00e1nka","item":"https:\/\/www.moore-bdr.sk\/"},{"@type":"ListItem","position":2,"name":"Slu\u017eby","item":"https:\/\/www.moore-bdr.sk\/sluzby\/"},{"@type":"ListItem","position":3,"name":"Podnikov\u00e9 a finan\u010dn\u00e9 poradenstvo"}]},{"@type":"WebSite","@id":"https:\/\/www.moore-bdr.sk\/#website","url":"https:\/\/www.moore-bdr.sk\/","name":"Moore BDR s. r. o.","description":"Na\u0161e portf\u00f3lio zah\u0155\u0148a: audit \u00fa\u010dtovn\u00edctva, da\u0148ov\u00e9 poradenstvo, f\u00fazie, akviz\u00edcie, Due diligence, Bratislava, Bansk\u00e1 Bystrica","potentialAction":[{"@type":"SearchAction","target":{"@type":"EntryPoint","urlTemplate":"https:\/\/www.moore-bdr.sk\/?s={search_term_string}"},"query-input":{"@type":"PropertyValueSpecification","valueRequired":true,"valueName":"search_term_string"}}],"inLanguage":"en-US"}]}},"_links":{"self":[{"href":"https:\/\/www.moore-bdr.sk\/en\/wp-json\/wp\/v2\/pages\/45","targetHints":{"allow":["GET"]}}],"collection":[{"href":"https:\/\/www.moore-bdr.sk\/en\/wp-json\/wp\/v2\/pages"}],"about":[{"href":"https:\/\/www.moore-bdr.sk\/en\/wp-json\/wp\/v2\/types\/page"}],"author":[{"embeddable":true,"href":"https:\/\/www.moore-bdr.sk\/en\/wp-json\/wp\/v2\/users\/1"}],"replies":[{"embeddable":true,"href":"https:\/\/www.moore-bdr.sk\/en\/wp-json\/wp\/v2\/comments?post=45"}],"version-history":[{"count":29,"href":"https:\/\/www.moore-bdr.sk\/en\/wp-json\/wp\/v2\/pages\/45\/revisions"}],"predecessor-version":[{"id":9713,"href":"https:\/\/www.moore-bdr.sk\/en\/wp-json\/wp\/v2\/pages\/45\/revisions\/9713"}],"up":[{"embeddable":true,"href":"https:\/\/www.moore-bdr.sk\/en\/wp-json\/wp\/v2\/pages\/17"}],"wp:attachment":[{"href":"https:\/\/www.moore-bdr.sk\/en\/wp-json\/wp\/v2\/media?parent=45"}],"curies":[{"name":"wp","href":"https:\/\/api.w.org\/{rel}","templated":true}]}}