{"id":4623,"date":"2021-05-07T15:44:42","date_gmt":"2021-05-07T13:44:42","guid":{"rendered":"https:\/\/www.moore-bdr.sk\/?page_id=4623"},"modified":"2026-04-15T14:35:05","modified_gmt":"2026-04-15T12:35:05","slug":"kariera","status":"publish","type":"page","link":"https:\/\/www.moore-bdr.sk\/en\/kariera\/","title":{"rendered":"Career"},"content":{"rendered":"<div class=\"wpb-content-wrapper\"><p>\"><span>Junior \u00fa\u010dtovn\u00edk<\/span><\/a><\/div><style type=\"text\/css\" data-type=\"the7_shortcodes-inline-css\">#default-btn-d66ab133676786552d4fe6d859842498 {\n  border-radius: 0px;\n  font-size: 16px;\n  line-height: 18px;\n}\n.btn-shadow#default-btn-d66ab133676786552d4fe6d859842498 {\n  box-shadow: 0 1px 6px rgba(0,0,0,0.12);\n  transition: box-shadow 0.2s ease-out, opacity 0.45s;\n}\n.btn-shadow#default-btn-d66ab133676786552d4fe6d859842498:hover {\n  box-shadow: 0 5px 11px 0 rgba(0,0,0,0.18), 0 4px 15px 0 rgba(0,0,0,0.15);\n}\n.btn-flat#default-btn-d66ab133676786552d4fe6d859842498 {\n  box-shadow: none;\n}\n.btn-flat#default-btn-d66ab133676786552d4fe6d859842498:hover {\n  box-shadow: none;\n}\n#default-btn-d66ab133676786552d4fe6d859842498.ico-right-side > i {\n  margin-right: 0px;\n  margin-left: 8px;\n}\n#default-btn-d66ab133676786552d4fe6d859842498 > i {\n  margin-right: 8px;\n  font-size: 16px;\n}\n#default-btn-d66ab133676786552d4fe6d859842498:not(:hover) {\n  border-width: 0px;\n  color: #00a0e3;\n  padding: 8px 14px 7px 14px;\n}\n#default-btn-d66ab133676786552d4fe6d859842498:not(:hover) * {\n  color: #00a0e3;\n}\n#default-btn-d66ab133676786552d4fe6d859842498:hover {\n  border-width: 0px;\n  padding: 8px 14px 7px 14px;\n}\n#default-btn-d66ab133676786552d4fe6d859842498.ico-right-side > i {\n  margin-right: 0px;\n  margin-left: 8px;\n}\n#default-btn-d66ab133676786552d4fe6d859842498 > i {\n  margin-right: 8px;\n}\n<\/style><div class=\"btn-align-left\"><a href=\"https:\/\/www.moore-bdr.sk\/kariera\/ponuka-staze-na-oddeleniach-audit-uctovnictvo-dane\/\" class=\"default-btn-shortcode dt-btn link-hover-off anchor-link full-width-btn btn-flat \" id=\"default-btn-d66ab133676786552d4fe6d859842498\" title=\"\u0160tudentsk\u00e1 st\u00e1\u017e\"><span>\u0160tudentsk\u00e1 st\u00e1\u017e<\/span><\/a><\/div><style type=\"text\/css\" data-type=\"the7_shortcodes-inline-css\">#default-btn-2506131794a4d8d28e4b37cd4ac68d82 {\n  border-radius: 0px;\n  font-size: 16px;\n  line-height: 18px;\n}\n.btn-shadow#default-btn-2506131794a4d8d28e4b37cd4ac68d82 {\n  box-shadow: 0 1px 6px rgba(0,0,0,0.12);\n  transition: box-shadow 0.2s ease-out, opacity 0.45s;\n}\n.btn-shadow#default-btn-2506131794a4d8d28e4b37cd4ac68d82:hover {\n  box-shadow: 0 5px 11px 0 rgba(0,0,0,0.18), 0 4px 15px 0 rgba(0,0,0,0.15);\n}\n.btn-flat#default-btn-2506131794a4d8d28e4b37cd4ac68d82 {\n  box-shadow: none;\n}\n.btn-flat#default-btn-2506131794a4d8d28e4b37cd4ac68d82:hover {\n  box-shadow: none;\n}\n#default-btn-2506131794a4d8d28e4b37cd4ac68d82.ico-right-side > i {\n  margin-right: 0px;\n  margin-left: 8px;\n}\n#default-btn-2506131794a4d8d28e4b37cd4ac68d82 > i {\n  margin-right: 8px;\n  font-size: 16px;\n}\n#default-btn-2506131794a4d8d28e4b37cd4ac68d82:not(:hover) {\n  border-width: 0px;\n  color: #00a0e3;\n  padding: 8px 14px 7px 14px;\n}\n#default-btn-2506131794a4d8d28e4b37cd4ac68d82:not(:hover) * {\n  color: #00a0e3;\n}\n#default-btn-2506131794a4d8d28e4b37cd4ac68d82:hover {\n  border-width: 0px;\n  padding: 8px 14px 7px 14px;\n}\n#default-btn-2506131794a4d8d28e4b37cd4ac68d82.ico-right-side > i {\n  margin-right: 0px;\n  margin-left: 8px;\n}\n#default-btn-2506131794a4d8d28e4b37cd4ac68d82 > i {\n  margin-right: 8px;\n}\n<\/style><div class=\"btn-align-left\"><a href=\"https:\/\/www.moore-bdr.sk\/kariera\/junior-specialista-na-transferove-ocenovanie\/\" class=\"default-btn-shortcode dt-btn link-hover-off anchor-link full-width-btn btn-flat \" id=\"default-btn-2506131794a4d8d28e4b37cd4ac68d82\" title=\"\"><span>Junior \u0161pecialista na transferov\u00e9 oce\u0148ovanie<\/span><\/a><\/div><style type=\"text\/css\" data-type=\"the7_shortcodes-inline-css\">#default-btn-bbc5168bfaf9a5e370bb20f647b66978 {\n  border-radius: 0px;\n  font-size: 16px;\n  line-height: 18px;\n}\n.btn-shadow#default-btn-bbc5168bfaf9a5e370bb20f647b66978 {\n  box-shadow: 0 1px 6px rgba(0,0,0,0.12);\n  transition: box-shadow 0.2s ease-out, opacity 0.45s;\n}\n.btn-shadow#default-btn-bbc5168bfaf9a5e370bb20f647b66978:hover {\n  box-shadow: 0 5px 11px 0 rgba(0,0,0,0.18), 0 4px 15px 0 rgba(0,0,0,0.15);\n}\n.btn-flat#default-btn-bbc5168bfaf9a5e370bb20f647b66978 {\n  box-shadow: none;\n}\n.btn-flat#default-btn-bbc5168bfaf9a5e370bb20f647b66978:hover {\n  box-shadow: none;\n}\n#default-btn-bbc5168bfaf9a5e370bb20f647b66978.ico-right-side > i {\n  margin-right: 0px;\n  margin-left: 8px;\n}\n#default-btn-bbc5168bfaf9a5e370bb20f647b66978 > i {\n  margin-right: 8px;\n  font-size: 16px;\n}\n#default-btn-bbc5168bfaf9a5e370bb20f647b66978:not(:hover) {\n  border-width: 0px;\n  color: #00a0e3;\n  padding: 8px 14px 7px 14px;\n}\n#default-btn-bbc5168bfaf9a5e370bb20f647b66978:not(:hover) * {\n  color: #00a0e3;\n}\n#default-btn-bbc5168bfaf9a5e370bb20f647b66978:hover {\n  border-width: 0px;\n  padding: 8px 14px 7px 14px;\n}\n#default-btn-bbc5168bfaf9a5e370bb20f647b66978.ico-right-side > i {\n  margin-right: 0px;\n  margin-left: 8px;\n}\n#default-btn-bbc5168bfaf9a5e370bb20f647b66978 > i {\n  margin-right: 8px;\n}\n<\/style><div class=\"btn-align-left\"><a href=\"https:\/\/www.moore-bdr.sk\/kariera\/asistent-danoveho-poradcu\/\" class=\"default-btn-shortcode dt-btn link-hover-off anchor-link full-width-btn btn-flat \" id=\"default-btn-bbc5168bfaf9a5e370bb20f647b66978\"><span>Asistent da\u0148ov\u00e9ho poradcu<\/span><\/a><\/div>[vc_empty_space height=&#8221;10px&#8221;]<style type=\"text\/css\" data-type=\"the7_shortcodes-inline-css\">#default-btn-d40d277b1bcbd1d84a648ec98dd7f4bd {\n  border-radius: 0px;\n  font-size: 16px;\n  line-height: 18px;\n}\n.btn-shadow#default-btn-d40d277b1bcbd1d84a648ec98dd7f4bd {\n  box-shadow: 0 1px 6px rgba(0,0,0,0.12);\n  transition: box-shadow 0.2s ease-out, opacity 0.45s;\n}\n.btn-shadow#default-btn-d40d277b1bcbd1d84a648ec98dd7f4bd:hover {\n  box-shadow: 0 5px 11px 0 rgba(0,0,0,0.18), 0 4px 15px 0 rgba(0,0,0,0.15);\n}\n.btn-flat#default-btn-d40d277b1bcbd1d84a648ec98dd7f4bd {\n  box-shadow: none;\n}\n.btn-flat#default-btn-d40d277b1bcbd1d84a648ec98dd7f4bd:hover {\n  box-shadow: none;\n}\n#default-btn-d40d277b1bcbd1d84a648ec98dd7f4bd.ico-right-side > i {\n  margin-right: 0px;\n  margin-left: 8px;\n}\n#default-btn-d40d277b1bcbd1d84a648ec98dd7f4bd > i {\n  margin-right: 8px;\n  font-size: 16px;\n}\n#default-btn-d40d277b1bcbd1d84a648ec98dd7f4bd:not(:hover) {\n  border-width: 0px;\n  color: #00a0e3;\n  padding: 8px 14px 7px 14px;\n}\n#default-btn-d40d277b1bcbd1d84a648ec98dd7f4bd:not(:hover) * {\n  color: #00a0e3;\n}\n#default-btn-d40d277b1bcbd1d84a648ec98dd7f4bd:hover {\n  border-width: 0px;\n  padding: 8px 14px 7px 14px;\n}\n#default-btn-d40d277b1bcbd1d84a648ec98dd7f4bd.ico-right-side > i {\n  margin-right: 0px;\n  margin-left: 8px;\n}\n#default-btn-d40d277b1bcbd1d84a648ec98dd7f4bd > i {\n  margin-right: 8px;\n}\n<\/style><div class=\"btn-align-left\"><a href=\"https:\/\/www.moore-bdr.sk\/kariera\/junior-uctovnik\/\" class=\"default-btn-shortcode dt-btn link-hover-off anchor-link full-width-btn btn-flat \" id=\"default-btn-d40d277b1bcbd1d84a648ec98dd7f4bd\"><span>Junior \u00fa\u010dtovn\u00edk<\/span><\/a><\/div>[\/vc_column][\/vc_row]<\/p>\n<p><\/p>\n<p>[vc_row][vc_column]\n\t\t\t<!-- START karieraen REVOLUTION SLIDER 6.7.36 --><p class=\"rs-p-wp-fix\"><\/p>\n\t\t\t<rs-module-wrap id=\"rev_slider_16_2_wrapper\" data-source=\"gallery\" style=\"visibility:hidden;background:transparent;padding:0;margin:0px auto;margin-top:0;margin-bottom:0;\">\n\t\t\t\t<rs-module id=\"rev_slider_16_2\" style=\"\" data-version=\"6.7.36\">\n\t\t\t\t\t<rs-slides style=\"overflow: hidden; position: absolute;\">\n\t\t\t\t\t\t<rs-slide style=\"position: absolute;\" data-key=\"rs-71\" data-title=\"Slide\" data-duration=\"5000\" data-anim=\"adpr:false;ms:50;\" data-in=\"o:1;x:-100%;\" data-out=\"a:false;\">\n\t\t\t\t\t\t\t<img decoding=\"async\" src=\"\/\/www.moore-bdr.sk\/wp-content\/plugins\/revslider\/sr6\/assets\/assets\/dummy.png\" alt=\"Slide\" width=\"1920\" height=\"1280\" class=\"rev-slidebg tp-rs-img rs-lazyload\" data-lazyload=\"\/\/www.moore-bdr.sk\/wp-content\/plugins\/revslider\/sr6\/assets\/assets\/transparent.png\" data-bg=\"c:linear-gradient(rgba(42,171,225,1) 0%, rgba(92,6,150,1) 100%);\" data-no-retina>\n<!--\n\t\t\t\t\t\t\t--><rs-layer\n\t\t\t\t\t\t\t\tid=\"slider-16-slide-71-layer-4\" \n\t\t\t\t\t\t\t\tclass=\"medium_text\"\n\t\t\t\t\t\t\t\tdata-type=\"text\"\n\t\t\t\t\t\t\t\tdata-color=\"rgba(255,255,255,1)\"\n\t\t\t\t\t\t\t\tdata-rsp_ch=\"on\"\n\t\t\t\t\t\t\t\tdata-xy=\"x:62px;y:c;\"\n\t\t\t\t\t\t\t\tdata-text=\"s:48;l:20;a:inherit;\"\n\t\t\t\t\t\t\t\tdata-dim=\"w:518px;\"\n\t\t\t\t\t\t\t\tdata-frame_1=\"st:270;sR:270;\"\n\t\t\t\t\t\t\t\tdata-frame_999=\"o:0;st:w;sR:4430;\"\n\t\t\t\t\t\t\t\tstyle=\"z-index:8;font-family:'Montserrat';position:absolute;text-shadow:0px 2px 5px rgba(0, 0, 0, 0.5)\nwhite-space:nowrap;\"\n\t\t\t\t\t\t\t>CAREER \n\t\t\t\t\t\t\t<\/rs-layer><!--\n\n\t\t\t\t\t\t\t--><rs-layer\n\t\t\t\t\t\t\t\tid=\"slider-16-slide-71-layer-7\" \n\t\t\t\t\t\t\t\tdata-type=\"image\"\n\t\t\t\t\t\t\t\tdata-rsp_ch=\"on\"\n\t\t\t\t\t\t\t\tdata-xy=\"x:-250px;y:c;\"\n\t\t\t\t\t\t\t\tdata-text=\"w:normal;\"\n\t\t\t\t\t\t\t\tdata-dim=\"w:139px;h:993px;\"\n\t\t\t\t\t\t\t\tdata-frame_0=\"x:-50;\"\n\t\t\t\t\t\t\t\tdata-frame_1=\"st:470;sp:1540;sR:470;\"\n\t\t\t\t\t\t\t\tdata-frame_999=\"o:0;st:w;sR:2990;\"\n\t\t\t\t\t\t\t\tstyle=\"z-index:7;\"\n\t\t\t\t\t\t\t><img decoding=\"async\" src=\"\/\/www.moore-bdr.sk\/wp-content\/plugins\/revslider\/sr6\/assets\/assets\/dummy.png\" alt=\"\" class=\"tp-rs-img rs-lazyload\" width=\"0\" height=\"0\" data-lazyload=\"\/\/www.moore-bdr.sk\/wp-content\/uploads\/2026\/01\/hero-default-left.svg\" data-no-retina> \n\t\t\t\t\t\t\t<\/rs-layer><!--\n\n\t\t\t\t\t\t\t--><rs-layer\n\t\t\t\t\t\t\t\tid=\"slider-16-slide-71-layer-9\" \n\t\t\t\t\t\t\t\tdata-type=\"image\"\n\t\t\t\t\t\t\t\tdata-rsp_ch=\"on\"\n\t\t\t\t\t\t\t\tdata-xy=\"x:r;xo:-495px;y:c;\"\n\t\t\t\t\t\t\t\tdata-text=\"w:normal;\"\n\t\t\t\t\t\t\t\tdata-dim=\"w:1615px;h:500px;\"\n\t\t\t\t\t\t\t\tdata-frame_0=\"x:50;\"\n\t\t\t\t\t\t\t\tdata-frame_1=\"st:1310;sp:1470;sR:1310;\"\n\t\t\t\t\t\t\t\tdata-frame_999=\"o:0;st:w;sR:2220;\"\n\t\t\t\t\t\t\t\tstyle=\"z-index:6;\"\n\t\t\t\t\t\t\t><img decoding=\"async\" src=\"\/\/www.moore-bdr.sk\/wp-content\/plugins\/revslider\/sr6\/assets\/assets\/dummy.png\" alt=\"\" class=\"tp-rs-img rs-lazyload\" width=\"1512\" height=\"468\" data-lazyload=\"\/\/www.moore-bdr.sk\/wp-content\/uploads\/2026\/01\/hero-default-right.svg\" data-no-retina> \n\t\t\t\t\t\t\t<\/rs-layer><!--\n-->\t\t\t\t\t<\/rs-slide>\n\t\t\t\t\t<\/rs-slides>\n\t\t\t\t\t<rs-static-layers><!--\n\t\t\t\t\t--><\/rs-static-layers>\n\t\t\t\t<\/rs-module>\n\t\t\t\t<script>\n\t\t\t\t\tsetREVStartSize({c: 'rev_slider_16_2',rl:[1240,1024,778,480],el:[450],gw:[1240],gh:[450],type:'standard',justify:'',layout:'fullwidth',mh:\"0\"});if (window.RS_MODULES!==undefined && window.RS_MODULES.modules!==undefined && window.RS_MODULES.modules[\"revslider162\"]!==undefined) {window.RS_MODULES.modules[\"revslider162\"].once = false;window.revapi16 = undefined;if (window.RS_MODULES.checkMinimal!==undefined) window.RS_MODULES.checkMinimal()}\n\t\t\t\t<\/script>\n\t\t\t<\/rs-module-wrap>\n\t\t\t<!-- END REVOLUTION SLIDER -->\n[\/vc_column][\/vc_row][vc_row][vc_column][vc_empty_space height=&#8221;20px&#8221;][vc_column_text css=&#8221;&#8221;]Sorry, this entry is only available in\u00a0<a class=\"qtranxs-available-language-link qtranxs-available-language-link-sk\" title=\"Sloven\u010dina\" href=\"https:\/\/www.moore-bdr.sk\/sk\/kariera\/\">Sloven\u010dina<\/a>.[\/vc_column_text][\/vc_column][\/vc_row]<\/p>\n<p><\/p>\n<\/div>","protected":false},"excerpt":{"rendered":"<p>[vc_row][vc_column][\/vc_column][\/vc_row][vc_row][vc_column][vc_empty_space height=&#8221;20px&#8221;][vc_column_text css=&#8221;&#8221;]Sorry, this entry is only available in\u00a0Sloven\u010dina.[\/vc_column_text][\/vc_column][\/vc_row]<\/p>\n","protected":false},"author":1,"featured_media":0,"parent":0,"menu_order":0,"comment_status":"closed","ping_status":"closed","template":"","meta":{"inline_featured_image":false,"footnotes":""},"class_list":["post-4623","page","type-page","status-publish","hentry","description-off"],"yoast_head":"<!-- This site is optimized with the Yoast SEO plugin v26.1.1 - https:\/\/yoast.com\/wordpress\/plugins\/seo\/ -->\n<title>Career - Moore BDR s. r. o.<\/title>\n<meta name=\"robots\" content=\"index, follow, max-snippet:-1, max-image-preview:large, max-video-preview:-1\" \/>\n<link rel=\"canonical\" href=\"https:\/\/www.moore-bdr.sk\/kariera\/\" \/>\n<meta property=\"og:locale\" content=\"en_US\" \/>\n<meta property=\"og:type\" content=\"article\" \/>\n<meta property=\"og:title\" content=\"[:sk]Kari\u00e9ra[:en]Career[:de]Karriere[:] - Moore BDR s. r. o.\" \/>\n<meta property=\"og:description\" content=\"[vc_row][vc_column][\/vc_column][\/vc_row][vc_row][vc_column][vc_empty_space height=&#8221;20px&#8221;][vc_column_text css=&#8221;&#8221;]Sorry, this entry is only available in\u00a0Sloven\u010dina.[\/vc_column_text][\/vc_column][\/vc_row]\" \/>\n<meta property=\"og:url\" content=\"https:\/\/www.moore-bdr.sk\/kariera\/\" \/>\n<meta property=\"og:site_name\" content=\"Moore BDR s. r. o.\" \/>\n<meta property=\"article:modified_time\" content=\"2026-04-15T12:35:05+00:00\" \/>\n<meta name=\"twitter:card\" content=\"summary_large_image\" \/>\n<meta name=\"twitter:label1\" content=\"Est. reading time\" \/>\n\t<meta name=\"twitter:data1\" content=\"2 minutes\" \/>\n<script type=\"application\/ld+json\" class=\"yoast-schema-graph\">{\"@context\":\"https:\/\/schema.org\",\"@graph\":[{\"@type\":\"WebPage\",\"@id\":\"https:\/\/www.moore-bdr.sk\/kariera\/\",\"url\":\"https:\/\/www.moore-bdr.sk\/kariera\/\",\"name\":\"[:sk]Kari\u00e9ra[:en]Career[:de]Karriere[:] - Moore BDR s. r. o.\",\"isPartOf\":{\"@id\":\"https:\/\/www.moore-bdr.sk\/#website\"},\"datePublished\":\"2021-05-07T13:44:42+00:00\",\"dateModified\":\"2026-04-15T12:35:05+00:00\",\"breadcrumb\":{\"@id\":\"https:\/\/www.moore-bdr.sk\/kariera\/#breadcrumb\"},\"inLanguage\":\"en-US\",\"potentialAction\":[{\"@type\":\"ReadAction\",\"target\":[\"https:\/\/www.moore-bdr.sk\/kariera\/\"]}]},{\"@type\":\"BreadcrumbList\",\"@id\":\"https:\/\/www.moore-bdr.sk\/kariera\/#breadcrumb\",\"itemListElement\":[{\"@type\":\"ListItem\",\"position\":1,\"name\":\"Domovsk\u00e1 str\u00e1nka\",\"item\":\"https:\/\/www.moore-bdr.sk\/\"},{\"@type\":\"ListItem\",\"position\":2,\"name\":\"Kari\u00e9ra\"}]},{\"@type\":\"WebSite\",\"@id\":\"https:\/\/www.moore-bdr.sk\/#website\",\"url\":\"https:\/\/www.moore-bdr.sk\/\",\"name\":\"Moore BDR s. r. o.\",\"description\":\"Na\u0161e portf\u00f3lio zah\u0155\u0148a: audit \u00fa\u010dtovn\u00edctva, da\u0148ov\u00e9 poradenstvo, f\u00fazie, akviz\u00edcie, Due diligence, Bratislava, Bansk\u00e1 Bystrica\",\"potentialAction\":[{\"@type\":\"SearchAction\",\"target\":{\"@type\":\"EntryPoint\",\"urlTemplate\":\"https:\/\/www.moore-bdr.sk\/?s={search_term_string}\"},\"query-input\":{\"@type\":\"PropertyValueSpecification\",\"valueRequired\":true,\"valueName\":\"search_term_string\"}}],\"inLanguage\":\"en-US\"}]}<\/script>\n<!-- \/ Yoast SEO plugin. -->","yoast_head_json":{"title":"[:sk]Kari\u00e9ra[:en]Career[:de]Karriere[:] - Moore BDR s. r. o.","robots":{"index":"index","follow":"follow","max-snippet":"max-snippet:-1","max-image-preview":"max-image-preview:large","max-video-preview":"max-video-preview:-1"},"canonical":"https:\/\/www.moore-bdr.sk\/kariera\/","og_locale":"en_US","og_type":"article","og_title":"[:sk]Kari\u00e9ra[:en]Career[:de]Karriere[:] - Moore BDR s. r. o.","og_description":"[vc_row][vc_column][\/vc_column][\/vc_row][vc_row][vc_column][vc_empty_space height=&#8221;20px&#8221;][vc_column_text css=&#8221;&#8221;]Sorry, this entry is only available in\u00a0Sloven\u010dina.[\/vc_column_text][\/vc_column][\/vc_row]","og_url":"https:\/\/www.moore-bdr.sk\/kariera\/","og_site_name":"Moore BDR s. r. o.","article_modified_time":"2026-04-15T12:35:05+00:00","twitter_card":"summary_large_image","twitter_misc":{"Est. reading time":"2 minutes"},"schema":{"@context":"https:\/\/schema.org","@graph":[{"@type":"WebPage","@id":"https:\/\/www.moore-bdr.sk\/kariera\/","url":"https:\/\/www.moore-bdr.sk\/kariera\/","name":"[:sk]Kari\u00e9ra[:en]Career[:de]Karriere[:] - Moore BDR s. r. o.","isPartOf":{"@id":"https:\/\/www.moore-bdr.sk\/#website"},"datePublished":"2021-05-07T13:44:42+00:00","dateModified":"2026-04-15T12:35:05+00:00","breadcrumb":{"@id":"https:\/\/www.moore-bdr.sk\/kariera\/#breadcrumb"},"inLanguage":"en-US","potentialAction":[{"@type":"ReadAction","target":["https:\/\/www.moore-bdr.sk\/kariera\/"]}]},{"@type":"BreadcrumbList","@id":"https:\/\/www.moore-bdr.sk\/kariera\/#breadcrumb","itemListElement":[{"@type":"ListItem","position":1,"name":"Domovsk\u00e1 str\u00e1nka","item":"https:\/\/www.moore-bdr.sk\/"},{"@type":"ListItem","position":2,"name":"Kari\u00e9ra"}]},{"@type":"WebSite","@id":"https:\/\/www.moore-bdr.sk\/#website","url":"https:\/\/www.moore-bdr.sk\/","name":"Moore BDR s. r. o.","description":"Na\u0161e portf\u00f3lio zah\u0155\u0148a: audit \u00fa\u010dtovn\u00edctva, da\u0148ov\u00e9 poradenstvo, f\u00fazie, akviz\u00edcie, Due diligence, Bratislava, Bansk\u00e1 Bystrica","potentialAction":[{"@type":"SearchAction","target":{"@type":"EntryPoint","urlTemplate":"https:\/\/www.moore-bdr.sk\/?s={search_term_string}"},"query-input":{"@type":"PropertyValueSpecification","valueRequired":true,"valueName":"search_term_string"}}],"inLanguage":"en-US"}]}},"_links":{"self":[{"href":"https:\/\/www.moore-bdr.sk\/en\/wp-json\/wp\/v2\/pages\/4623","targetHints":{"allow":["GET"]}}],"collection":[{"href":"https:\/\/www.moore-bdr.sk\/en\/wp-json\/wp\/v2\/pages"}],"about":[{"href":"https:\/\/www.moore-bdr.sk\/en\/wp-json\/wp\/v2\/types\/page"}],"author":[{"embeddable":true,"href":"https:\/\/www.moore-bdr.sk\/en\/wp-json\/wp\/v2\/users\/1"}],"replies":[{"embeddable":true,"href":"https:\/\/www.moore-bdr.sk\/en\/wp-json\/wp\/v2\/comments?post=4623"}],"version-history":[{"count":54,"href":"https:\/\/www.moore-bdr.sk\/en\/wp-json\/wp\/v2\/pages\/4623\/revisions"}],"predecessor-version":[{"id":9766,"href":"https:\/\/www.moore-bdr.sk\/en\/wp-json\/wp\/v2\/pages\/4623\/revisions\/9766"}],"wp:attachment":[{"href":"https:\/\/www.moore-bdr.sk\/en\/wp-json\/wp\/v2\/media?parent=4623"}],"curies":[{"name":"wp","href":"https:\/\/api.w.org\/{rel}","templated":true}]}}