{"id":48,"date":"2016-11-19T20:26:27","date_gmt":"2016-11-19T18:26:27","guid":{"rendered":"https:\/\/www.moore-bdr.sk\/?page_id=48"},"modified":"2026-03-24T09:41:11","modified_gmt":"2026-03-24T07:41:11","slug":"pravne-sluzby","status":"publish","type":"page","link":"https:\/\/www.moore-bdr.sk\/en\/sluzby\/pravne-sluzby\/","title":{"rendered":"Legal Services"},"content":{"rendered":"<div class=\"wpb-content-wrapper\"><p>[vc_row type=&#8221;vc_default&#8221; margin_top=&#8221;-50&#8243; bg_type=&#8221;image&#8221; parallax_style=&#8221;vcpb-default&#8221; bg_image_new=&#8221;id^9676|url^https:\/\/www.moore-bdr.sk\/wp-content\/uploads\/2026\/03\/WhatsApp-Image-2026-03-16-at-14.47.03-2.jpeg|caption^null|alt^null|title^null|description^null&#8221; bg_image_repeat=&#8221;no-repeat&#8221; bg_override=&#8221;full&#8221; min_height=&#8221;350&#8243;][vc_column]<div class=\"ult-spacer spacer-69ece3c5590f5\" data-id=\"69ece3c5590f5\" data-height=\"130\" data-height-mobile=\"30\" data-height-tab=\"80\" data-height-tab-portrait=\"80\" data-height-mobile-landscape=\"30\" style=\"clear:both;display:block;\"><\/div><div id=\"ultimate-heading-245969ece3c559157\" class=\"uvc-heading ult-adjust-bottom-margin ultimate-heading-245969ece3c559157 uvc-4762 \" data-hspacer=\"no_spacer\"  data-halign=\"left\" style=\"text-align:left\"><div class=\"uvc-heading-spacer no_spacer\" style=\"top\"><\/div><div class=\"uvc-main-heading ult-responsive\"  data-ultimate-target='.uvc-heading.ultimate-heading-245969ece3c559157 h2'  data-responsive-json-new='{\"font-size\":\"desktop:36px;\",\"line-height\":\"\"}' ><h2 style=\"font-weight:bold;color:#ffffff;\">LEGAL SERVICES<\/h2><\/div><\/div><div class=\"ult-spacer spacer-69ece3c5591db\" data-id=\"69ece3c5591db\" data-height=\"150\" data-height-mobile=\"50\" data-height-tab=\"100\" data-height-tab-portrait=\"100\" data-height-mobile-landscape=\"50\" style=\"clear:both;display:block;\"><\/div>[\/vc_column][\/vc_row][vc_row][vc_column]<style type=\"text\/css\" data-type=\"the7_shortcodes-inline-css\">.dt-breadcrumbs-id-3d8bcd3afc1ebaf9aeff37816dff855f .breadcrumbs {\n  display: inline-block;\n  margin: 0;\n  padding: 2px 10px 2px 10px;\n  border: 0px solid ;\n  border-radius: 0px;\n}\n.dt-breadcrumbs-id-3d8bcd3afc1ebaf9aeff37816dff855f .breadcrumbs * {\n  color: #485daa;\n}\n<\/style><div class=\"dt-breadcrumbs-shortcode dt-breadcrumbs-id-3d8bcd3afc1ebaf9aeff37816dff855f align-left\"><div class=\"assistive-text\">You are here:<\/div><ol class=\"breadcrumbs text-small\" itemscope itemtype=\"https:\/\/schema.org\/BreadcrumbList\"><li itemprop=\"itemListElement\" itemscope itemtype=\"https:\/\/schema.org\/ListItem\"><a itemprop=\"item\" href=\"https:\/\/www.moore-bdr.sk\/en\/\" title=\"Home\"><span itemprop=\"name\">Home<\/span><\/a><meta itemprop=\"position\" content=\"1\" \/><\/li><li class=\"current\" itemprop=\"itemListElement\" itemscope itemtype=\"https:\/\/schema.org\/ListItem\"><span itemprop=\"name\">Page<\/span><meta itemprop=\"position\" content=\"2\" \/><\/li><\/ol><\/div>[vc_empty_space height=&#8221;20px&#8221;][vc_separator][\/vc_column][\/vc_row][vc_row][vc_column width=&#8221;2\/3&#8243;][vc_column_text]<span style=\"color: #00aeef;\"><strong>Our company cooperates with several reputable law firms, and we can procure you especially following legal services:<\/strong><\/span>[\/vc_column_text][vc_empty_space height=&#8221;20&#8243;]<div class=\"standard-arrow bullet-top\"><h4 style=\"text-align: justify;\"><strong>Business and corporate law<\/strong><\/h4>\n<ul>\n<li style=\"text-align: justify;\">Provision of full legal advisory in establishment and operation of business companies and co-operatives<\/li>\n<li style=\"text-align: justify;\">Organization and representation at company&#8217;s general meetings, protection of rights of minority partners and shareholders<\/li>\n<li style=\"text-align: justify;\">Legal advisory in the field of securities law, advisory in private and public bonds emissions, securities transfers, capital markets, representation in front of the Central Securities Depository of the Slovak Republic<\/li>\n<li style=\"text-align: justify;\">Preparation and assessment of shareholder&#8217;s agreements, silent partnerships, management agreements with executives<\/li>\n<li style=\"text-align: justify;\">Representation in matters relating to Commercial Register and Trade License Register<\/li>\n<li style=\"text-align: justify;\">Preparation and assessment of contractual relationships<\/li>\n<li style=\"text-align: justify;\">Preparation of lawsuit actions in business disputes and representation in front of the general courts or arbitration courts<\/li>\n<li style=\"text-align: justify;\">Crisis of a company, prohibition of returning fulfilments substituting own resources and possible measures<\/li>\n<li style=\"text-align: justify;\">Enforcement of receivables<\/li>\n<li style=\"text-align: justify;\">Winding-up and liquidation of business companies<\/li>\n<\/ul>\n<\/div>[vc_empty_space height=&#8221;20&#8243;]<div class=\"standard-arrow bullet-top\"><h4 style=\"text-align: justify;\"><strong>Mergers, Acquisitions and Due Diligence<\/strong><\/h4>\n<ul style=\"text-align: justify;\">\n<li>Provision of legal advisory in companies&#8217; reorganizations, mergers, takeovers and splits of business companies<\/li>\n<li>Preparation and execution of legal due diligence, which length and scope may be set according to client&#8217;s requirements<\/li>\n<li>Sale of entire enterprise, individual assets or equity (business shares)<\/li>\n<li>Complete legal advisory throughout the transaction process, preparation and negotiation of transaction documentation, transaction closing and post-closing steps<\/li>\n<li>Advisory and assistance in matters of transaction financing<\/li>\n<li>Cooperation with reputable consulting companies and banks<\/li>\n<li>Representation in front of the Antimonopoly Office of the Slovak Republic, assessment of concentration<div class=\"gap\" style=\"line-height: 20px; height: 20px;\"><\/div><\/li>\n<\/ul>\n<h4 style=\"text-align: justify;\"><strong>Civil law<\/strong><\/h4>\n<ul style=\"text-align: justify;\">\n<li>Provision of legal advisory in the field of civil law, preparation and assessment of contractual relationships (contracts of sale, lease agreements, pledge agreements)<\/li>\n<li>Provision of legal advisory and preparation of documents in the field of real estate (purchase and sale of flats and non-residential premises, complex lease relationships, establishment of real burden, neighbour&#8217;s disputes), representation of clients in matters of real estate cadastre, in planning and in construction proceeding<\/li>\n<li>Preparation of pre-court requests, applications, preparation of lawsuit actions and representation of clients in front of the general courts or arbitration courts in civil disputes<\/li>\n<li>Enforcement of receivables<div class=\"gap\" style=\"line-height: 20px; height: 20px;\"><\/div><\/li>\n<\/ul>\n<h4 style=\"text-align: justify;\"><strong>Banking, finance and tax law<\/strong><\/h4>\n<ul style=\"text-align: justify;\">\n<li>Legal advisory in the field of securities law, advisory in private and public bonds emissions, securities transfers, capital markets, representation in front of the Central Securities Depository of the Slovak Republic<\/li>\n<li>Legal advisory in execution of trades on capital and financial markets, advisory in matters of securities brokerage and in the field of compliance<\/li>\n<li>Preparation and assessment of credit, leasing and insurance contracts<\/li>\n<li>Cooperation with reputable banking institutions, project financing<\/li>\n<li>Crisis of a company, prohibition of returning fulfilments substituting own resources and possible measures<\/li>\n<li>Representation of clients in proceedings on administrative actions against decisions of tax authorities<\/li>\n<li>Provision of legal advisory in tax matters and in the field of international tax law<\/li>\n<li>State aid and investment incentives<div class=\"gap\" style=\"line-height: 20px; height: 20px;\"><\/div><\/li>\n<\/ul>\n<h4 style=\"text-align: justify;\"><strong>Register of public sector partners<\/strong><\/h4>\n<ul style=\"text-align: justify;\">\n<li>Procurement of first registration or pre-registration of the public sector partner in the register of public sector partners and identification of the ultimate beneficial owner<\/li>\n<li>Continuous verification of identification of the ultimate beneficial owner during the calendar year depending on the so-called verification events and always as of 31 December of the calendar year<div class=\"gap\" style=\"line-height: 20px; height: 20px;\"><\/div><\/li>\n<\/ul>\n<h4 style=\"text-align: justify;\"><strong>Real estates, construction and development projects<\/strong><\/h4>\n<ul style=\"text-align: justify;\">\n<li>Provision of legal advisory and preparation of contractual relationships in the field of real estate (purchase and sale of flats and non-residential premises, complex lease relationships, establishment of real burden)<\/li>\n<li>Preparation of contractual documentation in the process of construction works, contractual relationships between developers and media suppliers<\/li>\n<li>Cooperation with reputable banking institutions, project financing<\/li>\n<li>Representation of clients in planning, construction and cadastral proceeding<\/li>\n<li>Legal due diligence of real estates<div class=\"gap\" style=\"line-height: 20px; height: 20px;\"><\/div><\/li>\n<\/ul>\n<h4 style=\"text-align: justify;\"><strong>Intellectual property law, IT law<\/strong><\/h4>\n<ul style=\"text-align: justify;\">\n<li>Preparation and assessment of different types of contractual relationships in IT sector, software license agreements, sublicenses, service level agreements (SLAs), contracts with cloud service providers<\/li>\n<li>Legal advisory in the field of outsourcing of IT services also for regulated industries (financial institutions)<\/li>\n<li>Legal advisory in the area of domain names, domain name registration and resolution of domain disputes<\/li>\n<li>Preparation and assessment of business terms and conditions and contractual relationships for online service providers, e-commerce operators and mobile application developers<\/li>\n<li>Representation in lawsuits arising from the law of information technology<\/li>\n<li>Legal advisory concerning trademark rights, patent rights and other industrial rights<\/li>\n<li>Registration of trademarks, designs, patents, utility models<\/li>\n<li>Legal advisory in the field of business name protection, personal data protection, GDPR<div class=\"gap\" style=\"line-height: 20px; height: 20px;\"><\/div><\/li>\n<\/ul>\n<h4 style=\"text-align: justify;\"><strong>Labour law<\/strong><\/h4>\n<ul style=\"text-align: justify;\">\n<li>Preparation and assessment of employment agreements, management agreements with executives, agreements on temporary assignment of employees, internal working rules and directives, internal motivation and remuneration systems for employees<\/li>\n<li>Advisory concerning termination of employment relationships, termination of operation of enterprise and collective redundancies<\/li>\n<li>Advisory concerning posting of employees abroad within the Member States of the European Union<\/li>\n<li>Representation in labour law disputes<\/li>\n<li>Advisory in negotiations with trade unions and preparation and assessment of collective agreements<div class=\"gap\" style=\"line-height: 20px; height: 20px;\"><\/div><\/li>\n<\/ul>\n<h4 style=\"text-align: justify;\"><strong>Personal data protection<\/strong><\/h4>\n<ul style=\"text-align: justify;\">\n<li>Legal advisory and assessment of compliance with legislation on personal data protection<\/li>\n<li>Implementation of measures according to General Data Protection Regulation (GDPR) for business companies<\/li>\n<li>Legal advisory in transfer of personal data outside of the Slovak Republic, the security of the personal data of cloud services providers, online service providers, e-commerce operators and mobile application developers<\/li>\n<li>Legal advisory in the area of personality protection of natural person and protection of legal entity&#8217;s good reputation<\/li>\n<li>Representation in proceedings in front of the Office for Personal Data Protection of the Slovak Republic<div class=\"gap\" style=\"line-height: 20px; height: 20px;\"><\/div><\/li>\n<\/ul>\n<h4 style=\"text-align: justify;\"><strong>Migration law<\/strong><\/h4>\n<ul>\n<li style=\"text-align: justify;\">Providing complex legal advisory in obtaining a temporary residence of a third-country national<\/li>\n<li style=\"text-align: justify;\">Legal advisory and legal services in obtaining a tolerated stay<\/li>\n<li style=\"text-align: justify;\">Legal advisory in renewal of a temporary residence granted to a third-country national<\/li>\n<li style=\"text-align: justify;\">Complex legal advisory in obtaining the residence of a citizen of the Member State of the European Union and a family member of a citizen of the Member State of the European Union<\/li>\n<li style=\"text-align: justify;\">Legal services for obtaining the long-term residence, permanent residence for five years and permanent residence for an indefinite period<\/li>\n<li style=\"text-align: justify;\">Representation in proceedings at the Foreign Police<\/li>\n<li style=\"text-align: justify;\">Assistance in filing an application at the Foreign Police as well as in other actions in front of the Foreign Police<\/li>\n<li style=\"text-align: justify;\">Legal services and legal advisory in the field of employment of third-country nationals as well as European Union citizens<\/li>\n<li style=\"text-align: justify;\">Legal services for a third-country nationals and citizens of Member States of the European Union in obtaining a business license as well as in establishing a business company, or in expanding business activities in the Slovak Republic<\/li>\n<\/ul>\n<\/div>[vc_empty_space]<div class=\"templatera_shortcode\"><div class=\"vc_row wpb_row vc_row-fluid dt-default\" style=\"margin-top: 0px;margin-bottom: 0px\"><div class=\"wpb_column vc_column_container vc_col-sm-12\"><div class=\"vc_column-inner\"><div class=\"wpb_wrapper\"><div id=\"ultimate-heading-73669ece3c55a6c1\" class=\"uvc-heading ult-adjust-bottom-margin ultimate-heading-73669ece3c55a6c1 uvc-3743 \" data-hspacer=\"line_only\"  data-halign=\"center\" style=\"text-align:center\"><div class=\"uvc-main-heading ult-responsive\"  data-ultimate-target='.uvc-heading.ultimate-heading-73669ece3c55a6c1 h2'  data-responsive-json-new='{\"font-size\":\"desktop:24px;\",\"line-height\":\"\"}' ><h2 style=\"font-family:&#039;Montserrat&#039;;font-weight:700;color:#000000;\">CONTACT US<\/h2><\/div><div class=\"uvc-heading-spacer line_only\" style=\"margin-top:10px;margin-bottom:10px;height:3px;\"><span class=\"uvc-headings-line\" style=\"border-style:solid;border-bottom-width:3px;border-color:#00A0E3;width:100px;\"><\/span><\/div><div class=\"uvc-sub-heading ult-responsive\"  data-ultimate-target='.uvc-heading.ultimate-heading-73669ece3c55a6c1 .uvc-sub-heading '  data-responsive-json-new='{\"font-size\":\"\",\"line-height\":\"\"}'  style=\"font-weight:normal;\"><strong>Do not hesitate to contact us via the contact form.<\/strong><\/div><\/div>\n\t<div class=\"wpb_text_column wpb_content_element \" >\n\t\t<div class=\"wpb_wrapper\">\n\t\t\t<p style=\"text-align: center;\">Our specialists will be happy to help you.<\/p>\n\n\t\t<\/div>\n\t<\/div>\n<\/div><\/div><\/div><\/div><\/div><div class=\"templatera_shortcode\"><div class=\"vc_row wpb_row vc_row-fluid dt-default\" style=\"margin-top: 0px;margin-bottom: 0px\"><div class=\"wpb_column vc_column_container vc_col-sm-3\"><div class=\"vc_column-inner\"><div class=\"wpb_wrapper\"><\/div><\/div><\/div><div class=\"wpb_column vc_column_container vc_col-sm-6\"><div class=\"vc_column-inner\"><div class=\"wpb_wrapper\"><div class=\" vc_custom_1769777573076 ubtn-ctn-center \"><a class=\"ubtn-link ult-adjust-bottom-margin ubtn-center ubtn-custom \" href=\"https:\/\/www.moore-bdr.sk\/en\/dakujeme-za-vas-zaujem\/\" ><button type=\"button\" id=\"ubtn-2266\"  class=\"ubtn ult-adjust-bottom-margin ult-responsive ubtn-custom ubtn-fade-bg  none  ubtn-sep-icon ubtn-sep-icon-left-push  ubtn-center   tooltip-69ece3c55c3b2\"  data-hover=\"#FFFFFF\" data-border-color=\"\" data-bg=\"#00A0E3\" data-hover-bg=\"#004C6C\" data-border-hover=\"\" data-shadow-hover=\"\" data-shadow-click=\"none\" data-shadow=\"\" data-shd-shadow=\"\"  data-ultimate-target='#ubtn-2266'  data-responsive-json-new='{\"font-size\":\"desktop:18px;\",\"line-height\":\"\"}'  style=\"font-family:&#039;Montserrat&#039;;font-weight:normal;width:350px;min-height:50px;padding:10px px;border:none;background: #00A0E3;color: #FFFFFF;\"><span class=\"ubtn-data ubtn-icon\"><i class=\"icomoon-the7-font-the7-mail-mail-06\" style=\"font-size:24px;color:#FFFFFF;\"><\/i><\/span><span class=\"ubtn-hover\" style=\"background-color:#004C6C\"><\/span><span class=\"ubtn-data ubtn-text \" >CONTACT FORM<\/span><\/button><\/a><\/div><\/div><\/div><\/div><div class=\"wpb_column vc_column_container vc_col-sm-3\"><div class=\"vc_column-inner\"><div class=\"wpb_wrapper\"><\/div><\/div><\/div><\/div><\/div>[\/vc_column][vc_column width=&#8221;1\/3&#8243;][vc_widget_sidebar show_bg=&#8221;false&#8221; sidebar_id=&#8221;sidebar_3&#8243; el_class=&#8221;bocnalista&#8221;][\/vc_column][\/vc_row]<\/p>\n<\/div>","protected":false},"excerpt":{"rendered":"<p>LEGAL SERVICES Our company cooperates with several reputable law firms, and we can procure you especially following legal services: Business and corporate law Provision of full legal advisory in establishment and operation of business companies and co-operatives Organization and representation at company&#8217;s general meetings, protection of rights of minority partners and shareholders Legal advisory in&hellip;<\/p>\n","protected":false},"author":1,"featured_media":0,"parent":17,"menu_order":0,"comment_status":"closed","ping_status":"closed","template":"","meta":{"inline_featured_image":false,"footnotes":""},"class_list":["post-48","page","type-page","status-publish","hentry","description-off"],"yoast_head":"<!-- This site is optimized with the Yoast SEO plugin v26.1.1 - https:\/\/yoast.com\/wordpress\/plugins\/seo\/ -->\n<title>Legal Services - Moore BDR s. r. o.<\/title>\n<meta name=\"robots\" content=\"index, follow, max-snippet:-1, max-image-preview:large, max-video-preview:-1\" \/>\n<link rel=\"canonical\" href=\"https:\/\/www.moore-bdr.sk\/sluzby\/pravne-sluzby\/\" \/>\n<meta property=\"og:locale\" content=\"en_US\" \/>\n<meta property=\"og:type\" content=\"article\" \/>\n<meta property=\"og:title\" content=\"[:sk]Pr\u00e1vne slu\u017eby[:en]Legal Services[:de]Rechtsdienstleistungen[:] - Moore BDR s. r. o.\" \/>\n<meta property=\"og:url\" content=\"https:\/\/www.moore-bdr.sk\/sluzby\/pravne-sluzby\/\" \/>\n<meta property=\"og:site_name\" content=\"Moore BDR s. r. o.\" \/>\n<meta property=\"article:modified_time\" content=\"2026-03-24T07:41:11+00:00\" \/>\n<meta property=\"og:image\" content=\"https:\/\/www.moore-bdr.sk\/typo3\/clear.gif\" \/>\n<meta name=\"twitter:card\" content=\"summary_large_image\" \/>\n<meta name=\"twitter:label1\" content=\"Est. reading time\" \/>\n\t<meta name=\"twitter:data1\" content=\"7 minutes\" \/>\n<script type=\"application\/ld+json\" class=\"yoast-schema-graph\">{\"@context\":\"https:\/\/schema.org\",\"@graph\":[{\"@type\":\"WebPage\",\"@id\":\"https:\/\/www.moore-bdr.sk\/sluzby\/pravne-sluzby\/\",\"url\":\"https:\/\/www.moore-bdr.sk\/sluzby\/pravne-sluzby\/\",\"name\":\"[:sk]Pr\u00e1vne slu\u017eby[:en]Legal Services[:de]Rechtsdienstleistungen[:] - Moore BDR s. r. o.\",\"isPartOf\":{\"@id\":\"https:\/\/www.moore-bdr.sk\/#website\"},\"primaryImageOfPage\":{\"@id\":\"https:\/\/www.moore-bdr.sk\/sluzby\/pravne-sluzby\/#primaryimage\"},\"image\":{\"@id\":\"https:\/\/www.moore-bdr.sk\/sluzby\/pravne-sluzby\/#primaryimage\"},\"thumbnailUrl\":\"https:\/\/www.moore-bdr.sk\/typo3\/clear.gif\",\"datePublished\":\"2016-11-19T18:26:27+00:00\",\"dateModified\":\"2026-03-24T07:41:11+00:00\",\"breadcrumb\":{\"@id\":\"https:\/\/www.moore-bdr.sk\/sluzby\/pravne-sluzby\/#breadcrumb\"},\"inLanguage\":\"en-US\",\"potentialAction\":[{\"@type\":\"ReadAction\",\"target\":[\"https:\/\/www.moore-bdr.sk\/sluzby\/pravne-sluzby\/\"]}]},{\"@type\":\"ImageObject\",\"inLanguage\":\"en-US\",\"@id\":\"https:\/\/www.moore-bdr.sk\/sluzby\/pravne-sluzby\/#primaryimage\",\"url\":\"https:\/\/www.moore-bdr.sk\/typo3\/clear.gif\",\"contentUrl\":\"https:\/\/www.moore-bdr.sk\/typo3\/clear.gif\"},{\"@type\":\"BreadcrumbList\",\"@id\":\"https:\/\/www.moore-bdr.sk\/sluzby\/pravne-sluzby\/#breadcrumb\",\"itemListElement\":[{\"@type\":\"ListItem\",\"position\":1,\"name\":\"Domovsk\u00e1 str\u00e1nka\",\"item\":\"https:\/\/www.moore-bdr.sk\/\"},{\"@type\":\"ListItem\",\"position\":2,\"name\":\"Slu\u017eby\",\"item\":\"https:\/\/www.moore-bdr.sk\/sluzby\/\"},{\"@type\":\"ListItem\",\"position\":3,\"name\":\"Pr\u00e1vne slu\u017eby\"}]},{\"@type\":\"WebSite\",\"@id\":\"https:\/\/www.moore-bdr.sk\/#website\",\"url\":\"https:\/\/www.moore-bdr.sk\/\",\"name\":\"Moore BDR s. r. o.\",\"description\":\"Na\u0161e portf\u00f3lio zah\u0155\u0148a: audit \u00fa\u010dtovn\u00edctva, da\u0148ov\u00e9 poradenstvo, f\u00fazie, akviz\u00edcie, Due diligence, Bratislava, Bansk\u00e1 Bystrica\",\"potentialAction\":[{\"@type\":\"SearchAction\",\"target\":{\"@type\":\"EntryPoint\",\"urlTemplate\":\"https:\/\/www.moore-bdr.sk\/?s={search_term_string}\"},\"query-input\":{\"@type\":\"PropertyValueSpecification\",\"valueRequired\":true,\"valueName\":\"search_term_string\"}}],\"inLanguage\":\"en-US\"}]}<\/script>\n<!-- \/ Yoast SEO plugin. -->","yoast_head_json":{"title":"[:sk]Pr\u00e1vne slu\u017eby[:en]Legal Services[:de]Rechtsdienstleistungen[:] - Moore BDR s. r. o.","robots":{"index":"index","follow":"follow","max-snippet":"max-snippet:-1","max-image-preview":"max-image-preview:large","max-video-preview":"max-video-preview:-1"},"canonical":"https:\/\/www.moore-bdr.sk\/sluzby\/pravne-sluzby\/","og_locale":"en_US","og_type":"article","og_title":"[:sk]Pr\u00e1vne slu\u017eby[:en]Legal Services[:de]Rechtsdienstleistungen[:] - Moore BDR s. r. o.","og_url":"https:\/\/www.moore-bdr.sk\/sluzby\/pravne-sluzby\/","og_site_name":"Moore BDR s. r. o.","article_modified_time":"2026-03-24T07:41:11+00:00","og_image":[{"url":"https:\/\/www.moore-bdr.sk\/typo3\/clear.gif","type":"","width":"","height":""}],"twitter_card":"summary_large_image","twitter_misc":{"Est. reading time":"7 minutes"},"schema":{"@context":"https:\/\/schema.org","@graph":[{"@type":"WebPage","@id":"https:\/\/www.moore-bdr.sk\/sluzby\/pravne-sluzby\/","url":"https:\/\/www.moore-bdr.sk\/sluzby\/pravne-sluzby\/","name":"[:sk]Pr\u00e1vne slu\u017eby[:en]Legal Services[:de]Rechtsdienstleistungen[:] - Moore BDR s. r. o.","isPartOf":{"@id":"https:\/\/www.moore-bdr.sk\/#website"},"primaryImageOfPage":{"@id":"https:\/\/www.moore-bdr.sk\/sluzby\/pravne-sluzby\/#primaryimage"},"image":{"@id":"https:\/\/www.moore-bdr.sk\/sluzby\/pravne-sluzby\/#primaryimage"},"thumbnailUrl":"https:\/\/www.moore-bdr.sk\/typo3\/clear.gif","datePublished":"2016-11-19T18:26:27+00:00","dateModified":"2026-03-24T07:41:11+00:00","breadcrumb":{"@id":"https:\/\/www.moore-bdr.sk\/sluzby\/pravne-sluzby\/#breadcrumb"},"inLanguage":"en-US","potentialAction":[{"@type":"ReadAction","target":["https:\/\/www.moore-bdr.sk\/sluzby\/pravne-sluzby\/"]}]},{"@type":"ImageObject","inLanguage":"en-US","@id":"https:\/\/www.moore-bdr.sk\/sluzby\/pravne-sluzby\/#primaryimage","url":"https:\/\/www.moore-bdr.sk\/typo3\/clear.gif","contentUrl":"https:\/\/www.moore-bdr.sk\/typo3\/clear.gif"},{"@type":"BreadcrumbList","@id":"https:\/\/www.moore-bdr.sk\/sluzby\/pravne-sluzby\/#breadcrumb","itemListElement":[{"@type":"ListItem","position":1,"name":"Domovsk\u00e1 str\u00e1nka","item":"https:\/\/www.moore-bdr.sk\/"},{"@type":"ListItem","position":2,"name":"Slu\u017eby","item":"https:\/\/www.moore-bdr.sk\/sluzby\/"},{"@type":"ListItem","position":3,"name":"Pr\u00e1vne slu\u017eby"}]},{"@type":"WebSite","@id":"https:\/\/www.moore-bdr.sk\/#website","url":"https:\/\/www.moore-bdr.sk\/","name":"Moore BDR s. r. o.","description":"Na\u0161e portf\u00f3lio zah\u0155\u0148a: audit \u00fa\u010dtovn\u00edctva, da\u0148ov\u00e9 poradenstvo, f\u00fazie, akviz\u00edcie, Due diligence, Bratislava, Bansk\u00e1 Bystrica","potentialAction":[{"@type":"SearchAction","target":{"@type":"EntryPoint","urlTemplate":"https:\/\/www.moore-bdr.sk\/?s={search_term_string}"},"query-input":{"@type":"PropertyValueSpecification","valueRequired":true,"valueName":"search_term_string"}}],"inLanguage":"en-US"}]}},"_links":{"self":[{"href":"https:\/\/www.moore-bdr.sk\/en\/wp-json\/wp\/v2\/pages\/48","targetHints":{"allow":["GET"]}}],"collection":[{"href":"https:\/\/www.moore-bdr.sk\/en\/wp-json\/wp\/v2\/pages"}],"about":[{"href":"https:\/\/www.moore-bdr.sk\/en\/wp-json\/wp\/v2\/types\/page"}],"author":[{"embeddable":true,"href":"https:\/\/www.moore-bdr.sk\/en\/wp-json\/wp\/v2\/users\/1"}],"replies":[{"embeddable":true,"href":"https:\/\/www.moore-bdr.sk\/en\/wp-json\/wp\/v2\/comments?post=48"}],"version-history":[{"count":49,"href":"https:\/\/www.moore-bdr.sk\/en\/wp-json\/wp\/v2\/pages\/48\/revisions"}],"predecessor-version":[{"id":9716,"href":"https:\/\/www.moore-bdr.sk\/en\/wp-json\/wp\/v2\/pages\/48\/revisions\/9716"}],"up":[{"embeddable":true,"href":"https:\/\/www.moore-bdr.sk\/en\/wp-json\/wp\/v2\/pages\/17"}],"wp:attachment":[{"href":"https:\/\/www.moore-bdr.sk\/en\/wp-json\/wp\/v2\/media?parent=48"}],"curies":[{"name":"wp","href":"https:\/\/api.w.org\/{rel}","templated":true}]}}