{"id":52,"date":"2016-11-19T20:34:59","date_gmt":"2016-11-19T18:34:59","guid":{"rendered":"https:\/\/www.moore-bdr.sk\/?page_id=52"},"modified":"2025-08-20T09:40:55","modified_gmt":"2025-08-20T07:40:55","slug":"german-desk","status":"publish","type":"page","link":"https:\/\/www.moore-bdr.sk\/en\/sluzby\/german-desk\/","title":{"rendered":"German Desk"},"content":{"rendered":"<div class=\"wpb-content-wrapper\"><p>[vc_row type=&#8221;vc_default&#8221; margin_top=&#8221;-50&#8243; bg_type=&#8221;image&#8221; parallax_style=&#8221;vcpb-default&#8221; bg_image_new=&#8221;id^124|url^https:\/\/www.moore-bdr.sk\/wp-content\/uploads\/2016\/11\/02.jpg|caption^null|alt^null|title^02|description^null&#8221; bg_image_repeat=&#8221;no-repeat&#8221; bg_override=&#8221;full&#8221; min_height=&#8221;350&#8243;][vc_column]<div class=\"ult-spacer spacer-69ecf5648212e\" data-id=\"69ecf5648212e\" data-height=\"130\" data-height-mobile=\"30\" data-height-tab=\"80\" data-height-tab-portrait=\"80\" data-height-mobile-landscape=\"30\" style=\"clear:both;display:block;\"><\/div><div id=\"ultimate-heading-823869ecf56482169\" class=\"uvc-heading ult-adjust-bottom-margin ultimate-heading-823869ecf56482169 uvc-9025 \" data-hspacer=\"no_spacer\"  data-halign=\"left\" style=\"text-align:left\"><div class=\"uvc-heading-spacer no_spacer\" style=\"top\"><\/div><div class=\"uvc-main-heading ult-responsive\"  data-ultimate-target='.uvc-heading.ultimate-heading-823869ecf56482169 h2'  data-responsive-json-new='{\"font-size\":\"desktop:36px;\",\"line-height\":\"\"}' ><h2 style=\"font-weight:bold;color:#ffffff;\">GERMAN DESK<\/h2><\/div><\/div><div class=\"ult-spacer spacer-69ecf564821ce\" data-id=\"69ecf564821ce\" data-height=\"150\" data-height-mobile=\"50\" data-height-tab=\"100\" data-height-tab-portrait=\"100\" data-height-mobile-landscape=\"50\" style=\"clear:both;display:block;\"><\/div>[\/vc_column][\/vc_row][vc_row][vc_column]<style type=\"text\/css\" data-type=\"the7_shortcodes-inline-css\">.dt-breadcrumbs-id-3d8bcd3afc1ebaf9aeff37816dff855f .breadcrumbs {\n  display: inline-block;\n  margin: 0;\n  padding: 2px 10px 2px 10px;\n  border: 0px solid ;\n  border-radius: 0px;\n}\n.dt-breadcrumbs-id-3d8bcd3afc1ebaf9aeff37816dff855f .breadcrumbs * {\n  color: #485daa;\n}\n<\/style><div class=\"dt-breadcrumbs-shortcode dt-breadcrumbs-id-3d8bcd3afc1ebaf9aeff37816dff855f align-left\"><div class=\"assistive-text\">You are here:<\/div><ol class=\"breadcrumbs text-small\" itemscope itemtype=\"https:\/\/schema.org\/BreadcrumbList\"><li itemprop=\"itemListElement\" itemscope itemtype=\"https:\/\/schema.org\/ListItem\"><a itemprop=\"item\" href=\"https:\/\/www.moore-bdr.sk\/en\/\" title=\"Home\"><span itemprop=\"name\">Home<\/span><\/a><meta itemprop=\"position\" content=\"1\" \/><\/li><li class=\"current\" itemprop=\"itemListElement\" itemscope itemtype=\"https:\/\/schema.org\/ListItem\"><span itemprop=\"name\">Page<\/span><meta itemprop=\"position\" content=\"2\" \/><\/li><\/ol><\/div>[vc_empty_space height=&#8221;20px&#8221;][vc_separator][\/vc_column][\/vc_row][vc_row][vc_column width=&#8221;2\/3&#8243;][vc_column_text css=&#8221;&#8221;]<\/p>\n<p style=\"text-align: justify;\">Moore Global regional network \u2013 support and information center, provides:<\/p>\n<ul style=\"text-align: justify;\">\n<li>Support for clients abroad<\/li>\n<li>Services for German-speaking clients<\/li>\n<li>Comprehensive consulting for those who want to enter the German market<\/li>\n<\/ul>\n<p style=\"text-align: justify;\">German-speaking consultants in the German Desk department at all foreign branches provide targeted support for market entry using a local network of chambers of commerce, tax advisors, legal advisors, and consulting firms.<\/p>\n<p style=\"text-align: justify;\">Your personal advisor remains your contact person, coordinating the involvement of advisors and experts within the Moore Global worldwide network based on your requirements and ideas.<\/p>\n<p style=\"text-align: justify;\">Contact Moore Global branches in the following regions in German-speaking countries:<\/p>\n<ul>\n<li style=\"text-align: justify;\"><a href=\"https:\/\/moore-tk.de\" target=\"_blank\" rel=\"noopener\"><strong>Germany<\/strong><\/a> \u2013 Moore Treuhand Kufpfalz GmbH<\/li>\n<li style=\"text-align: justify;\"><strong><a href=\"https:\/\/www.mooreskz.at\" target=\"_blank\" rel=\"noopener\">Austria<\/a><\/strong> &#8211; MOORE SKZ Wirtschaftspr\u00fcfung Steuerberatung GmbH<\/li>\n<\/ul>\n<p>[\/vc_column_text][\/vc_column][vc_column width=&#8221;1\/3&#8243;][vc_widget_sidebar show_bg=&#8221;false&#8221; sidebar_id=&#8221;sidebar_3&#8243; el_class=&#8221;bocnalista&#8221;][\/vc_column][\/vc_row]<\/p>\n<\/div>","protected":false},"excerpt":{"rendered":"<p>[vc_row type=&#8221;vc_default&#8221; margin_top=&#8221;-50&#8243; bg_type=&#8221;image&#8221; parallax_style=&#8221;vcpb-default&#8221; bg_image_new=&#8221;id^124|url^https:\/\/www.moore-bdr.sk\/wp-content\/uploads\/2016\/11\/02.jpg|caption^null|alt^null|title^02|description^null&#8221; bg_image_repeat=&#8221;no-repeat&#8221; bg_override=&#8221;full&#8221; min_height=&#8221;350&#8243;][vc_column][\/vc_column][\/vc_row][vc_row][vc_column][vc_empty_space height=&#8221;20px&#8221;][vc_separator][\/vc_column][\/vc_row][vc_row][vc_column width=&#8221;2\/3&#8243;][vc_column_text css=&#8221;&#8221;] Moore Global regional network \u2013 support and information center, provides: Support for clients abroad Services for German-speaking clients Comprehensive consulting for those who want to enter the German market German-speaking consultants in the German Desk department at all foreign branches provide targeted support&hellip;<\/p>\n","protected":false},"author":1,"featured_media":0,"parent":17,"menu_order":0,"comment_status":"closed","ping_status":"closed","template":"","meta":{"inline_featured_image":false,"footnotes":""},"class_list":["post-52","page","type-page","status-publish","hentry","description-off"],"yoast_head":"<!-- This site is optimized with the Yoast SEO plugin v26.1.1 - https:\/\/yoast.com\/wordpress\/plugins\/seo\/ -->\n<title>German Desk - Moore BDR s. r. o.<\/title>\n<meta name=\"robots\" content=\"index, follow, max-snippet:-1, max-image-preview:large, max-video-preview:-1\" \/>\n<link rel=\"canonical\" href=\"https:\/\/www.moore-bdr.sk\/sluzby\/german-desk\/\" \/>\n<meta property=\"og:locale\" content=\"en_US\" \/>\n<meta property=\"og:type\" content=\"article\" \/>\n<meta property=\"og:title\" content=\"German Desk - Moore BDR s. r. o.\" \/>\n<meta property=\"og:description\" content=\"[vc_row type=&#8221;vc_default&#8221; margin_top=&#8221;-50&#8243; bg_type=&#8221;image&#8221; parallax_style=&#8221;vcpb-default&#8221; bg_image_new=&#8221;id^124|url^https:\/\/www.moore-bdr.sk\/wp-content\/uploads\/2016\/11\/02.jpg|caption^null|alt^null|title^02|description^null&#8221; bg_image_repeat=&#8221;no-repeat&#8221; bg_override=&#8221;full&#8221; min_height=&#8221;350&#8243;][vc_column][\/vc_column][\/vc_row][vc_row][vc_column][vc_empty_space height=&#8221;20px&#8221;][vc_separator][\/vc_column][\/vc_row][vc_row][vc_column width=&#8221;2\/3&#8243;][vc_column_text css=&#8221;&#8221;] Moore Global regional network \u2013 support and information center, provides: Support for clients abroad Services for German-speaking clients Comprehensive consulting for those who want to enter the German market German-speaking consultants in the German Desk department at all foreign branches provide targeted support&hellip;\" \/>\n<meta property=\"og:url\" content=\"https:\/\/www.moore-bdr.sk\/sluzby\/german-desk\/\" \/>\n<meta property=\"og:site_name\" content=\"Moore BDR s. r. o.\" \/>\n<meta property=\"article:modified_time\" content=\"2025-08-20T07:40:55+00:00\" \/>\n<meta name=\"twitter:card\" content=\"summary_large_image\" \/>\n<meta name=\"twitter:label1\" content=\"Est. reading time\" \/>\n\t<meta name=\"twitter:data1\" content=\"1 minute\" \/>\n<script type=\"application\/ld+json\" class=\"yoast-schema-graph\">{\"@context\":\"https:\/\/schema.org\",\"@graph\":[{\"@type\":\"WebPage\",\"@id\":\"https:\/\/www.moore-bdr.sk\/sluzby\/german-desk\/\",\"url\":\"https:\/\/www.moore-bdr.sk\/sluzby\/german-desk\/\",\"name\":\"German Desk - Moore BDR s. r. o.\",\"isPartOf\":{\"@id\":\"https:\/\/www.moore-bdr.sk\/#website\"},\"datePublished\":\"2016-11-19T18:34:59+00:00\",\"dateModified\":\"2025-08-20T07:40:55+00:00\",\"breadcrumb\":{\"@id\":\"https:\/\/www.moore-bdr.sk\/sluzby\/german-desk\/#breadcrumb\"},\"inLanguage\":\"en-US\",\"potentialAction\":[{\"@type\":\"ReadAction\",\"target\":[\"https:\/\/www.moore-bdr.sk\/sluzby\/german-desk\/\"]}]},{\"@type\":\"BreadcrumbList\",\"@id\":\"https:\/\/www.moore-bdr.sk\/sluzby\/german-desk\/#breadcrumb\",\"itemListElement\":[{\"@type\":\"ListItem\",\"position\":1,\"name\":\"Domovsk\u00e1 str\u00e1nka\",\"item\":\"https:\/\/www.moore-bdr.sk\/\"},{\"@type\":\"ListItem\",\"position\":2,\"name\":\"Slu\u017eby\",\"item\":\"https:\/\/www.moore-bdr.sk\/sluzby\/\"},{\"@type\":\"ListItem\",\"position\":3,\"name\":\"German Desk\"}]},{\"@type\":\"WebSite\",\"@id\":\"https:\/\/www.moore-bdr.sk\/#website\",\"url\":\"https:\/\/www.moore-bdr.sk\/\",\"name\":\"Moore BDR s. r. o.\",\"description\":\"Na\u0161e portf\u00f3lio zah\u0155\u0148a: audit \u00fa\u010dtovn\u00edctva, da\u0148ov\u00e9 poradenstvo, f\u00fazie, akviz\u00edcie, Due diligence, Bratislava, Bansk\u00e1 Bystrica\",\"potentialAction\":[{\"@type\":\"SearchAction\",\"target\":{\"@type\":\"EntryPoint\",\"urlTemplate\":\"https:\/\/www.moore-bdr.sk\/?s={search_term_string}\"},\"query-input\":{\"@type\":\"PropertyValueSpecification\",\"valueRequired\":true,\"valueName\":\"search_term_string\"}}],\"inLanguage\":\"en-US\"}]}<\/script>\n<!-- \/ Yoast SEO plugin. -->","yoast_head_json":{"title":"German Desk - Moore BDR s. r. o.","robots":{"index":"index","follow":"follow","max-snippet":"max-snippet:-1","max-image-preview":"max-image-preview:large","max-video-preview":"max-video-preview:-1"},"canonical":"https:\/\/www.moore-bdr.sk\/sluzby\/german-desk\/","og_locale":"en_US","og_type":"article","og_title":"German Desk - Moore BDR s. r. o.","og_description":"[vc_row type=&#8221;vc_default&#8221; margin_top=&#8221;-50&#8243; bg_type=&#8221;image&#8221; parallax_style=&#8221;vcpb-default&#8221; bg_image_new=&#8221;id^124|url^https:\/\/www.moore-bdr.sk\/wp-content\/uploads\/2016\/11\/02.jpg|caption^null|alt^null|title^02|description^null&#8221; bg_image_repeat=&#8221;no-repeat&#8221; bg_override=&#8221;full&#8221; min_height=&#8221;350&#8243;][vc_column][\/vc_column][\/vc_row][vc_row][vc_column][vc_empty_space height=&#8221;20px&#8221;][vc_separator][\/vc_column][\/vc_row][vc_row][vc_column width=&#8221;2\/3&#8243;][vc_column_text css=&#8221;&#8221;] Moore Global regional network \u2013 support and information center, provides: Support for clients abroad Services for German-speaking clients Comprehensive consulting for those who want to enter the German market German-speaking consultants in the German Desk department at all foreign branches provide targeted support&hellip;","og_url":"https:\/\/www.moore-bdr.sk\/sluzby\/german-desk\/","og_site_name":"Moore BDR s. r. o.","article_modified_time":"2025-08-20T07:40:55+00:00","twitter_card":"summary_large_image","twitter_misc":{"Est. reading time":"1 minute"},"schema":{"@context":"https:\/\/schema.org","@graph":[{"@type":"WebPage","@id":"https:\/\/www.moore-bdr.sk\/sluzby\/german-desk\/","url":"https:\/\/www.moore-bdr.sk\/sluzby\/german-desk\/","name":"German Desk - Moore BDR s. r. o.","isPartOf":{"@id":"https:\/\/www.moore-bdr.sk\/#website"},"datePublished":"2016-11-19T18:34:59+00:00","dateModified":"2025-08-20T07:40:55+00:00","breadcrumb":{"@id":"https:\/\/www.moore-bdr.sk\/sluzby\/german-desk\/#breadcrumb"},"inLanguage":"en-US","potentialAction":[{"@type":"ReadAction","target":["https:\/\/www.moore-bdr.sk\/sluzby\/german-desk\/"]}]},{"@type":"BreadcrumbList","@id":"https:\/\/www.moore-bdr.sk\/sluzby\/german-desk\/#breadcrumb","itemListElement":[{"@type":"ListItem","position":1,"name":"Domovsk\u00e1 str\u00e1nka","item":"https:\/\/www.moore-bdr.sk\/"},{"@type":"ListItem","position":2,"name":"Slu\u017eby","item":"https:\/\/www.moore-bdr.sk\/sluzby\/"},{"@type":"ListItem","position":3,"name":"German Desk"}]},{"@type":"WebSite","@id":"https:\/\/www.moore-bdr.sk\/#website","url":"https:\/\/www.moore-bdr.sk\/","name":"Moore BDR s. r. o.","description":"Na\u0161e portf\u00f3lio zah\u0155\u0148a: audit \u00fa\u010dtovn\u00edctva, da\u0148ov\u00e9 poradenstvo, f\u00fazie, akviz\u00edcie, Due diligence, Bratislava, Bansk\u00e1 Bystrica","potentialAction":[{"@type":"SearchAction","target":{"@type":"EntryPoint","urlTemplate":"https:\/\/www.moore-bdr.sk\/?s={search_term_string}"},"query-input":{"@type":"PropertyValueSpecification","valueRequired":true,"valueName":"search_term_string"}}],"inLanguage":"en-US"}]}},"_links":{"self":[{"href":"https:\/\/www.moore-bdr.sk\/en\/wp-json\/wp\/v2\/pages\/52","targetHints":{"allow":["GET"]}}],"collection":[{"href":"https:\/\/www.moore-bdr.sk\/en\/wp-json\/wp\/v2\/pages"}],"about":[{"href":"https:\/\/www.moore-bdr.sk\/en\/wp-json\/wp\/v2\/types\/page"}],"author":[{"embeddable":true,"href":"https:\/\/www.moore-bdr.sk\/en\/wp-json\/wp\/v2\/users\/1"}],"replies":[{"embeddable":true,"href":"https:\/\/www.moore-bdr.sk\/en\/wp-json\/wp\/v2\/comments?post=52"}],"version-history":[{"count":34,"href":"https:\/\/www.moore-bdr.sk\/en\/wp-json\/wp\/v2\/pages\/52\/revisions"}],"predecessor-version":[{"id":9214,"href":"https:\/\/www.moore-bdr.sk\/en\/wp-json\/wp\/v2\/pages\/52\/revisions\/9214"}],"up":[{"embeddable":true,"href":"https:\/\/www.moore-bdr.sk\/en\/wp-json\/wp\/v2\/pages\/17"}],"wp:attachment":[{"href":"https:\/\/www.moore-bdr.sk\/en\/wp-json\/wp\/v2\/media?parent=52"}],"curies":[{"name":"wp","href":"https:\/\/api.w.org\/{rel}","templated":true}]}}