{"id":5999,"date":"2022-01-28T11:29:44","date_gmt":"2022-01-28T09:29:44","guid":{"rendered":"https:\/\/www.moore-bdr.sk\/?page_id=5999"},"modified":"2025-08-18T16:38:23","modified_gmt":"2025-08-18T14:38:23","slug":"danova-optimalizacia-v-oblasti-inovacii-a-vyskumu-a-vyvoja","status":"publish","type":"page","link":"https:\/\/www.moore-bdr.sk\/en\/danova-optimalizacia-v-oblasti-inovacii-a-vyskumu-a-vyvoja\/","title":{"rendered":"Innovation consulting"},"content":{"rendered":"<div class=\"wpb-content-wrapper\"><p>[vc_row type=&#8221;vc_default&#8221; margin_top=&#8221;-50&#8243; bg_type=&#8221;image&#8221; parallax_style=&#8221;vcpb-default&#8221; bg_image_new=&#8221;id^4695|url^https:\/\/www.moore-bdr.sk\/wp-content\/uploads\/2021\/05\/insights-12.jpg|caption^null|alt^null|title^insights 12|description^null&#8221; bg_image_repeat=&#8221;no-repeat&#8221; bg_override=&#8221;full&#8221; min_height=&#8221;350&#8243;][vc_column]<div class=\"ult-spacer spacer-69ece42418ac1\" data-id=\"69ece42418ac1\" data-height=\"130\" data-height-mobile=\"30\" data-height-tab=\"80\" data-height-tab-portrait=\"80\" data-height-mobile-landscape=\"30\" style=\"clear:both;display:block;\"><\/div><div id=\"ultimate-heading-343069ece42418b02\" class=\"uvc-heading ult-adjust-bottom-margin ultimate-heading-343069ece42418b02 uvc-5999 \" data-hspacer=\"no_spacer\"  data-halign=\"left\" style=\"text-align:left\"><div class=\"uvc-heading-spacer no_spacer\" style=\"top\"><\/div><div class=\"uvc-main-heading ult-responsive\"  data-ultimate-target='.uvc-heading.ultimate-heading-343069ece42418b02 h2'  data-responsive-json-new='{\"font-size\":\"desktop:36px;\",\"line-height\":\"\"}' ><h2 style=\"font-weight:bold;color:#ffffff;\">INNOVATION CONSULTING<\/h2><\/div><\/div><div class=\"ult-spacer spacer-69ece42418b86\" data-id=\"69ece42418b86\" data-height=\"150\" data-height-mobile=\"50\" data-height-tab=\"100\" data-height-tab-portrait=\"100\" data-height-mobile-landscape=\"50\" style=\"clear:both;display:block;\"><\/div>[\/vc_column][\/vc_row][vc_row][vc_column]<style type=\"text\/css\" data-type=\"the7_shortcodes-inline-css\">.dt-breadcrumbs-id-3d8bcd3afc1ebaf9aeff37816dff855f .breadcrumbs {\n  display: inline-block;\n  margin: 0;\n  padding: 2px 10px 2px 10px;\n  border: 0px solid ;\n  border-radius: 0px;\n}\n.dt-breadcrumbs-id-3d8bcd3afc1ebaf9aeff37816dff855f .breadcrumbs * {\n  color: #485daa;\n}\n<\/style><div class=\"dt-breadcrumbs-shortcode dt-breadcrumbs-id-3d8bcd3afc1ebaf9aeff37816dff855f align-left\"><div class=\"assistive-text\">You are here:<\/div><ol class=\"breadcrumbs text-small\" itemscope itemtype=\"https:\/\/schema.org\/BreadcrumbList\"><li itemprop=\"itemListElement\" itemscope itemtype=\"https:\/\/schema.org\/ListItem\"><a itemprop=\"item\" href=\"https:\/\/www.moore-bdr.sk\/en\/\" title=\"Home\"><span itemprop=\"name\">Home<\/span><\/a><meta itemprop=\"position\" content=\"1\" \/><\/li><li class=\"current\" itemprop=\"itemListElement\" itemscope itemtype=\"https:\/\/schema.org\/ListItem\"><span itemprop=\"name\">Page<\/span><meta itemprop=\"position\" content=\"2\" \/><\/li><\/ol><\/div>[vc_empty_space height=&#8221;20px&#8221;][vc_separator][\/vc_column][\/vc_row][vc_row anchor=&#8221;patentbox&#8221;][vc_column width=&#8221;2\/3&#8243;][vc_column_text css=&#8221;.vc_custom_1644309267826{margin-bottom: 0px !important;border-bottom-width: 0px !important;padding-bottom: 0px !important;}&#8221;]<\/p>\n<p style=\"text-align: justify;\"><strong><span style=\"font-size: 18px; color: #00a0e3;\">Patent box<\/span><\/strong><\/p>\n<p style=\"text-align: justify;\"><strong>Patent box<\/strong> is a special tax regime designed for legal entities effective from 1 January 2018. Its benefit consists in the tax exemption of part of the income derived from intangible assets which are the result of the taxpayer&#8217;s own development activities.<\/p>\n<p style=\"text-align: justify;\">Under the patent box regime, the taxpayer can exempt up to 50% of income (revenue) derived from:<\/p>\n<ol style=\"text-align: justify;\">\n<li><strong>remuneration for granting the right to use registered patents, utility models and software<\/strong> which are the result of the taxpayer&#8217;s own development activities in Slovakia.<\/li>\n<li><strong>the sale of products in the manufacture of which a patent or utility model<\/strong> has been used and which have been created by the taxpayer in the course of an activity carried out in Slovakia.<\/li>\n<\/ol>\n<p style=\"text-align: justify;\">The patent box can be used by legal entities and permanent establishments taxed in the Slovak Republic.<\/p>\n<p style=\"text-align: justify;\"><strong>Conditions for the application of the patent box regime:<\/strong><\/p>\n<ul style=\"text-align: justify;\">\n<li><strong>keeping obligatory records<\/strong> of the costs incurred (including activation costs) in the development of the invention, technical solution or software and of the costs of intangible results of research and development procured from another person which have been incurred in connection with the development of the invention, technical solution or software;<\/li>\n<li>intangible assets from which the income is derived<strong> are part of the taxpayer&#8217;s property<\/strong>;<\/li>\n<li><strong>activation of costs <\/strong>on the development of patents, utility models or software;<\/li>\n<li><strong>reduction of the exemption<\/strong> where the intangible assets were acquired in cooperation with another person.<\/li>\n<\/ul>\n<p style=\"text-align: justify;\"><strong>Application of the exemption under the patent box regime<\/strong><\/p>\n<p style=\"text-align: justify;\">The tax benefit offered by the patent box regime is claimed by the taxpayer in his <strong>tax return<\/strong> for the tax periods <strong>in which he claims depreciation on the intangible asset<\/strong>.<\/p>\n<p>[\/vc_column_text][vc_empty_space][vc_column_text css=&#8221;.vc_custom_1644309305034{margin-top: 0px !important;border-top-width: 0px !important;padding-top: 0px !important;}&#8221;]<\/p>\n<p style=\"text-align: justify;\"><strong><span style=\"font-size: 18px; color: #00a0e3;\">Deduction of R&amp;D expenses, the super-deduction<\/span><\/strong><\/p>\n<p style=\"text-align: justify;\">The R&amp;D super-deduction is another type of tax benefit designed to encourage private investment in R&amp;D. The support does not consist in tax relief or an exemption of certain income, but in the reimbursement of costs invested in research and development.<\/p>\n<p style=\"text-align: justify;\">Taxpayers can claim a deduction for R&amp;D expenditure from 2015.<\/p>\n<p style=\"text-align: justify;\">The <strong>amount<\/strong> of the deduction has been gradually increased since 2015 from 25% to up to 200% of R&amp;D costs in 2021. From 2022, the deduction rate has been reduced to 100%, which will apply to the deduction of R&amp;D costs incurred in the tax year beginning on 1 January 2022 at the earliest.<\/p>\n<p style=\"text-align: justify;\">The super-deduction is designed for R&amp;D costs incurred by taxpayers for research and development activities. The deduction cannot be claimed for expenditure on services, licences and intangible results of research and development procured from others, except for expenditure on:<\/p>\n<ul style=\"text-align: justify;\">\n<li>services from the Slovak Academy of Sciences, public and state universities or legal persons established by central authorities of the public administration which carry out research and development;<\/li>\n<li>intangible results of research and development from persons holding a certificate of competence to carry out research and development;<\/li>\n<li>to certify own results of innovative projects.<\/li>\n<\/ul>\n<p style=\"text-align: justify;\"><strong>Conditions for applying super-deduction to innovative projects:<\/strong><\/p>\n<ul style=\"text-align: justify;\">\n<li><strong>a proper assessment of whether costs <\/strong>are actually incurred in R&amp;D activities;<\/li>\n<li>the existence of a <strong>R&amp;D project that meets the conditions laid down by law<\/strong>;<\/li>\n<li>research and development costs must be recorded <strong>separately<\/strong> from other expenses;<\/li>\n<li>R&amp;D costs <strong>are not funded<\/strong> from public funds, except for wage costs for which contributions have been granted under the &#8216;First Aid\u2019 3B measure;<\/li>\n<li>the taxpayer <strong>does not hold a certificate<\/strong> of competence to carry out R&amp;D and carries out the project for his own needs or for the purpose of selling the intangible results of the innovative project or carries out the project as an intra-group service;<\/li>\n<li>the <strong>holder of a certificate<\/strong> of competence to carry out research and development carries out research and development<strong> only for his own needs<\/strong>;<\/li>\n<li>the taxpayer <strong>does not claim income tax relief<\/strong> for recipients of incentives.<\/li>\n<\/ul>\n<p style=\"text-align: justify;\">Experience in identifying and selecting appropriate projects and preparing supporting documentation is important for the application of the R&amp;D deduction. The method of recording and subsequent calculation of the applicable costs is also essential, which often requires expert advice on compliance with all statutory provisions.<\/p>\n<p style=\"text-align: justify;\"><strong>Application of super-deduction of R&amp;D costs <\/strong><\/p>\n<p style=\"text-align: justify;\">The super-deduction is claimed by the taxpayer in the <strong>tax return<\/strong> in a maximum of <strong>5 tax periods<\/strong> immediately following the tax period in which the right to the deduction arose.<\/p>\n<p>[\/vc_column_text][vc_column_text css=&#8221;.vc_custom_1644309331392{margin-top: 0px !important;border-top-width: 0px !important;padding-top: 0px !important;}&#8221;]<\/p>\n<p style=\"text-align: justify;\"><strong><span style=\"font-size: 18px; color: #00a0e3;\">How can we help?<\/span><\/strong><\/p>\n<p>We provide expert advice on the analysis, preparation and review of documents required for application to the patent box or super-deduction regime.<\/p>\n<p>These tax benefits can be attractive to companies that carry out research and development.[\/vc_column_text][vc_empty_space]<div class=\"templatera_shortcode\"><div class=\"vc_row wpb_row vc_row-fluid dt-default\" style=\"margin-top: 0px;margin-bottom: 0px\"><div class=\"wpb_column vc_column_container vc_col-sm-12\"><div class=\"vc_column-inner\"><div class=\"wpb_wrapper\"><div id=\"ultimate-heading-159469ece42419b84\" class=\"uvc-heading ult-adjust-bottom-margin ultimate-heading-159469ece42419b84 uvc-6051 \" data-hspacer=\"line_only\"  data-halign=\"center\" style=\"text-align:center\"><div class=\"uvc-main-heading ult-responsive\"  data-ultimate-target='.uvc-heading.ultimate-heading-159469ece42419b84 h2'  data-responsive-json-new='{\"font-size\":\"desktop:24px;\",\"line-height\":\"\"}' ><h2 style=\"font-family:&#039;Montserrat&#039;;font-weight:700;color:#000000;\">CONTACT US<\/h2><\/div><div class=\"uvc-heading-spacer line_only\" style=\"margin-top:10px;margin-bottom:10px;height:3px;\"><span class=\"uvc-headings-line\" style=\"border-style:solid;border-bottom-width:3px;border-color:#00A0E3;width:100px;\"><\/span><\/div><div class=\"uvc-sub-heading ult-responsive\"  data-ultimate-target='.uvc-heading.ultimate-heading-159469ece42419b84 .uvc-sub-heading '  data-responsive-json-new='{\"font-size\":\"\",\"line-height\":\"\"}'  style=\"font-weight:normal;\"><strong>Do not hesitate to contact us via the contact form.<\/strong><\/div><\/div>\n\t<div class=\"wpb_text_column wpb_content_element \" >\n\t\t<div class=\"wpb_wrapper\">\n\t\t\t<p style=\"text-align: center;\">Our specialists will be happy to help you.<\/p>\n\n\t\t<\/div>\n\t<\/div>\n<\/div><\/div><\/div><\/div><\/div><div class=\"templatera_shortcode\"><div class=\"vc_row wpb_row vc_row-fluid dt-default\" style=\"margin-top: 0px;margin-bottom: 0px\"><div class=\"wpb_column vc_column_container vc_col-sm-3\"><div class=\"vc_column-inner\"><div class=\"wpb_wrapper\"><\/div><\/div><\/div><div class=\"wpb_column vc_column_container vc_col-sm-6\"><div class=\"vc_column-inner\"><div class=\"wpb_wrapper\"><div class=\" vc_custom_1769777573076 ubtn-ctn-center \"><a class=\"ubtn-link ult-adjust-bottom-margin ubtn-center ubtn-custom \" href=\"https:\/\/www.moore-bdr.sk\/en\/dakujeme-za-vas-zaujem\/\" ><button type=\"button\" id=\"ubtn-1837\"  class=\"ubtn ult-adjust-bottom-margin ult-responsive ubtn-custom ubtn-fade-bg  none  ubtn-sep-icon ubtn-sep-icon-left-push  ubtn-center   tooltip-69ece4241a7ae\"  data-hover=\"#FFFFFF\" data-border-color=\"\" data-bg=\"#00A0E3\" data-hover-bg=\"#004C6C\" data-border-hover=\"\" data-shadow-hover=\"\" data-shadow-click=\"none\" data-shadow=\"\" data-shd-shadow=\"\"  data-ultimate-target='#ubtn-1837'  data-responsive-json-new='{\"font-size\":\"desktop:18px;\",\"line-height\":\"\"}'  style=\"font-family:&#039;Montserrat&#039;;font-weight:normal;width:350px;min-height:50px;padding:10px px;border:none;background: #00A0E3;color: #FFFFFF;\"><span class=\"ubtn-data ubtn-icon\"><i class=\"icomoon-the7-font-the7-mail-mail-06\" style=\"font-size:24px;color:#FFFFFF;\"><\/i><\/span><span class=\"ubtn-hover\" style=\"background-color:#004C6C\"><\/span><span class=\"ubtn-data ubtn-text \" >CONTACT FORM<\/span><\/button><\/a><\/div><\/div><\/div><\/div><div class=\"wpb_column vc_column_container vc_col-sm-3\"><div class=\"vc_column-inner\"><div class=\"wpb_wrapper\"><\/div><\/div><\/div><\/div><\/div>[\/vc_column][vc_column width=&#8221;1\/3&#8243;][vc_widget_sidebar show_bg=&#8221;false&#8221; sidebar_id=&#8221;sidebar_3&#8243; el_class=&#8221;bocnalista&#8221;][\/vc_column][\/vc_row]<\/p>\n<\/div>","protected":false},"excerpt":{"rendered":"<p>INNOVATION CONSULTING Patent box Patent box is a special tax regime designed for legal entities effective from 1 January 2018. Its benefit consists in the tax exemption of part of the income derived from intangible assets which are the result of the taxpayer&#8217;s own development activities. Under the patent box regime, the taxpayer can exempt&hellip;<\/p>\n","protected":false},"author":1,"featured_media":0,"parent":0,"menu_order":0,"comment_status":"closed","ping_status":"closed","template":"","meta":{"inline_featured_image":false,"footnotes":""},"class_list":["post-5999","page","type-page","status-publish","hentry","description-off"],"yoast_head":"<!-- This site is optimized with the Yoast SEO plugin v26.1.1 - https:\/\/yoast.com\/wordpress\/plugins\/seo\/ -->\n<title>Innovation consulting - Moore BDR s. r. o.<\/title>\n<meta name=\"robots\" content=\"index, follow, max-snippet:-1, max-image-preview:large, max-video-preview:-1\" \/>\n<link rel=\"canonical\" href=\"https:\/\/www.moore-bdr.sk\/danova-optimalizacia-v-oblasti-inovacii-a-vyskumu-a-vyvoja\/\" \/>\n<meta property=\"og:locale\" content=\"en_US\" \/>\n<meta property=\"og:type\" content=\"article\" \/>\n<meta property=\"og:title\" content=\"Poradenstvo v oblasti inov\u00e1ci\u00ed\" \/>\n<meta property=\"og:description\" content=\"Patent box je osobitn\u00fd da\u0148ov\u00fd re\u017eim ur\u010den\u00fd pre pr\u00e1vnick\u00e9 osoby, ktor\u00fd je \u00fa\u010dinn\u00fd od 1.1.2018. Jeho benefit spo\u010d\u00edva v da\u0148ovom osloboden\u00ed \u010dasti pr\u00edjmov plyn\u00facich z nehmotn\u00fdch akt\u00edv, ktor\u00e9 s\u00fa v\u00fdsledkom vlastnej v\u00fdvojovej \u010dinnosti da\u0148ovn\u00edka.\" \/>\n<meta property=\"og:url\" content=\"https:\/\/www.moore-bdr.sk\/danova-optimalizacia-v-oblasti-inovacii-a-vyskumu-a-vyvoja\/\" \/>\n<meta property=\"og:site_name\" content=\"Moore BDR s. r. o.\" \/>\n<meta property=\"article:modified_time\" content=\"2025-08-18T14:38:23+00:00\" \/>\n<meta property=\"og:image\" content=\"https:\/\/www.moore-bdr.sk\/wp-content\/uploads\/2021\/05\/insights-12.jpg\" \/>\n\t<meta property=\"og:image:width\" content=\"1920\" \/>\n\t<meta property=\"og:image:height\" content=\"1080\" \/>\n\t<meta property=\"og:image:type\" content=\"image\/jpeg\" \/>\n<meta name=\"twitter:card\" content=\"summary_large_image\" \/>\n<meta name=\"twitter:title\" content=\"Poradenstvo v oblasti inov\u00e1ci\u00ed\" \/>\n<meta name=\"twitter:description\" content=\"Patent box je osobitn\u00fd da\u0148ov\u00fd re\u017eim ur\u010den\u00fd pre pr\u00e1vnick\u00e9 osoby, ktor\u00fd je \u00fa\u010dinn\u00fd od 1.1.2018. Jeho benefit spo\u010d\u00edva v da\u0148ovom osloboden\u00ed \u010dasti pr\u00edjmov plyn\u00facich z nehmotn\u00fdch akt\u00edv, ktor\u00e9 s\u00fa v\u00fdsledkom vlastnej v\u00fdvojovej \u010dinnosti da\u0148ovn\u00edka.\" \/>\n<meta name=\"twitter:label1\" content=\"Est. reading time\" \/>\n\t<meta name=\"twitter:data1\" content=\"5 minutes\" \/>\n<script type=\"application\/ld+json\" class=\"yoast-schema-graph\">{\"@context\":\"https:\/\/schema.org\",\"@graph\":[{\"@type\":\"WebPage\",\"@id\":\"https:\/\/www.moore-bdr.sk\/danova-optimalizacia-v-oblasti-inovacii-a-vyskumu-a-vyvoja\/\",\"url\":\"https:\/\/www.moore-bdr.sk\/danova-optimalizacia-v-oblasti-inovacii-a-vyskumu-a-vyvoja\/\",\"name\":\"[:sk]Da\u0148ov\u00e1 optimaliz\u00e1cia v oblasti inov\u00e1ci\u00ed a v\u00fdskumu a v\u00fdvoja[:en]Innovation consulting[:de]Innovationsberatung[:] - Moore BDR s. r. o.\",\"isPartOf\":{\"@id\":\"https:\/\/www.moore-bdr.sk\/#website\"},\"datePublished\":\"2022-01-28T09:29:44+00:00\",\"dateModified\":\"2025-08-18T14:38:23+00:00\",\"breadcrumb\":{\"@id\":\"https:\/\/www.moore-bdr.sk\/danova-optimalizacia-v-oblasti-inovacii-a-vyskumu-a-vyvoja\/#breadcrumb\"},\"inLanguage\":\"en-US\",\"potentialAction\":[{\"@type\":\"ReadAction\",\"target\":[\"https:\/\/www.moore-bdr.sk\/danova-optimalizacia-v-oblasti-inovacii-a-vyskumu-a-vyvoja\/\"]}]},{\"@type\":\"BreadcrumbList\",\"@id\":\"https:\/\/www.moore-bdr.sk\/danova-optimalizacia-v-oblasti-inovacii-a-vyskumu-a-vyvoja\/#breadcrumb\",\"itemListElement\":[{\"@type\":\"ListItem\",\"position\":1,\"name\":\"Domovsk\u00e1 str\u00e1nka\",\"item\":\"https:\/\/www.moore-bdr.sk\/\"},{\"@type\":\"ListItem\",\"position\":2,\"name\":\"Da\u0148ov\u00e1 optimaliz\u00e1cia v oblasti inov\u00e1ci\u00ed a v\u00fdskumu a v\u00fdvoja\"}]},{\"@type\":\"WebSite\",\"@id\":\"https:\/\/www.moore-bdr.sk\/#website\",\"url\":\"https:\/\/www.moore-bdr.sk\/\",\"name\":\"Moore BDR s. r. o.\",\"description\":\"Na\u0161e portf\u00f3lio zah\u0155\u0148a: audit \u00fa\u010dtovn\u00edctva, da\u0148ov\u00e9 poradenstvo, f\u00fazie, akviz\u00edcie, Due diligence, Bratislava, Bansk\u00e1 Bystrica\",\"potentialAction\":[{\"@type\":\"SearchAction\",\"target\":{\"@type\":\"EntryPoint\",\"urlTemplate\":\"https:\/\/www.moore-bdr.sk\/?s={search_term_string}\"},\"query-input\":{\"@type\":\"PropertyValueSpecification\",\"valueRequired\":true,\"valueName\":\"search_term_string\"}}],\"inLanguage\":\"en-US\"}]}<\/script>\n<!-- \/ Yoast SEO plugin. -->","yoast_head_json":{"title":"[:sk]Da\u0148ov\u00e1 optimaliz\u00e1cia v oblasti inov\u00e1ci\u00ed a v\u00fdskumu a v\u00fdvoja[:en]Innovation consulting[:de]Innovationsberatung[:] - Moore BDR s. r. o.","robots":{"index":"index","follow":"follow","max-snippet":"max-snippet:-1","max-image-preview":"max-image-preview:large","max-video-preview":"max-video-preview:-1"},"canonical":"https:\/\/www.moore-bdr.sk\/danova-optimalizacia-v-oblasti-inovacii-a-vyskumu-a-vyvoja\/","og_locale":"en_US","og_type":"article","og_title":"Poradenstvo v oblasti inov\u00e1ci\u00ed","og_description":"Patent box je osobitn\u00fd da\u0148ov\u00fd re\u017eim ur\u010den\u00fd pre pr\u00e1vnick\u00e9 osoby, ktor\u00fd je \u00fa\u010dinn\u00fd od 1.1.2018. Jeho benefit spo\u010d\u00edva v da\u0148ovom osloboden\u00ed \u010dasti pr\u00edjmov plyn\u00facich z nehmotn\u00fdch akt\u00edv, ktor\u00e9 s\u00fa v\u00fdsledkom vlastnej v\u00fdvojovej \u010dinnosti da\u0148ovn\u00edka.","og_url":"https:\/\/www.moore-bdr.sk\/danova-optimalizacia-v-oblasti-inovacii-a-vyskumu-a-vyvoja\/","og_site_name":"Moore BDR s. r. o.","article_modified_time":"2025-08-18T14:38:23+00:00","og_image":[{"width":1920,"height":1080,"url":"https:\/\/www.moore-bdr.sk\/wp-content\/uploads\/2021\/05\/insights-12.jpg","type":"image\/jpeg"}],"twitter_card":"summary_large_image","twitter_title":"Poradenstvo v oblasti inov\u00e1ci\u00ed","twitter_description":"Patent box je osobitn\u00fd da\u0148ov\u00fd re\u017eim ur\u010den\u00fd pre pr\u00e1vnick\u00e9 osoby, ktor\u00fd je \u00fa\u010dinn\u00fd od 1.1.2018. Jeho benefit spo\u010d\u00edva v da\u0148ovom osloboden\u00ed \u010dasti pr\u00edjmov plyn\u00facich z nehmotn\u00fdch akt\u00edv, ktor\u00e9 s\u00fa v\u00fdsledkom vlastnej v\u00fdvojovej \u010dinnosti da\u0148ovn\u00edka.","twitter_misc":{"Est. reading time":"5 minutes"},"schema":{"@context":"https:\/\/schema.org","@graph":[{"@type":"WebPage","@id":"https:\/\/www.moore-bdr.sk\/danova-optimalizacia-v-oblasti-inovacii-a-vyskumu-a-vyvoja\/","url":"https:\/\/www.moore-bdr.sk\/danova-optimalizacia-v-oblasti-inovacii-a-vyskumu-a-vyvoja\/","name":"[:sk]Da\u0148ov\u00e1 optimaliz\u00e1cia v oblasti inov\u00e1ci\u00ed a v\u00fdskumu a v\u00fdvoja[:en]Innovation consulting[:de]Innovationsberatung[:] - Moore BDR s. r. o.","isPartOf":{"@id":"https:\/\/www.moore-bdr.sk\/#website"},"datePublished":"2022-01-28T09:29:44+00:00","dateModified":"2025-08-18T14:38:23+00:00","breadcrumb":{"@id":"https:\/\/www.moore-bdr.sk\/danova-optimalizacia-v-oblasti-inovacii-a-vyskumu-a-vyvoja\/#breadcrumb"},"inLanguage":"en-US","potentialAction":[{"@type":"ReadAction","target":["https:\/\/www.moore-bdr.sk\/danova-optimalizacia-v-oblasti-inovacii-a-vyskumu-a-vyvoja\/"]}]},{"@type":"BreadcrumbList","@id":"https:\/\/www.moore-bdr.sk\/danova-optimalizacia-v-oblasti-inovacii-a-vyskumu-a-vyvoja\/#breadcrumb","itemListElement":[{"@type":"ListItem","position":1,"name":"Domovsk\u00e1 str\u00e1nka","item":"https:\/\/www.moore-bdr.sk\/"},{"@type":"ListItem","position":2,"name":"Da\u0148ov\u00e1 optimaliz\u00e1cia v oblasti inov\u00e1ci\u00ed a v\u00fdskumu a v\u00fdvoja"}]},{"@type":"WebSite","@id":"https:\/\/www.moore-bdr.sk\/#website","url":"https:\/\/www.moore-bdr.sk\/","name":"Moore BDR s. r. o.","description":"Na\u0161e portf\u00f3lio zah\u0155\u0148a: audit \u00fa\u010dtovn\u00edctva, da\u0148ov\u00e9 poradenstvo, f\u00fazie, akviz\u00edcie, Due diligence, Bratislava, Bansk\u00e1 Bystrica","potentialAction":[{"@type":"SearchAction","target":{"@type":"EntryPoint","urlTemplate":"https:\/\/www.moore-bdr.sk\/?s={search_term_string}"},"query-input":{"@type":"PropertyValueSpecification","valueRequired":true,"valueName":"search_term_string"}}],"inLanguage":"en-US"}]}},"_links":{"self":[{"href":"https:\/\/www.moore-bdr.sk\/en\/wp-json\/wp\/v2\/pages\/5999","targetHints":{"allow":["GET"]}}],"collection":[{"href":"https:\/\/www.moore-bdr.sk\/en\/wp-json\/wp\/v2\/pages"}],"about":[{"href":"https:\/\/www.moore-bdr.sk\/en\/wp-json\/wp\/v2\/types\/page"}],"author":[{"embeddable":true,"href":"https:\/\/www.moore-bdr.sk\/en\/wp-json\/wp\/v2\/users\/1"}],"replies":[{"embeddable":true,"href":"https:\/\/www.moore-bdr.sk\/en\/wp-json\/wp\/v2\/comments?post=5999"}],"version-history":[{"count":55,"href":"https:\/\/www.moore-bdr.sk\/en\/wp-json\/wp\/v2\/pages\/5999\/revisions"}],"predecessor-version":[{"id":9148,"href":"https:\/\/www.moore-bdr.sk\/en\/wp-json\/wp\/v2\/pages\/5999\/revisions\/9148"}],"wp:attachment":[{"href":"https:\/\/www.moore-bdr.sk\/en\/wp-json\/wp\/v2\/media?parent=5999"}],"curies":[{"name":"wp","href":"https:\/\/api.w.org\/{rel}","templated":true}]}}