{"id":6788,"date":"2022-10-27T22:59:00","date_gmt":"2022-10-27T20:59:00","guid":{"rendered":"https:\/\/www.moore-bdr.sk\/?page_id=6788"},"modified":"2025-03-26T16:07:47","modified_gmt":"2025-03-26T14:07:47","slug":"transformacia-zivnosti-na-pravnicku-osobu","status":"publish","type":"page","link":"https:\/\/www.moore-bdr.sk\/en\/sluzby\/rodinne-podnikanie\/transformacia-zivnosti-na-pravnicku-osobu\/","title":{"rendered":"Transformation of a Self-employed Person\u00b4s Business to a Legal Entity"},"content":{"rendered":"<div class=\"wpb-content-wrapper\"><p><\/p>\n<p>[vc_row][vc_column][vc_column_text]<\/p>\n<p style=\"text-align: justify;\"><img loading=\"lazy\" decoding=\"async\" class=\"alignright size-medium wp-image-6735\" src=\"https:\/\/www.moore-bdr.sk\/wp-content\/uploads\/2022\/10\/laptop-4906312_960_720-300x200.jpg\" alt=\"\" width=\"300\" height=\"200\" srcset=\"https:\/\/www.moore-bdr.sk\/wp-content\/uploads\/2022\/10\/laptop-4906312_960_720-300x200.jpg 300w, https:\/\/www.moore-bdr.sk\/wp-content\/uploads\/2022\/10\/laptop-4906312_960_720-768x512.jpg 768w, https:\/\/www.moore-bdr.sk\/wp-content\/uploads\/2022\/10\/laptop-4906312_960_720.jpg 960w\" sizes=\"auto, (max-width: 300px) 100vw, 300px\" \/><\/p>\n<p style=\"text-align: justify;\">Many entrepreneurs started from scratch and developed a position in the market. \u00a0 Such entrepreneurs, of course, should be honored for their indisputable achievements. However, in addition to the tax burden, they should not neglect the future or the transferability of their business. We often come across clients who have been running their successful businesses as self-employed persons since time immemorial. Although this legal form undoubtedly paid off for them at the beginning of their business, they currently face many threats and disadvantages compared to doing business through a legal entity (company).<\/p>\n<p style=\"text-align: justify;\">Among the biggest threats, we include liability with personal assets, as well as assets in the joint ownership of spouses. We can also consider as a potential threat the fact that the inheritance of a self-employed business is not regulated by legislation in the Slovak Republic and the trade license cannot be transferred to another person. As the biggest disadvantage, we consider progressive taxation. In addition to income tax, a self-employed person is also subject to health and social insurance contributions.<\/p>\n<p style=\"text-align: justify;\">If you would like to find out whether it is worth changing the legal form of business in your particular case, do not hesitate to contact us.<\/p>\n<p style=\"text-align: justify;\">If you would like to find out whether it is worthwhile to change the legal form of business in your particular case, do not hesitate to contact us.<\/p>\n<p style=\"text-align: justify;\"><strong>What can we offer you?<\/strong><\/p>\n<ul>\n<li style=\"text-align: justify;\">Transfer of a self-employed business to a legal entity without suspending\u00a0the\u00a0business activities.<\/li>\n<li style=\"text-align: justify;\">If you are planning to run part of your business as a self-employed person and\u00a0another part of your business as a legal entity, we can split your business into\u00a0several separate parts. Our services include expert opinions, transaction documentation, and legal services.<\/li>\n<li style=\"text-align: justify;\">We will provide you with a tax analysis through which we will assess the tax\u00a0implications of\u00a0the transformation of your business.<\/li>\n<\/ul>\n<p>[\/vc_column_text][\/vc_column][\/vc_row]<\/p>\n<p><\/p>\n<\/div>","protected":false},"excerpt":{"rendered":"<p>Many entrepreneurs started from scratch and developed a position in the market. \u00a0 Such entrepreneurs, of course, should be honored for their indisputable achievements. However, in addition to the tax burden, they should not neglect the future or the transferability of their business. We often come across clients who have been running their successful businesses&hellip;<\/p>\n","protected":false},"author":1,"featured_media":0,"parent":6678,"menu_order":0,"comment_status":"closed","ping_status":"closed","template":"","meta":{"inline_featured_image":false,"footnotes":""},"class_list":["post-6788","page","type-page","status-publish","hentry","description-off"],"yoast_head":"<!-- This site is optimized with the Yoast SEO plugin v26.1.1 - https:\/\/yoast.com\/wordpress\/plugins\/seo\/ -->\n<title>Transformation of a Self-employed Person\u00b4s Business to a Legal Entity - Moore BDR s. r. o.<\/title>\n<meta name=\"robots\" content=\"index, follow, max-snippet:-1, max-image-preview:large, max-video-preview:-1\" \/>\n<link rel=\"canonical\" href=\"https:\/\/www.moore-bdr.sk\/sluzby\/rodinne-podnikanie\/transformacia-zivnosti-na-pravnicku-osobu\/\" \/>\n<meta property=\"og:locale\" content=\"en_US\" \/>\n<meta property=\"og:type\" content=\"article\" \/>\n<meta property=\"og:title\" content=\"[:sk]Transform\u00e1cia \u017eivnosti na pr\u00e1vnick\u00fa osobu[:en]Transformation of a Self-employed Person\u00b4s Business to a Legal Entity[:de]Transformation of a Self-employed Person\u00b4s Business to a Legal Entity[:] - Moore BDR s. r. o.\" \/>\n<meta property=\"og:url\" content=\"https:\/\/www.moore-bdr.sk\/sluzby\/rodinne-podnikanie\/transformacia-zivnosti-na-pravnicku-osobu\/\" \/>\n<meta property=\"og:site_name\" content=\"Moore BDR s. r. o.\" \/>\n<meta property=\"article:modified_time\" content=\"2025-03-26T14:07:47+00:00\" \/>\n<meta property=\"og:image\" content=\"https:\/\/www.moore-bdr.sk\/wp-content\/uploads\/2022\/10\/laptop-4906312_960_720-300x200.jpg\" \/>\n<meta name=\"twitter:card\" content=\"summary_large_image\" \/>\n<meta name=\"twitter:label1\" content=\"Est. reading time\" \/>\n\t<meta name=\"twitter:data1\" content=\"2 minutes\" \/>\n<script type=\"application\/ld+json\" class=\"yoast-schema-graph\">{\"@context\":\"https:\/\/schema.org\",\"@graph\":[{\"@type\":\"WebPage\",\"@id\":\"https:\/\/www.moore-bdr.sk\/sluzby\/rodinne-podnikanie\/transformacia-zivnosti-na-pravnicku-osobu\/\",\"url\":\"https:\/\/www.moore-bdr.sk\/sluzby\/rodinne-podnikanie\/transformacia-zivnosti-na-pravnicku-osobu\/\",\"name\":\"[:sk]Transform\u00e1cia \u017eivnosti na pr\u00e1vnick\u00fa osobu[:en]Transformation of a Self-employed Person\u00b4s Business to a Legal Entity[:de]Transformation of a Self-employed Person\u00b4s Business to a Legal Entity[:] - Moore BDR s. r. o.\",\"isPartOf\":{\"@id\":\"https:\/\/www.moore-bdr.sk\/#website\"},\"primaryImageOfPage\":{\"@id\":\"https:\/\/www.moore-bdr.sk\/sluzby\/rodinne-podnikanie\/transformacia-zivnosti-na-pravnicku-osobu\/#primaryimage\"},\"image\":{\"@id\":\"https:\/\/www.moore-bdr.sk\/sluzby\/rodinne-podnikanie\/transformacia-zivnosti-na-pravnicku-osobu\/#primaryimage\"},\"thumbnailUrl\":\"https:\/\/www.moore-bdr.sk\/wp-content\/uploads\/2022\/10\/laptop-4906312_960_720-300x200.jpg\",\"datePublished\":\"2022-10-27T20:59:00+00:00\",\"dateModified\":\"2025-03-26T14:07:47+00:00\",\"breadcrumb\":{\"@id\":\"https:\/\/www.moore-bdr.sk\/sluzby\/rodinne-podnikanie\/transformacia-zivnosti-na-pravnicku-osobu\/#breadcrumb\"},\"inLanguage\":\"en-US\",\"potentialAction\":[{\"@type\":\"ReadAction\",\"target\":[\"https:\/\/www.moore-bdr.sk\/sluzby\/rodinne-podnikanie\/transformacia-zivnosti-na-pravnicku-osobu\/\"]}]},{\"@type\":\"ImageObject\",\"inLanguage\":\"en-US\",\"@id\":\"https:\/\/www.moore-bdr.sk\/sluzby\/rodinne-podnikanie\/transformacia-zivnosti-na-pravnicku-osobu\/#primaryimage\",\"url\":\"https:\/\/www.moore-bdr.sk\/wp-content\/uploads\/2022\/10\/laptop-4906312_960_720-300x200.jpg\",\"contentUrl\":\"https:\/\/www.moore-bdr.sk\/wp-content\/uploads\/2022\/10\/laptop-4906312_960_720-300x200.jpg\"},{\"@type\":\"BreadcrumbList\",\"@id\":\"https:\/\/www.moore-bdr.sk\/sluzby\/rodinne-podnikanie\/transformacia-zivnosti-na-pravnicku-osobu\/#breadcrumb\",\"itemListElement\":[{\"@type\":\"ListItem\",\"position\":1,\"name\":\"Domovsk\u00e1 str\u00e1nka\",\"item\":\"https:\/\/www.moore-bdr.sk\/\"},{\"@type\":\"ListItem\",\"position\":2,\"name\":\"Slu\u017eby\",\"item\":\"https:\/\/www.moore-bdr.sk\/sluzby\/\"},{\"@type\":\"ListItem\",\"position\":3,\"name\":\"Rodinn\u00e9 podnikanie\",\"item\":\"https:\/\/www.moore-bdr.sk\/sluzby\/rodinne-podnikanie\/\"},{\"@type\":\"ListItem\",\"position\":4,\"name\":\"Transform\u00e1cia \u017eivnosti na pr\u00e1vnick\u00fa osobu\"}]},{\"@type\":\"WebSite\",\"@id\":\"https:\/\/www.moore-bdr.sk\/#website\",\"url\":\"https:\/\/www.moore-bdr.sk\/\",\"name\":\"Moore BDR s. r. o.\",\"description\":\"Na\u0161e portf\u00f3lio zah\u0155\u0148a: audit \u00fa\u010dtovn\u00edctva, da\u0148ov\u00e9 poradenstvo, f\u00fazie, akviz\u00edcie, Due diligence, Bratislava, Bansk\u00e1 Bystrica\",\"potentialAction\":[{\"@type\":\"SearchAction\",\"target\":{\"@type\":\"EntryPoint\",\"urlTemplate\":\"https:\/\/www.moore-bdr.sk\/?s={search_term_string}\"},\"query-input\":{\"@type\":\"PropertyValueSpecification\",\"valueRequired\":true,\"valueName\":\"search_term_string\"}}],\"inLanguage\":\"en-US\"}]}<\/script>\n<!-- \/ Yoast SEO plugin. -->","yoast_head_json":{"title":"[:sk]Transform\u00e1cia \u017eivnosti na pr\u00e1vnick\u00fa osobu[:en]Transformation of a Self-employed Person\u00b4s Business to a Legal Entity[:de]Transformation of a Self-employed Person\u00b4s Business to a Legal Entity[:] - Moore BDR s. r. o.","robots":{"index":"index","follow":"follow","max-snippet":"max-snippet:-1","max-image-preview":"max-image-preview:large","max-video-preview":"max-video-preview:-1"},"canonical":"https:\/\/www.moore-bdr.sk\/sluzby\/rodinne-podnikanie\/transformacia-zivnosti-na-pravnicku-osobu\/","og_locale":"en_US","og_type":"article","og_title":"[:sk]Transform\u00e1cia \u017eivnosti na pr\u00e1vnick\u00fa osobu[:en]Transformation of a Self-employed Person\u00b4s Business to a Legal Entity[:de]Transformation of a Self-employed Person\u00b4s Business to a Legal Entity[:] - Moore BDR s. r. o.","og_url":"https:\/\/www.moore-bdr.sk\/sluzby\/rodinne-podnikanie\/transformacia-zivnosti-na-pravnicku-osobu\/","og_site_name":"Moore BDR s. r. o.","article_modified_time":"2025-03-26T14:07:47+00:00","og_image":[{"url":"https:\/\/www.moore-bdr.sk\/wp-content\/uploads\/2022\/10\/laptop-4906312_960_720-300x200.jpg","type":"","width":"","height":""}],"twitter_card":"summary_large_image","twitter_misc":{"Est. reading time":"2 minutes"},"schema":{"@context":"https:\/\/schema.org","@graph":[{"@type":"WebPage","@id":"https:\/\/www.moore-bdr.sk\/sluzby\/rodinne-podnikanie\/transformacia-zivnosti-na-pravnicku-osobu\/","url":"https:\/\/www.moore-bdr.sk\/sluzby\/rodinne-podnikanie\/transformacia-zivnosti-na-pravnicku-osobu\/","name":"[:sk]Transform\u00e1cia \u017eivnosti na pr\u00e1vnick\u00fa osobu[:en]Transformation of a Self-employed Person\u00b4s Business to a Legal Entity[:de]Transformation of a Self-employed Person\u00b4s Business to a Legal Entity[:] - Moore BDR s. r. o.","isPartOf":{"@id":"https:\/\/www.moore-bdr.sk\/#website"},"primaryImageOfPage":{"@id":"https:\/\/www.moore-bdr.sk\/sluzby\/rodinne-podnikanie\/transformacia-zivnosti-na-pravnicku-osobu\/#primaryimage"},"image":{"@id":"https:\/\/www.moore-bdr.sk\/sluzby\/rodinne-podnikanie\/transformacia-zivnosti-na-pravnicku-osobu\/#primaryimage"},"thumbnailUrl":"https:\/\/www.moore-bdr.sk\/wp-content\/uploads\/2022\/10\/laptop-4906312_960_720-300x200.jpg","datePublished":"2022-10-27T20:59:00+00:00","dateModified":"2025-03-26T14:07:47+00:00","breadcrumb":{"@id":"https:\/\/www.moore-bdr.sk\/sluzby\/rodinne-podnikanie\/transformacia-zivnosti-na-pravnicku-osobu\/#breadcrumb"},"inLanguage":"en-US","potentialAction":[{"@type":"ReadAction","target":["https:\/\/www.moore-bdr.sk\/sluzby\/rodinne-podnikanie\/transformacia-zivnosti-na-pravnicku-osobu\/"]}]},{"@type":"ImageObject","inLanguage":"en-US","@id":"https:\/\/www.moore-bdr.sk\/sluzby\/rodinne-podnikanie\/transformacia-zivnosti-na-pravnicku-osobu\/#primaryimage","url":"https:\/\/www.moore-bdr.sk\/wp-content\/uploads\/2022\/10\/laptop-4906312_960_720-300x200.jpg","contentUrl":"https:\/\/www.moore-bdr.sk\/wp-content\/uploads\/2022\/10\/laptop-4906312_960_720-300x200.jpg"},{"@type":"BreadcrumbList","@id":"https:\/\/www.moore-bdr.sk\/sluzby\/rodinne-podnikanie\/transformacia-zivnosti-na-pravnicku-osobu\/#breadcrumb","itemListElement":[{"@type":"ListItem","position":1,"name":"Domovsk\u00e1 str\u00e1nka","item":"https:\/\/www.moore-bdr.sk\/"},{"@type":"ListItem","position":2,"name":"Slu\u017eby","item":"https:\/\/www.moore-bdr.sk\/sluzby\/"},{"@type":"ListItem","position":3,"name":"Rodinn\u00e9 podnikanie","item":"https:\/\/www.moore-bdr.sk\/sluzby\/rodinne-podnikanie\/"},{"@type":"ListItem","position":4,"name":"Transform\u00e1cia \u017eivnosti na pr\u00e1vnick\u00fa osobu"}]},{"@type":"WebSite","@id":"https:\/\/www.moore-bdr.sk\/#website","url":"https:\/\/www.moore-bdr.sk\/","name":"Moore BDR s. r. o.","description":"Na\u0161e portf\u00f3lio zah\u0155\u0148a: audit \u00fa\u010dtovn\u00edctva, da\u0148ov\u00e9 poradenstvo, f\u00fazie, akviz\u00edcie, Due diligence, Bratislava, Bansk\u00e1 Bystrica","potentialAction":[{"@type":"SearchAction","target":{"@type":"EntryPoint","urlTemplate":"https:\/\/www.moore-bdr.sk\/?s={search_term_string}"},"query-input":{"@type":"PropertyValueSpecification","valueRequired":true,"valueName":"search_term_string"}}],"inLanguage":"en-US"}]}},"_links":{"self":[{"href":"https:\/\/www.moore-bdr.sk\/en\/wp-json\/wp\/v2\/pages\/6788","targetHints":{"allow":["GET"]}}],"collection":[{"href":"https:\/\/www.moore-bdr.sk\/en\/wp-json\/wp\/v2\/pages"}],"about":[{"href":"https:\/\/www.moore-bdr.sk\/en\/wp-json\/wp\/v2\/types\/page"}],"author":[{"embeddable":true,"href":"https:\/\/www.moore-bdr.sk\/en\/wp-json\/wp\/v2\/users\/1"}],"replies":[{"embeddable":true,"href":"https:\/\/www.moore-bdr.sk\/en\/wp-json\/wp\/v2\/comments?post=6788"}],"version-history":[{"count":3,"href":"https:\/\/www.moore-bdr.sk\/en\/wp-json\/wp\/v2\/pages\/6788\/revisions"}],"predecessor-version":[{"id":8441,"href":"https:\/\/www.moore-bdr.sk\/en\/wp-json\/wp\/v2\/pages\/6788\/revisions\/8441"}],"up":[{"embeddable":true,"href":"https:\/\/www.moore-bdr.sk\/en\/wp-json\/wp\/v2\/pages\/6678"}],"wp:attachment":[{"href":"https:\/\/www.moore-bdr.sk\/en\/wp-json\/wp\/v2\/media?parent=6788"}],"curies":[{"name":"wp","href":"https:\/\/api.w.org\/{rel}","templated":true}]}}