{"id":7826,"date":"2024-08-25T23:52:34","date_gmt":"2024-08-25T21:52:34","guid":{"rendered":"https:\/\/www.moore-bdr.sk\/?page_id=7826"},"modified":"2026-04-30T10:49:51","modified_gmt":"2026-04-30T08:49:51","slug":"senior-mzdovy-uctovnik","status":"publish","type":"page","link":"https:\/\/www.moore-bdr.sk\/en\/kariera\/senior-mzdovy-uctovnik\/","title":{"rendered":"(Sloven\u010dina) Senior Mzdov\u00fd \u00fa\u010dtovn\u00edk"},"content":{"rendered":"<div class=\"wpb-content-wrapper\"><p>[vc_row type=&#8221;vc_default&#8221; margin_top=&#8221;-50&#8243; bg_type=&#8221;image&#8221; parallax_style=&#8221;vcpb-default&#8221; bg_image_new=&#8221;id^191|url^https:\/\/www.moore-bdr.sk\/wp-content\/uploads\/2016\/11\/bigstock-Image-of-eyeglasses-and-financ-60459065.jpg|caption^sluzby|alt^null|title^ekonomicke sluzby|description^null&#8221; bg_image_repeat=&#8221;no-repeat&#8221; bg_override=&#8221;full&#8221; enable_overlay=&#8221;enable_overlay_value&#8221; overlay_color=&#8221;#000000&#8243; overlay_pattern=&#8221;transperant&#8221; overlay_pattern_opacity=&#8221;100&#8243; min_height=&#8221;350&#8243; css=&#8221;.vc_custom_1480083206733{margin-top: 58px !important;}&#8221;][vc_column]<div class=\"ult-spacer spacer-6a07e89ca9d48\" data-id=\"6a07e89ca9d48\" data-height=\"150\" data-height-mobile=\"150\" data-height-tab=\"150\" data-height-tab-portrait=\"\" data-height-mobile-landscape=\"\" style=\"clear:both;display:block;\"><\/div><div class=\"ult-spacer spacer-6a07e89ca9d54\" data-id=\"6a07e89ca9d54\" data-height=\"150\" data-height-mobile=\"150\" data-height-tab=\"150\" data-height-tab-portrait=\"\" data-height-mobile-landscape=\"\" style=\"clear:both;display:block;\"><\/div>[\/vc_column][\/vc_row]<\/p>\n<\/div>","protected":false},"excerpt":{"rendered":"<p>[vc_row type=&#8221;vc_default&#8221; margin_top=&#8221;-50&#8243; bg_type=&#8221;image&#8221; parallax_style=&#8221;vcpb-default&#8221; bg_image_new=&#8221;id^191|url^https:\/\/www.moore-bdr.sk\/wp-content\/uploads\/2016\/11\/bigstock-Image-of-eyeglasses-and-financ-60459065.jpg|caption^sluzby|alt^null|title^ekonomicke sluzby|description^null&#8221; bg_image_repeat=&#8221;no-repeat&#8221; bg_override=&#8221;full&#8221; enable_overlay=&#8221;enable_overlay_value&#8221; overlay_color=&#8221;#000000&#8243; overlay_pattern=&#8221;transperant&#8221; overlay_pattern_opacity=&#8221;100&#8243; min_height=&#8221;350&#8243; css=&#8221;.vc_custom_1480083206733{margin-top: 58px !important;}&#8221;][vc_column][\/vc_column][\/vc_row]<\/p>\n","protected":false},"author":1,"featured_media":0,"parent":4623,"menu_order":0,"comment_status":"closed","ping_status":"closed","template":"","meta":{"inline_featured_image":false,"footnotes":""},"class_list":["post-7826","page","type-page","status-publish","hentry","description-off"],"yoast_head":"<!-- This site is optimized with the Yoast SEO plugin v26.1.1 - https:\/\/yoast.com\/wordpress\/plugins\/seo\/ -->\n<title><\/title>\n<meta name=\"robots\" content=\"index, follow, max-snippet:-1, max-image-preview:large, max-video-preview:-1\" \/>\n<link rel=\"canonical\" href=\"https:\/\/www.moore-bdr.sk\/kariera\/senior-mzdovy-uctovnik\/\" \/>\n<meta property=\"og:locale\" content=\"en_US\" \/>\n<meta property=\"og:type\" content=\"article\" \/>\n<meta property=\"og:title\" content=\"[:sk]Senior Mzdov\u00fd \u00fa\u010dtovn\u00edk[:] - Moore BDR s. r. o.\" \/>\n<meta property=\"og:description\" content=\"[vc_row type=&#8221;vc_default&#8221; margin_top=&#8221;-50&#8243; bg_type=&#8221;image&#8221; parallax_style=&#8221;vcpb-default&#8221; bg_image_new=&#8221;id^191|url^https:\/\/www.moore-bdr.sk\/wp-content\/uploads\/2016\/11\/bigstock-Image-of-eyeglasses-and-financ-60459065.jpg|caption^sluzby|alt^null|title^ekonomicke sluzby|description^null&#8221; bg_image_repeat=&#8221;no-repeat&#8221; bg_override=&#8221;full&#8221; enable_overlay=&#8221;enable_overlay_value&#8221; overlay_color=&#8221;#000000&#8243; overlay_pattern=&#8221;transperant&#8221; overlay_pattern_opacity=&#8221;100&#8243; min_height=&#8221;350&#8243; css=&#8221;.vc_custom_1480083206733{margin-top: 58px !important;}&#8221;][vc_column][\/vc_column][\/vc_row]\" \/>\n<meta property=\"og:url\" content=\"https:\/\/www.moore-bdr.sk\/kariera\/senior-mzdovy-uctovnik\/\" \/>\n<meta property=\"og:site_name\" content=\"Moore BDR s. r. o.\" \/>\n<meta property=\"article:modified_time\" content=\"2026-04-30T08:49:51+00:00\" \/>\n<meta name=\"twitter:card\" content=\"summary_large_image\" \/>\n<meta name=\"twitter:label1\" content=\"Est. reading time\" \/>\n\t<meta name=\"twitter:data1\" content=\"4 minutes\" \/>\n<script type=\"application\/ld+json\" class=\"yoast-schema-graph\">{\"@context\":\"https:\/\/schema.org\",\"@graph\":[{\"@type\":\"WebPage\",\"@id\":\"https:\/\/www.moore-bdr.sk\/kariera\/senior-mzdovy-uctovnik\/\",\"url\":\"https:\/\/www.moore-bdr.sk\/kariera\/senior-mzdovy-uctovnik\/\",\"name\":\"[:sk]Senior Mzdov\u00fd \u00fa\u010dtovn\u00edk[:] - Moore BDR s. r. o.\",\"isPartOf\":{\"@id\":\"https:\/\/www.moore-bdr.sk\/#website\"},\"datePublished\":\"2024-08-25T21:52:34+00:00\",\"dateModified\":\"2026-04-30T08:49:51+00:00\",\"breadcrumb\":{\"@id\":\"https:\/\/www.moore-bdr.sk\/kariera\/senior-mzdovy-uctovnik\/#breadcrumb\"},\"inLanguage\":\"en-US\",\"potentialAction\":[{\"@type\":\"ReadAction\",\"target\":[\"https:\/\/www.moore-bdr.sk\/kariera\/senior-mzdovy-uctovnik\/\"]}]},{\"@type\":\"BreadcrumbList\",\"@id\":\"https:\/\/www.moore-bdr.sk\/kariera\/senior-mzdovy-uctovnik\/#breadcrumb\",\"itemListElement\":[{\"@type\":\"ListItem\",\"position\":1,\"name\":\"Domovsk\u00e1 str\u00e1nka\",\"item\":\"https:\/\/www.moore-bdr.sk\/\"},{\"@type\":\"ListItem\",\"position\":2,\"name\":\"Kari\u00e9ra\",\"item\":\"https:\/\/www.moore-bdr.sk\/kariera\/\"},{\"@type\":\"ListItem\",\"position\":3,\"name\":\"Senior Mzdov\u00fd \u00fa\u010dtovn\u00edk\"}]},{\"@type\":\"WebSite\",\"@id\":\"https:\/\/www.moore-bdr.sk\/#website\",\"url\":\"https:\/\/www.moore-bdr.sk\/\",\"name\":\"Moore BDR s. r. o.\",\"description\":\"Na\u0161e portf\u00f3lio zah\u0155\u0148a: audit \u00fa\u010dtovn\u00edctva, da\u0148ov\u00e9 poradenstvo, f\u00fazie, akviz\u00edcie, Due diligence, Bratislava, Bansk\u00e1 Bystrica\",\"potentialAction\":[{\"@type\":\"SearchAction\",\"target\":{\"@type\":\"EntryPoint\",\"urlTemplate\":\"https:\/\/www.moore-bdr.sk\/?s={search_term_string}\"},\"query-input\":{\"@type\":\"PropertyValueSpecification\",\"valueRequired\":true,\"valueName\":\"search_term_string\"}}],\"inLanguage\":\"en-US\"}]}<\/script>\n<!-- \/ Yoast SEO plugin. -->","yoast_head_json":{"title":"[:sk]Senior Mzdov\u00fd \u00fa\u010dtovn\u00edk[:] - Moore BDR s. r. o.","robots":{"index":"index","follow":"follow","max-snippet":"max-snippet:-1","max-image-preview":"max-image-preview:large","max-video-preview":"max-video-preview:-1"},"canonical":"https:\/\/www.moore-bdr.sk\/kariera\/senior-mzdovy-uctovnik\/","og_locale":"en_US","og_type":"article","og_title":"[:sk]Senior Mzdov\u00fd \u00fa\u010dtovn\u00edk[:] - Moore BDR s. r. o.","og_description":"[vc_row type=&#8221;vc_default&#8221; margin_top=&#8221;-50&#8243; bg_type=&#8221;image&#8221; parallax_style=&#8221;vcpb-default&#8221; bg_image_new=&#8221;id^191|url^https:\/\/www.moore-bdr.sk\/wp-content\/uploads\/2016\/11\/bigstock-Image-of-eyeglasses-and-financ-60459065.jpg|caption^sluzby|alt^null|title^ekonomicke sluzby|description^null&#8221; bg_image_repeat=&#8221;no-repeat&#8221; bg_override=&#8221;full&#8221; enable_overlay=&#8221;enable_overlay_value&#8221; overlay_color=&#8221;#000000&#8243; overlay_pattern=&#8221;transperant&#8221; overlay_pattern_opacity=&#8221;100&#8243; min_height=&#8221;350&#8243; css=&#8221;.vc_custom_1480083206733{margin-top: 58px !important;}&#8221;][vc_column][\/vc_column][\/vc_row]","og_url":"https:\/\/www.moore-bdr.sk\/kariera\/senior-mzdovy-uctovnik\/","og_site_name":"Moore BDR s. r. o.","article_modified_time":"2026-04-30T08:49:51+00:00","twitter_card":"summary_large_image","twitter_misc":{"Est. reading time":"4 minutes"},"schema":{"@context":"https:\/\/schema.org","@graph":[{"@type":"WebPage","@id":"https:\/\/www.moore-bdr.sk\/kariera\/senior-mzdovy-uctovnik\/","url":"https:\/\/www.moore-bdr.sk\/kariera\/senior-mzdovy-uctovnik\/","name":"[:sk]Senior Mzdov\u00fd \u00fa\u010dtovn\u00edk[:] - Moore BDR s. r. o.","isPartOf":{"@id":"https:\/\/www.moore-bdr.sk\/#website"},"datePublished":"2024-08-25T21:52:34+00:00","dateModified":"2026-04-30T08:49:51+00:00","breadcrumb":{"@id":"https:\/\/www.moore-bdr.sk\/kariera\/senior-mzdovy-uctovnik\/#breadcrumb"},"inLanguage":"en-US","potentialAction":[{"@type":"ReadAction","target":["https:\/\/www.moore-bdr.sk\/kariera\/senior-mzdovy-uctovnik\/"]}]},{"@type":"BreadcrumbList","@id":"https:\/\/www.moore-bdr.sk\/kariera\/senior-mzdovy-uctovnik\/#breadcrumb","itemListElement":[{"@type":"ListItem","position":1,"name":"Domovsk\u00e1 str\u00e1nka","item":"https:\/\/www.moore-bdr.sk\/"},{"@type":"ListItem","position":2,"name":"Kari\u00e9ra","item":"https:\/\/www.moore-bdr.sk\/kariera\/"},{"@type":"ListItem","position":3,"name":"Senior Mzdov\u00fd \u00fa\u010dtovn\u00edk"}]},{"@type":"WebSite","@id":"https:\/\/www.moore-bdr.sk\/#website","url":"https:\/\/www.moore-bdr.sk\/","name":"Moore BDR s. r. o.","description":"Na\u0161e portf\u00f3lio zah\u0155\u0148a: audit \u00fa\u010dtovn\u00edctva, da\u0148ov\u00e9 poradenstvo, f\u00fazie, akviz\u00edcie, Due diligence, Bratislava, Bansk\u00e1 Bystrica","potentialAction":[{"@type":"SearchAction","target":{"@type":"EntryPoint","urlTemplate":"https:\/\/www.moore-bdr.sk\/?s={search_term_string}"},"query-input":{"@type":"PropertyValueSpecification","valueRequired":true,"valueName":"search_term_string"}}],"inLanguage":"en-US"}]}},"_links":{"self":[{"href":"https:\/\/www.moore-bdr.sk\/en\/wp-json\/wp\/v2\/pages\/7826","targetHints":{"allow":["GET"]}}],"collection":[{"href":"https:\/\/www.moore-bdr.sk\/en\/wp-json\/wp\/v2\/pages"}],"about":[{"href":"https:\/\/www.moore-bdr.sk\/en\/wp-json\/wp\/v2\/types\/page"}],"author":[{"embeddable":true,"href":"https:\/\/www.moore-bdr.sk\/en\/wp-json\/wp\/v2\/users\/1"}],"replies":[{"embeddable":true,"href":"https:\/\/www.moore-bdr.sk\/en\/wp-json\/wp\/v2\/comments?post=7826"}],"version-history":[{"count":12,"href":"https:\/\/www.moore-bdr.sk\/en\/wp-json\/wp\/v2\/pages\/7826\/revisions"}],"predecessor-version":[{"id":9814,"href":"https:\/\/www.moore-bdr.sk\/en\/wp-json\/wp\/v2\/pages\/7826\/revisions\/9814"}],"up":[{"embeddable":true,"href":"https:\/\/www.moore-bdr.sk\/en\/wp-json\/wp\/v2\/pages\/4623"}],"wp:attachment":[{"href":"https:\/\/www.moore-bdr.sk\/en\/wp-json\/wp\/v2\/media?parent=7826"}],"curies":[{"name":"wp","href":"https:\/\/api.w.org\/{rel}","templated":true}]}}