{"id":8359,"date":"2025-03-21T15:12:21","date_gmt":"2025-03-21T13:12:21","guid":{"rendered":"https:\/\/www.moore-bdr.sk\/?page_id=8359"},"modified":"2025-07-01T14:11:42","modified_gmt":"2025-07-01T12:11:42","slug":"esg-poradenstvo","status":"publish","type":"page","link":"https:\/\/www.moore-bdr.sk\/en\/sluzby\/esg-poradenstvo\/","title":{"rendered":"(Sloven\u010dina) ESG poradenstvo"},"content":{"rendered":"<p class=\"qtranxs-available-languages-message qtranxs-available-languages-message-en\">Sorry, this entry is only available in <a href=\"https:\/\/www.moore-bdr.sk\/sk\/wp-json\/wp\/v2\/pages\/8359\" class=\"qtranxs-available-language-link qtranxs-available-language-link-sk\" title=\"Sloven\u010dina\">Sloven\u010dina<\/a>.<\/p>","protected":false},"excerpt":{"rendered":"<p>Sorry, this entry is only available in Sloven\u010dina.<\/p>\n","protected":false},"author":1,"featured_media":0,"parent":17,"menu_order":0,"comment_status":"closed","ping_status":"closed","template":"","meta":{"inline_featured_image":false,"footnotes":""},"class_list":["post-8359","page","type-page","status-publish","hentry","description-off"],"yoast_head":"<!-- This site is optimized with the Yoast SEO plugin v26.1.1 - https:\/\/yoast.com\/wordpress\/plugins\/seo\/ -->\n<title>ESG poradenstvo<\/title>\n<meta name=\"description\" content=\"Koncepcia ESG predstavuje zodpovedn\u00e9 spr\u00e1vanie firiem vo vz\u0165ahu k \u017eivotn\u00e9mu prostrediu, spolo\u010dnosti a riadeniu riz\u00edk.\" \/>\n<meta name=\"robots\" content=\"index, follow, max-snippet:-1, max-image-preview:large, max-video-preview:-1\" \/>\n<link rel=\"canonical\" href=\"https:\/\/www.moore-bdr.sk\/sluzby\/esg-poradenstvo\/\" \/>\n<meta property=\"og:locale\" content=\"en_US\" \/>\n<meta property=\"og:type\" content=\"article\" \/>\n<meta property=\"og:title\" content=\"ESG (Environmental, Social, Governance)\" \/>\n<meta property=\"og:description\" content=\"Koncepcia ESG predstavuje zodpovedn\u00e9 spr\u00e1vanie firiem vo vz\u0165ahu k \u017eivotn\u00e9mu prostrediu, spolo\u010dnosti a riadeniu riz\u00edk.\" \/>\n<meta property=\"og:url\" content=\"https:\/\/www.moore-bdr.sk\/sluzby\/esg-poradenstvo\/\" \/>\n<meta property=\"og:site_name\" content=\"Moore BDR s. r. o.\" \/>\n<meta property=\"article:modified_time\" content=\"2025-07-01T12:11:42+00:00\" \/>\n<meta property=\"og:image\" content=\"https:\/\/www.moore-bdr.sk\/wp-content\/uploads\/2025\/03\/ddd.jpg\" \/>\n\t<meta property=\"og:image:width\" content=\"485\" \/>\n\t<meta property=\"og:image:height\" content=\"313\" \/>\n\t<meta property=\"og:image:type\" content=\"image\/jpeg\" \/>\n<meta name=\"twitter:card\" content=\"summary_large_image\" \/>\n<meta name=\"twitter:label1\" content=\"Est. reading time\" \/>\n\t<meta name=\"twitter:data1\" content=\"3 minutes\" \/>\n<script type=\"application\/ld+json\" class=\"yoast-schema-graph\">{\"@context\":\"https:\/\/schema.org\",\"@graph\":[{\"@type\":\"WebPage\",\"@id\":\"https:\/\/www.moore-bdr.sk\/sluzby\/esg-poradenstvo\/\",\"url\":\"https:\/\/www.moore-bdr.sk\/sluzby\/esg-poradenstvo\/\",\"name\":\"ESG poradenstvo\",\"isPartOf\":{\"@id\":\"https:\/\/www.moore-bdr.sk\/#website\"},\"primaryImageOfPage\":{\"@id\":\"https:\/\/www.moore-bdr.sk\/sluzby\/esg-poradenstvo\/#primaryimage\"},\"image\":{\"@id\":\"https:\/\/www.moore-bdr.sk\/sluzby\/esg-poradenstvo\/#primaryimage\"},\"thumbnailUrl\":\"https:\/\/www.moore-bdr.sk\/wp-content\/uploads\/2025\/03\/ddd.jpg\",\"datePublished\":\"2025-03-21T13:12:21+00:00\",\"dateModified\":\"2025-07-01T12:11:42+00:00\",\"description\":\"Koncepcia ESG predstavuje zodpovedn\u00e9 spr\u00e1vanie firiem vo vz\u0165ahu k \u017eivotn\u00e9mu prostrediu, spolo\u010dnosti a riadeniu riz\u00edk.\",\"breadcrumb\":{\"@id\":\"https:\/\/www.moore-bdr.sk\/sluzby\/esg-poradenstvo\/#breadcrumb\"},\"inLanguage\":\"en-US\",\"potentialAction\":[{\"@type\":\"ReadAction\",\"target\":[\"https:\/\/www.moore-bdr.sk\/sluzby\/esg-poradenstvo\/\"]}]},{\"@type\":\"ImageObject\",\"inLanguage\":\"en-US\",\"@id\":\"https:\/\/www.moore-bdr.sk\/sluzby\/esg-poradenstvo\/#primaryimage\",\"url\":\"https:\/\/www.moore-bdr.sk\/wp-content\/uploads\/2025\/03\/ddd.jpg\",\"contentUrl\":\"https:\/\/www.moore-bdr.sk\/wp-content\/uploads\/2025\/03\/ddd.jpg\"},{\"@type\":\"BreadcrumbList\",\"@id\":\"https:\/\/www.moore-bdr.sk\/sluzby\/esg-poradenstvo\/#breadcrumb\",\"itemListElement\":[{\"@type\":\"ListItem\",\"position\":1,\"name\":\"Domovsk\u00e1 str\u00e1nka\",\"item\":\"https:\/\/www.moore-bdr.sk\/\"},{\"@type\":\"ListItem\",\"position\":2,\"name\":\"Slu\u017eby\",\"item\":\"https:\/\/www.moore-bdr.sk\/sluzby\/\"},{\"@type\":\"ListItem\",\"position\":3,\"name\":\"ESG poradenstvo\"}]},{\"@type\":\"WebSite\",\"@id\":\"https:\/\/www.moore-bdr.sk\/#website\",\"url\":\"https:\/\/www.moore-bdr.sk\/\",\"name\":\"Moore BDR s. r. o.\",\"description\":\"Na\u0161e portf\u00f3lio zah\u0155\u0148a: audit \u00fa\u010dtovn\u00edctva, da\u0148ov\u00e9 poradenstvo, f\u00fazie, akviz\u00edcie, Due diligence, Bratislava, Bansk\u00e1 Bystrica\",\"potentialAction\":[{\"@type\":\"SearchAction\",\"target\":{\"@type\":\"EntryPoint\",\"urlTemplate\":\"https:\/\/www.moore-bdr.sk\/?s={search_term_string}\"},\"query-input\":{\"@type\":\"PropertyValueSpecification\",\"valueRequired\":true,\"valueName\":\"search_term_string\"}}],\"inLanguage\":\"en-US\"}]}<\/script>\n<!-- \/ Yoast SEO plugin. -->","yoast_head_json":{"title":"ESG poradenstvo","description":"Koncepcia ESG predstavuje zodpovedn\u00e9 spr\u00e1vanie firiem vo vz\u0165ahu k \u017eivotn\u00e9mu prostrediu, spolo\u010dnosti a riadeniu riz\u00edk.","robots":{"index":"index","follow":"follow","max-snippet":"max-snippet:-1","max-image-preview":"max-image-preview:large","max-video-preview":"max-video-preview:-1"},"canonical":"https:\/\/www.moore-bdr.sk\/sluzby\/esg-poradenstvo\/","og_locale":"en_US","og_type":"article","og_title":"ESG (Environmental, Social, Governance)","og_description":"Koncepcia ESG predstavuje zodpovedn\u00e9 spr\u00e1vanie firiem vo vz\u0165ahu k \u017eivotn\u00e9mu prostrediu, spolo\u010dnosti a riadeniu riz\u00edk.","og_url":"https:\/\/www.moore-bdr.sk\/sluzby\/esg-poradenstvo\/","og_site_name":"Moore BDR s. r. o.","article_modified_time":"2025-07-01T12:11:42+00:00","og_image":[{"width":485,"height":313,"url":"https:\/\/www.moore-bdr.sk\/wp-content\/uploads\/2025\/03\/ddd.jpg","type":"image\/jpeg"}],"twitter_card":"summary_large_image","twitter_misc":{"Est. reading time":"3 minutes"},"schema":{"@context":"https:\/\/schema.org","@graph":[{"@type":"WebPage","@id":"https:\/\/www.moore-bdr.sk\/sluzby\/esg-poradenstvo\/","url":"https:\/\/www.moore-bdr.sk\/sluzby\/esg-poradenstvo\/","name":"ESG poradenstvo","isPartOf":{"@id":"https:\/\/www.moore-bdr.sk\/#website"},"primaryImageOfPage":{"@id":"https:\/\/www.moore-bdr.sk\/sluzby\/esg-poradenstvo\/#primaryimage"},"image":{"@id":"https:\/\/www.moore-bdr.sk\/sluzby\/esg-poradenstvo\/#primaryimage"},"thumbnailUrl":"https:\/\/www.moore-bdr.sk\/wp-content\/uploads\/2025\/03\/ddd.jpg","datePublished":"2025-03-21T13:12:21+00:00","dateModified":"2025-07-01T12:11:42+00:00","description":"Koncepcia ESG predstavuje zodpovedn\u00e9 spr\u00e1vanie firiem vo vz\u0165ahu k \u017eivotn\u00e9mu prostrediu, spolo\u010dnosti a riadeniu riz\u00edk.","breadcrumb":{"@id":"https:\/\/www.moore-bdr.sk\/sluzby\/esg-poradenstvo\/#breadcrumb"},"inLanguage":"en-US","potentialAction":[{"@type":"ReadAction","target":["https:\/\/www.moore-bdr.sk\/sluzby\/esg-poradenstvo\/"]}]},{"@type":"ImageObject","inLanguage":"en-US","@id":"https:\/\/www.moore-bdr.sk\/sluzby\/esg-poradenstvo\/#primaryimage","url":"https:\/\/www.moore-bdr.sk\/wp-content\/uploads\/2025\/03\/ddd.jpg","contentUrl":"https:\/\/www.moore-bdr.sk\/wp-content\/uploads\/2025\/03\/ddd.jpg"},{"@type":"BreadcrumbList","@id":"https:\/\/www.moore-bdr.sk\/sluzby\/esg-poradenstvo\/#breadcrumb","itemListElement":[{"@type":"ListItem","position":1,"name":"Domovsk\u00e1 str\u00e1nka","item":"https:\/\/www.moore-bdr.sk\/"},{"@type":"ListItem","position":2,"name":"Slu\u017eby","item":"https:\/\/www.moore-bdr.sk\/sluzby\/"},{"@type":"ListItem","position":3,"name":"ESG poradenstvo"}]},{"@type":"WebSite","@id":"https:\/\/www.moore-bdr.sk\/#website","url":"https:\/\/www.moore-bdr.sk\/","name":"Moore BDR s. r. o.","description":"Na\u0161e portf\u00f3lio zah\u0155\u0148a: audit \u00fa\u010dtovn\u00edctva, da\u0148ov\u00e9 poradenstvo, f\u00fazie, akviz\u00edcie, Due diligence, Bratislava, Bansk\u00e1 Bystrica","potentialAction":[{"@type":"SearchAction","target":{"@type":"EntryPoint","urlTemplate":"https:\/\/www.moore-bdr.sk\/?s={search_term_string}"},"query-input":{"@type":"PropertyValueSpecification","valueRequired":true,"valueName":"search_term_string"}}],"inLanguage":"en-US"}]}},"_links":{"self":[{"href":"https:\/\/www.moore-bdr.sk\/en\/wp-json\/wp\/v2\/pages\/8359","targetHints":{"allow":["GET"]}}],"collection":[{"href":"https:\/\/www.moore-bdr.sk\/en\/wp-json\/wp\/v2\/pages"}],"about":[{"href":"https:\/\/www.moore-bdr.sk\/en\/wp-json\/wp\/v2\/types\/page"}],"author":[{"embeddable":true,"href":"https:\/\/www.moore-bdr.sk\/en\/wp-json\/wp\/v2\/users\/1"}],"replies":[{"embeddable":true,"href":"https:\/\/www.moore-bdr.sk\/en\/wp-json\/wp\/v2\/comments?post=8359"}],"version-history":[{"count":0,"href":"https:\/\/www.moore-bdr.sk\/en\/wp-json\/wp\/v2\/pages\/8359\/revisions"}],"up":[{"embeddable":true,"href":"https:\/\/www.moore-bdr.sk\/en\/wp-json\/wp\/v2\/pages\/17"}],"wp:attachment":[{"href":"https:\/\/www.moore-bdr.sk\/en\/wp-json\/wp\/v2\/media?parent=8359"}],"curies":[{"name":"wp","href":"https:\/\/api.w.org\/{rel}","templated":true}]}}