{"id":8595,"date":"2025-04-14T11:01:59","date_gmt":"2025-04-14T09:01:59","guid":{"rendered":"https:\/\/www.moore-bdr.sk\/?page_id=8595"},"modified":"2025-07-01T14:04:27","modified_gmt":"2025-07-01T12:04:27","slug":"pilier-ii","status":"publish","type":"page","link":"https:\/\/www.moore-bdr.sk\/en\/sluzby\/pilier-ii\/","title":{"rendered":"(Sloven\u010dina) Pilier II &#8211; glob\u00e1lna minim\u00e1lna da\u0148"},"content":{"rendered":"<div class=\"wpb-content-wrapper\"><p><\/p>\n<p>[vc_row type=&#8221;vc_default&#8221; margin_top=&#8221;-50&#8243; bg_type=&#8221;image&#8221; parallax_style=&#8221;vcpb-default&#8221; bg_image_new=&#8221;id^2542|url^https:\/\/www.moore-bdr.sk\/wp-content\/uploads\/2019\/09\/a12-1.jpg|caption^null|alt^null|title^a12|description^null&#8221; bg_image_repeat=&#8221;no-repeat&#8221; bg_override=&#8221;full&#8221; min_height=&#8221;350&#8243;][vc_column]<div class=\"ult-spacer spacer-69ece3d678e9d\" data-id=\"69ece3d678e9d\" data-height=\"130\" data-height-mobile=\"30\" data-height-tab=\"80\" data-height-tab-portrait=\"80\" data-height-mobile-landscape=\"30\" style=\"clear:both;display:block;\"><\/div><div id=\"ultimate-heading-797269ece3d678f34\" class=\"uvc-heading ult-adjust-bottom-margin ultimate-heading-797269ece3d678f34 uvc-2088 \" data-hspacer=\"no_spacer\"  data-halign=\"left\" style=\"text-align:left\"><div class=\"uvc-heading-spacer no_spacer\" style=\"top\"><\/div><div class=\"uvc-main-heading ult-responsive\"  data-ultimate-target='.uvc-heading.ultimate-heading-797269ece3d678f34 h2'  data-responsive-json-new='{\"font-size\":\"desktop:36px;\",\"line-height\":\"\"}' ><h2 style=\"font-weight:bold;color:#ffffff;\">AUDIT SERVICES<\/h2><\/div><\/div><div class=\"ult-spacer spacer-69ece3d678fc9\" data-id=\"69ece3d678fc9\" data-height=\"150\" data-height-mobile=\"50\" data-height-tab=\"100\" data-height-tab-portrait=\"100\" data-height-mobile-landscape=\"50\" style=\"clear:both;display:block;\"><\/div>[\/vc_column][\/vc_row][vc_row][vc_column]<style type=\"text\/css\" data-type=\"the7_shortcodes-inline-css\">.dt-breadcrumbs-id-3d8bcd3afc1ebaf9aeff37816dff855f .breadcrumbs {\n  display: inline-block;\n  margin: 0;\n  padding: 2px 10px 2px 10px;\n  border: 0px solid ;\n  border-radius: 0px;\n}\n.dt-breadcrumbs-id-3d8bcd3afc1ebaf9aeff37816dff855f .breadcrumbs * {\n  color: #485daa;\n}\n<\/style><div class=\"dt-breadcrumbs-shortcode dt-breadcrumbs-id-3d8bcd3afc1ebaf9aeff37816dff855f align-left\"><div class=\"assistive-text\">You are here:<\/div><ol class=\"breadcrumbs text-small\" itemscope itemtype=\"https:\/\/schema.org\/BreadcrumbList\"><li itemprop=\"itemListElement\" itemscope itemtype=\"https:\/\/schema.org\/ListItem\"><a itemprop=\"item\" href=\"https:\/\/www.moore-bdr.sk\/en\/\" title=\"Home\"><span itemprop=\"name\">Home<\/span><\/a><meta itemprop=\"position\" content=\"1\" \/><\/li><li class=\"current\" itemprop=\"itemListElement\" itemscope itemtype=\"https:\/\/schema.org\/ListItem\"><span itemprop=\"name\">Page<\/span><meta itemprop=\"position\" content=\"2\" \/><\/li><\/ol><\/div>[vc_empty_space height=&#8221;20px&#8221;][vc_separator][\/vc_column][\/vc_row][vc_row][vc_column width=&#8221;2\/3&#8243;][vc_column_text]<em><strong>Focusing on optimalisation and debugging<\/strong><\/em>[\/vc_column_text]<div class=\"standard-arrow list-divider bullet-top\"><ul>\n<li>Audits of accounting, individual financial statements and consolidated financial statements in compliance with International Auditing Standards (ISA),<\/li>\n<li>Ongoing business case consultancy,<\/li>\n<li>Audits of financial statements according\u00a0 to IAS\/IFRS,<\/li>\n<li>Transposition of statements in accordance with Slovak accounting standards into reports compliant with group standards or International Financial, Reporting Standards (IFRS),<\/li>\n<li>Audit of balance sheet updates after mergers or business transformations,<\/li>\n<li>Audits for the use of EU funds or funding from EU sources,<\/li>\n<li>Audits of annual reports in terms of compliance with the financial statements,<\/li>\n<li>Financial due diligence,<\/li>\n<li>Forensic audit.<\/li>\n<\/ul>\n<\/div>[\/vc_column][vc_column width=&#8221;1\/3&#8243;][vc_widget_sidebar show_bg=&#8221;false&#8221; sidebar_id=&#8221;sidebar_3&#8243; el_class=&#8221;bocnalista&#8221;][\/vc_column][\/vc_row]<\/p>\n<p><\/p>\n<\/div>","protected":false},"excerpt":{"rendered":"<p>AUDIT SERVICES Focusing on optimalisation and debugging Audits of accounting, individual financial statements and consolidated financial statements in compliance with International Auditing Standards (ISA), Ongoing business case consultancy, Audits of financial statements according\u00a0 to IAS\/IFRS, Transposition of statements in accordance with Slovak accounting standards into reports compliant with group standards or International Financial, Reporting Standards&hellip;<\/p>\n","protected":false},"author":1,"featured_media":8627,"parent":17,"menu_order":0,"comment_status":"closed","ping_status":"closed","template":"","meta":{"inline_featured_image":false,"footnotes":""},"class_list":["post-8595","page","type-page","status-publish","has-post-thumbnail","hentry","description-off"],"yoast_head":"<!-- This site is optimized with the Yoast SEO plugin v26.1.1 - https:\/\/yoast.com\/wordpress\/plugins\/seo\/ -->\n<title>Pilier II - glob\u00e1lna minim\u00e1lna da\u0148<\/title>\n<meta name=\"description\" content=\"Cie\u013eom Piliera II je zn\u00ed\u017ei\u0165 konkurenciu medzi krajinami, ktor\u00e9 pon\u00fakaj\u00fa najni\u017e\u0161ie sadzby dane z pr\u00edjmov pr\u00e1vnick\u00fdch os\u00f4b\" \/>\n<meta name=\"robots\" content=\"index, follow, max-snippet:-1, max-image-preview:large, max-video-preview:-1\" \/>\n<link rel=\"canonical\" href=\"https:\/\/www.moore-bdr.sk\/sluzby\/pilier-ii\/\" \/>\n<meta property=\"og:locale\" content=\"en_US\" \/>\n<meta property=\"og:type\" content=\"article\" \/>\n<meta property=\"og:title\" content=\"Pilier II\" \/>\n<meta property=\"og:description\" content=\"Cie\u013eom Piliera II je zn\u00ed\u017ei\u0165 konkurenciu medzi krajinami, ktor\u00e9 pon\u00fakaj\u00fa najni\u017e\u0161ie sadzby dane z pr\u00edjmov pr\u00e1vnick\u00fdch os\u00f4b\" \/>\n<meta property=\"og:url\" content=\"https:\/\/www.moore-bdr.sk\/sluzby\/pilier-ii\/\" \/>\n<meta property=\"og:site_name\" content=\"Moore BDR s. r. o.\" \/>\n<meta property=\"article:modified_time\" content=\"2025-07-01T12:04:27+00:00\" \/>\n<meta property=\"og:image\" content=\"https:\/\/www.moore-bdr.sk\/wp-content\/uploads\/2025\/04\/close-up-hand-holding-clipboard.jpg\" \/>\n\t<meta property=\"og:image:width\" content=\"1920\" \/>\n\t<meta property=\"og:image:height\" content=\"1281\" \/>\n\t<meta property=\"og:image:type\" content=\"image\/jpeg\" \/>\n<meta name=\"twitter:card\" content=\"summary_large_image\" \/>\n<meta name=\"twitter:title\" content=\"Pilier II\" \/>\n<meta name=\"twitter:description\" content=\"Cie\u013eom Piliera II je zn\u00ed\u017ei\u0165 konkurenciu medzi krajinami, ktor\u00e9 pon\u00fakaj\u00fa najni\u017e\u0161ie sadzby dane z pr\u00edjmov pr\u00e1vnick\u00fdch os\u00f4b\" \/>\n<meta name=\"twitter:label1\" content=\"Est. reading time\" \/>\n\t<meta name=\"twitter:data1\" content=\"5 minutes\" \/>\n<script type=\"application\/ld+json\" class=\"yoast-schema-graph\">{\"@context\":\"https:\/\/schema.org\",\"@graph\":[{\"@type\":\"WebPage\",\"@id\":\"https:\/\/www.moore-bdr.sk\/sluzby\/pilier-ii\/\",\"url\":\"https:\/\/www.moore-bdr.sk\/sluzby\/pilier-ii\/\",\"name\":\"Pilier II - glob\u00e1lna minim\u00e1lna da\u0148\",\"isPartOf\":{\"@id\":\"https:\/\/www.moore-bdr.sk\/#website\"},\"primaryImageOfPage\":{\"@id\":\"https:\/\/www.moore-bdr.sk\/sluzby\/pilier-ii\/#primaryimage\"},\"image\":{\"@id\":\"https:\/\/www.moore-bdr.sk\/sluzby\/pilier-ii\/#primaryimage\"},\"thumbnailUrl\":\"https:\/\/www.moore-bdr.sk\/wp-content\/uploads\/2025\/04\/close-up-hand-holding-clipboard.jpg\",\"datePublished\":\"2025-04-14T09:01:59+00:00\",\"dateModified\":\"2025-07-01T12:04:27+00:00\",\"description\":\"Cie\u013eom Piliera II je zn\u00ed\u017ei\u0165 konkurenciu medzi krajinami, ktor\u00e9 pon\u00fakaj\u00fa najni\u017e\u0161ie sadzby dane z pr\u00edjmov pr\u00e1vnick\u00fdch os\u00f4b\",\"breadcrumb\":{\"@id\":\"https:\/\/www.moore-bdr.sk\/sluzby\/pilier-ii\/#breadcrumb\"},\"inLanguage\":\"en-US\",\"potentialAction\":[{\"@type\":\"ReadAction\",\"target\":[\"https:\/\/www.moore-bdr.sk\/sluzby\/pilier-ii\/\"]}]},{\"@type\":\"ImageObject\",\"inLanguage\":\"en-US\",\"@id\":\"https:\/\/www.moore-bdr.sk\/sluzby\/pilier-ii\/#primaryimage\",\"url\":\"https:\/\/www.moore-bdr.sk\/wp-content\/uploads\/2025\/04\/close-up-hand-holding-clipboard.jpg\",\"contentUrl\":\"https:\/\/www.moore-bdr.sk\/wp-content\/uploads\/2025\/04\/close-up-hand-holding-clipboard.jpg\",\"width\":1920,\"height\":1281},{\"@type\":\"BreadcrumbList\",\"@id\":\"https:\/\/www.moore-bdr.sk\/sluzby\/pilier-ii\/#breadcrumb\",\"itemListElement\":[{\"@type\":\"ListItem\",\"position\":1,\"name\":\"Domovsk\u00e1 str\u00e1nka\",\"item\":\"https:\/\/www.moore-bdr.sk\/\"},{\"@type\":\"ListItem\",\"position\":2,\"name\":\"Slu\u017eby\",\"item\":\"https:\/\/www.moore-bdr.sk\/sluzby\/\"},{\"@type\":\"ListItem\",\"position\":3,\"name\":\"Pilier II &#8211; glob\u00e1lna minim\u00e1lna da\u0148\"}]},{\"@type\":\"WebSite\",\"@id\":\"https:\/\/www.moore-bdr.sk\/#website\",\"url\":\"https:\/\/www.moore-bdr.sk\/\",\"name\":\"Moore BDR s. r. o.\",\"description\":\"Na\u0161e portf\u00f3lio zah\u0155\u0148a: audit \u00fa\u010dtovn\u00edctva, da\u0148ov\u00e9 poradenstvo, f\u00fazie, akviz\u00edcie, Due diligence, Bratislava, Bansk\u00e1 Bystrica\",\"potentialAction\":[{\"@type\":\"SearchAction\",\"target\":{\"@type\":\"EntryPoint\",\"urlTemplate\":\"https:\/\/www.moore-bdr.sk\/?s={search_term_string}\"},\"query-input\":{\"@type\":\"PropertyValueSpecification\",\"valueRequired\":true,\"valueName\":\"search_term_string\"}}],\"inLanguage\":\"en-US\"}]}<\/script>\n<!-- \/ Yoast SEO plugin. -->","yoast_head_json":{"title":"Pilier II - glob\u00e1lna minim\u00e1lna da\u0148","description":"Cie\u013eom Piliera II je zn\u00ed\u017ei\u0165 konkurenciu medzi krajinami, ktor\u00e9 pon\u00fakaj\u00fa najni\u017e\u0161ie sadzby dane z pr\u00edjmov pr\u00e1vnick\u00fdch os\u00f4b","robots":{"index":"index","follow":"follow","max-snippet":"max-snippet:-1","max-image-preview":"max-image-preview:large","max-video-preview":"max-video-preview:-1"},"canonical":"https:\/\/www.moore-bdr.sk\/sluzby\/pilier-ii\/","og_locale":"en_US","og_type":"article","og_title":"Pilier II","og_description":"Cie\u013eom Piliera II je zn\u00ed\u017ei\u0165 konkurenciu medzi krajinami, ktor\u00e9 pon\u00fakaj\u00fa najni\u017e\u0161ie sadzby dane z pr\u00edjmov pr\u00e1vnick\u00fdch os\u00f4b","og_url":"https:\/\/www.moore-bdr.sk\/sluzby\/pilier-ii\/","og_site_name":"Moore BDR s. r. o.","article_modified_time":"2025-07-01T12:04:27+00:00","og_image":[{"width":1920,"height":1281,"url":"https:\/\/www.moore-bdr.sk\/wp-content\/uploads\/2025\/04\/close-up-hand-holding-clipboard.jpg","type":"image\/jpeg"}],"twitter_card":"summary_large_image","twitter_title":"Pilier II","twitter_description":"Cie\u013eom Piliera II je zn\u00ed\u017ei\u0165 konkurenciu medzi krajinami, ktor\u00e9 pon\u00fakaj\u00fa najni\u017e\u0161ie sadzby dane z pr\u00edjmov pr\u00e1vnick\u00fdch os\u00f4b","twitter_misc":{"Est. reading time":"5 minutes"},"schema":{"@context":"https:\/\/schema.org","@graph":[{"@type":"WebPage","@id":"https:\/\/www.moore-bdr.sk\/sluzby\/pilier-ii\/","url":"https:\/\/www.moore-bdr.sk\/sluzby\/pilier-ii\/","name":"Pilier II - glob\u00e1lna minim\u00e1lna da\u0148","isPartOf":{"@id":"https:\/\/www.moore-bdr.sk\/#website"},"primaryImageOfPage":{"@id":"https:\/\/www.moore-bdr.sk\/sluzby\/pilier-ii\/#primaryimage"},"image":{"@id":"https:\/\/www.moore-bdr.sk\/sluzby\/pilier-ii\/#primaryimage"},"thumbnailUrl":"https:\/\/www.moore-bdr.sk\/wp-content\/uploads\/2025\/04\/close-up-hand-holding-clipboard.jpg","datePublished":"2025-04-14T09:01:59+00:00","dateModified":"2025-07-01T12:04:27+00:00","description":"Cie\u013eom Piliera II je zn\u00ed\u017ei\u0165 konkurenciu medzi krajinami, ktor\u00e9 pon\u00fakaj\u00fa najni\u017e\u0161ie sadzby dane z pr\u00edjmov pr\u00e1vnick\u00fdch os\u00f4b","breadcrumb":{"@id":"https:\/\/www.moore-bdr.sk\/sluzby\/pilier-ii\/#breadcrumb"},"inLanguage":"en-US","potentialAction":[{"@type":"ReadAction","target":["https:\/\/www.moore-bdr.sk\/sluzby\/pilier-ii\/"]}]},{"@type":"ImageObject","inLanguage":"en-US","@id":"https:\/\/www.moore-bdr.sk\/sluzby\/pilier-ii\/#primaryimage","url":"https:\/\/www.moore-bdr.sk\/wp-content\/uploads\/2025\/04\/close-up-hand-holding-clipboard.jpg","contentUrl":"https:\/\/www.moore-bdr.sk\/wp-content\/uploads\/2025\/04\/close-up-hand-holding-clipboard.jpg","width":1920,"height":1281},{"@type":"BreadcrumbList","@id":"https:\/\/www.moore-bdr.sk\/sluzby\/pilier-ii\/#breadcrumb","itemListElement":[{"@type":"ListItem","position":1,"name":"Domovsk\u00e1 str\u00e1nka","item":"https:\/\/www.moore-bdr.sk\/"},{"@type":"ListItem","position":2,"name":"Slu\u017eby","item":"https:\/\/www.moore-bdr.sk\/sluzby\/"},{"@type":"ListItem","position":3,"name":"Pilier II &#8211; glob\u00e1lna minim\u00e1lna da\u0148"}]},{"@type":"WebSite","@id":"https:\/\/www.moore-bdr.sk\/#website","url":"https:\/\/www.moore-bdr.sk\/","name":"Moore BDR s. r. o.","description":"Na\u0161e portf\u00f3lio zah\u0155\u0148a: audit \u00fa\u010dtovn\u00edctva, da\u0148ov\u00e9 poradenstvo, f\u00fazie, akviz\u00edcie, Due diligence, Bratislava, Bansk\u00e1 Bystrica","potentialAction":[{"@type":"SearchAction","target":{"@type":"EntryPoint","urlTemplate":"https:\/\/www.moore-bdr.sk\/?s={search_term_string}"},"query-input":{"@type":"PropertyValueSpecification","valueRequired":true,"valueName":"search_term_string"}}],"inLanguage":"en-US"}]}},"_links":{"self":[{"href":"https:\/\/www.moore-bdr.sk\/en\/wp-json\/wp\/v2\/pages\/8595","targetHints":{"allow":["GET"]}}],"collection":[{"href":"https:\/\/www.moore-bdr.sk\/en\/wp-json\/wp\/v2\/pages"}],"about":[{"href":"https:\/\/www.moore-bdr.sk\/en\/wp-json\/wp\/v2\/types\/page"}],"author":[{"embeddable":true,"href":"https:\/\/www.moore-bdr.sk\/en\/wp-json\/wp\/v2\/users\/1"}],"replies":[{"embeddable":true,"href":"https:\/\/www.moore-bdr.sk\/en\/wp-json\/wp\/v2\/comments?post=8595"}],"version-history":[{"count":28,"href":"https:\/\/www.moore-bdr.sk\/en\/wp-json\/wp\/v2\/pages\/8595\/revisions"}],"predecessor-version":[{"id":8838,"href":"https:\/\/www.moore-bdr.sk\/en\/wp-json\/wp\/v2\/pages\/8595\/revisions\/8838"}],"up":[{"embeddable":true,"href":"https:\/\/www.moore-bdr.sk\/en\/wp-json\/wp\/v2\/pages\/17"}],"wp:featuredmedia":[{"embeddable":true,"href":"https:\/\/www.moore-bdr.sk\/en\/wp-json\/wp\/v2\/media\/8627"}],"wp:attachment":[{"href":"https:\/\/www.moore-bdr.sk\/en\/wp-json\/wp\/v2\/media?parent=8595"}],"curies":[{"name":"wp","href":"https:\/\/api.w.org\/{rel}","templated":true}]}}